{"id":37463,"date":"2025-02-24T12:10:09","date_gmt":"2025-02-24T14:10:09","guid":{"rendered":"https:\/\/napa.gl\/activities\/allatta-4-0\/"},"modified":"2025-02-24T12:13:42","modified_gmt":"2025-02-24T14:13:42","slug":"allatta-4-0","status":"publish","type":"page","link":"https:\/\/napa.gl\/en\/activities\/allatta-4-0\/","title":{"rendered":"Allatta! 4.0"},"content":{"rendered":"\t\t<div data-elementor-type=\"wp-page\" data-elementor-id=\"37463\" class=\"elementor elementor-37463 elementor-33762\" data-elementor-post-type=\"page\">\n\t\t\t\t\t\t<section class=\"elementor-section elementor-top-section elementor-element elementor-element-34b3eefe elementor-reverse-mobile elementor-section-boxed elementor-section-height-default elementor-section-height-default parallax_section_no qode_elementor_container_no\" data-id=\"34b3eefe\" data-element_type=\"section\" data-e-type=\"section\">\n\t\t\t\t\t\t<div class=\"elementor-container elementor-column-gap-default\">\n\t\t\t\t\t<div class=\"elementor-column elementor-col-50 elementor-top-column elementor-element elementor-element-56e2a2d1\" data-id=\"56e2a2d1\" data-element_type=\"column\" data-e-type=\"column\">\n\t\t\t<div class=\"elementor-widget-wrap elementor-element-populated\">\n\t\t\t\t\t\t<div class=\"elementor-element elementor-element-2ac9dec9 elementor-widget elementor-widget-image\" data-id=\"2ac9dec9\" data-element_type=\"widget\" data-e-type=\"widget\" data-widget_type=\"image.default\">\n\t\t\t\t<div class=\"elementor-widget-container\">\n\t\t\t\t\t\t\t\t\t\t\t\t\t\t\t<img loading=\"lazy\" decoding=\"async\" width=\"1024\" height=\"576\" src=\"https:\/\/napa.gl\/wp-content\/uploads\/2022\/11\/7V9A5163-1024x576.jpg\" class=\"attachment-large size-large wp-image-31744\" alt=\"\" srcset=\"https:\/\/napa.gl\/wp-content\/uploads\/2022\/11\/7V9A5163-1024x576.jpg 1024w, https:\/\/napa.gl\/wp-content\/uploads\/2022\/11\/7V9A5163-300x169.jpg 300w, https:\/\/napa.gl\/wp-content\/uploads\/2022\/11\/7V9A5163-768x432.jpg 768w, https:\/\/napa.gl\/wp-content\/uploads\/2022\/11\/7V9A5163-1536x864.jpg 1536w, https:\/\/napa.gl\/wp-content\/uploads\/2022\/11\/7V9A5163-2048x1152.jpg 2048w, https:\/\/napa.gl\/wp-content\/uploads\/2022\/11\/7V9A5163-700x394.jpg 700w, https:\/\/napa.gl\/wp-content\/uploads\/2022\/11\/7V9A5163-539x303.jpg 539w\" sizes=\"auto, (max-width: 1024px) 100vw, 1024px\" \/>\t\t\t\t\t\t\t\t\t\t\t\t\t\t\t<\/div>\n\t\t\t\t<\/div>\n\t\t\t\t\t<\/div>\n\t\t<\/div>\n\t\t\t\t<div class=\"elementor-column elementor-col-50 elementor-top-column elementor-element elementor-element-3bd0a6ca\" data-id=\"3bd0a6ca\" data-element_type=\"column\" data-e-type=\"column\">\n\t\t\t<div class=\"elementor-widget-wrap elementor-element-populated\">\n\t\t\t\t\t\t<div class=\"elementor-element elementor-element-5a84622 elementor-widget-divider--separator-type-pattern elementor-widget-divider--view-line elementor-widget elementor-widget-divider\" data-id=\"5a84622\" data-element_type=\"widget\" data-e-type=\"widget\" data-widget_type=\"divider.default\">\n\t\t\t\t<div class=\"elementor-widget-container\">\n\t\t\t\t\t\t\t<div class=\"elementor-divider\" style=\"--divider-pattern-url: url(&quot;data:image\/svg+xml,%3Csvg xmlns=&#039;http:\/\/www.w3.org\/2000\/svg&#039; preserveAspectRatio=&#039;none&#039; overflow=&#039;visible&#039; height=&#039;100%&#039; viewBox=&#039;0 0 20 16&#039; fill=&#039;none&#039; stroke=&#039;black&#039; stroke-width=&#039;2.2&#039; stroke-linecap=&#039;square&#039; stroke-miterlimit=&#039;10&#039;%3E%3Cg transform=&#039;translate(-12.000000, 0)&#039;%3E%3Cpath d=&#039;M28,0L10,18&#039;\/%3E%3Cpath d=&#039;M18,0L0,18&#039;\/%3E%3Cpath d=&#039;M48,0L30,18&#039;\/%3E%3Cpath d=&#039;M38,0L20,18&#039;\/%3E%3C\/g%3E%3C\/svg%3E&quot;);\">\n\t\t\t<span class=\"elementor-divider-separator\">\n\t\t\t\t\t\t<\/span>\n\t\t<\/div>\n\t\t\t\t\t\t<\/div>\n\t\t\t\t<\/div>\n\t\t\t\t<div class=\"elementor-element elementor-element-486038d9 elementor-widget elementor-widget-heading\" data-id=\"486038d9\" data-element_type=\"widget\" data-e-type=\"widget\" data-widget_type=\"heading.default\">\n\t\t\t\t<div class=\"elementor-widget-container\">\n\t\t\t\t\t<h2 class=\"elementor-heading-title elementor-size-default\">Allatta! 4.0<\/h2>\t\t\t\t<\/div>\n\t\t\t\t<\/div>\n\t\t\t\t\t<\/div>\n\t\t<\/div>\n\t\t\t\t\t<\/div>\n\t\t<\/section>\n\t\t\t\t<section class=\"elementor-section elementor-top-section elementor-element elementor-element-4ff966cf elementor-section-boxed elementor-section-height-default elementor-section-height-default parallax_section_no qode_elementor_container_no\" data-id=\"4ff966cf\" data-element_type=\"section\" data-e-type=\"section\">\n\t\t\t\t\t\t<div class=\"elementor-container elementor-column-gap-default\">\n\t\t\t\t\t<div class=\"elementor-column elementor-col-66 elementor-top-column elementor-element elementor-element-a7697c7\" data-id=\"a7697c7\" data-element_type=\"column\" data-e-type=\"column\">\n\t\t\t<div class=\"elementor-widget-wrap elementor-element-populated\">\n\t\t\t\t\t\t<div class=\"elementor-element elementor-element-be94184 elementor-widget elementor-widget-text-editor\" data-id=\"be94184\" data-element_type=\"widget\" data-e-type=\"widget\" data-widget_type=\"text-editor.default\">\n\t\t\t\t<div class=\"elementor-widget-container\">\n\t\t\t\t\t\t\t\t\t<p>\u201cAllatta!\u201d means \u201cLet\u2019s write!\u201d and is a writing competition that has been held three times before in 2013, 2015 and 2018. Previous Allatta! competitions have given birth to Greenlandic author names such as Niviaq Korneliussen, S\u00f8rine Steenholdt and Pivinnguaq M\u00f8rch.<\/p><p>\u00a0<\/p><p><strong>Purpose<\/strong><\/p><ul><li>Allatta! 4.0 aims to awake the desire to write among aspiring authors who can pave the way for new literature in Greenland. The participants will be challenged in the art of writing, where they will be given certain parameters for the competition, including in relation to topic, genre and length.<\/li><\/ul><p>\u00a0<\/p><ul><li>Allatta! 4.0 will reflect our culture and society and document the time we live in right now. How do young people and adults think today, and how do they interpret the traditional storytelling culture in a contemporary context?<\/li><\/ul><p>\u00a0<\/p><ul><li>Allatta! 4.0 will document Greenlandic society \u201cfrom the inside\u201d and out. In this way, literature about ourselves becomes from ourselves.<\/li><\/ul><p>\u00a0<\/p><ul><li>Allatta! 4.0 is to be part of a larger process of writing down an oral tradition of stories, so that it becomes accessible to a wider non-Greenlandic audience.<\/li><\/ul><p>\u00a0<\/p><ul><li>Allatta! 4.0 is to spread knowledge of Greenlandic and Inuit culture and beliefs.<\/li><\/ul><p>\u00a0<\/p><ul><li>Allatta! 4.0 is to focus on the need for lasting initiatives for the development of author potential in Greenland.<\/li><\/ul><p>\u00a0<\/p><p>Allatta! 4.0 is an unique opportunity to foster and cultivate an author potential that is already present in Greenland. Greenlandic oral storytelling tradition is still strong among the population, and Allatta! 4.0 focuses on supporting the transition from oral storytelling culture to written. Therefore, we have chosen a theme that is based on a strong Greenlandic tradition of spooky stories. The project involves building and maintaining the skills of literary talents, which will benefit the Greenlandic literary community in the long term. At the same time, the project offers a voice for Greenlandic voices and an opportunity to share Arctic perspectives with the rest of the Nordic region and the Arctic.<\/p><p>\u00a0<\/p><p>The project is owned by NAPA and Kalaallit Atuakkiortut (Greenland Writers&#8217; Association). The latter has solid insight and experience with the literary community in Greenland. The project management is with NAPA.<\/p>\t\t\t\t\t\t\t\t<\/div>\n\t\t\t\t<\/div>\n\t\t\t\t\t<\/div>\n\t\t<\/div>\n\t\t\t\t<div class=\"elementor-column elementor-col-33 elementor-top-column elementor-element elementor-element-72974969\" data-id=\"72974969\" data-element_type=\"column\" data-e-type=\"column\">\n\t\t\t<div class=\"elementor-widget-wrap elementor-element-populated\">\n\t\t\t\t\t\t<div class=\"elementor-element elementor-element-6eef0060 elementor-widget elementor-widget-post-info\" data-id=\"6eef0060\" data-element_type=\"widget\" data-e-type=\"widget\" data-widget_type=\"post-info.default\">\n\t\t\t\t<div class=\"elementor-widget-container\">\n\t\t\t\t\t\t\t<ul class=\"elementor-icon-list-items elementor-post-info\">\n\t\t\t\t\t\t\t\t<li class=\"elementor-icon-list-item elementor-repeater-item-1fb0691\" itemprop=\"datePublished\">\n\t\t\t\t\t\t\t\t\t\t<span class=\"elementor-icon-list-icon\">\n\t\t\t\t\t\t\t\t<i aria-hidden=\"true\" class=\"fas fa-calendar-alt\"><\/i>\t\t\t\t\t\t\t<\/span>\n\t\t\t\t\t\t\t\t\t<span class=\"elementor-icon-list-text elementor-post-info__item elementor-post-info__item--type-date\">\n\t\t\t\t\t\t\t\t\t\t<time>24. February 2025<\/time>\t\t\t\t\t<\/span>\n\t\t\t\t\t\t\t\t<\/li>\n\t\t\t\t<li class=\"elementor-icon-list-item elementor-repeater-item-f857cc0\" itemprop=\"about\">\n\t\t\t\t\t\t\t\t\t\t<span class=\"elementor-icon-list-icon\">\n\t\t\t\t\t\t\t\t<i aria-hidden=\"true\" class=\"fas fa-list-ul\"><\/i>\t\t\t\t\t\t\t<\/span>\n\t\t\t\t\t\t\t\t\t<span class=\"elementor-icon-list-text elementor-post-info__item elementor-post-info__item--type-terms\">\n\t\t\t\t\t\t\t\t\t\t<span class=\"elementor-post-info__terms-list\">\n\t\t\t\t<a href=\"https:\/\/napa.gl\/en\/category\/activities\/\" class=\"elementor-post-info__terms-list-item\">Activities<\/a>\t\t\t\t<\/span>\n\t\t\t\t\t<\/span>\n\t\t\t\t\t\t\t\t<\/li>\n\t\t\t\t<\/ul>\n\t\t\t\t\t\t<\/div>\n\t\t\t\t<\/div>\n\t\t\t\t<div class=\"elementor-element elementor-element-33d24be elementor-widget elementor-widget-text-editor\" data-id=\"33d24be\" data-element_type=\"widget\" data-e-type=\"widget\" data-widget_type=\"text-editor.default\">\n\t\t\t\t<div class=\"elementor-widget-container\">\n\t\t\t\t\t\t\t\t\t<p>Part<\/p>\n\t\t\t\t\t\t\t\t<\/div>\n\t\t\t\t<\/div>\n\t\t\t\t<div class=\"elementor-element elementor-element-32a11e73 elementor-shape-square e-grid-align-left elementor-grid-0 elementor-widget elementor-widget-social-icons\" data-id=\"32a11e73\" data-element_type=\"widget\" data-e-type=\"widget\" data-widget_type=\"social-icons.default\">\n\t\t\t\t<div class=\"elementor-widget-container\">\n\t\t\t\t\t\t\t<div class=\"elementor-social-icons-wrapper elementor-grid\" role=\"list\">\n\t\t\t\t\t\t\t<span class=\"elementor-grid-item\" role=\"listitem\">\n\t\t\t\t\t<a class=\"elementor-icon elementor-social-icon elementor-social-icon-facebook elementor-repeater-item-666ee6f\" target=\"_blank\">\n\t\t\t\t\t\t<span class=\"elementor-screen-only\">Facebook<\/span>\n\t\t\t\t\t\t<i aria-hidden=\"true\" class=\"fab fa-facebook\"><\/i>\t\t\t\t\t<\/a>\n\t\t\t\t<\/span>\n\t\t\t\t\t\t\t<span class=\"elementor-grid-item\" role=\"listitem\">\n\t\t\t\t\t<a class=\"elementor-icon elementor-social-icon elementor-social-icon-twitter elementor-repeater-item-119e001\" target=\"_blank\">\n\t\t\t\t\t\t<span class=\"elementor-screen-only\">Twitter<\/span>\n\t\t\t\t\t\t<i aria-hidden=\"true\" class=\"fab fa-twitter\"><\/i>\t\t\t\t\t<\/a>\n\t\t\t\t<\/span>\n\t\t\t\t\t<\/div>\n\t\t\t\t\t\t<\/div>\n\t\t\t\t<\/div>\n\t\t\t\t\t<\/div>\n\t\t<\/div>\n\t\t\t\t\t<\/div>\n\t\t<\/section>\n\t\t\t\t<section class=\"elementor-section elementor-top-section elementor-element elementor-element-6aaa333b elementor-section-boxed elementor-section-height-default elementor-section-height-default parallax_section_no qode_elementor_container_no\" data-id=\"6aaa333b\" data-element_type=\"section\" data-e-type=\"section\">\n\t\t\t\t\t\t<div class=\"elementor-container elementor-column-gap-default\">\n\t\t\t\t\t<div class=\"elementor-column elementor-col-100 elementor-top-column elementor-element elementor-element-354a04e5\" data-id=\"354a04e5\" data-element_type=\"column\" data-e-type=\"column\">\n\t\t\t<div class=\"elementor-widget-wrap elementor-element-populated\">\n\t\t\t\t\t\t<div class=\"elementor-element elementor-element-1a00e281 elementor-widget elementor-widget-heading\" data-id=\"1a00e281\" data-element_type=\"widget\" data-e-type=\"widget\" data-widget_type=\"heading.default\">\n\t\t\t\t<div class=\"elementor-widget-container\">\n\t\t\t\t\t<h5 class=\"elementor-heading-title elementor-size-default\">Other projects<\/h5>\t\t\t\t<\/div>\n\t\t\t\t<\/div>\n\t\t\t\t<div class=\"elementor-element elementor-element-2bf6f528 elementor-grid-4 elementor-grid-tablet-2 elementor-grid-mobile-1 elementor-posts--thumbnail-top elementor-widget elementor-widget-posts\" data-id=\"2bf6f528\" data-element_type=\"widget\" data-e-type=\"widget\" data-settings=\"{&quot;classic_columns&quot;:&quot;4&quot;,&quot;classic_columns_tablet&quot;:&quot;2&quot;,&quot;classic_columns_mobile&quot;:&quot;1&quot;,&quot;classic_row_gap&quot;:{&quot;unit&quot;:&quot;px&quot;,&quot;size&quot;:35,&quot;sizes&quot;:[]},&quot;classic_row_gap_tablet&quot;:{&quot;unit&quot;:&quot;px&quot;,&quot;size&quot;:&quot;&quot;,&quot;sizes&quot;:[]},&quot;classic_row_gap_mobile&quot;:{&quot;unit&quot;:&quot;px&quot;,&quot;size&quot;:&quot;&quot;,&quot;sizes&quot;:[]}}\" data-widget_type=\"posts.classic\">\n\t\t\t\t<div class=\"elementor-widget-container\">\n\t\t\t\t\t\t\t<div class=\"elementor-posts-container elementor-posts elementor-posts--skin-classic elementor-grid\" role=\"list\">\n\t\t\t\t<article class=\"elementor-post elementor-grid-item post-22359 post type-post status-publish format-standard has-post-thumbnail hentry category-ansatte-en category-employees category-news category-praktik-en category-praktikant-en tag-ansatte-en tag-employees tag-praktikant-en tag-praktikplads-en\" role=\"listitem\">\n\t\t\t\t<a class=\"elementor-post__thumbnail__link\" href=\"https:\/\/napa.gl\/en\/napa-welcomes-new-employees\/\" tabindex=\"-1\">\n\t\t\t<div class=\"elementor-post__thumbnail\"><img loading=\"lazy\" decoding=\"async\" width=\"300\" height=\"186\" src=\"https:\/\/napa.gl\/wp-content\/uploads\/2021\/08\/NAPA-juli-2021115-2-300x186.jpeg\" class=\"attachment-medium size-medium wp-image-22355\" alt=\"\" srcset=\"https:\/\/napa.gl\/wp-content\/uploads\/2021\/08\/NAPA-juli-2021115-2-300x186.jpeg 300w, https:\/\/napa.gl\/wp-content\/uploads\/2021\/08\/NAPA-juli-2021115-2-1024x635.jpeg 1024w, https:\/\/napa.gl\/wp-content\/uploads\/2021\/08\/NAPA-juli-2021115-2-768x476.jpeg 768w, https:\/\/napa.gl\/wp-content\/uploads\/2021\/08\/NAPA-juli-2021115-2-700x434.jpeg 700w, https:\/\/napa.gl\/wp-content\/uploads\/2021\/08\/NAPA-juli-2021115-2.jpeg 1124w\" sizes=\"auto, (max-width: 300px) 100vw, 300px\" \/><\/div>\n\t\t<\/a>\n\t\t\t\t<div class=\"elementor-post__text\">\n\t\t\t\t<h5 class=\"elementor-post__title\">\n\t\t\t<a href=\"https:\/\/napa.gl\/en\/napa-welcomes-new-employees\/\">\n\t\t\t\tNAPA welcomes new employees\t\t\t<\/a>\n\t\t<\/h5>\n\t\t\t\t<div class=\"elementor-post__excerpt\">\n\t\t\t<p>NAPA welcomes their new advisor Nina Paninnguaq Skydsbjerg and intern in communication Maasi Br\u00f8ns Chemnitz NAPA is happy to announce that we have hired Nina Paninnguaq Skydsbjerg as the new advisor in NAPA. NAPA received 23 applications for the position and Nina Paninnguaq Skydsbjerg was<\/p>\n\t\t<\/div>\n\t\t\n\t\t<a class=\"elementor-post__read-more\" href=\"https:\/\/napa.gl\/en\/napa-welcomes-new-employees\/\" aria-label=\"Read more about NAPA welcomes new employees\" tabindex=\"-1\">\n\t\t\tRead more \u00bb\t\t<\/a>\n\n\t\t\t\t<\/div>\n\t\t\t\t<\/article>\n\t\t\t\t<article class=\"elementor-post elementor-grid-item post-29322 post type-post status-publish format-standard has-post-thumbnail hentry category-arctic-perspectives category-culture category-events category-greenland category-identity category-supported-projects tag-arktis-en tag-arktisk-perspektiv-en tag-kultur-en\" role=\"listitem\">\n\t\t\t\t<a class=\"elementor-post__thumbnail__link\" href=\"https:\/\/napa.gl\/en\/katuarpalaaq-the-sound-of-drums\/\" tabindex=\"-1\">\n\t\t\t<div class=\"elementor-post__thumbnail\"><img loading=\"lazy\" decoding=\"async\" width=\"300\" height=\"200\" src=\"https:\/\/napa.gl\/wp-content\/uploads\/2022\/03\/2022-03-24-20.33.49_VDO7106-300x200.jpg\" class=\"attachment-medium size-medium wp-image-29060\" alt=\"Forskellige Inuit trommer p\u00e5 gulvet\" srcset=\"https:\/\/napa.gl\/wp-content\/uploads\/2022\/03\/2022-03-24-20.33.49_VDO7106-300x200.jpg 300w, https:\/\/napa.gl\/wp-content\/uploads\/2022\/03\/2022-03-24-20.33.49_VDO7106-1024x683.jpg 1024w, https:\/\/napa.gl\/wp-content\/uploads\/2022\/03\/2022-03-24-20.33.49_VDO7106-768x512.jpg 768w, https:\/\/napa.gl\/wp-content\/uploads\/2022\/03\/2022-03-24-20.33.49_VDO7106-1536x1025.jpg 1536w, https:\/\/napa.gl\/wp-content\/uploads\/2022\/03\/2022-03-24-20.33.49_VDO7106-700x467.jpg 700w, https:\/\/napa.gl\/wp-content\/uploads\/2022\/03\/2022-03-24-20.33.49_VDO7106.jpg 2048w\" sizes=\"auto, (max-width: 300px) 100vw, 300px\" \/><\/div>\n\t\t<\/a>\n\t\t\t\t<div class=\"elementor-post__text\">\n\t\t\t\t<h5 class=\"elementor-post__title\">\n\t\t\t<a href=\"https:\/\/napa.gl\/en\/katuarpalaaq-the-sound-of-drums\/\">\n\t\t\t\tKatuarpalaaq \u2013 The sound of drums\t\t\t<\/a>\n\t\t<\/h5>\n\t\t\t\t<div class=\"elementor-post__excerpt\">\n\t\t\t<p>Katuarpalaaq is a drum dance festival, which was organized by Katuaq between the 21st and 25th of March 2022. During the week, people could come and see drum dancers from Canada, Alaska and Greenland. Here you can read more about what the week with the<\/p>\n\t\t<\/div>\n\t\t\n\t\t<a class=\"elementor-post__read-more\" href=\"https:\/\/napa.gl\/en\/katuarpalaaq-the-sound-of-drums\/\" aria-label=\"Read more about Katuarpalaaq \u2013 The sound of drums\" tabindex=\"-1\">\n\t\t\tRead more \u00bb\t\t<\/a>\n\n\t\t\t\t<\/div>\n\t\t\t\t<\/article>\n\t\t\t\t<article class=\"elementor-post elementor-grid-item post-19338 post type-post status-publish format-standard has-post-thumbnail hentry category-culture category-events category-language category-news category-nordic-region\" role=\"listitem\">\n\t\t\t\t<a class=\"elementor-post__thumbnail__link\" href=\"https:\/\/napa.gl\/en\/nunatta-atuagaateqarfia-and-napa-are-inviting-to-literary-evening\/\" tabindex=\"-1\">\n\t\t\t<div class=\"elementor-post__thumbnail\"><img loading=\"lazy\" decoding=\"async\" width=\"300\" height=\"212\" src=\"https:\/\/napa.gl\/wp-content\/uploads\/2021\/02\/Niviaq-og-Audur-litteraturarrangement-300x212.png\" class=\"attachment-medium size-medium wp-image-19315\" alt=\"\" srcset=\"https:\/\/napa.gl\/wp-content\/uploads\/2021\/02\/Niviaq-og-Audur-litteraturarrangement-300x212.png 300w, https:\/\/napa.gl\/wp-content\/uploads\/2021\/02\/Niviaq-og-Audur-litteraturarrangement-1024x723.png 1024w, https:\/\/napa.gl\/wp-content\/uploads\/2021\/02\/Niviaq-og-Audur-litteraturarrangement-768x543.png 768w, https:\/\/napa.gl\/wp-content\/uploads\/2021\/02\/Niviaq-og-Audur-litteraturarrangement-1536x1085.png 1536w, https:\/\/napa.gl\/wp-content\/uploads\/2021\/02\/Niviaq-og-Audur-litteraturarrangement-700x495.png 700w, https:\/\/napa.gl\/wp-content\/uploads\/2021\/02\/Niviaq-og-Audur-litteraturarrangement-20x14.png 20w, https:\/\/napa.gl\/wp-content\/uploads\/2021\/02\/Niviaq-og-Audur-litteraturarrangement.png 2000w\" sizes=\"auto, (max-width: 300px) 100vw, 300px\" \/><\/div>\n\t\t<\/a>\n\t\t\t\t<div class=\"elementor-post__text\">\n\t\t\t\t<h5 class=\"elementor-post__title\">\n\t\t\t<a href=\"https:\/\/napa.gl\/en\/nunatta-atuagaateqarfia-and-napa-are-inviting-to-literary-evening\/\">\n\t\t\t\tNunatta Atuagaateqarfia and NAPA invites you to a literary evening\t\t\t<\/a>\n\t\t<\/h5>\n\t\t\t\t<div class=\"elementor-post__excerpt\">\n\t\t\t<p>Nunatta Atuagaateqarfia and NAPA has put Niviaq Korneliussen and Au\u00f0ur Ava \u00d3lafsd\u00f3ttir together for a talk on the theme of suicide, which they have in common in their novels Naasuliardarpi and Ar. Tueday the October 27th at 19.00 at the library in Nuuk The evening<\/p>\n\t\t<\/div>\n\t\t\n\t\t<a class=\"elementor-post__read-more\" href=\"https:\/\/napa.gl\/en\/nunatta-atuagaateqarfia-and-napa-are-inviting-to-literary-evening\/\" aria-label=\"Read more about Nunatta Atuagaateqarfia and NAPA invites you to a literary evening\" tabindex=\"-1\">\n\t\t\tRead more \u00bb\t\t<\/a>\n\n\t\t\t\t<\/div>\n\t\t\t\t<\/article>\n\t\t\t\t<article class=\"elementor-post elementor-grid-item post-38788 post type-post status-publish format-standard has-post-thumbnail hentry category-kulturi category-kulturimut-tapiisarfik category-tapiisartut\" role=\"listitem\">\n\t\t\t\t<a class=\"elementor-post__thumbnail__link\" href=\"https:\/\/napa.gl\/en\/give-us-feedback-on-the-cultural-support-programme\/\" tabindex=\"-1\">\n\t\t\t<div class=\"elementor-post__thumbnail\"><img loading=\"lazy\" decoding=\"async\" width=\"300\" height=\"174\" src=\"https:\/\/napa.gl\/wp-content\/uploads\/2022\/04\/DSC07491-300x174.jpg\" class=\"attachment-medium size-medium wp-image-29368\" alt=\"\" srcset=\"https:\/\/napa.gl\/wp-content\/uploads\/2022\/04\/DSC07491-300x174.jpg 300w, https:\/\/napa.gl\/wp-content\/uploads\/2022\/04\/DSC07491-1024x593.jpg 1024w, https:\/\/napa.gl\/wp-content\/uploads\/2022\/04\/DSC07491-768x445.jpg 768w, https:\/\/napa.gl\/wp-content\/uploads\/2022\/04\/DSC07491-1536x890.jpg 1536w, https:\/\/napa.gl\/wp-content\/uploads\/2022\/04\/DSC07491-2048x1187.jpg 2048w, https:\/\/napa.gl\/wp-content\/uploads\/2022\/04\/DSC07491-700x406.jpg 700w\" sizes=\"auto, (max-width: 300px) 100vw, 300px\" \/><\/div>\n\t\t<\/a>\n\t\t\t\t<div class=\"elementor-post__text\">\n\t\t\t\t<h5 class=\"elementor-post__title\">\n\t\t\t<a href=\"https:\/\/napa.gl\/en\/give-us-feedback-on-the-cultural-support-programme\/\">\n\t\t\t\tGive us feedback on the Cultural Support Programme\t\t\t<\/a>\n\t\t<\/h5>\n\t\t\t\t<div class=\"elementor-post__excerpt\">\n\t\t\t<p>Have you applied for funding from our Cultural Support Programme or are you thinking of doing so? Give us feedback by answering a survey!\u00a0 NAPA is conducting an assessment of the Cultural Support Programme and is therefore collecting feedback in a form of a survey.<\/p>\n\t\t<\/div>\n\t\t\n\t\t<a class=\"elementor-post__read-more\" href=\"https:\/\/napa.gl\/en\/give-us-feedback-on-the-cultural-support-programme\/\" aria-label=\"Read more about Give us feedback on the Cultural Support Programme\" tabindex=\"-1\">\n\t\t\tRead more \u00bb\t\t<\/a>\n\n\t\t\t\t<\/div>\n\t\t\t\t<\/article>\n\t\t\t\t<\/div>\n\t\t\n\t\t\t\t\t\t<\/div>\n\t\t\t\t<\/div>\n\t\t\t\t\t<\/div>\n\t\t<\/div>\n\t\t\t\t\t<\/div>\n\t\t<\/section>\n\t\t\t\t<\/div>\n\t\t","protected":false},"excerpt":{"rendered":"<p>Allatta! 4.0 \u201cAllatta!\u201d means \u201cLet\u2019s write!\u201d and is a writing competition that has been held three times before in 2013, 2015 and 2018. Previous Allatta! competitions have given birth to Greenlandic author names such as Niviaq Korneliussen, S\u00f8rine Steenholdt and Pivinnguaq M\u00f8rch. \u00a0 Purpose Allatta!&#8230;<\/p>\n","protected":false},"author":24,"featured_media":31744,"parent":18904,"menu_order":0,"comment_status":"closed","ping_status":"closed","template":"","meta":{"footnotes":""},"categories":[223],"class_list":["post-37463","page","type-page","status-publish","has-post-thumbnail","hentry","category-activities"],"_links":{"self":[{"href":"https:\/\/napa.gl\/en\/wp-json\/wp\/v2\/pages\/37463","targetHints":{"allow":["GET"]}}],"collection":[{"href":"https:\/\/napa.gl\/en\/wp-json\/wp\/v2\/pages"}],"about":[{"href":"https:\/\/napa.gl\/en\/wp-json\/wp\/v2\/types\/page"}],"author":[{"embeddable":true,"href":"https:\/\/napa.gl\/en\/wp-json\/wp\/v2\/users\/24"}],"replies":[{"embeddable":true,"href":"https:\/\/napa.gl\/en\/wp-json\/wp\/v2\/comments?post=37463"}],"version-history":[{"count":7,"href":"https:\/\/napa.gl\/en\/wp-json\/wp\/v2\/pages\/37463\/revisions"}],"predecessor-version":[{"id":37470,"href":"https:\/\/napa.gl\/en\/wp-json\/wp\/v2\/pages\/37463\/revisions\/37470"}],"up":[{"embeddable":true,"href":"https:\/\/napa.gl\/en\/wp-json\/wp\/v2\/pages\/18904"}],"wp:featuredmedia":[{"embeddable":true,"href":"https:\/\/napa.gl\/en\/wp-json\/wp\/v2\/media\/31744"}],"wp:attachment":[{"href":"https:\/\/napa.gl\/en\/wp-json\/wp\/v2\/media?parent=37463"}],"wp:term":[{"taxonomy":"category","embeddable":true,"href":"https:\/\/napa.gl\/en\/wp-json\/wp\/v2\/categories?post=37463"}],"curies":[{"name":"wp","href":"https:\/\/api.w.org\/{rel}","templated":true}]}}