{"id":34901,"date":"2024-03-20T10:54:05","date_gmt":"2024-03-20T12:54:05","guid":{"rendered":"https:\/\/napa.gl\/?page_id=34901"},"modified":"2024-03-20T10:58:00","modified_gmt":"2024-03-20T12:58:00","slug":"faa-vejledning-hos-napa","status":"publish","type":"page","link":"https:\/\/napa.gl\/da\/aktiviteter\/faa-vejledning-hos-napa\/","title":{"rendered":"F\u00e5 vejledning hos NAPA"},"content":{"rendered":"\t\t<div data-elementor-type=\"wp-page\" data-elementor-id=\"34901\" class=\"elementor elementor-34901\" data-elementor-post-type=\"page\">\n\t\t\t\t\t\t<section class=\"elementor-section elementor-top-section elementor-element elementor-element-103c3fd9 elementor-reverse-mobile elementor-section-boxed elementor-section-height-default elementor-section-height-default parallax_section_no qode_elementor_container_no\" data-id=\"103c3fd9\" data-element_type=\"section\" data-e-type=\"section\">\n\t\t\t\t\t\t<div class=\"elementor-container elementor-column-gap-default\">\n\t\t\t\t\t<div class=\"elementor-column elementor-col-100 elementor-top-column elementor-element elementor-element-235c95f6\" data-id=\"235c95f6\" data-element_type=\"column\" data-e-type=\"column\">\n\t\t\t<div class=\"elementor-widget-wrap elementor-element-populated\">\n\t\t\t\t\t\t<div class=\"elementor-element elementor-element-26128803 elementor-widget-divider--separator-type-pattern elementor-widget-divider--view-line elementor-widget elementor-widget-divider\" data-id=\"26128803\" data-element_type=\"widget\" data-e-type=\"widget\" data-widget_type=\"divider.default\">\n\t\t\t\t<div class=\"elementor-widget-container\">\n\t\t\t\t\t\t\t<div class=\"elementor-divider\" style=\"--divider-pattern-url: url(&quot;data:image\/svg+xml,%3Csvg xmlns=&#039;http:\/\/www.w3.org\/2000\/svg&#039; preserveAspectRatio=&#039;none&#039; overflow=&#039;visible&#039; height=&#039;100%&#039; viewBox=&#039;0 0 20 16&#039; fill=&#039;none&#039; stroke=&#039;black&#039; stroke-width=&#039;2.2&#039; stroke-linecap=&#039;square&#039; stroke-miterlimit=&#039;10&#039;%3E%3Cg transform=&#039;translate(-12.000000, 0)&#039;%3E%3Cpath d=&#039;M28,0L10,18&#039;\/%3E%3Cpath d=&#039;M18,0L0,18&#039;\/%3E%3Cpath d=&#039;M48,0L30,18&#039;\/%3E%3Cpath d=&#039;M38,0L20,18&#039;\/%3E%3C\/g%3E%3C\/svg%3E&quot;);\">\n\t\t\t<span class=\"elementor-divider-separator\">\n\t\t\t\t\t\t<\/span>\n\t\t<\/div>\n\t\t\t\t\t\t<\/div>\n\t\t\t\t<\/div>\n\t\t\t\t<div class=\"elementor-element elementor-element-94aff03 elementor-widget elementor-widget-heading\" data-id=\"94aff03\" data-element_type=\"widget\" data-e-type=\"widget\" data-widget_type=\"heading.default\">\n\t\t\t\t<div class=\"elementor-widget-container\">\n\t\t\t\t\t<h2 class=\"elementor-heading-title elementor-size-default\">F\u00e5 vejledning hos NAPA<\/h2>\t\t\t\t<\/div>\n\t\t\t\t<\/div>\n\t\t\t\t\t<\/div>\n\t\t<\/div>\n\t\t\t\t\t<\/div>\n\t\t<\/section>\n\t\t\t\t<section class=\"elementor-section elementor-top-section elementor-element elementor-element-4b0b11f9 elementor-section-boxed elementor-section-height-default elementor-section-height-default parallax_section_no qode_elementor_container_no\" data-id=\"4b0b11f9\" data-element_type=\"section\" data-e-type=\"section\">\n\t\t\t\t\t\t<div class=\"elementor-container elementor-column-gap-default\">\n\t\t\t\t\t<div class=\"elementor-column elementor-col-100 elementor-top-column elementor-element elementor-element-249b7d35\" data-id=\"249b7d35\" data-element_type=\"column\" data-e-type=\"column\">\n\t\t\t<div class=\"elementor-widget-wrap elementor-element-populated\">\n\t\t\t\t\t\t<div class=\"elementor-element elementor-element-128142d6 elementor-widget elementor-widget-text-editor\" data-id=\"128142d6\" data-element_type=\"widget\" data-e-type=\"widget\" data-widget_type=\"text-editor.default\">\n\t\t\t\t<div class=\"elementor-widget-container\">\n\t\t\t\t\t\t\t\t\t<p>Du kan booke vejledning hos NAPA. Vejledningen kan enten foreg\u00e5 i NAPAs lokaler i Nuuk eller digitalt. Skriv til <a href=\"mailto:NAPA@NAPA.GL\">NAPA@NAPA.GL<\/a>. Skriv gerne lidt om din id\u00e9 og hvad du \u00f8nsker r\u00e5dgivning om.\u00a0<\/p><p>\u00a0<\/p><p>NAPA tilbyder r\u00e5dgivning om\u00a0\u00a0<\/p><p>\u00a0<\/p><ul><li><strong>Projektudvikling indenfor kultur<\/strong>. G\u00e5r du med en id\u00e9 til et projekt, som du gerne vil realisere, s\u00e5 kan NAPA tilbyde sparring. Vi kan ogs\u00e5 tilbyde vejledning om hvordan du finder nordiske partnere.<\/li><\/ul><p>\u00a0<\/p><ul><li><strong>Fundraising til kulturaktiviteter.<\/strong> Vi giver detaljeret vejledning om NAPAs egne puljer, men kan ogs\u00e5 give vejledning om st\u00f8ttemuligheder i Norden og Gr\u00f8nland i \u00f8vrigt.\u00a0<\/li><\/ul><p>\u00a0<\/p><ul><li><strong>Forretningsudvikling for kulturelle og kreative erhverv<\/strong>. Vil du videre med din kulturaktivitet som en b\u00e6redygtig forretning, s\u00e5 giver NAPA vejledning. Med udgangspunkt i din karriere eller virksomhed, giver vi indspil til din kulturvirksomhed.\u00a0<\/li><\/ul><p>\u00a0<\/p><p>Det er naturligvis gratis at f\u00e5 r\u00e5dgivning i NAPA. Og r\u00e5dgivningen er anonym.\u00a0<\/p>\t\t\t\t\t\t\t\t<\/div>\n\t\t\t\t<\/div>\n\t\t\t\t\t<\/div>\n\t\t<\/div>\n\t\t\t\t\t<\/div>\n\t\t<\/section>\n\t\t\t\t<\/div>\n\t\t","protected":false},"excerpt":{"rendered":"<p>F\u00e5 vejledning hos NAPA Du kan booke vejledning hos NAPA. Vejledningen kan enten foreg\u00e5 i NAPAs lokaler i Nuuk eller digitalt. Skriv til NAPA@NAPA.GL. Skriv gerne lidt om din id\u00e9 og hvad du \u00f8nsker r\u00e5dgivning om.\u00a0 \u00a0 NAPA tilbyder r\u00e5dgivning om\u00a0\u00a0 \u00a0 Projektudvikling indenfor kultur&#8230;.<\/p>\n","protected":false},"author":24,"featured_media":34836,"parent":18385,"menu_order":0,"comment_status":"closed","ping_status":"closed","template":"","meta":{"footnotes":""},"categories":[222],"class_list":["post-34901","page","type-page","status-publish","has-post-thumbnail","hentry","category-aktiviteter"],"_links":{"self":[{"href":"https:\/\/napa.gl\/da\/wp-json\/wp\/v2\/pages\/34901","targetHints":{"allow":["GET"]}}],"collection":[{"href":"https:\/\/napa.gl\/da\/wp-json\/wp\/v2\/pages"}],"about":[{"href":"https:\/\/napa.gl\/da\/wp-json\/wp\/v2\/types\/page"}],"author":[{"embeddable":true,"href":"https:\/\/napa.gl\/da\/wp-json\/wp\/v2\/users\/24"}],"replies":[{"embeddable":true,"href":"https:\/\/napa.gl\/da\/wp-json\/wp\/v2\/comments?post=34901"}],"version-history":[{"count":8,"href":"https:\/\/napa.gl\/da\/wp-json\/wp\/v2\/pages\/34901\/revisions"}],"predecessor-version":[{"id":34912,"href":"https:\/\/napa.gl\/da\/wp-json\/wp\/v2\/pages\/34901\/revisions\/34912"}],"up":[{"embeddable":true,"href":"https:\/\/napa.gl\/da\/wp-json\/wp\/v2\/pages\/18385"}],"wp:featuredmedia":[{"embeddable":true,"href":"https:\/\/napa.gl\/da\/wp-json\/wp\/v2\/media\/34836"}],"wp:attachment":[{"href":"https:\/\/napa.gl\/da\/wp-json\/wp\/v2\/media?parent=34901"}],"wp:term":[{"taxonomy":"category","embeddable":true,"href":"https:\/\/napa.gl\/da\/wp-json\/wp\/v2\/categories?post=34901"}],"curies":[{"name":"wp","href":"https:\/\/api.w.org\/{rel}","templated":true}]}}