{"id":34706,"date":"2024-03-12T10:37:40","date_gmt":"2024-03-12T12:37:40","guid":{"rendered":"https:\/\/napa.gl\/?page_id=34706"},"modified":"2024-11-22T14:43:50","modified_gmt":"2024-11-22T16:43:50","slug":"analyse-af-det-kreative-erhverv-i-groenland","status":"publish","type":"page","link":"https:\/\/napa.gl\/da\/aktiviteter\/analyse-af-det-kreative-erhverv-i-groenland\/","title":{"rendered":"Analyse af de kreative erhverv i Gr\u00f8nland"},"content":{"rendered":"\t\t<div data-elementor-type=\"wp-page\" data-elementor-id=\"34706\" class=\"elementor elementor-34706\" data-elementor-post-type=\"page\">\n\t\t\t\t\t\t<section class=\"elementor-section elementor-top-section elementor-element elementor-element-174c7cb9 elementor-reverse-mobile elementor-section-boxed elementor-section-height-default elementor-section-height-default parallax_section_no qode_elementor_container_no\" data-id=\"174c7cb9\" data-element_type=\"section\" data-e-type=\"section\">\n\t\t\t\t\t\t<div class=\"elementor-container elementor-column-gap-default\">\n\t\t\t\t\t<div class=\"elementor-column elementor-col-100 elementor-top-column elementor-element elementor-element-4d55e1e3\" data-id=\"4d55e1e3\" data-element_type=\"column\" data-e-type=\"column\">\n\t\t\t<div class=\"elementor-widget-wrap elementor-element-populated\">\n\t\t\t\t\t\t<div class=\"elementor-element elementor-element-5bf0e98a elementor-widget elementor-widget-heading\" data-id=\"5bf0e98a\" data-element_type=\"widget\" data-e-type=\"widget\" data-widget_type=\"heading.default\">\n\t\t\t\t<div class=\"elementor-widget-container\">\n\t\t\t\t\t<h2 class=\"elementor-heading-title elementor-size-default\">De kulturelle og kreative erhverv skal kortl\u00e6gges, s\u00e5 vi kan fremme udvikling - NAPA analyserer de kulturelle og kreative erhverv i Gr\u00f8nland (Unders\u00f8gelsen er lukket)<\/h2>\t\t\t\t<\/div>\n\t\t\t\t<\/div>\n\t\t\t\t\t<\/div>\n\t\t<\/div>\n\t\t\t\t\t<\/div>\n\t\t<\/section>\n\t\t\t\t<section class=\"elementor-section elementor-top-section elementor-element elementor-element-cce9be6 elementor-section-boxed elementor-section-height-default elementor-section-height-default parallax_section_no qode_elementor_container_no\" data-id=\"cce9be6\" data-element_type=\"section\" data-e-type=\"section\">\n\t\t\t\t\t\t<div class=\"elementor-container elementor-column-gap-default\">\n\t\t\t\t\t<div class=\"elementor-column elementor-col-100 elementor-top-column elementor-element elementor-element-1bcceb7d\" data-id=\"1bcceb7d\" data-element_type=\"column\" data-e-type=\"column\">\n\t\t\t<div class=\"elementor-widget-wrap elementor-element-populated\">\n\t\t\t\t\t\t<div class=\"elementor-element elementor-element-44a75814 elementor-widget elementor-widget-text-editor\" data-id=\"44a75814\" data-element_type=\"widget\" data-e-type=\"widget\" data-widget_type=\"text-editor.default\">\n\t\t\t\t<div class=\"elementor-widget-container\">\n\t\t\t\t\t\t\t\t\t<p><b><span data-contrast=\"auto\">Kreativitet er Gr\u00f8nlands vigtigste ressource. Men vi har meget lidt viden om de kreative og kulturelle erhverv. For at blive klogere p\u00e5 de kulturelle og kreative erhvervs behov, lancerer NAPA en behovsanalyse i Gr\u00f8nland. Analysen skal skabe afs\u00e6t for at lave tilbud, forretningsmuligheder for landets kreative.\u00a0<\/span><\/b><span data-ccp-props=\"{&quot;201341983&quot;:0,&quot;335559739&quot;:160,&quot;335559740&quot;:257}\">\u00a0<\/span><span data-ccp-props=\"{&quot;201341983&quot;:0,&quot;335559739&quot;:160,&quot;335559740&quot;:257}\">\u00a0<\/span><\/p><p><span data-ccp-props=\"{&quot;201341983&quot;:0,&quot;335559739&quot;:160,&quot;335559740&quot;:257}\">\u00a0<\/span><\/p><p><span data-contrast=\"auto\">Der findes i dag ikke ret meget viden om de kreative mennesker og virksomheder i landet, og endnu mindre om, hvad der kr\u00e6ves for skabe en b\u00e6redygtig udvikling med afs\u00e6t i de kreatives behov og dr\u00f8mme.\u00a0<\/span><span data-ccp-props=\"{&quot;201341983&quot;:0,&quot;335559739&quot;:160,&quot;335559740&quot;:257}\">\u00a0<\/span><span data-ccp-props=\"{&quot;201341983&quot;:0,&quot;335559739&quot;:160,&quot;335559740&quot;:257}\">\u00a0<\/span><\/p><p><span data-ccp-props=\"{&quot;201341983&quot;:0,&quot;335559739&quot;:160,&quot;335559740&quot;:257}\">\u00a0<\/span><\/p><p><span data-contrast=\"auto\">NAPA, Nordens Institut i Gr\u00f8nland har designet et sp\u00f8rgeskema, der fokuserer p\u00e5 de kulturelle og kreative erhverv i Gr\u00f8nland. Vi opfordrer alle kreative personer og virksomheder til at deltage og give deres input. Vi h\u00e5ber, at rigtig mange kreative vil besvare sp\u00f8rgsm\u00e5lene, s\u00e5 vi opn\u00e5r et st\u00e6rkt vidensgrundlag. Et st\u00e6rkt vidensgrundlag er foruds\u00e6tningen for at lave tilbud, der skaber karrieremuligheder og forretningsmuligheder for landets kreative.<\/span><span data-ccp-props=\"{&quot;201341983&quot;:0,&quot;335559739&quot;:160,&quot;335559740&quot;:257}\">\u00a0<\/span><\/p><p><span data-ccp-props=\"{&quot;201341983&quot;:0,&quot;335559739&quot;:160,&quot;335559740&quot;:257}\">\u00a0<\/span><\/p><p><span data-contrast=\"auto\">M\u00e5lgruppen for analysen er til alle kreative, uanset om de er enkeltpersoner eller kreative virksomheder, og uanset om de prim\u00e6rt arbejder inden for det kreative erhverv eller har det som et sideerhverv. Eller om man blot dr\u00f8mmer om at bruge sine kreative evner i fremtiden.<\/span><span data-ccp-props=\"{&quot;201341983&quot;:0,&quot;335559739&quot;:160,&quot;335559740&quot;:257}\">\u00a0<\/span><\/p><p><span data-ccp-props=\"{&quot;201341983&quot;:0,&quot;335559739&quot;:160,&quot;335559740&quot;:257}\">\u00a0<\/span><\/p><p><span data-contrast=\"auto\">Man kan svare p\u00e5 gr\u00f8nlandsk, engelsk eller dansk. <\/span><span data-ccp-props=\"{&quot;201341983&quot;:0,&quot;335559739&quot;:160,&quot;335559740&quot;:257}\">\u00a0<\/span><\/p><p><span data-ccp-props=\"{&quot;201341983&quot;:0,&quot;335559739&quot;:160,&quot;335559740&quot;:257}\">\u00a0<\/span><\/p><p><span data-contrast=\"auto\">Vi tr\u00e6kker lod om et gavekort til Air Greenland p\u00e5 4.000 kroner blandt alle deltagere.\u00a0<\/span><span data-ccp-props=\"{&quot;201341983&quot;:0,&quot;335559739&quot;:160,&quot;335559740&quot;:257}\">\u00a0<\/span><\/p><p>\u00a0<\/p>\t\t\t\t\t\t\t\t<\/div>\n\t\t\t\t<\/div>\n\t\t\t\t\t<\/div>\n\t\t<\/div>\n\t\t\t\t\t<\/div>\n\t\t<\/section>\n\t\t\t\t<section class=\"elementor-section elementor-top-section elementor-element elementor-element-4318c310 elementor-section-boxed elementor-section-height-default elementor-section-height-default parallax_section_no qode_elementor_container_no\" data-id=\"4318c310\" data-element_type=\"section\" data-e-type=\"section\">\n\t\t\t\t\t\t<div class=\"elementor-container elementor-column-gap-default\">\n\t\t\t\t\t<div class=\"elementor-column elementor-col-100 elementor-top-column elementor-element elementor-element-4b9fa314\" data-id=\"4b9fa314\" data-element_type=\"column\" data-e-type=\"column\">\n\t\t\t<div class=\"elementor-widget-wrap elementor-element-populated\">\n\t\t\t\t\t\t<div class=\"elementor-element elementor-element-2181a95 elementor-widget elementor-widget-heading\" data-id=\"2181a95\" data-element_type=\"widget\" data-e-type=\"widget\" data-widget_type=\"heading.default\">\n\t\t\t\t<div class=\"elementor-widget-container\">\n\t\t\t\t\t<h5 class=\"elementor-heading-title elementor-size-default\">Andre projekter<\/h5>\t\t\t\t<\/div>\n\t\t\t\t<\/div>\n\t\t\t\t<div class=\"elementor-element elementor-element-77d709f6 elementor-grid-4 elementor-grid-tablet-2 elementor-grid-mobile-1 elementor-posts--thumbnail-top elementor-widget elementor-widget-posts\" data-id=\"77d709f6\" data-element_type=\"widget\" data-e-type=\"widget\" data-settings=\"{&quot;classic_columns&quot;:&quot;4&quot;,&quot;classic_columns_tablet&quot;:&quot;2&quot;,&quot;classic_columns_mobile&quot;:&quot;1&quot;,&quot;classic_row_gap&quot;:{&quot;unit&quot;:&quot;px&quot;,&quot;size&quot;:35,&quot;sizes&quot;:[]},&quot;classic_row_gap_tablet&quot;:{&quot;unit&quot;:&quot;px&quot;,&quot;size&quot;:&quot;&quot;,&quot;sizes&quot;:[]},&quot;classic_row_gap_mobile&quot;:{&quot;unit&quot;:&quot;px&quot;,&quot;size&quot;:&quot;&quot;,&quot;sizes&quot;:[]}}\" data-widget_type=\"posts.classic\">\n\t\t\t\t<div class=\"elementor-widget-container\">\n\t\t\t\t\t\t\t<div class=\"elementor-posts-container elementor-posts elementor-posts--skin-classic elementor-grid\" role=\"list\">\n\t\t\t\t<article class=\"elementor-post elementor-grid-item post-33931 post type-post status-publish format-standard has-post-thumbnail hentry category-nordic-arcticprogramme category-nyt category-stoette\" role=\"listitem\">\n\t\t\t\t<a class=\"elementor-post__thumbnail__link\" href=\"https:\/\/napa.gl\/da\/nu-kan-du-igen-soge-stotte-til-arktiske-projekter\/\" tabindex=\"-1\">\n\t\t\t<div class=\"elementor-post__thumbnail\"><img loading=\"lazy\" decoding=\"async\" width=\"300\" height=\"200\" src=\"https:\/\/napa.gl\/wp-content\/uploads\/2023\/09\/7V9A9161-Enhanced-NR-300x200.jpg\" class=\"attachment-medium size-medium wp-image-33714\" alt=\"\" srcset=\"https:\/\/napa.gl\/wp-content\/uploads\/2023\/09\/7V9A9161-Enhanced-NR-300x200.jpg 300w, https:\/\/napa.gl\/wp-content\/uploads\/2023\/09\/7V9A9161-Enhanced-NR-1024x683.jpg 1024w, https:\/\/napa.gl\/wp-content\/uploads\/2023\/09\/7V9A9161-Enhanced-NR-768x512.jpg 768w, https:\/\/napa.gl\/wp-content\/uploads\/2023\/09\/7V9A9161-Enhanced-NR-1536x1024.jpg 1536w, https:\/\/napa.gl\/wp-content\/uploads\/2023\/09\/7V9A9161-Enhanced-NR-2048x1365.jpg 2048w, https:\/\/napa.gl\/wp-content\/uploads\/2023\/09\/7V9A9161-Enhanced-NR-700x467.jpg 700w\" sizes=\"auto, (max-width: 300px) 100vw, 300px\" \/><\/div>\n\t\t<\/a>\n\t\t\t\t<div class=\"elementor-post__text\">\n\t\t\t\t<h5 class=\"elementor-post__title\">\n\t\t\t<a href=\"https:\/\/napa.gl\/da\/nu-kan-du-igen-soge-stotte-til-arktiske-projekter\/\">\n\t\t\t\tNu kan du igen s\u00f8ge st\u00f8tte til arktiske projekter\t\t\t<\/a>\n\t\t<\/h5>\n\t\t\t\t<div class=\"elementor-post__excerpt\">\n\t\t\t<p>Hvert \u00e5r uddeler Nordisk Ministerr\u00e5d 7,3 mio. kr. til projekter i Arktisk samarbejdsprogram. Fokus er, at projekterne skal fremme et b\u00e6redygtigt Arktis.\u00a0 Ans\u00f8gningsrunden for 2024 er nu \u00e5ben. Det er muligt at s\u00f8ge frem til 15. februar. NAPA og Ilisimatusarfik administrerer programmet.\u00a0 Arktisk Samarbejdsprogram har<\/p>\n\t\t<\/div>\n\t\t\n\t\t<a class=\"elementor-post__read-more\" href=\"https:\/\/napa.gl\/da\/nu-kan-du-igen-soge-stotte-til-arktiske-projekter\/\" aria-label=\"Read more about Nu kan du igen s\u00f8ge st\u00f8tte til arktiske projekter\" tabindex=\"-1\">\n\t\t\tL\u00e6s mere \u00bb\t\t<\/a>\n\n\t\t\t\t<\/div>\n\t\t\t\t<\/article>\n\t\t\t\t<article class=\"elementor-post elementor-grid-item post-31739 post type-post status-publish format-standard has-post-thumbnail hentry category-begivenheder category-nyt\" role=\"listitem\">\n\t\t\t\t<a class=\"elementor-post__thumbnail__link\" href=\"https:\/\/napa.gl\/da\/fortael-din-mest-uhyggelige-gyserhistorie-til-allatta-4-0\/\" tabindex=\"-1\">\n\t\t\t<div class=\"elementor-post__thumbnail\"><img loading=\"lazy\" decoding=\"async\" width=\"300\" height=\"169\" src=\"https:\/\/napa.gl\/wp-content\/uploads\/2022\/11\/7V9A5168-300x169.jpg\" class=\"attachment-medium size-medium wp-image-31746\" alt=\"\" srcset=\"https:\/\/napa.gl\/wp-content\/uploads\/2022\/11\/7V9A5168-300x169.jpg 300w, https:\/\/napa.gl\/wp-content\/uploads\/2022\/11\/7V9A5168-1024x576.jpg 1024w, https:\/\/napa.gl\/wp-content\/uploads\/2022\/11\/7V9A5168-768x432.jpg 768w, https:\/\/napa.gl\/wp-content\/uploads\/2022\/11\/7V9A5168-1536x864.jpg 1536w, https:\/\/napa.gl\/wp-content\/uploads\/2022\/11\/7V9A5168-2048x1152.jpg 2048w, https:\/\/napa.gl\/wp-content\/uploads\/2022\/11\/7V9A5168-700x394.jpg 700w, https:\/\/napa.gl\/wp-content\/uploads\/2022\/11\/7V9A5168-539x303.jpg 539w\" sizes=\"auto, (max-width: 300px) 100vw, 300px\" \/><\/div>\n\t\t<\/a>\n\t\t\t\t<div class=\"elementor-post__text\">\n\t\t\t\t<h5 class=\"elementor-post__title\">\n\t\t\t<a href=\"https:\/\/napa.gl\/da\/fortael-din-mest-uhyggelige-gyserhistorie-til-allatta-4-0\/\">\n\t\t\t\tFort\u00e6l din mest uhyggelige  gyserhistorie til ALLATTA! 4.0\t\t\t<\/a>\n\t\t<\/h5>\n\t\t\t\t<div class=\"elementor-post__excerpt\">\n\t\t\t<p>Skrivekonkurrencen Allatta! er p\u00e5 blokken til efter\u00e5ret, hvor unge kan dyrke deres forfatterpotentialer.\u00a0 I denne omgang vil temaet v\u00e6re uhyggelige fort\u00e6llinger. For fjerde gang vil NAPA, Nordens Institut i Gr\u00f8nland i Samarbejde med Kalaallit Atuakkiortut (Gr\u00f8nlands Forfatterforening) afholde skrivekonkurrencen \u201dAllatta!\u201d, der betyder \u201dLad os skrive!\u201d<\/p>\n\t\t<\/div>\n\t\t\n\t\t<a class=\"elementor-post__read-more\" href=\"https:\/\/napa.gl\/da\/fortael-din-mest-uhyggelige-gyserhistorie-til-allatta-4-0\/\" aria-label=\"Read more about Fort\u00e6l din mest uhyggelige  gyserhistorie til ALLATTA! 4.0\" tabindex=\"-1\">\n\t\t\tL\u00e6s mere \u00bb\t\t<\/a>\n\n\t\t\t\t<\/div>\n\t\t\t\t<\/article>\n\t\t\t\t<article class=\"elementor-post elementor-grid-item post-33252 post type-post status-publish format-standard has-post-thumbnail hentry category-kultur category-nyt\" role=\"listitem\">\n\t\t\t\t<a class=\"elementor-post__thumbnail__link\" href=\"https:\/\/napa.gl\/da\/naapitta-lets-meet-napa-og-sorlak-soeger-unge-deltagere-til-kulturel-udveksling-med-samiske-unge\/\" tabindex=\"-1\">\n\t\t\t<div class=\"elementor-post__thumbnail\"><img loading=\"lazy\" decoding=\"async\" width=\"300\" height=\"200\" src=\"https:\/\/napa.gl\/wp-content\/uploads\/2021\/10\/Karen-og-Nina-NUBF-300x200.jpg\" class=\"attachment-medium size-medium wp-image-22885\" alt=\"\" srcset=\"https:\/\/napa.gl\/wp-content\/uploads\/2021\/10\/Karen-og-Nina-NUBF-300x200.jpg 300w, https:\/\/napa.gl\/wp-content\/uploads\/2021\/10\/Karen-og-Nina-NUBF-1024x683.jpg 1024w, https:\/\/napa.gl\/wp-content\/uploads\/2021\/10\/Karen-og-Nina-NUBF-768x512.jpg 768w, https:\/\/napa.gl\/wp-content\/uploads\/2021\/10\/Karen-og-Nina-NUBF-1536x1025.jpg 1536w, https:\/\/napa.gl\/wp-content\/uploads\/2021\/10\/Karen-og-Nina-NUBF-2048x1366.jpg 2048w, https:\/\/napa.gl\/wp-content\/uploads\/2021\/10\/Karen-og-Nina-NUBF-700x467.jpg 700w\" sizes=\"auto, (max-width: 300px) 100vw, 300px\" \/><\/div>\n\t\t<\/a>\n\t\t\t\t<div class=\"elementor-post__text\">\n\t\t\t\t<h5 class=\"elementor-post__title\">\n\t\t\t<a href=\"https:\/\/napa.gl\/da\/naapitta-lets-meet-napa-og-sorlak-soeger-unge-deltagere-til-kulturel-udveksling-med-samiske-unge\/\">\n\t\t\t\tNaapitta \u2013 Let\u2019s meet! NAPA og Sorlak s\u00f8ger unge deltagere til kulturel udveksling med samiske unge\t\t\t<\/a>\n\t\t<\/h5>\n\t\t\t\t<div class=\"elementor-post__excerpt\">\n\t\t\t<p>Nordens Institut i Gr\u00f8nland og Sorlak g\u00e5r sammen med Dansk Ungdomsf\u00e6llesr\u00e5d om kulturudveksling med S\u00e1mi. Her er en enest\u00e5ende mulighed for unge i Nuuk. NAPA, Nordens Institut i Gr\u00f8nland, og Sorlak, f\u00e6llesr\u00e5det for b\u00f8rne- og ungdomsorganisationen i Gr\u00f8nland, er i samarbejde med Dansk Ungdoms F\u00e6llesr\u00e5d<\/p>\n\t\t<\/div>\n\t\t\n\t\t<a class=\"elementor-post__read-more\" href=\"https:\/\/napa.gl\/da\/naapitta-lets-meet-napa-og-sorlak-soeger-unge-deltagere-til-kulturel-udveksling-med-samiske-unge\/\" aria-label=\"Read more about Naapitta \u2013 Let\u2019s meet! NAPA og Sorlak s\u00f8ger unge deltagere til kulturel udveksling med samiske unge\" tabindex=\"-1\">\n\t\t\tL\u00e6s mere \u00bb\t\t<\/a>\n\n\t\t\t\t<\/div>\n\t\t\t\t<\/article>\n\t\t\t\t<article class=\"elementor-post elementor-grid-item post-33004 post type-post status-publish format-standard has-post-thumbnail hentry category-kultur category-nyt\" role=\"listitem\">\n\t\t\t\t<a class=\"elementor-post__thumbnail__link\" href=\"https:\/\/napa.gl\/da\/kunst-og-kultur-kan-vaere-med-til-at-fremme-den-gronne-omstilling\/\" tabindex=\"-1\">\n\t\t\t<div class=\"elementor-post__thumbnail\"><img loading=\"lazy\" decoding=\"async\" width=\"300\" height=\"200\" src=\"https:\/\/napa.gl\/wp-content\/uploads\/2023\/05\/7V9A7766-300x200.jpg\" class=\"attachment-medium size-medium wp-image-32942\" alt=\"\" srcset=\"https:\/\/napa.gl\/wp-content\/uploads\/2023\/05\/7V9A7766-300x200.jpg 300w, https:\/\/napa.gl\/wp-content\/uploads\/2023\/05\/7V9A7766-1024x683.jpg 1024w, https:\/\/napa.gl\/wp-content\/uploads\/2023\/05\/7V9A7766-768x512.jpg 768w, https:\/\/napa.gl\/wp-content\/uploads\/2023\/05\/7V9A7766-1536x1024.jpg 1536w, https:\/\/napa.gl\/wp-content\/uploads\/2023\/05\/7V9A7766-2048x1366.jpg 2048w, https:\/\/napa.gl\/wp-content\/uploads\/2023\/05\/7V9A7766-700x467.jpg 700w\" sizes=\"auto, (max-width: 300px) 100vw, 300px\" \/><\/div>\n\t\t<\/a>\n\t\t\t\t<div class=\"elementor-post__text\">\n\t\t\t\t<h5 class=\"elementor-post__title\">\n\t\t\t<a href=\"https:\/\/napa.gl\/da\/kunst-og-kultur-kan-vaere-med-til-at-fremme-den-gronne-omstilling\/\">\n\t\t\t\tKunst og kultur kan v\u00e6re med til at fremme den gr\u00f8nne omstilling\t\t\t<\/a>\n\t\t<\/h5>\n\t\t\t\t<div class=\"elementor-post__excerpt\">\n\t\t\t<p>Minister for landbrug, selvforsyning, energi og milj\u00f8\u00a0Kalistat\u00a0Lund (IA) var med som taler til Nuuk Nordisk Kulturfestival. Han mindede om, at naturen er st\u00f8rre end os mennesker. Og at vi mennesker \u00f8del\u00e6gger vores planet, hvis vi undlader at handle. Kulturen giver os mulighed for at handle.<\/p>\n\t\t<\/div>\n\t\t\n\t\t<a class=\"elementor-post__read-more\" href=\"https:\/\/napa.gl\/da\/kunst-og-kultur-kan-vaere-med-til-at-fremme-den-gronne-omstilling\/\" aria-label=\"Read more about Kunst og kultur kan v\u00e6re med til at fremme den gr\u00f8nne omstilling\" tabindex=\"-1\">\n\t\t\tL\u00e6s mere \u00bb\t\t<\/a>\n\n\t\t\t\t<\/div>\n\t\t\t\t<\/article>\n\t\t\t\t<\/div>\n\t\t\n\t\t\t\t\t\t<\/div>\n\t\t\t\t<\/div>\n\t\t\t\t\t<\/div>\n\t\t<\/div>\n\t\t\t\t\t<\/div>\n\t\t<\/section>\n\t\t\t\t<\/div>\n\t\t","protected":false},"excerpt":{"rendered":"<p>De kulturelle og kreative erhverv skal kortl\u00e6gges, s\u00e5 vi kan fremme udvikling &#8211; NAPA analyserer de kulturelle og kreative erhverv i Gr\u00f8nland (Unders\u00f8gelsen er lukket) Kreativitet er Gr\u00f8nlands vigtigste ressource. Men vi har meget lidt viden om de kreative og kulturelle erhverv. For at blive&#8230;<\/p>\n","protected":false},"author":24,"featured_media":35117,"parent":18385,"menu_order":0,"comment_status":"closed","ping_status":"closed","template":"","meta":{"footnotes":""},"categories":[],"class_list":["post-34706","page","type-page","status-publish","has-post-thumbnail","hentry"],"_links":{"self":[{"href":"https:\/\/napa.gl\/da\/wp-json\/wp\/v2\/pages\/34706","targetHints":{"allow":["GET"]}}],"collection":[{"href":"https:\/\/napa.gl\/da\/wp-json\/wp\/v2\/pages"}],"about":[{"href":"https:\/\/napa.gl\/da\/wp-json\/wp\/v2\/types\/page"}],"author":[{"embeddable":true,"href":"https:\/\/napa.gl\/da\/wp-json\/wp\/v2\/users\/24"}],"replies":[{"embeddable":true,"href":"https:\/\/napa.gl\/da\/wp-json\/wp\/v2\/comments?post=34706"}],"version-history":[{"count":37,"href":"https:\/\/napa.gl\/da\/wp-json\/wp\/v2\/pages\/34706\/revisions"}],"predecessor-version":[{"id":36244,"href":"https:\/\/napa.gl\/da\/wp-json\/wp\/v2\/pages\/34706\/revisions\/36244"}],"up":[{"embeddable":true,"href":"https:\/\/napa.gl\/da\/wp-json\/wp\/v2\/pages\/18385"}],"wp:featuredmedia":[{"embeddable":true,"href":"https:\/\/napa.gl\/da\/wp-json\/wp\/v2\/media\/35117"}],"wp:attachment":[{"href":"https:\/\/napa.gl\/da\/wp-json\/wp\/v2\/media?parent=34706"}],"wp:term":[{"taxonomy":"category","embeddable":true,"href":"https:\/\/napa.gl\/da\/wp-json\/wp\/v2\/categories?post=34706"}],"curies":[{"name":"wp","href":"https:\/\/api.w.org\/{rel}","templated":true}]}}