{"id":34498,"date":"2024-02-02T09:35:22","date_gmt":"2024-02-02T11:35:22","guid":{"rendered":"https:\/\/napa.gl\/?page_id=34498"},"modified":"2025-02-28T13:16:22","modified_gmt":"2025-02-28T15:16:22","slug":"artikler-og-nyheder-om-arktisk-samarbejdsprogram","status":"publish","type":"page","link":"https:\/\/napa.gl\/da\/arktisk-samarbejdsprogram\/artikler-og-nyheder-om-arktisk-samarbejdsprogram\/","title":{"rendered":"Arktisk Samarbejdsprogram &#8211; St\u00f8ttede projekter"},"content":{"rendered":"\t\t<div data-elementor-type=\"wp-page\" data-elementor-id=\"34498\" class=\"elementor elementor-34498\" data-elementor-post-type=\"page\">\n\t\t\t\t\t\t<section class=\"elementor-section elementor-top-section elementor-element elementor-element-9c0c3fa elementor-section-boxed elementor-section-height-default elementor-section-height-default parallax_section_no qode_elementor_container_no\" data-id=\"9c0c3fa\" data-element_type=\"section\" data-e-type=\"section\">\n\t\t\t\t\t\t<div class=\"elementor-container elementor-column-gap-default\">\n\t\t\t\t\t<div class=\"elementor-column elementor-col-100 elementor-top-column elementor-element elementor-element-1d70113\" data-id=\"1d70113\" data-element_type=\"column\" data-e-type=\"column\">\n\t\t\t<div class=\"elementor-widget-wrap elementor-element-populated\">\n\t\t\t\t\t\t<div class=\"elementor-element elementor-element-98c1a87 elementor-widget elementor-widget-bridge_layout1\" data-id=\"98c1a87\" data-element_type=\"widget\" data-e-type=\"widget\" data-widget_type=\"bridge_layout1.default\">\n\t\t\t\t<div class=\"elementor-widget-container\">\n\t\t\t\t\t<div class=\"qode-news-holder qode-layout1 qode-news-pag-standard qode-news-columns-3 qode-nl-normal-space qode-center-alignment\"  data-post-status=publish data-category-name=arktisk-samarbejdsprogram data-ignore-sticky-posts=1 data-posts-per-page=6 data-paged=1 data-max-num-pages=0 data-next-page=2 data-title-tag=h4 data-image-size=portfolio-landscape data-display-categories=yes data-display-excerpt=no data-display-date=yes data-display-author=no data-display-share=no data-display-hot-trending-icons=no data-pagination-numbers-amount=3 data-layout=qode_layout1>Sorry, no posts matched your criteria.<\/div>\t\t\t\t<\/div>\n\t\t\t\t<\/div>\n\t\t\t\t\t<\/div>\n\t\t<\/div>\n\t\t\t\t\t<\/div>\n\t\t<\/section>\n\t\t\t\t<section class=\"elementor-section elementor-top-section elementor-element elementor-element-19d418f elementor-section-boxed elementor-section-height-default elementor-section-height-default parallax_section_no qode_elementor_container_no\" data-id=\"19d418f\" data-element_type=\"section\" data-e-type=\"section\">\n\t\t\t\t\t\t<div class=\"elementor-container elementor-column-gap-default\">\n\t\t\t\t\t<div class=\"elementor-column elementor-col-100 elementor-top-column elementor-element elementor-element-3504e98\" data-id=\"3504e98\" data-element_type=\"column\" data-e-type=\"column\">\n\t\t\t<div class=\"elementor-widget-wrap elementor-element-populated\">\n\t\t\t\t\t\t<div class=\"elementor-element elementor-element-a1c62fa elementor-widget elementor-widget-spacer\" data-id=\"a1c62fa\" data-element_type=\"widget\" data-e-type=\"widget\" data-widget_type=\"spacer.default\">\n\t\t\t\t<div class=\"elementor-widget-container\">\n\t\t\t\t\t\t\t<div class=\"elementor-spacer\">\n\t\t\t<div class=\"elementor-spacer-inner\"><\/div>\n\t\t<\/div>\n\t\t\t\t\t\t<\/div>\n\t\t\t\t<\/div>\n\t\t\t\t\t<\/div>\n\t\t<\/div>\n\t\t\t\t\t<\/div>\n\t\t<\/section>\n\t\t\t\t<\/div>\n\t\t","protected":false},"excerpt":{"rendered":"<p>Arktisk Samarbejdsprogram Nyt Arktisk Samarbejdsprogrammets midler uddelt: B\u00e6redygtige projekter i Gr\u00f8nland f\u00e5r st\u00f8tte 7. august 2024 Arktisk Samarbejdsprogram FREMME ARKTISK VIDEN OG FORST\u00c5ELSE 26. februar 2024 Arktisk Samarbejdsprogram FORBEDRING AF FORST\u00c5ELSEN AF EFTERLADT, MISTET ELLER P\u00c5 ANDEN M\u00c5DE KASSERET FISKERIUDSTYR 22. februar 2024 Arktisk Samarbejdsprogram&#8230;<\/p>\n","protected":false},"author":24,"featured_media":33714,"parent":23295,"menu_order":0,"comment_status":"closed","ping_status":"closed","template":"","meta":{"footnotes":""},"categories":[170],"class_list":["post-34498","page","type-page","status-publish","has-post-thumbnail","hentry","category-nordic-arcticprogramme"],"_links":{"self":[{"href":"https:\/\/napa.gl\/da\/wp-json\/wp\/v2\/pages\/34498","targetHints":{"allow":["GET"]}}],"collection":[{"href":"https:\/\/napa.gl\/da\/wp-json\/wp\/v2\/pages"}],"about":[{"href":"https:\/\/napa.gl\/da\/wp-json\/wp\/v2\/types\/page"}],"author":[{"embeddable":true,"href":"https:\/\/napa.gl\/da\/wp-json\/wp\/v2\/users\/24"}],"replies":[{"embeddable":true,"href":"https:\/\/napa.gl\/da\/wp-json\/wp\/v2\/comments?post=34498"}],"version-history":[{"count":14,"href":"https:\/\/napa.gl\/da\/wp-json\/wp\/v2\/pages\/34498\/revisions"}],"predecessor-version":[{"id":38146,"href":"https:\/\/napa.gl\/da\/wp-json\/wp\/v2\/pages\/34498\/revisions\/38146"}],"up":[{"embeddable":true,"href":"https:\/\/napa.gl\/da\/wp-json\/wp\/v2\/pages\/23295"}],"wp:featuredmedia":[{"embeddable":true,"href":"https:\/\/napa.gl\/da\/wp-json\/wp\/v2\/media\/33714"}],"wp:attachment":[{"href":"https:\/\/napa.gl\/da\/wp-json\/wp\/v2\/media?parent=34498"}],"wp:term":[{"taxonomy":"category","embeddable":true,"href":"https:\/\/napa.gl\/da\/wp-json\/wp\/v2\/categories?post=34498"}],"curies":[{"name":"wp","href":"https:\/\/api.w.org\/{rel}","templated":true}]}}