{"id":34286,"date":"2024-01-23T10:35:32","date_gmt":"2024-01-23T12:35:32","guid":{"rendered":"https:\/\/napa.gl\/?page_id=34286"},"modified":"2024-02-14T09:51:42","modified_gmt":"2024-02-14T11:51:42","slug":"faa-professional-sparring-af-dine-kreative-evner-til-mentorweekend-creative-business-academy-greenland","status":"publish","type":"page","link":"https:\/\/napa.gl\/da\/aktiviteter\/creative-business-academy-greenland\/faa-professional-sparring-af-dine-kreative-evner-til-mentorweekend-creative-business-academy-greenland\/","title":{"rendered":"Styrk din kreative forretning og f\u00e5 internationale netv\u00e6rk Creative Business Academy Greenland \u2013 International weekend"},"content":{"rendered":"\t\t<div data-elementor-type=\"wp-page\" data-elementor-id=\"34286\" class=\"elementor elementor-34286\" data-elementor-post-type=\"page\">\n\t\t\t\t\t\t<section class=\"elementor-section elementor-top-section elementor-element elementor-element-1003b7f2 elementor-reverse-mobile elementor-section-boxed elementor-section-height-default elementor-section-height-default parallax_section_no qode_elementor_container_no\" data-id=\"1003b7f2\" data-element_type=\"section\" data-e-type=\"section\">\n\t\t\t\t\t\t<div class=\"elementor-container elementor-column-gap-default\">\n\t\t\t\t\t<div class=\"elementor-column elementor-col-100 elementor-top-column elementor-element elementor-element-29a62904\" data-id=\"29a62904\" data-element_type=\"column\" data-e-type=\"column\">\n\t\t\t<div class=\"elementor-widget-wrap elementor-element-populated\">\n\t\t\t\t\t\t<div class=\"elementor-element elementor-element-9698199 elementor-widget elementor-widget-image\" data-id=\"9698199\" data-element_type=\"widget\" data-e-type=\"widget\" data-widget_type=\"image.default\">\n\t\t\t\t<div class=\"elementor-widget-container\">\n\t\t\t\t\t\t\t\t\t\t\t\t\t\t\t<img loading=\"lazy\" decoding=\"async\" width=\"1024\" height=\"683\" src=\"https:\/\/napa.gl\/wp-content\/uploads\/2024\/01\/CBAG-Event-27V9A0906-Enhanced-NR-1024x683.png\" class=\"attachment-large size-large wp-image-34287\" alt=\"\" srcset=\"https:\/\/napa.gl\/wp-content\/uploads\/2024\/01\/CBAG-Event-27V9A0906-Enhanced-NR-1024x683.png 1024w, https:\/\/napa.gl\/wp-content\/uploads\/2024\/01\/CBAG-Event-27V9A0906-Enhanced-NR-300x200.png 300w, https:\/\/napa.gl\/wp-content\/uploads\/2024\/01\/CBAG-Event-27V9A0906-Enhanced-NR-768x512.png 768w, https:\/\/napa.gl\/wp-content\/uploads\/2024\/01\/CBAG-Event-27V9A0906-Enhanced-NR-1536x1024.png 1536w, https:\/\/napa.gl\/wp-content\/uploads\/2024\/01\/CBAG-Event-27V9A0906-Enhanced-NR-2048x1365.png 2048w, https:\/\/napa.gl\/wp-content\/uploads\/2024\/01\/CBAG-Event-27V9A0906-Enhanced-NR-700x467.png 700w\" sizes=\"auto, (max-width: 1024px) 100vw, 1024px\" \/>\t\t\t\t\t\t\t\t\t\t\t\t\t\t\t<\/div>\n\t\t\t\t<\/div>\n\t\t\t\t\t<\/div>\n\t\t<\/div>\n\t\t\t\t\t<\/div>\n\t\t<\/section>\n\t\t\t\t<section class=\"elementor-section elementor-top-section elementor-element elementor-element-3eb490fb elementor-reverse-mobile elementor-section-boxed elementor-section-height-default elementor-section-height-default parallax_section_no qode_elementor_container_no\" data-id=\"3eb490fb\" data-element_type=\"section\" data-e-type=\"section\">\n\t\t\t\t\t\t<div class=\"elementor-container elementor-column-gap-default\">\n\t\t\t\t\t<div class=\"elementor-column elementor-col-100 elementor-top-column elementor-element elementor-element-4b37f3c9\" data-id=\"4b37f3c9\" data-element_type=\"column\" data-e-type=\"column\">\n\t\t\t<div class=\"elementor-widget-wrap elementor-element-populated\">\n\t\t\t\t\t\t<div class=\"elementor-element elementor-element-692a1bf0 elementor-widget-divider--separator-type-pattern elementor-widget-divider--view-line elementor-widget elementor-widget-divider\" data-id=\"692a1bf0\" data-element_type=\"widget\" data-e-type=\"widget\" data-widget_type=\"divider.default\">\n\t\t\t\t<div class=\"elementor-widget-container\">\n\t\t\t\t\t\t\t<div class=\"elementor-divider\" style=\"--divider-pattern-url: url(&quot;data:image\/svg+xml,%3Csvg xmlns=&#039;http:\/\/www.w3.org\/2000\/svg&#039; preserveAspectRatio=&#039;none&#039; overflow=&#039;visible&#039; height=&#039;100%&#039; viewBox=&#039;0 0 20 16&#039; fill=&#039;none&#039; stroke=&#039;black&#039; stroke-width=&#039;2.2&#039; stroke-linecap=&#039;square&#039; stroke-miterlimit=&#039;10&#039;%3E%3Cg transform=&#039;translate(-12.000000, 0)&#039;%3E%3Cpath d=&#039;M28,0L10,18&#039;\/%3E%3Cpath d=&#039;M18,0L0,18&#039;\/%3E%3Cpath d=&#039;M48,0L30,18&#039;\/%3E%3Cpath d=&#039;M38,0L20,18&#039;\/%3E%3C\/g%3E%3C\/svg%3E&quot;);\">\n\t\t\t<span class=\"elementor-divider-separator\">\n\t\t\t\t\t\t<\/span>\n\t\t<\/div>\n\t\t\t\t\t\t<\/div>\n\t\t\t\t<\/div>\n\t\t\t\t<div class=\"elementor-element elementor-element-4ba2a6ff elementor-widget elementor-widget-heading\" data-id=\"4ba2a6ff\" data-element_type=\"widget\" data-e-type=\"widget\" data-widget_type=\"heading.default\">\n\t\t\t\t<div class=\"elementor-widget-container\">\n\t\t\t\t\t<h2 class=\"elementor-heading-title elementor-size-default\">Styrk din kreative forretning og f\u00e5 internationale netv\u00e6rk Creative Business Academy Greenland \u2013 International weekend<\/h2>\t\t\t\t<\/div>\n\t\t\t\t<\/div>\n\t\t\t\t\t<\/div>\n\t\t<\/div>\n\t\t\t\t\t<\/div>\n\t\t<\/section>\n\t\t\t\t<section class=\"elementor-section elementor-top-section elementor-element elementor-element-50b96ae7 elementor-section-boxed elementor-section-height-default elementor-section-height-default parallax_section_no qode_elementor_container_no\" data-id=\"50b96ae7\" data-element_type=\"section\" data-e-type=\"section\">\n\t\t\t\t\t\t<div class=\"elementor-container elementor-column-gap-default\">\n\t\t\t\t\t<div class=\"elementor-column elementor-col-100 elementor-top-column elementor-element elementor-element-52f8bbe9\" data-id=\"52f8bbe9\" data-element_type=\"column\" data-e-type=\"column\">\n\t\t\t<div class=\"elementor-widget-wrap elementor-element-populated\">\n\t\t\t\t\t\t<div class=\"elementor-element elementor-element-26429d8d elementor-widget elementor-widget-text-editor\" data-id=\"26429d8d\" data-element_type=\"widget\" data-e-type=\"widget\" data-widget_type=\"text-editor.default\">\n\t\t\t\t<div class=\"elementor-widget-container\">\n\t\t\t\t\t\t\t\t\t<p>Fra den 26. til den 28. april afholder NAPAs Creative Business Academy en international begivenhed for de kreative iv\u00e6rks\u00e6ttere, virksomheder og enkeltpersoner i Gr\u00f8nland.<\/p><p>Form\u00e5let med weekenden er at give alle, der arbejder eller samarbejder inden for den kreative sektor, st\u00e6rkere internationale netv\u00e6rk og bedre mulighed internationaliseringsstrategier, forretningsudvikling.\u00a0<\/p><p>Vi har invitereret en r\u00e6kke internationale g\u00e6ster til tre dage med workshop og enkeltm\u00f8der. Du kan f\u00e5 sparring fra internationale mentorer og iv\u00e6rks\u00e6ttere fra \u00f8st og vest \u2013 USA, Canada og naturligvis ogs\u00e5 fra Norden. Igennem 1:1 sessioner, netv\u00e6rk og m\u00f8der kan du f\u00e5 nye perspektiver til at udvikle din kreative forretning p\u00e5 den internationale scene.<\/p><p>Skriv til NAPA p\u00e5\u00a0<a href=\"mailto:napa@napa.gl\">napa@napa.gl<\/a>\u00a0for at h\u00f8re mere om Creative Business Academy \u2013 International weekend.\u00a0<\/p><p>Deltagelse i denne begivenhed er gratis for alle kreative, men det kr\u00e6ver tilmelding til arrangementet.\u00a0\u00a0I s\u00e6rlige tilf\u00e6lde kan NAPA yde rejsest\u00f8tte til dem, der befinder sig uden for Nuuk.\u00a0Hvis du vil tilmelde dig, vil vi bede dig skrive hvem du er, og kort fort\u00e6lle os hvad dine behov er.<\/p><p>Mentorer og andre g\u00e6ster fra forskellige lande vil v\u00e6re til stede under weekenden for at dele deres indsigt om forretningsudvikling. NAPA arbejder aktivt p\u00e5 at sikre deltagelse fra konsulater, ambassader samt repr\u00e6sentanter i Nordamerika og Canada.\u00a0<\/p><p>Forel\u00f8bigt program (med forbehold for \u00e6ndringer):<\/p><p><strong>Fredag den 26.april<\/strong><\/p><p>Officiel \u00e5bning<\/p><p>Tema: Internationalisering<\/p><p>Pr\u00e6sentationer<\/p><p>Speed dating<\/p><p><strong><br \/>L\u00f8rdag den 27. april<\/strong><\/p><p>Sektor meetups \u2013 musik, fashion, film, h\u00e5ndv\u00e6rk osv.<\/p><p>Individuelle m\u00f8der \u2013 en til en<\/p><p>Dating og aftensmad i NAPA<\/p><p><strong><br \/>S\u00f8ndag den 28. april<\/strong><\/p><p>Moving forward \u2013 offentlig event\u00a0<\/p><p>Dette arrangement er en del af Creative Business Academy Greenland, et initiativ fra NAPA, der fokuserer p\u00e5 aktiviteter, der kombinerer \u00f8konomisk og kulturel b\u00e6redygtighed. Gr\u00f8nland har et rigt kulturliv med internationalt potentiale indenfor b\u00e5de musik, scenekunst, mode, film og meget mere. Kulturens styrker giver mulighed for nye forretningsmuligheder. Men for at indfri dette, skal de kulturelle og kreative iv\u00e6rks\u00e6ttere i Gr\u00f8nland have adgang til faglig sparring, internationale netv\u00e6rk og markeder, bedre viden om personlig branding, brug af medier, ophavsret og meget mere.\u00a0Weekendens arrangement vil v\u00e6re med til at opfylde disse behov og styrke den kreative sektor i Gr\u00f8nland.\u00a0<\/p><p>\u00a0<\/p><p>Sponsorer: Gr\u00f8nlandsbanken, Gr\u00f8nlands Selvstyres Tips og Lottomidler, British Embassy Copenhagen og Kommuneqarfik Sermersooq \u2013 Erhverv.\u00a0<\/p>\t\t\t\t\t\t\t\t<\/div>\n\t\t\t\t<\/div>\n\t\t\t\t<div class=\"elementor-element elementor-element-cc77005 elementor-widget elementor-widget-heading\" data-id=\"cc77005\" data-element_type=\"widget\" data-e-type=\"widget\" data-widget_type=\"heading.default\">\n\t\t\t\t<div class=\"elementor-widget-container\">\n\t\t\t\t\t<h2 class=\"elementor-heading-title elementor-size-default\">Kontakt:<\/h2>\t\t\t\t<\/div>\n\t\t\t\t<\/div>\n\t\t\t\t<section class=\"elementor-section elementor-inner-section elementor-element elementor-element-66d2853 elementor-section-boxed elementor-section-height-default elementor-section-height-default parallax_section_no qode_elementor_container_no\" data-id=\"66d2853\" data-element_type=\"section\" data-e-type=\"section\">\n\t\t\t\t\t\t<div class=\"elementor-container elementor-column-gap-default\">\n\t\t\t\t\t<div class=\"elementor-column elementor-col-50 elementor-inner-column elementor-element elementor-element-8a726bb\" data-id=\"8a726bb\" data-element_type=\"column\" data-e-type=\"column\" data-settings=\"{&quot;background_background&quot;:&quot;classic&quot;}\">\n\t\t\t<div class=\"elementor-widget-wrap elementor-element-populated\">\n\t\t\t\t\t\t<div class=\"elementor-element elementor-element-ca551e3 elementor-position-left elementor-vertical-align-middle elementor-widget elementor-widget-image-box\" data-id=\"ca551e3\" data-element_type=\"widget\" data-e-type=\"widget\" data-widget_type=\"image-box.default\">\n\t\t\t\t<div class=\"elementor-widget-container\">\n\t\t\t\t\t<div class=\"elementor-image-box-wrapper\"><figure class=\"elementor-image-box-img\"><img loading=\"lazy\" decoding=\"async\" width=\"570\" height=\"570\" src=\"https:\/\/napa.gl\/wp-content\/uploads\/2023\/12\/NAPA-direktor-Soren-profil-570x570.jpg\" class=\"attachment-portfolio-square size-portfolio-square wp-image-34054\" alt=\"\" srcset=\"https:\/\/napa.gl\/wp-content\/uploads\/2023\/12\/NAPA-direktor-Soren-profil-570x570.jpg 570w, https:\/\/napa.gl\/wp-content\/uploads\/2023\/12\/NAPA-direktor-Soren-profil-150x150.jpg 150w, https:\/\/napa.gl\/wp-content\/uploads\/2023\/12\/NAPA-direktor-Soren-profil-500x500.jpg 500w, https:\/\/napa.gl\/wp-content\/uploads\/2023\/12\/NAPA-direktor-Soren-profil-1000x1000.jpg 1000w\" sizes=\"auto, (max-width: 570px) 100vw, 570px\" \/><\/figure><div class=\"elementor-image-box-content\"><h3 class=\"elementor-image-box-title\">S\u00f8ren W\u00fcrtz<\/h3><p class=\"elementor-image-box-description\">Direkt\u00f8r<\/p><\/div><\/div>\t\t\t\t<\/div>\n\t\t\t\t<\/div>\n\t\t\t\t<div class=\"elementor-element elementor-element-e4b2674 elementor-icon-list--layout-traditional elementor-list-item-link-full_width elementor-widget elementor-widget-icon-list\" data-id=\"e4b2674\" data-element_type=\"widget\" data-e-type=\"widget\" data-widget_type=\"icon-list.default\">\n\t\t\t\t<div class=\"elementor-widget-container\">\n\t\t\t\t\t\t\t<ul class=\"elementor-icon-list-items\">\n\t\t\t\t\t\t\t<li class=\"elementor-icon-list-item\">\n\t\t\t\t\t\t\t\t\t\t\t<span class=\"elementor-icon-list-icon\">\n\t\t\t\t\t\t\t<i aria-hidden=\"true\" class=\"fas fa-mobile-alt\"><\/i>\t\t\t\t\t\t<\/span>\n\t\t\t\t\t\t\t\t\t\t<span class=\"elementor-icon-list-text\">+299 23 62 23<\/span>\n\t\t\t\t\t\t\t\t\t<\/li>\n\t\t\t\t\t\t\t\t<li class=\"elementor-icon-list-item\">\n\t\t\t\t\t\t\t\t\t\t\t<span class=\"elementor-icon-list-icon\">\n\t\t\t\t\t\t\t<i aria-hidden=\"true\" class=\"far fa-envelope\"><\/i>\t\t\t\t\t\t<\/span>\n\t\t\t\t\t\t\t\t\t\t<span class=\"elementor-icon-list-text\">soeren@napa.gl<\/span>\n\t\t\t\t\t\t\t\t\t<\/li>\n\t\t\t\t\t\t<\/ul>\n\t\t\t\t\t\t<\/div>\n\t\t\t\t<\/div>\n\t\t\t\t<div class=\"elementor-element elementor-element-b5496fc elementor-widget elementor-widget-text-editor\" data-id=\"b5496fc\" data-element_type=\"widget\" data-e-type=\"widget\" data-widget_type=\"text-editor.default\">\n\t\t\t\t<div class=\"elementor-widget-container\">\n\t\t\t\t\t\t\t\t\t<p>Jeg taler disse sprog: <img loading=\"lazy\" decoding=\"async\" class=\"alignnone size-full wp-image-19533\" src=\"https:\/\/napa.gl\/wp-content\/uploads\/2021\/02\/da.png\" alt=\"\" width=\"18\" height=\"12\" \/>\u00a0<img loading=\"lazy\" decoding=\"async\" class=\"alignnone size-full wp-image-19524\" src=\"https:\/\/napa.gl\/wp-content\/uploads\/2021\/02\/en.png\" alt=\"\" width=\"18\" height=\"12\" \/>\u00a0<\/p>\t\t\t\t\t\t\t\t<\/div>\n\t\t\t\t<\/div>\n\t\t\t\t\t<\/div>\n\t\t<\/div>\n\t\t\t\t<div class=\"elementor-column elementor-col-50 elementor-inner-column elementor-element elementor-element-f62a402\" data-id=\"f62a402\" data-element_type=\"column\" data-e-type=\"column\" data-settings=\"{&quot;background_background&quot;:&quot;classic&quot;}\">\n\t\t\t<div class=\"elementor-widget-wrap elementor-element-populated\">\n\t\t\t\t\t\t<div class=\"elementor-element elementor-element-97d35e6 elementor-position-left elementor-vertical-align-middle elementor-widget elementor-widget-image-box\" data-id=\"97d35e6\" data-element_type=\"widget\" data-e-type=\"widget\" data-widget_type=\"image-box.default\">\n\t\t\t\t<div class=\"elementor-widget-container\">\n\t\t\t\t\t<div class=\"elementor-image-box-wrapper\"><figure class=\"elementor-image-box-img\"><img loading=\"lazy\" decoding=\"async\" width=\"570\" height=\"570\" src=\"https:\/\/napa.gl\/wp-content\/uploads\/2023\/08\/7V9A9058-5-570x570.jpg\" class=\"attachment-portfolio-square size-portfolio-square wp-image-33439\" alt=\"\" srcset=\"https:\/\/napa.gl\/wp-content\/uploads\/2023\/08\/7V9A9058-5-570x570.jpg 570w, https:\/\/napa.gl\/wp-content\/uploads\/2023\/08\/7V9A9058-5-150x150.jpg 150w, https:\/\/napa.gl\/wp-content\/uploads\/2023\/08\/7V9A9058-5-500x500.jpg 500w, https:\/\/napa.gl\/wp-content\/uploads\/2023\/08\/7V9A9058-5-1000x1000.jpg 1000w\" sizes=\"auto, (max-width: 570px) 100vw, 570px\" \/><\/figure><div class=\"elementor-image-box-content\"><h3 class=\"elementor-image-box-title\">Jaqqa Petersen<\/h3><p class=\"elementor-image-box-description\">R\u00e5dgiver<\/p><\/div><\/div>\t\t\t\t<\/div>\n\t\t\t\t<\/div>\n\t\t\t\t<div class=\"elementor-element elementor-element-62c4c40 elementor-icon-list--layout-traditional elementor-list-item-link-full_width elementor-widget elementor-widget-icon-list\" data-id=\"62c4c40\" data-element_type=\"widget\" data-e-type=\"widget\" data-widget_type=\"icon-list.default\">\n\t\t\t\t<div class=\"elementor-widget-container\">\n\t\t\t\t\t\t\t<ul class=\"elementor-icon-list-items\">\n\t\t\t\t\t\t\t<li class=\"elementor-icon-list-item\">\n\t\t\t\t\t\t\t\t\t\t\t<span class=\"elementor-icon-list-icon\">\n\t\t\t\t\t\t\t<i aria-hidden=\"true\" class=\"fas fa-mobile-alt\"><\/i>\t\t\t\t\t\t<\/span>\n\t\t\t\t\t\t\t\t\t\t<span class=\"elementor-icon-list-text\">+299 53 33 30<\/span>\n\t\t\t\t\t\t\t\t\t<\/li>\n\t\t\t\t\t\t\t\t<li class=\"elementor-icon-list-item\">\n\t\t\t\t\t\t\t\t\t\t\t<span class=\"elementor-icon-list-icon\">\n\t\t\t\t\t\t\t<i aria-hidden=\"true\" class=\"far fa-envelope\"><\/i>\t\t\t\t\t\t<\/span>\n\t\t\t\t\t\t\t\t\t\t<span class=\"elementor-icon-list-text\">jaqqa@napa.gl<\/span>\n\t\t\t\t\t\t\t\t\t<\/li>\n\t\t\t\t\t\t<\/ul>\n\t\t\t\t\t\t<\/div>\n\t\t\t\t<\/div>\n\t\t\t\t<div class=\"elementor-element elementor-element-a26cccd elementor-widget elementor-widget-text-editor\" data-id=\"a26cccd\" data-element_type=\"widget\" data-e-type=\"widget\" data-widget_type=\"text-editor.default\">\n\t\t\t\t<div class=\"elementor-widget-container\">\n\t\t\t\t\t\t\t\t\t<p>Jeg taler disse sprog: <img loading=\"lazy\" decoding=\"async\" class=\"alignnone size-full wp-image-19527\" src=\"https:\/\/napa.gl\/wp-content\/uploads\/2021\/02\/gl.png\" alt=\"gr\u00f8nlansk\" width=\"18\" height=\"12\"> <img loading=\"lazy\" decoding=\"async\" class=\"alignnone size-full wp-image-19533\" src=\"https:\/\/napa.gl\/wp-content\/uploads\/2021\/02\/da.png\" alt=\"\" width=\"18\" height=\"12\">&nbsp;<img loading=\"lazy\" decoding=\"async\" class=\"alignnone size-full wp-image-19524\" src=\"https:\/\/napa.gl\/wp-content\/uploads\/2021\/02\/en.png\" alt=\"\" width=\"18\" height=\"12\">&nbsp;<\/p>\t\t\t\t\t\t\t\t<\/div>\n\t\t\t\t<\/div>\n\t\t\t\t\t<\/div>\n\t\t<\/div>\n\t\t\t\t\t<\/div>\n\t\t<\/section>\n\t\t\t\t\t<\/div>\n\t\t<\/div>\n\t\t\t\t\t<\/div>\n\t\t<\/section>\n\t\t\t\t<section class=\"elementor-section elementor-top-section elementor-element elementor-element-393c0a99 elementor-section-boxed elementor-section-height-default elementor-section-height-default parallax_section_no qode_elementor_container_no\" data-id=\"393c0a99\" data-element_type=\"section\" data-e-type=\"section\">\n\t\t\t\t\t\t<div class=\"elementor-container elementor-column-gap-default\">\n\t\t\t\t\t<div class=\"elementor-column elementor-col-100 elementor-top-column elementor-element elementor-element-166b99ee\" data-id=\"166b99ee\" data-element_type=\"column\" data-e-type=\"column\">\n\t\t\t<div class=\"elementor-widget-wrap\">\n\t\t\t\t\t\t\t<\/div>\n\t\t<\/div>\n\t\t\t\t\t<\/div>\n\t\t<\/section>\n\t\t\t\t<\/div>\n\t\t","protected":false},"excerpt":{"rendered":"<p>Styrk din kreative forretning og f\u00e5 internationale netv\u00e6rk Creative Business Academy Greenland \u2013 International weekend Fra den 26. til den 28. april afholder NAPAs Creative Business Academy en international begivenhed for de kreative iv\u00e6rks\u00e6ttere, virksomheder og enkeltpersoner i Gr\u00f8nland. Form\u00e5let med weekenden er at give&#8230;<\/p>\n","protected":false},"author":24,"featured_media":34287,"parent":33995,"menu_order":0,"comment_status":"closed","ping_status":"closed","template":"","meta":{"footnotes":""},"categories":[226],"class_list":["post-34286","page","type-page","status-publish","has-post-thumbnail","hentry","category-suliniutit-2"],"_links":{"self":[{"href":"https:\/\/napa.gl\/da\/wp-json\/wp\/v2\/pages\/34286","targetHints":{"allow":["GET"]}}],"collection":[{"href":"https:\/\/napa.gl\/da\/wp-json\/wp\/v2\/pages"}],"about":[{"href":"https:\/\/napa.gl\/da\/wp-json\/wp\/v2\/types\/page"}],"author":[{"embeddable":true,"href":"https:\/\/napa.gl\/da\/wp-json\/wp\/v2\/users\/24"}],"replies":[{"embeddable":true,"href":"https:\/\/napa.gl\/da\/wp-json\/wp\/v2\/comments?post=34286"}],"version-history":[{"count":32,"href":"https:\/\/napa.gl\/da\/wp-json\/wp\/v2\/pages\/34286\/revisions"}],"predecessor-version":[{"id":34517,"href":"https:\/\/napa.gl\/da\/wp-json\/wp\/v2\/pages\/34286\/revisions\/34517"}],"up":[{"embeddable":true,"href":"https:\/\/napa.gl\/da\/wp-json\/wp\/v2\/pages\/33995"}],"wp:featuredmedia":[{"embeddable":true,"href":"https:\/\/napa.gl\/da\/wp-json\/wp\/v2\/media\/34287"}],"wp:attachment":[{"href":"https:\/\/napa.gl\/da\/wp-json\/wp\/v2\/media?parent=34286"}],"wp:term":[{"taxonomy":"category","embeddable":true,"href":"https:\/\/napa.gl\/da\/wp-json\/wp\/v2\/categories?post=34286"}],"curies":[{"name":"wp","href":"https:\/\/api.w.org\/{rel}","templated":true}]}}