{"id":34120,"date":"2023-12-19T13:45:37","date_gmt":"2023-12-19T15:45:37","guid":{"rendered":"https:\/\/napa.gl\/?page_id=34120"},"modified":"2023-12-19T13:54:31","modified_gmt":"2023-12-19T15:54:31","slug":"unges-innovation-i-kulturlivet","status":"publish","type":"page","link":"https:\/\/napa.gl\/da\/aktiviteter\/unges-innovation-i-kulturlivet\/","title":{"rendered":"Unges innovation i kulturlivet"},"content":{"rendered":"\t\t<div data-elementor-type=\"wp-page\" data-elementor-id=\"34120\" class=\"elementor elementor-34120\" data-elementor-post-type=\"page\">\n\t\t\t\t\t\t<section class=\"elementor-section elementor-top-section elementor-element elementor-element-16b85340 elementor-reverse-mobile elementor-section-boxed elementor-section-height-default elementor-section-height-default parallax_section_no qode_elementor_container_no\" data-id=\"16b85340\" data-element_type=\"section\" data-e-type=\"section\">\n\t\t\t\t\t\t<div class=\"elementor-container elementor-column-gap-default\">\n\t\t\t\t\t<div class=\"elementor-column elementor-col-100 elementor-top-column elementor-element elementor-element-639af840\" data-id=\"639af840\" data-element_type=\"column\" data-e-type=\"column\">\n\t\t\t<div class=\"elementor-widget-wrap elementor-element-populated\">\n\t\t\t\t\t\t<div class=\"elementor-element elementor-element-b076c62 elementor-widget elementor-widget-image\" data-id=\"b076c62\" data-element_type=\"widget\" data-e-type=\"widget\" data-widget_type=\"image.default\">\n\t\t\t\t<div class=\"elementor-widget-container\">\n\t\t\t\t\t\t\t\t\t\t\t\t\t\t\t<img loading=\"lazy\" decoding=\"async\" width=\"1024\" height=\"484\" src=\"https:\/\/napa.gl\/wp-content\/uploads\/2023\/12\/Billede2-1024x484.png\" class=\"attachment-large size-large wp-image-34121\" alt=\"\" srcset=\"https:\/\/napa.gl\/wp-content\/uploads\/2023\/12\/Billede2-1024x484.png 1024w, https:\/\/napa.gl\/wp-content\/uploads\/2023\/12\/Billede2-300x142.png 300w, https:\/\/napa.gl\/wp-content\/uploads\/2023\/12\/Billede2-768x363.png 768w, https:\/\/napa.gl\/wp-content\/uploads\/2023\/12\/Billede2-1536x726.png 1536w, https:\/\/napa.gl\/wp-content\/uploads\/2023\/12\/Billede2-700x331.png 700w, https:\/\/napa.gl\/wp-content\/uploads\/2023\/12\/Billede2.png 2034w\" sizes=\"auto, (max-width: 1024px) 100vw, 1024px\" \/>\t\t\t\t\t\t\t\t\t\t\t\t\t\t\t<\/div>\n\t\t\t\t<\/div>\n\t\t\t\t\t<\/div>\n\t\t<\/div>\n\t\t\t\t\t<\/div>\n\t\t<\/section>\n\t\t\t\t<section class=\"elementor-section elementor-top-section elementor-element elementor-element-475c8938 elementor-reverse-mobile elementor-section-boxed elementor-section-height-default elementor-section-height-default parallax_section_no qode_elementor_container_no\" data-id=\"475c8938\" data-element_type=\"section\" data-e-type=\"section\">\n\t\t\t\t\t\t<div class=\"elementor-container elementor-column-gap-default\">\n\t\t\t\t\t<div class=\"elementor-column elementor-col-50 elementor-top-column elementor-element elementor-element-77a58f35\" data-id=\"77a58f35\" data-element_type=\"column\" data-e-type=\"column\">\n\t\t\t<div class=\"elementor-widget-wrap elementor-element-populated\">\n\t\t\t\t\t\t<div class=\"elementor-element elementor-element-a45f988 elementor-widget elementor-widget-text-editor\" data-id=\"a45f988\" data-element_type=\"widget\" data-e-type=\"widget\" data-widget_type=\"text-editor.default\">\n\t\t\t\t<div class=\"elementor-widget-container\">\n\t\t\t\t\t\t\t\t\t<p><span class=\"TextRun SCXW72573204 BCX0\" lang=\"DA-DK\" style=\"user-select: text; -webkit-user-drag: none; -webkit-tap-highlight-color: transparent; white-space-collapse: preserve; background-color: #ffffff; font-size: 11pt; font-style: italic; line-height: 19.425px; font-family: Calibri, Calibri_EmbeddedFont, Calibri_MSFontService, sans-serif; font-variant-ligatures: none !important;\" xml:lang=\"DA-DK\" data-contrast=\"auto\"><span class=\"NormalTextRun SCXW72573204 BCX0\" style=\"user-select: text; -webkit-user-drag: none; -webkit-tap-highlight-color: transparent;\">Billede: Det blev <\/span><span class=\"NormalTextRun SpellingErrorV2Themed SCXW72573204 BCX0\" style=\"user-select: text; -webkit-user-drag: none; -webkit-tap-highlight-color: transparent; background-repeat: repeat-x; background-position: left bottom; background-image: var(--urlSpellingErrorV2, ); border-bottom: 1px solid transparent;\">Gamm<\/span><span class=\"NormalTextRun SpellingErrorV2Themed SCXW72573204 BCX0\" style=\"user-select: text; -webkit-user-drag: none; -webkit-tap-highlight-color: transparent; background-repeat: repeat-x; background-position: left bottom; background-image: var(--urlSpellingErrorV2, ); border-bottom: 1px solid transparent;\">eq<\/span><span class=\"NormalTextRun SpellingErrorV2Themed SCXW72573204 BCX0\" style=\"user-select: text; -webkit-user-drag: none; -webkit-tap-highlight-color: transparent; background-repeat: repeat-x; background-position: left bottom; background-image: var(--urlSpellingErrorV2, ); border-bottom: 1px solid transparent;\">a<\/span><span class=\"NormalTextRun SpellingErrorV2Themed SCXW72573204 BCX0\" style=\"user-select: text; -webkit-user-drag: none; -webkit-tap-highlight-color: transparent; background-repeat: repeat-x; background-position: left bottom; background-image: var(--urlSpellingErrorV2, ); border-bottom: 1px solid transparent;\">r<\/span><span class=\"NormalTextRun SpellingErrorV2Themed SCXW72573204 BCX0\" style=\"user-select: text; -webkit-user-drag: none; -webkit-tap-highlight-color: transparent; background-repeat: repeat-x; background-position: left bottom; background-image: var(--urlSpellingErrorV2, ); border-bottom: 1px solid transparent;\">fik<\/span><span class=\"NormalTextRun SCXW72573204 BCX0\" style=\"user-select: text; -webkit-user-drag: none; -webkit-tap-highlight-color: transparent;\"> Skole i Aasiaat, der l\u00f8b med b\u00e5de konkurrencens hovedpr\u00e6mie og med <\/span><span class=\"NormalTextRun SpellingErrorV2Themed SCXW72573204 BCX0\" style=\"user-select: text; -webkit-user-drag: none; -webkit-tap-highlight-color: transparent; background-repeat: repeat-x; background-position: left bottom; background-image: var(--urlSpellingErrorV2, ); border-bottom: 1px solid transparent;\">NAPAs<\/span><span class=\"NormalTextRun SCXW72573204 BCX0\" style=\"user-select: text; -webkit-user-drag: none; -webkit-tap-highlight-color: transparent;\"> s\u00e6rpris for den mest innovative kulturid\u00e9. Det sikrer dem et bidrag til klassekassen. Ideen var et originalt br\u00e6tspil baseret p\u00e5 gr\u00f8nlandsk kulturarv.\u00a0<\/span><\/span><span class=\"EOP SCXW72573204 BCX0\" style=\"user-select: text; -webkit-user-drag: none; -webkit-tap-highlight-color: transparent; white-space-collapse: preserve; background-color: #ffffff; font-size: 11pt; line-height: 19.425px; font-family: Calibri, Calibri_EmbeddedFont, Calibri_MSFontService, sans-serif;\" data-ccp-props=\"{&quot;201341983&quot;:0,&quot;335559739&quot;:160,&quot;335559740&quot;:259}\">\u00a0<\/span><\/p>\t\t\t\t\t\t\t\t<\/div>\n\t\t\t\t<\/div>\n\t\t\t\t\t<\/div>\n\t\t<\/div>\n\t\t\t\t<div class=\"elementor-column elementor-col-50 elementor-top-column elementor-element elementor-element-e24a271\" data-id=\"e24a271\" data-element_type=\"column\" data-e-type=\"column\">\n\t\t\t<div class=\"elementor-widget-wrap elementor-element-populated\">\n\t\t\t\t\t\t<div class=\"elementor-element elementor-element-6871eb21 elementor-widget-divider--separator-type-pattern elementor-widget-divider--view-line elementor-widget elementor-widget-divider\" data-id=\"6871eb21\" data-element_type=\"widget\" data-e-type=\"widget\" data-widget_type=\"divider.default\">\n\t\t\t\t<div class=\"elementor-widget-container\">\n\t\t\t\t\t\t\t<div class=\"elementor-divider\" style=\"--divider-pattern-url: url(&quot;data:image\/svg+xml,%3Csvg xmlns=&#039;http:\/\/www.w3.org\/2000\/svg&#039; preserveAspectRatio=&#039;none&#039; overflow=&#039;visible&#039; height=&#039;100%&#039; viewBox=&#039;0 0 20 16&#039; fill=&#039;none&#039; stroke=&#039;black&#039; stroke-width=&#039;2.2&#039; stroke-linecap=&#039;square&#039; stroke-miterlimit=&#039;10&#039;%3E%3Cg transform=&#039;translate(-12.000000, 0)&#039;%3E%3Cpath d=&#039;M28,0L10,18&#039;\/%3E%3Cpath d=&#039;M18,0L0,18&#039;\/%3E%3Cpath d=&#039;M48,0L30,18&#039;\/%3E%3Cpath d=&#039;M38,0L20,18&#039;\/%3E%3C\/g%3E%3C\/svg%3E&quot;);\">\n\t\t\t<span class=\"elementor-divider-separator\">\n\t\t\t\t\t\t<\/span>\n\t\t<\/div>\n\t\t\t\t\t\t<\/div>\n\t\t\t\t<\/div>\n\t\t\t\t<div class=\"elementor-element elementor-element-44b2132e elementor-widget elementor-widget-heading\" data-id=\"44b2132e\" data-element_type=\"widget\" data-e-type=\"widget\" data-widget_type=\"heading.default\">\n\t\t\t\t<div class=\"elementor-widget-container\">\n\t\t\t\t\t<h2 class=\"elementor-heading-title elementor-size-default\">Unges innovation i kulturlivet<\/h2>\t\t\t\t<\/div>\n\t\t\t\t<\/div>\n\t\t\t\t\t<\/div>\n\t\t<\/div>\n\t\t\t\t\t<\/div>\n\t\t<\/section>\n\t\t\t\t<section class=\"elementor-section elementor-top-section elementor-element elementor-element-d154837 elementor-section-boxed elementor-section-height-default elementor-section-height-default parallax_section_no qode_elementor_container_no\" data-id=\"d154837\" data-element_type=\"section\" data-e-type=\"section\">\n\t\t\t\t\t\t<div class=\"elementor-container elementor-column-gap-default\">\n\t\t\t\t\t<div class=\"elementor-column elementor-col-100 elementor-top-column elementor-element elementor-element-e4e667c\" data-id=\"e4e667c\" data-element_type=\"column\" data-e-type=\"column\">\n\t\t\t<div class=\"elementor-widget-wrap elementor-element-populated\">\n\t\t\t\t\t\t<div class=\"elementor-element elementor-element-1bdd00ed elementor-widget elementor-widget-text-editor\" data-id=\"1bdd00ed\" data-element_type=\"widget\" data-e-type=\"widget\" data-widget_type=\"text-editor.default\">\n\t\t\t\t<div class=\"elementor-widget-container\">\n\t\t\t\t\t\t\t\t\t<p><span data-contrast=\"auto\">NAPA st\u00f8tter social, kulturel og \u00f8konomisk b\u00e6redygtighed i kulturlivet. Vi har et s\u00e6rligt fokus p\u00e5 b\u00f8rn og unge. Derfor har NAPA samarbejdet med Fonden for Entrepren\u00f8rskab om et forl\u00f8b, hvor alle skoleklasser i 8. \u2013 10. klasse arbejder med innovation.\u00a0<\/span><span data-ccp-props=\"{&quot;201341983&quot;:0,&quot;335559739&quot;:160,&quot;335559740&quot;:259}\">\u00a0<\/span><\/p><p><span data-contrast=\"auto\">NAPA og Fonden for Entrepren\u00f8rskab udviklede sammen undervisningsmaterialet NEXT LEVEL \u2013 Kultur og Sprog, der var en drejebog for at bruge kultur og sprog til at skabe kulturel og \u00f8konomisk v\u00e6rdi.\u00a0<\/span><span data-ccp-props=\"{&quot;201341983&quot;:0,&quot;335559739&quot;:160,&quot;335559740&quot;:259}\">\u00a0<\/span><\/p><p><span data-contrast=\"auto\">I november 2023 var der en stor finalebegivenhed i Ilulissat, hvor et hold fra hver af de gr\u00f8nlandske skoler konkurrerede om at pr\u00e6sentere de bedste ideer.\u00a0<\/span><span data-ccp-props=\"{&quot;201341983&quot;:0,&quot;335559739&quot;:160,&quot;335559740&quot;:259}\">\u00a0<\/span><\/p>\t\t\t\t\t\t\t\t<\/div>\n\t\t\t\t<\/div>\n\t\t\t\t\t<\/div>\n\t\t<\/div>\n\t\t\t\t\t<\/div>\n\t\t<\/section>\n\t\t\t\t<section class=\"elementor-section elementor-top-section elementor-element elementor-element-439bf7dc elementor-section-boxed elementor-section-height-default elementor-section-height-default parallax_section_no qode_elementor_container_no\" data-id=\"439bf7dc\" data-element_type=\"section\" data-e-type=\"section\">\n\t\t\t\t\t\t<div class=\"elementor-container elementor-column-gap-default\">\n\t\t\t\t\t<div class=\"elementor-column elementor-col-100 elementor-top-column elementor-element elementor-element-652552b5\" data-id=\"652552b5\" data-element_type=\"column\" data-e-type=\"column\">\n\t\t\t<div class=\"elementor-widget-wrap elementor-element-populated\">\n\t\t\t\t\t\t<div class=\"elementor-element elementor-element-476963b5 elementor-widget elementor-widget-heading\" data-id=\"476963b5\" data-element_type=\"widget\" data-e-type=\"widget\" data-widget_type=\"heading.default\">\n\t\t\t\t<div class=\"elementor-widget-container\">\n\t\t\t\t\t<h5 class=\"elementor-heading-title elementor-size-default\">Andre projekter<\/h5>\t\t\t\t<\/div>\n\t\t\t\t<\/div>\n\t\t\t\t<div class=\"elementor-element elementor-element-478c98f4 elementor-grid-4 elementor-grid-tablet-2 elementor-grid-mobile-1 elementor-posts--thumbnail-top elementor-widget elementor-widget-posts\" data-id=\"478c98f4\" data-element_type=\"widget\" data-e-type=\"widget\" data-settings=\"{&quot;classic_columns&quot;:&quot;4&quot;,&quot;classic_columns_tablet&quot;:&quot;2&quot;,&quot;classic_columns_mobile&quot;:&quot;1&quot;,&quot;classic_row_gap&quot;:{&quot;unit&quot;:&quot;px&quot;,&quot;size&quot;:35,&quot;sizes&quot;:[]},&quot;classic_row_gap_tablet&quot;:{&quot;unit&quot;:&quot;px&quot;,&quot;size&quot;:&quot;&quot;,&quot;sizes&quot;:[]},&quot;classic_row_gap_mobile&quot;:{&quot;unit&quot;:&quot;px&quot;,&quot;size&quot;:&quot;&quot;,&quot;sizes&quot;:[]}}\" data-widget_type=\"posts.classic\">\n\t\t\t\t<div class=\"elementor-widget-container\">\n\t\t\t\t\t\t\t<div class=\"elementor-posts-container elementor-posts elementor-posts--skin-classic elementor-grid\" role=\"list\">\n\t\t\t\t<article class=\"elementor-post elementor-grid-item post-41039 post type-post status-publish format-standard has-post-thumbnail hentry category-begivenheder category-groenland category-norden\" role=\"listitem\">\n\t\t\t\t<a class=\"elementor-post__thumbnail__link\" href=\"https:\/\/napa.gl\/da\/rigsraadet-kommer-til-nuuk\/\" tabindex=\"-1\" >\n\t\t\t<div class=\"elementor-post__thumbnail\"><img loading=\"lazy\" decoding=\"async\" width=\"300\" height=\"300\" src=\"https:\/\/napa.gl\/wp-content\/uploads\/2026\/04\/Logo-300x300.jpg\" class=\"attachment-medium size-medium wp-image-41038\" alt=\"\" srcset=\"https:\/\/napa.gl\/wp-content\/uploads\/2026\/04\/Logo-300x300.jpg 300w, https:\/\/napa.gl\/wp-content\/uploads\/2026\/04\/Logo-1024x1024.jpg 1024w, https:\/\/napa.gl\/wp-content\/uploads\/2026\/04\/Logo-150x150.jpg 150w, https:\/\/napa.gl\/wp-content\/uploads\/2026\/04\/Logo-768x768.jpg 768w, https:\/\/napa.gl\/wp-content\/uploads\/2026\/04\/Logo-570x570.jpg 570w, https:\/\/napa.gl\/wp-content\/uploads\/2026\/04\/Logo-500x500.jpg 500w, https:\/\/napa.gl\/wp-content\/uploads\/2026\/04\/Logo-1000x1000.jpg 1000w, https:\/\/napa.gl\/wp-content\/uploads\/2026\/04\/Logo-700x700.jpg 700w, https:\/\/napa.gl\/wp-content\/uploads\/2026\/04\/Logo.jpg 1400w\" sizes=\"auto, (max-width: 300px) 100vw, 300px\" \/><\/div>\n\t\t<\/a>\n\t\t\t\t<div class=\"elementor-post__text\">\n\t\t\t\t<h5 class=\"elementor-post__title\">\n\t\t\t<a href=\"https:\/\/napa.gl\/da\/rigsraadet-kommer-til-nuuk\/\" >\n\t\t\t\tRigsr\u00e5det kommer til Nuuk\t\t\t<\/a>\n\t\t<\/h5>\n\t\t\t\t<div class=\"elementor-post__excerpt\">\n\t\t\t<p>Den st\u00f8rste, bedste \u2013 og forel\u00f8bigt ogs\u00e5 eneste \u2013 podcast om Rigsf\u00e6llesskabet Rigsr\u00e5det sender live fra Nuuk den 5. juni. Det er Nordens Institut i Gr\u00f8nland (NAPA) som har inviteret de tre uafh\u00e6ngige stemmer fra Danmark, F\u00e6r\u00f8erne og Gr\u00f8nland, eller m\u00e5ske rettere Danmark, F\u00f8royar og<\/p>\n\t\t<\/div>\n\t\t\n\t\t<a class=\"elementor-post__read-more\" href=\"https:\/\/napa.gl\/da\/rigsraadet-kommer-til-nuuk\/\" aria-label=\"Read more about Rigsr\u00e5det kommer til Nuuk\" tabindex=\"-1\" >\n\t\t\tL\u00e6s mere \u00bb\t\t<\/a>\n\n\t\t\t\t<\/div>\n\t\t\t\t<\/article>\n\t\t\t\t<article class=\"elementor-post elementor-grid-item post-21577 post type-post status-publish format-standard has-post-thumbnail hentry category-stoettede-projekter category-kultur category-musik category-nyt\" role=\"listitem\">\n\t\t\t\t<a class=\"elementor-post__thumbnail__link\" href=\"https:\/\/napa.gl\/da\/nordic-remix-digitalt-musiksamarbejde\/\" tabindex=\"-1\" >\n\t\t\t<div class=\"elementor-post__thumbnail\"><img loading=\"lazy\" decoding=\"async\" width=\"300\" height=\"119\" src=\"https:\/\/napa.gl\/wp-content\/uploads\/2021\/04\/Nordic-Remix-300x119.png\" class=\"attachment-medium size-medium wp-image-21575\" alt=\"\u00ceVA live on stage - from the Nordic Remix case video\" srcset=\"https:\/\/napa.gl\/wp-content\/uploads\/2021\/04\/Nordic-Remix-300x119.png 300w, https:\/\/napa.gl\/wp-content\/uploads\/2021\/04\/Nordic-Remix-1024x408.png 1024w, https:\/\/napa.gl\/wp-content\/uploads\/2021\/04\/Nordic-Remix-768x306.png 768w, https:\/\/napa.gl\/wp-content\/uploads\/2021\/04\/Nordic-Remix-1536x611.png 1536w, https:\/\/napa.gl\/wp-content\/uploads\/2021\/04\/Nordic-Remix-2048x815.png 2048w, https:\/\/napa.gl\/wp-content\/uploads\/2021\/04\/Nordic-Remix-700x279.png 700w\" sizes=\"auto, (max-width: 300px) 100vw, 300px\" \/><\/div>\n\t\t<\/a>\n\t\t\t\t<div class=\"elementor-post__text\">\n\t\t\t\t<h5 class=\"elementor-post__title\">\n\t\t\t<a href=\"https:\/\/napa.gl\/da\/nordic-remix-digitalt-musiksamarbejde\/\" >\n\t\t\t\t&#8220;Nordic Remix&#8221; &#8211; et digitalt musiksamarbejde\t\t\t<\/a>\n\t\t<\/h5>\n\t\t\t\t<div class=\"elementor-post__excerpt\">\n\t\t\t<p>Musikalsk storytelling, nordiske medvirkende og samarbejde p\u00e5 tv\u00e6rs af kulturer, musikaliteter og landegr\u00e6nser. &#8220;Nordic Remix&#8221;-projektet har modtaget st\u00f8tte fra NAPAs Kulturst\u00f8tteprogram. Bag initiativet st\u00e5r mediekollektivet Are We Europe og de har lavet en video om projektet &#8211; se den her Fra projektbeskrivelsen: &#8220;Med projektet &#8220;Nordic<\/p>\n\t\t<\/div>\n\t\t\n\t\t<a class=\"elementor-post__read-more\" href=\"https:\/\/napa.gl\/da\/nordic-remix-digitalt-musiksamarbejde\/\" aria-label=\"Read more about &#8220;Nordic Remix&#8221; &#8211; et digitalt musiksamarbejde\" tabindex=\"-1\" >\n\t\t\tL\u00e6s mere \u00bb\t\t<\/a>\n\n\t\t\t\t<\/div>\n\t\t\t\t<\/article>\n\t\t\t\t<article class=\"elementor-post elementor-grid-item post-34404 post type-post status-publish format-standard has-post-thumbnail hentry category-nyt\" role=\"listitem\">\n\t\t\t\t<a class=\"elementor-post__thumbnail__link\" href=\"https:\/\/napa.gl\/da\/styrk-din-kreative-forretning-og-faa-internationale-netvaerk-creative-business-academy-greenland-international-weekend\/\" tabindex=\"-1\" >\n\t\t\t<div class=\"elementor-post__thumbnail\"><img loading=\"lazy\" decoding=\"async\" width=\"300\" height=\"169\" src=\"https:\/\/napa.gl\/wp-content\/uploads\/2024\/01\/CBAG-event-300x169.png\" class=\"attachment-medium size-medium wp-image-34380\" alt=\"\" srcset=\"https:\/\/napa.gl\/wp-content\/uploads\/2024\/01\/CBAG-event-300x169.png 300w, https:\/\/napa.gl\/wp-content\/uploads\/2024\/01\/CBAG-event-1024x576.png 1024w, https:\/\/napa.gl\/wp-content\/uploads\/2024\/01\/CBAG-event-768x432.png 768w, https:\/\/napa.gl\/wp-content\/uploads\/2024\/01\/CBAG-event-1536x864.png 1536w, https:\/\/napa.gl\/wp-content\/uploads\/2024\/01\/CBAG-event-2048x1152.png 2048w\" sizes=\"auto, (max-width: 300px) 100vw, 300px\" \/><\/div>\n\t\t<\/a>\n\t\t\t\t<div class=\"elementor-post__text\">\n\t\t\t\t<h5 class=\"elementor-post__title\">\n\t\t\t<a href=\"https:\/\/napa.gl\/da\/styrk-din-kreative-forretning-og-faa-internationale-netvaerk-creative-business-academy-greenland-international-weekend\/\" >\n\t\t\t\tStyrk din kreative forretning og f\u00e5 internationale netv\u00e6rk Creative Business Academy Greenland \u2013 International weekend\t\t\t<\/a>\n\t\t<\/h5>\n\t\t\t\t<div class=\"elementor-post__excerpt\">\n\t\t\t<p>Fra den 26. til den 28. april afholder NAPAs Creative Business Academy en international begivenhed for de kreative iv\u00e6rks\u00e6ttere, virksomheder og enkeltpersoner i Gr\u00f8nland. Form\u00e5let med weekenden er at give alle, der arbejder eller samarbejder inden for den kreative sektor, st\u00e6rkere internationale netv\u00e6rk og bedre<\/p>\n\t\t<\/div>\n\t\t\n\t\t<a class=\"elementor-post__read-more\" href=\"https:\/\/napa.gl\/da\/styrk-din-kreative-forretning-og-faa-internationale-netvaerk-creative-business-academy-greenland-international-weekend\/\" aria-label=\"Read more about Styrk din kreative forretning og f\u00e5 internationale netv\u00e6rk Creative Business Academy Greenland \u2013 International weekend\" tabindex=\"-1\" >\n\t\t\tL\u00e6s mere \u00bb\t\t<\/a>\n\n\t\t\t\t<\/div>\n\t\t\t\t<\/article>\n\t\t\t\t<article class=\"elementor-post elementor-grid-item post-40102 post type-post status-publish format-standard has-post-thumbnail hentry category-nyt\" role=\"listitem\">\n\t\t\t\t<a class=\"elementor-post__thumbnail__link\" href=\"https:\/\/napa.gl\/da\/qimusseq-af-glenn-gear-og-anemarie-ottosen\/\" tabindex=\"-1\" >\n\t\t\t<div class=\"elementor-post__thumbnail\"><img loading=\"lazy\" decoding=\"async\" width=\"300\" height=\"135\" src=\"https:\/\/napa.gl\/wp-content\/uploads\/2025\/12\/qimussetpng-300x135.jpg\" class=\"attachment-medium size-medium wp-image-40103\" alt=\"\" srcset=\"https:\/\/napa.gl\/wp-content\/uploads\/2025\/12\/qimussetpng-300x135.jpg 300w, https:\/\/napa.gl\/wp-content\/uploads\/2025\/12\/qimussetpng-1024x460.jpg 1024w, https:\/\/napa.gl\/wp-content\/uploads\/2025\/12\/qimussetpng-768x345.jpg 768w, https:\/\/napa.gl\/wp-content\/uploads\/2025\/12\/qimussetpng-1536x691.jpg 1536w, https:\/\/napa.gl\/wp-content\/uploads\/2025\/12\/qimussetpng-700x315.jpg 700w, https:\/\/napa.gl\/wp-content\/uploads\/2025\/12\/qimussetpng.jpg 1904w\" sizes=\"auto, (max-width: 300px) 100vw, 300px\" \/><\/div>\n\t\t<\/a>\n\t\t\t\t<div class=\"elementor-post__text\">\n\t\t\t\t<h5 class=\"elementor-post__title\">\n\t\t\t<a href=\"https:\/\/napa.gl\/da\/qimusseq-af-glenn-gear-og-anemarie-ottosen\/\" >\n\t\t\t\tQimusseq af Glenn Gear og AneMarie Ottosen\t\t\t<\/a>\n\t\t<\/h5>\n\t\t\t\t<div class=\"elementor-post__excerpt\">\n\t\t\t<p>NAPA \u00f8nsker alle en fredfyldt juletid ved at dele kunstv\u00e6rket Qimmusseq, som kan fungere som en mental pause for dem, der oplever det. Tak til Glenn Gear og AneMarie Ottosen for at lade os dele deres v\u00e6rk b\u00e5de under Suialaa Arts Festival i Nuuk og<\/p>\n\t\t<\/div>\n\t\t\n\t\t<a class=\"elementor-post__read-more\" href=\"https:\/\/napa.gl\/da\/qimusseq-af-glenn-gear-og-anemarie-ottosen\/\" aria-label=\"Read more about Qimusseq af Glenn Gear og AneMarie Ottosen\" tabindex=\"-1\" >\n\t\t\tL\u00e6s mere \u00bb\t\t<\/a>\n\n\t\t\t\t<\/div>\n\t\t\t\t<\/article>\n\t\t\t\t<\/div>\n\t\t\n\t\t\t\t\t\t<\/div>\n\t\t\t\t<\/div>\n\t\t\t\t\t<\/div>\n\t\t<\/div>\n\t\t\t\t\t<\/div>\n\t\t<\/section>\n\t\t\t\t<\/div>\n\t\t","protected":false},"excerpt":{"rendered":"<p>Billede: Det blev Gammeqarfik Skole i Aasiaat, der l\u00f8b med b\u00e5de konkurrencens hovedpr\u00e6mie og med NAPAs s\u00e6rpris for den mest innovative kulturid\u00e9. Det sikrer dem et bidrag til klassekassen. Ideen var et originalt br\u00e6tspil baseret p\u00e5 gr\u00f8nlandsk kulturarv.\u00a0\u00a0 Unges innovation i kulturlivet NAPA st\u00f8tter social,&#8230;<\/p>\n","protected":false},"author":24,"featured_media":34121,"parent":18385,"menu_order":0,"comment_status":"closed","ping_status":"closed","template":"","meta":{"footnotes":""},"categories":[107,104,136,226],"class_list":["post-34120","page","type-page","status-publish","has-post-thumbnail","hentry","category-atuarfik-ilinniagaqarnerlu","category-kulturi","category-meeqqat-inuusuttullu","category-suliniutit-2"],"_links":{"self":[{"href":"https:\/\/napa.gl\/da\/wp-json\/wp\/v2\/pages\/34120","targetHints":{"allow":["GET"]}}],"collection":[{"href":"https:\/\/napa.gl\/da\/wp-json\/wp\/v2\/pages"}],"about":[{"href":"https:\/\/napa.gl\/da\/wp-json\/wp\/v2\/types\/page"}],"author":[{"embeddable":true,"href":"https:\/\/napa.gl\/da\/wp-json\/wp\/v2\/users\/24"}],"replies":[{"embeddable":true,"href":"https:\/\/napa.gl\/da\/wp-json\/wp\/v2\/comments?post=34120"}],"version-history":[{"count":7,"href":"https:\/\/napa.gl\/da\/wp-json\/wp\/v2\/pages\/34120\/revisions"}],"predecessor-version":[{"id":34136,"href":"https:\/\/napa.gl\/da\/wp-json\/wp\/v2\/pages\/34120\/revisions\/34136"}],"up":[{"embeddable":true,"href":"https:\/\/napa.gl\/da\/wp-json\/wp\/v2\/pages\/18385"}],"wp:featuredmedia":[{"embeddable":true,"href":"https:\/\/napa.gl\/da\/wp-json\/wp\/v2\/media\/34121"}],"wp:attachment":[{"href":"https:\/\/napa.gl\/da\/wp-json\/wp\/v2\/media?parent=34120"}],"wp:term":[{"taxonomy":"category","embeddable":true,"href":"https:\/\/napa.gl\/da\/wp-json\/wp\/v2\/categories?post=34120"}],"curies":[{"name":"wp","href":"https:\/\/api.w.org\/{rel}","templated":true}]}}