{"id":33995,"date":"2023-12-08T11:03:15","date_gmt":"2023-12-08T14:03:15","guid":{"rendered":"https:\/\/napa.gl\/?page_id=33995"},"modified":"2024-01-26T14:47:41","modified_gmt":"2024-01-26T16:47:41","slug":"creative-business-academy-greenland","status":"publish","type":"page","link":"https:\/\/napa.gl\/da\/aktiviteter\/creative-business-academy-greenland\/","title":{"rendered":"Creative Business Academy Greenland"},"content":{"rendered":"\t\t<div data-elementor-type=\"wp-page\" data-elementor-id=\"33995\" class=\"elementor elementor-33995\" data-elementor-post-type=\"page\">\n\t\t\t\t\t\t<section class=\"elementor-section elementor-top-section elementor-element elementor-element-17b84e5d elementor-reverse-mobile elementor-section-boxed elementor-section-height-default elementor-section-height-default parallax_section_no qode_elementor_container_no\" data-id=\"17b84e5d\" data-element_type=\"section\" data-e-type=\"section\">\n\t\t\t\t\t\t<div class=\"elementor-container elementor-column-gap-default\">\n\t\t\t\t\t<div class=\"elementor-column elementor-col-100 elementor-top-column elementor-element elementor-element-6429695f\" data-id=\"6429695f\" data-element_type=\"column\" data-e-type=\"column\">\n\t\t\t<div class=\"elementor-widget-wrap elementor-element-populated\">\n\t\t\t\t\t\t<div class=\"elementor-element elementor-element-6999956 elementor-widget elementor-widget-image\" data-id=\"6999956\" data-element_type=\"widget\" data-e-type=\"widget\" data-widget_type=\"image.default\">\n\t\t\t\t<div class=\"elementor-widget-container\">\n\t\t\t\t\t\t\t\t\t\t\t\t\t\t\t<img loading=\"lazy\" decoding=\"async\" width=\"1024\" height=\"576\" src=\"https:\/\/napa.gl\/wp-content\/uploads\/2023\/12\/CBAG-event-1024x576.png\" class=\"attachment-large size-large wp-image-33996\" alt=\"\" srcset=\"https:\/\/napa.gl\/wp-content\/uploads\/2023\/12\/CBAG-event-1024x576.png 1024w, https:\/\/napa.gl\/wp-content\/uploads\/2023\/12\/CBAG-event-300x169.png 300w, https:\/\/napa.gl\/wp-content\/uploads\/2023\/12\/CBAG-event-768x432.png 768w, https:\/\/napa.gl\/wp-content\/uploads\/2023\/12\/CBAG-event-1536x864.png 1536w, https:\/\/napa.gl\/wp-content\/uploads\/2023\/12\/CBAG-event-2048x1152.png 2048w, https:\/\/napa.gl\/wp-content\/uploads\/2023\/12\/CBAG-event-700x394.png 700w, https:\/\/napa.gl\/wp-content\/uploads\/2023\/12\/CBAG-event-539x303.png 539w\" sizes=\"auto, (max-width: 1024px) 100vw, 1024px\" \/>\t\t\t\t\t\t\t\t\t\t\t\t\t\t\t<\/div>\n\t\t\t\t<\/div>\n\t\t\t\t\t<\/div>\n\t\t<\/div>\n\t\t\t\t\t<\/div>\n\t\t<\/section>\n\t\t\t\t<section class=\"elementor-section elementor-top-section elementor-element elementor-element-a1b99e2 elementor-reverse-mobile elementor-section-boxed elementor-section-height-default elementor-section-height-default parallax_section_no qode_elementor_container_no\" data-id=\"a1b99e2\" data-element_type=\"section\" data-e-type=\"section\">\n\t\t\t\t\t\t<div class=\"elementor-container elementor-column-gap-default\">\n\t\t\t\t\t<div class=\"elementor-column elementor-col-50 elementor-top-column elementor-element elementor-element-ff8896e\" data-id=\"ff8896e\" data-element_type=\"column\" data-e-type=\"column\">\n\t\t\t<div class=\"elementor-widget-wrap elementor-element-populated\">\n\t\t\t\t\t\t<div class=\"elementor-element elementor-element-bc32562 elementor-widget-divider--separator-type-pattern elementor-widget-divider--view-line elementor-widget elementor-widget-divider\" data-id=\"bc32562\" data-element_type=\"widget\" data-e-type=\"widget\" data-widget_type=\"divider.default\">\n\t\t\t\t<div class=\"elementor-widget-container\">\n\t\t\t\t\t\t\t<div class=\"elementor-divider\" style=\"--divider-pattern-url: url(&quot;data:image\/svg+xml,%3Csvg xmlns=&#039;http:\/\/www.w3.org\/2000\/svg&#039; preserveAspectRatio=&#039;none&#039; overflow=&#039;visible&#039; height=&#039;100%&#039; viewBox=&#039;0 0 20 16&#039; fill=&#039;none&#039; stroke=&#039;black&#039; stroke-width=&#039;2.2&#039; stroke-linecap=&#039;square&#039; stroke-miterlimit=&#039;10&#039;%3E%3Cg transform=&#039;translate(-12.000000, 0)&#039;%3E%3Cpath d=&#039;M28,0L10,18&#039;\/%3E%3Cpath d=&#039;M18,0L0,18&#039;\/%3E%3Cpath d=&#039;M48,0L30,18&#039;\/%3E%3Cpath d=&#039;M38,0L20,18&#039;\/%3E%3C\/g%3E%3C\/svg%3E&quot;);\">\n\t\t\t<span class=\"elementor-divider-separator\">\n\t\t\t\t\t\t<\/span>\n\t\t<\/div>\n\t\t\t\t\t\t<\/div>\n\t\t\t\t<\/div>\n\t\t\t\t<div class=\"elementor-element elementor-element-2237d6c elementor-widget elementor-widget-heading\" data-id=\"2237d6c\" data-element_type=\"widget\" data-e-type=\"widget\" data-widget_type=\"heading.default\">\n\t\t\t\t<div class=\"elementor-widget-container\">\n\t\t\t\t\t<h2 class=\"elementor-heading-title elementor-size-default\">Creative Business Academy Greenland<\/h2>\t\t\t\t<\/div>\n\t\t\t\t<\/div>\n\t\t\t\t\t<\/div>\n\t\t<\/div>\n\t\t\t\t<div class=\"elementor-column elementor-col-50 elementor-top-column elementor-element elementor-element-dc0a367\" data-id=\"dc0a367\" data-element_type=\"column\" data-e-type=\"column\">\n\t\t\t<div class=\"elementor-widget-wrap\">\n\t\t\t\t\t\t\t<\/div>\n\t\t<\/div>\n\t\t\t\t\t<\/div>\n\t\t<\/section>\n\t\t\t\t<section class=\"elementor-section elementor-top-section elementor-element elementor-element-2af9428c elementor-section-boxed elementor-section-height-default elementor-section-height-default parallax_section_no qode_elementor_container_no\" data-id=\"2af9428c\" data-element_type=\"section\" data-e-type=\"section\">\n\t\t\t\t\t\t<div class=\"elementor-container elementor-column-gap-default\">\n\t\t\t\t\t<div class=\"elementor-column elementor-col-100 elementor-top-column elementor-element elementor-element-4e2adc35\" data-id=\"4e2adc35\" data-element_type=\"column\" data-e-type=\"column\">\n\t\t\t<div class=\"elementor-widget-wrap elementor-element-populated\">\n\t\t\t\t\t\t<div class=\"elementor-element elementor-element-3cc48064 elementor-widget elementor-widget-text-editor\" data-id=\"3cc48064\" data-element_type=\"widget\" data-e-type=\"widget\" data-widget_type=\"text-editor.default\">\n\t\t\t\t<div class=\"elementor-widget-container\">\n\t\t\t\t\t\t\t\t\t<p>Gr\u00f8nlands \u00f8konomi er n\u00e6sten udelukkende baseret p\u00e5 fisk og skaldyr. Det g\u00f8r \u00f8konomien s\u00e5rbar og giver begr\u00e6nsninger for de unges mulighed for karrierevalg. Omvendt har Gr\u00f8nland et rigt kulturliv med internationalt potentiale indenfor b\u00e5de musik, scenekunst, mode, film og meget mere. Kulturen styrker giver mulighed for nye forretningsmuligheder. Men for at indfri dette, skal de kulturelle og kreative iv\u00e6rks\u00e6ttere i Gr\u00f8nland have adgang til faglig sparring, adgang til internationale netv\u00e6rk og markeder, bedre viden om personlig branding, brug af medier, ophavsret og meget mere.\u00a0\u00a0<\/p><p>\u00a0<\/p><p>NAPA har derfor taget initiativ til Creative Business Academy Greenland \u2013 en samlebetegnelse for de aktiviteter der kombinerer \u00f8konomisk og kulturel b\u00e6redygtighed.\u00a0 Aktiviteterne vil starte i Nuuk, men skal udbredes til hele landet. Derudover vil der v\u00e6re fokus p\u00e5 internationalisering og samspil med resten af Norden og Arktis. I st\u00f8beskeen er:\u00a0<\/p><p>\u00a0<\/p><ul><li>G\u00e5-hjem-m\u00f8der i samspil med Gr\u00f8nlandsbanken<\/li><li>Mentor-weekend hvor vi inviterer kulturelle forretningsudviklere fra udlandet til Nuuk<\/li><li>Fremst\u00f8d p\u00e5 musikomr\u00e5det i USA sammen med Iceland Music Export<\/li><li>Samarbejde med det globale Creative Business Network.\u00a0<\/li><\/ul>\t\t\t\t\t\t\t\t<\/div>\n\t\t\t\t<\/div>\n\t\t\t\t\t<\/div>\n\t\t<\/div>\n\t\t\t\t\t<\/div>\n\t\t<\/section>\n\t\t\t\t<\/div>\n\t\t","protected":false},"excerpt":{"rendered":"<p>Creative Business Academy Greenland Gr\u00f8nlands \u00f8konomi er n\u00e6sten udelukkende baseret p\u00e5 fisk og skaldyr. Det g\u00f8r \u00f8konomien s\u00e5rbar og giver begr\u00e6nsninger for de unges mulighed for karrierevalg. Omvendt har Gr\u00f8nland et rigt kulturliv med internationalt potentiale indenfor b\u00e5de musik, scenekunst, mode, film og meget mere&#8230;.<\/p>\n","protected":false},"author":24,"featured_media":33996,"parent":18385,"menu_order":0,"comment_status":"closed","ping_status":"closed","template":"","meta":{"footnotes":""},"categories":[222,101,108],"class_list":["post-33995","page","type-page","status-publish","has-post-thumbnail","hentry","category-aktiviteter","category-kultur","category-projekter"],"_links":{"self":[{"href":"https:\/\/napa.gl\/da\/wp-json\/wp\/v2\/pages\/33995","targetHints":{"allow":["GET"]}}],"collection":[{"href":"https:\/\/napa.gl\/da\/wp-json\/wp\/v2\/pages"}],"about":[{"href":"https:\/\/napa.gl\/da\/wp-json\/wp\/v2\/types\/page"}],"author":[{"embeddable":true,"href":"https:\/\/napa.gl\/da\/wp-json\/wp\/v2\/users\/24"}],"replies":[{"embeddable":true,"href":"https:\/\/napa.gl\/da\/wp-json\/wp\/v2\/comments?post=33995"}],"version-history":[{"count":13,"href":"https:\/\/napa.gl\/da\/wp-json\/wp\/v2\/pages\/33995\/revisions"}],"predecessor-version":[{"id":34376,"href":"https:\/\/napa.gl\/da\/wp-json\/wp\/v2\/pages\/33995\/revisions\/34376"}],"up":[{"embeddable":true,"href":"https:\/\/napa.gl\/da\/wp-json\/wp\/v2\/pages\/18385"}],"wp:featuredmedia":[{"embeddable":true,"href":"https:\/\/napa.gl\/da\/wp-json\/wp\/v2\/media\/33996"}],"wp:attachment":[{"href":"https:\/\/napa.gl\/da\/wp-json\/wp\/v2\/media?parent=33995"}],"wp:term":[{"taxonomy":"category","embeddable":true,"href":"https:\/\/napa.gl\/da\/wp-json\/wp\/v2\/categories?post=33995"}],"curies":[{"name":"wp","href":"https:\/\/api.w.org\/{rel}","templated":true}]}}