{"id":30180,"date":"2022-04-22T17:21:13","date_gmt":"2022-04-22T19:21:13","guid":{"rendered":"https:\/\/napa.gl\/?page_id=30180"},"modified":"2022-05-10T14:31:59","modified_gmt":"2022-05-10T16:31:59","slug":"katuaq-streams","status":"publish","type":"page","link":"https:\/\/napa.gl\/da\/aktiviteter\/groenlandske-samtaler-i-norden\/katuaq-streams\/","title":{"rendered":"Katuaq streams"},"content":{"rendered":"\t\t<div data-elementor-type=\"wp-page\" data-elementor-id=\"30180\" class=\"elementor elementor-30180\" data-elementor-post-type=\"page\">\n\t\t\t\t\t\t<section class=\"elementor-section elementor-top-section elementor-element elementor-element-2ff4fdbd elementor-section-boxed elementor-section-height-default elementor-section-height-default parallax_section_no qode_elementor_container_no\" data-id=\"2ff4fdbd\" data-element_type=\"section\" data-e-type=\"section\">\n\t\t\t\t\t\t<div class=\"elementor-container elementor-column-gap-default\">\n\t\t\t\t\t<div class=\"elementor-column elementor-col-66 elementor-top-column elementor-element elementor-element-32853515\" data-id=\"32853515\" data-element_type=\"column\" data-e-type=\"column\">\n\t\t\t<div class=\"elementor-widget-wrap elementor-element-populated\">\n\t\t\t\t\t\t<div class=\"elementor-element elementor-element-203d0b59 elementor-widget__width-inherit e-transform e-transform elementor-headline--style-highlight elementor-widget elementor-widget-animated-headline\" data-id=\"203d0b59\" data-element_type=\"widget\" data-e-type=\"widget\" data-settings=\"{&quot;marker&quot;:&quot;underline&quot;,&quot;highlighted_text&quot;:&quot;Streams&quot;,&quot;_animation&quot;:&quot;none&quot;,&quot;_transform_translateX_effect&quot;:{&quot;unit&quot;:&quot;px&quot;,&quot;size&quot;:-73,&quot;sizes&quot;:[]},&quot;_transform_translateY_effect&quot;:{&quot;unit&quot;:&quot;px&quot;,&quot;size&quot;:12,&quot;sizes&quot;:[]},&quot;_transform_scale_effect&quot;:{&quot;unit&quot;:&quot;px&quot;,&quot;size&quot;:1.2,&quot;sizes&quot;:[]},&quot;headline_style&quot;:&quot;highlight&quot;,&quot;highlight_animation_duration&quot;:1200,&quot;_transform_translateX_effect_tablet&quot;:{&quot;unit&quot;:&quot;px&quot;,&quot;size&quot;:&quot;&quot;,&quot;sizes&quot;:[]},&quot;_transform_translateX_effect_mobile&quot;:{&quot;unit&quot;:&quot;px&quot;,&quot;size&quot;:&quot;&quot;,&quot;sizes&quot;:[]},&quot;_transform_translateY_effect_tablet&quot;:{&quot;unit&quot;:&quot;px&quot;,&quot;size&quot;:&quot;&quot;,&quot;sizes&quot;:[]},&quot;_transform_translateY_effect_mobile&quot;:{&quot;unit&quot;:&quot;px&quot;,&quot;size&quot;:&quot;&quot;,&quot;sizes&quot;:[]},&quot;_transform_scale_effect_tablet&quot;:{&quot;unit&quot;:&quot;px&quot;,&quot;size&quot;:&quot;&quot;,&quot;sizes&quot;:[]},&quot;_transform_scale_effect_mobile&quot;:{&quot;unit&quot;:&quot;px&quot;,&quot;size&quot;:&quot;&quot;,&quot;sizes&quot;:[]}}\" data-widget_type=\"animated-headline.default\">\n\t\t\t\t<div class=\"elementor-widget-container\">\n\t\t\t\t\t\t\t<h3 class=\"elementor-headline\">\n\t\t\t\t\t<span class=\"elementor-headline-plain-text elementor-headline-text-wrapper\">Katuaq<\/span>\n\t\t\t\t<span class=\"elementor-headline-dynamic-wrapper elementor-headline-text-wrapper\">\n\t\t\t\t\t<span class=\"elementor-headline-dynamic-text elementor-headline-text-active\">Streams<\/span>\n\t\t\t\t<\/span>\n\t\t\t\t<\/h3>\n\t\t\t\t\t\t<\/div>\n\t\t\t\t<\/div>\n\t\t\t\t\t<\/div>\n\t\t<\/div>\n\t\t\t\t<div class=\"elementor-column elementor-col-33 elementor-top-column elementor-element elementor-element-3741bcf2\" data-id=\"3741bcf2\" data-element_type=\"column\" data-e-type=\"column\">\n\t\t\t<div class=\"elementor-widget-wrap elementor-element-populated\">\n\t\t\t\t\t\t<div class=\"elementor-element elementor-element-5903f710 elementor-widget elementor-widget-button\" data-id=\"5903f710\" data-element_type=\"widget\" data-e-type=\"widget\" data-widget_type=\"button.default\">\n\t\t\t\t<div class=\"elementor-widget-container\">\n\t\t\t\t\t\t\t\t\t<div class=\"elementor-button-wrapper\">\n\t\t\t\t\t<a class=\"elementor-button elementor-button-link elementor-size-sm\" href=\"https:\/\/napa.gl\/da\/aktiviteter\/groenlandske-samtaler-i-norden\/\">\n\t\t\t\t\t\t<span class=\"elementor-button-content-wrapper\">\n\t\t\t\t\t\t<span class=\"elementor-button-icon\">\n\t\t\t\t<i aria-hidden=\"true\" class=\"far fa-arrow-alt-circle-left\"><\/i>\t\t\t<\/span>\n\t\t\t\t\t\t\t\t\t<span class=\"elementor-button-text\">Tilbage til forsiden<\/span>\n\t\t\t\t\t<\/span>\n\t\t\t\t\t<\/a>\n\t\t\t\t<\/div>\n\t\t\t\t\t\t\t\t<\/div>\n\t\t\t\t<\/div>\n\t\t\t\t\t<\/div>\n\t\t<\/div>\n\t\t\t\t\t<\/div>\n\t\t<\/section>\n\t\t\t\t<section class=\"elementor-section elementor-top-section elementor-element elementor-element-136191e6 elementor-section-full_width elementor-section-height-default elementor-section-height-default parallax_section_no qode_elementor_container_no\" data-id=\"136191e6\" data-element_type=\"section\" data-e-type=\"section\">\n\t\t\t\t\t\t<div class=\"elementor-container elementor-column-gap-narrow\">\n\t\t\t\t\t<div class=\"elementor-column elementor-col-100 elementor-top-column elementor-element elementor-element-7d404351\" data-id=\"7d404351\" data-element_type=\"column\" data-e-type=\"column\">\n\t\t\t<div class=\"elementor-widget-wrap elementor-element-populated\">\n\t\t\t\t\t\t<div class=\"elementor-element elementor-element-9477e2d elementor-widget elementor-widget-text-editor\" data-id=\"9477e2d\" data-element_type=\"widget\" data-e-type=\"widget\" data-widget_type=\"text-editor.default\">\n\t\t\t\t<div class=\"elementor-widget-container\">\n\t\t\t\t\t\t\t\t\t<h5>Her kan du l\u00f8bende se forskellige arrangementer, som blev streamet og organiseret af Katuaq. Streamingerne er enten st\u00f8ttet af NAPA eller lavet i samarbejde med NAPA.<\/h5><p>Listen bliver opdateret l\u00f8bende, s\u00e5 snart et nyt arrangement er blevet streamet.<\/p><p>\u00a0<\/p><p><strong>Streaming af:<\/strong><\/p>\t\t\t\t\t\t\t\t<\/div>\n\t\t\t\t<\/div>\n\t\t\t\t<section class=\"elementor-section elementor-inner-section elementor-element elementor-element-ebc4ec2 elementor-section-full_width elementor-section-height-default elementor-section-height-default parallax_section_no qode_elementor_container_no\" data-id=\"ebc4ec2\" data-element_type=\"section\" data-e-type=\"section\">\n\t\t\t\t\t\t<div class=\"elementor-container elementor-column-gap-default\">\n\t\t\t\t\t<div class=\"elementor-column elementor-col-33 elementor-inner-column elementor-element elementor-element-55598dc\" data-id=\"55598dc\" data-element_type=\"column\" data-e-type=\"column\">\n\t\t\t<div class=\"elementor-widget-wrap elementor-element-populated\">\n\t\t\t\t\t\t<div class=\"elementor-element elementor-element-5829871 elementor-widget elementor-widget-text-editor\" data-id=\"5829871\" data-element_type=\"widget\" data-e-type=\"widget\" data-widget_type=\"text-editor.default\">\n\t\t\t\t<div class=\"elementor-widget-container\">\n\t\t\t\t\t\t\t\t\t<p><strong>Katuarpalaaq &#8211; Panel Debat 23. marts 2022.<\/strong><\/p><p>Katuarpalaaq er Katuaqs Trommedanser Festival, der samlede trommedansere fra de arktiske regioner som Canada, Alaska og Gr\u00f8nland.<\/p><p>\u00a0<\/p><p>I denne paneldebat fort\u00e6ller tre trommedansere fra Canada og Gr\u00f8nland om deres trommedans, hvorfor\/hvordan de startede, og hvad trommedans betyder for dem.<\/p><p>\u00a0<\/p><h5>Medvirkende:\u00a0<\/h5><p><span style=\"background-color: #ffffff;\">&#8211; Sylvia Cloutier fra Iqaluit\/Montreal, Canada\u00a0<\/span><\/p><p><span style=\"background-color: #ffffff;\">&#8211; Keenan Carpenter fra Iqaluit, Canada<\/span><\/p><p><span style=\"background-color: #ffffff;\">&#8211; Nuka Alice Lund fra Sisimiut, Gr\u00f8nland<\/span><\/p><p><span style=\"background-color: #ffffff;\">\u00a0<\/span><\/p><h5><span style=\"background-color: #ffffff;\">Moderator:<\/span><\/h5><p><span style=\"background-color: #ffffff;\">&#8211; Direkt\u00f8r for Katuaq, Arnakkuluk Jo Kleist<\/span><\/p><p><span style=\"background-color: #ffffff;\">\u00a0<\/span><\/p><p><a href=\"https:\/\/napa.gl\/da\/katuarpalaaq-lyden-af-trommer\/\" target=\"_blank\" rel=\"noopener\">L\u00e6s mere om Katuarpalaaq her.<\/a><\/p>\t\t\t\t\t\t\t\t<\/div>\n\t\t\t\t<\/div>\n\t\t\t\t\t<\/div>\n\t\t<\/div>\n\t\t\t\t<div class=\"elementor-column elementor-col-66 elementor-inner-column elementor-element elementor-element-0820f96\" data-id=\"0820f96\" data-element_type=\"column\" data-e-type=\"column\">\n\t\t\t<div class=\"elementor-widget-wrap elementor-element-populated\">\n\t\t\t\t\t\t<div class=\"elementor-element elementor-element-ae1977e elementor-widget elementor-widget-video\" data-id=\"ae1977e\" data-element_type=\"widget\" data-e-type=\"widget\" data-settings=\"{&quot;youtube_url&quot;:&quot;https:\\\/\\\/www.youtube.com\\\/watch?v=jKRfUjoq6FA&amp;t=4s\\\/watch?v=XHOmBV4js_E&quot;,&quot;video_type&quot;:&quot;youtube&quot;,&quot;controls&quot;:&quot;yes&quot;}\" data-widget_type=\"video.default\">\n\t\t\t\t<div class=\"elementor-widget-container\">\n\t\t\t\t\t\t\t<div class=\"elementor-wrapper elementor-open-inline\">\n\t\t\t<div class=\"elementor-video\"><\/div>\t\t<\/div>\n\t\t\t\t\t\t<\/div>\n\t\t\t\t<\/div>\n\t\t\t\t<div class=\"elementor-element elementor-element-195176c elementor-widget elementor-widget-bridge_icon_text\" data-id=\"195176c\" data-element_type=\"widget\" data-e-type=\"widget\" data-widget_type=\"bridge_icon_text.default\">\n\t\t\t\t<div class=\"elementor-widget-container\">\n\t\t\t\t\t<div class='q_icon_with_title tiny normal_icon left_from_title '><div class=\"icon_text_holder\" style=\"\"><div class=\"icon_text_inner\" style=\"\"><div class=\"icon_title_holder\"><div class=\"icon_holder \" style=\" \"><span data-icon-type=\"normal\" class=\"qode_iwt_icon_holder q_font_awsome_icon   \"><i class=\"qode_icon_font_awesome fa fa-copyright qode_iwt_icon_element\"><\/i><\/span><\/div><h6 class=\"icon_title\" style=\"\">Video courtesy af Katuaq - Streamingen er kun tilg\u00e6ngelig p\u00e5 engelsk<\/h6><\/div><p style=''><\/p><\/div><\/div><\/div>\t\t\t\t<\/div>\n\t\t\t\t<\/div>\n\t\t\t\t\t<\/div>\n\t\t<\/div>\n\t\t\t\t\t<\/div>\n\t\t<\/section>\n\t\t\t\t\t<\/div>\n\t\t<\/div>\n\t\t\t\t\t<\/div>\n\t\t<\/section>\n\t\t\t\t<\/div>\n\t\t","protected":false},"excerpt":{"rendered":"<p>Katuaq Streams Tilbage til forsiden Her kan du l\u00f8bende se forskellige arrangementer, som blev streamet og organiseret af Katuaq. Streamingerne er enten st\u00f8ttet af NAPA eller lavet i samarbejde med NAPA. Listen bliver opdateret l\u00f8bende, s\u00e5 snart et nyt arrangement er blevet streamet. \u00a0 Streaming&#8230;<\/p>\n","protected":false},"author":24,"featured_media":21487,"parent":29827,"menu_order":0,"comment_status":"closed","ping_status":"closed","template":"","meta":{"footnotes":""},"categories":[221,141,114,143,130,186,101,7,142,154,131,147],"class_list":["post-30180","page","type-page","status-publish","has-post-thumbnail","hentry","category-nordic-talks","category-arktiske-perspektiver","category-begivenheder","category-groenland","category-identitet","category-interview","category-kultur","category-musik","category-norden","category-nordisktillid","category-sprog","category-stoette"],"_links":{"self":[{"href":"https:\/\/napa.gl\/da\/wp-json\/wp\/v2\/pages\/30180","targetHints":{"allow":["GET"]}}],"collection":[{"href":"https:\/\/napa.gl\/da\/wp-json\/wp\/v2\/pages"}],"about":[{"href":"https:\/\/napa.gl\/da\/wp-json\/wp\/v2\/types\/page"}],"author":[{"embeddable":true,"href":"https:\/\/napa.gl\/da\/wp-json\/wp\/v2\/users\/24"}],"replies":[{"embeddable":true,"href":"https:\/\/napa.gl\/da\/wp-json\/wp\/v2\/comments?post=30180"}],"version-history":[{"count":51,"href":"https:\/\/napa.gl\/da\/wp-json\/wp\/v2\/pages\/30180\/revisions"}],"predecessor-version":[{"id":30510,"href":"https:\/\/napa.gl\/da\/wp-json\/wp\/v2\/pages\/30180\/revisions\/30510"}],"up":[{"embeddable":true,"href":"https:\/\/napa.gl\/da\/wp-json\/wp\/v2\/pages\/29827"}],"wp:featuredmedia":[{"embeddable":true,"href":"https:\/\/napa.gl\/da\/wp-json\/wp\/v2\/media\/21487"}],"wp:attachment":[{"href":"https:\/\/napa.gl\/da\/wp-json\/wp\/v2\/media?parent=30180"}],"wp:term":[{"taxonomy":"category","embeddable":true,"href":"https:\/\/napa.gl\/da\/wp-json\/wp\/v2\/categories?post=30180"}],"curies":[{"name":"wp","href":"https:\/\/api.w.org\/{rel}","templated":true}]}}