{"id":30107,"date":"2022-04-22T16:46:10","date_gmt":"2022-04-22T18:46:10","guid":{"rendered":"https:\/\/napa.gl\/?page_id=30107"},"modified":"2023-05-22T18:48:22","modified_gmt":"2023-05-22T20:48:22","slug":"film","status":"publish","type":"page","link":"https:\/\/napa.gl\/da\/aktiviteter\/groenlandske-samtaler-i-norden\/film\/","title":{"rendered":"Film"},"content":{"rendered":"\t\t<div data-elementor-type=\"wp-page\" data-elementor-id=\"30107\" class=\"elementor elementor-30107\" data-elementor-post-type=\"page\">\n\t\t\t\t\t\t<section class=\"elementor-section elementor-top-section elementor-element elementor-element-54858256 elementor-section-boxed elementor-section-height-default elementor-section-height-default parallax_section_no qode_elementor_container_no\" data-id=\"54858256\" data-element_type=\"section\" data-e-type=\"section\">\n\t\t\t\t\t\t<div class=\"elementor-container elementor-column-gap-default\">\n\t\t\t\t\t<div class=\"elementor-column elementor-col-66 elementor-top-column elementor-element elementor-element-1d1c0020\" data-id=\"1d1c0020\" data-element_type=\"column\" data-e-type=\"column\">\n\t\t\t<div class=\"elementor-widget-wrap elementor-element-populated\">\n\t\t\t\t\t\t<div class=\"elementor-element elementor-element-27b27f72 elementor-widget__width-inherit e-transform e-transform elementor-headline--style-highlight elementor-widget elementor-widget-animated-headline\" data-id=\"27b27f72\" data-element_type=\"widget\" data-e-type=\"widget\" data-settings=\"{&quot;marker&quot;:&quot;underline&quot;,&quot;highlighted_text&quot;:&quot;- Kommer senere&quot;,&quot;_animation&quot;:&quot;none&quot;,&quot;_transform_translateX_effect&quot;:{&quot;unit&quot;:&quot;px&quot;,&quot;size&quot;:-73,&quot;sizes&quot;:[]},&quot;_transform_translateY_effect&quot;:{&quot;unit&quot;:&quot;px&quot;,&quot;size&quot;:12,&quot;sizes&quot;:[]},&quot;_transform_scale_effect&quot;:{&quot;unit&quot;:&quot;px&quot;,&quot;size&quot;:1.2,&quot;sizes&quot;:[]},&quot;headline_style&quot;:&quot;highlight&quot;,&quot;highlight_animation_duration&quot;:1200,&quot;_transform_translateX_effect_tablet&quot;:{&quot;unit&quot;:&quot;px&quot;,&quot;size&quot;:&quot;&quot;,&quot;sizes&quot;:[]},&quot;_transform_translateX_effect_mobile&quot;:{&quot;unit&quot;:&quot;px&quot;,&quot;size&quot;:&quot;&quot;,&quot;sizes&quot;:[]},&quot;_transform_translateY_effect_tablet&quot;:{&quot;unit&quot;:&quot;px&quot;,&quot;size&quot;:&quot;&quot;,&quot;sizes&quot;:[]},&quot;_transform_translateY_effect_mobile&quot;:{&quot;unit&quot;:&quot;px&quot;,&quot;size&quot;:&quot;&quot;,&quot;sizes&quot;:[]},&quot;_transform_scale_effect_tablet&quot;:{&quot;unit&quot;:&quot;px&quot;,&quot;size&quot;:&quot;&quot;,&quot;sizes&quot;:[]},&quot;_transform_scale_effect_mobile&quot;:{&quot;unit&quot;:&quot;px&quot;,&quot;size&quot;:&quot;&quot;,&quot;sizes&quot;:[]}}\" data-widget_type=\"animated-headline.default\">\n\t\t\t\t<div class=\"elementor-widget-container\">\n\t\t\t\t\t\t\t<h3 class=\"elementor-headline\">\n\t\t\t\t\t<span class=\"elementor-headline-plain-text elementor-headline-text-wrapper\">Film<\/span>\n\t\t\t\t<span class=\"elementor-headline-dynamic-wrapper elementor-headline-text-wrapper\">\n\t\t\t\t\t<span class=\"elementor-headline-dynamic-text elementor-headline-text-active\">- Kommer senere<\/span>\n\t\t\t\t<\/span>\n\t\t\t\t<\/h3>\n\t\t\t\t\t\t<\/div>\n\t\t\t\t<\/div>\n\t\t\t\t\t<\/div>\n\t\t<\/div>\n\t\t\t\t<div class=\"elementor-column elementor-col-33 elementor-top-column elementor-element elementor-element-40e52705\" data-id=\"40e52705\" data-element_type=\"column\" data-e-type=\"column\">\n\t\t\t<div class=\"elementor-widget-wrap elementor-element-populated\">\n\t\t\t\t\t\t<div class=\"elementor-element elementor-element-6a23ddfd elementor-widget elementor-widget-button\" data-id=\"6a23ddfd\" data-element_type=\"widget\" data-e-type=\"widget\" data-widget_type=\"button.default\">\n\t\t\t\t<div class=\"elementor-widget-container\">\n\t\t\t\t\t\t\t\t\t<div class=\"elementor-button-wrapper\">\n\t\t\t\t\t<a class=\"elementor-button elementor-button-link elementor-size-sm\" href=\"https:\/\/napa.gl\/da\/aktiviteter\/groenlandske-samtaler-i-norden\/\">\n\t\t\t\t\t\t<span class=\"elementor-button-content-wrapper\">\n\t\t\t\t\t\t<span class=\"elementor-button-icon\">\n\t\t\t\t<i aria-hidden=\"true\" class=\"far fa-arrow-alt-circle-left\"><\/i>\t\t\t<\/span>\n\t\t\t\t\t\t\t\t\t<span class=\"elementor-button-text\">Tilbage til forsiden<\/span>\n\t\t\t\t\t<\/span>\n\t\t\t\t\t<\/a>\n\t\t\t\t<\/div>\n\t\t\t\t\t\t\t\t<\/div>\n\t\t\t\t<\/div>\n\t\t\t\t<div class=\"elementor-element elementor-element-7500ceae elementor-widget elementor-widget-text-editor\" data-id=\"7500ceae\" data-element_type=\"widget\" data-e-type=\"widget\" data-widget_type=\"text-editor.default\">\n\t\t\t\t<div class=\"elementor-widget-container\">\n\t\t\t\t\t\t\t\t\t<p>Moderator: Nathan Kreutzmann<\/p><p>Producer &amp; Foto: Aqqalu Augustussen<\/p>\t\t\t\t\t\t\t\t<\/div>\n\t\t\t\t<\/div>\n\t\t\t\t\t<\/div>\n\t\t<\/div>\n\t\t\t\t\t<\/div>\n\t\t<\/section>\n\t\t\t\t<section class=\"elementor-section elementor-top-section elementor-element elementor-element-0361409 elementor-section-full_width elementor-section-height-default elementor-section-height-default parallax_section_no qode_elementor_container_no\" data-id=\"0361409\" data-element_type=\"section\" data-e-type=\"section\">\n\t\t\t\t\t\t<div class=\"elementor-container elementor-column-gap-default\">\n\t\t\t\t\t<div class=\"elementor-column elementor-col-25 elementor-top-column elementor-element elementor-element-44b5a28\" data-id=\"44b5a28\" data-element_type=\"column\" data-e-type=\"column\">\n\t\t\t<div class=\"elementor-widget-wrap elementor-element-populated\">\n\t\t\t\t\t\t<div class=\"elementor-element elementor-element-dcea2b6 elementor-widget elementor-widget-image\" data-id=\"dcea2b6\" data-element_type=\"widget\" data-e-type=\"widget\" data-widget_type=\"image.default\">\n\t\t\t\t<div class=\"elementor-widget-container\">\n\t\t\t\t\t\t\t\t\t\t\t\t\t\t\t<img loading=\"lazy\" decoding=\"async\" width=\"1024\" height=\"1024\" src=\"https:\/\/napa.gl\/wp-content\/uploads\/2022\/06\/DSC_8199-Edit-Enhanced-1-1024x1024.jpg\" class=\"attachment-large size-large wp-image-30789\" alt=\"Marc Fussing Rosbach, filmskaber\" srcset=\"https:\/\/napa.gl\/wp-content\/uploads\/2022\/06\/DSC_8199-Edit-Enhanced-1-1024x1024.jpg 1024w, https:\/\/napa.gl\/wp-content\/uploads\/2022\/06\/DSC_8199-Edit-Enhanced-1-300x300.jpg 300w, https:\/\/napa.gl\/wp-content\/uploads\/2022\/06\/DSC_8199-Edit-Enhanced-1-768x768.jpg 768w, https:\/\/napa.gl\/wp-content\/uploads\/2022\/06\/DSC_8199-Edit-Enhanced-1-700x700.jpg 700w\" sizes=\"auto, (max-width: 1024px) 100vw, 1024px\" \/>\t\t\t\t\t\t\t\t\t\t\t\t\t\t\t<\/div>\n\t\t\t\t<\/div>\n\t\t\t\t\t<\/div>\n\t\t<\/div>\n\t\t\t\t<div class=\"elementor-column elementor-col-50 elementor-top-column elementor-element elementor-element-b92581f\" data-id=\"b92581f\" data-element_type=\"column\" data-e-type=\"column\">\n\t\t\t<div class=\"elementor-widget-wrap elementor-element-populated\">\n\t\t\t\t\t\t<div class=\"elementor-element elementor-element-34526dca elementor-widget elementor-widget-text-editor\" data-id=\"34526dca\" data-element_type=\"widget\" data-e-type=\"widget\" data-widget_type=\"text-editor.default\">\n\t\t\t\t<div class=\"elementor-widget-container\">\n\t\t\t\t\t\t\t\t\t<h5><strong>Gr\u00f8nlandske filmproduktioner er i rivende udvikling<\/strong><\/h5><p>De senere \u00e5r der kommet mange talentfulde akt\u00f8rer til i filmbranchen, derfor er samarbejdet mellem filmskabere i Gr\u00f8nland tilfredsstillende, udtaler filmskaber Marc Fussing Rosbach.<\/p><p>Interessen for Gr\u00f8nland i udlandet er stigende p\u00e5 mange omr\u00e5der, ogs\u00e5 indenfor filmverdenen.<\/p><p>Og med s\u00e5 stort fokus p\u00e5 Gr\u00f8nland fra omverdenen, b\u00f8r politikerne st\u00f8tte filmskaberne i h\u00f8jere grad, udtaler Pipaluk K. J\u00f8rgensen som har rig erfaring indenfor filmbranchen.<\/p><p>Her er en opsummering af samtalen med interviewpersonerne og deres hovedbudskaber. Du kan se eller lytte til samtalen nedenfor.\u00a0\u00a0<\/p><p>Obs. Pipaluk K. J\u00f8rgensen snakker dansk og Marc Fussing Rosbach snakker gr\u00f8nlandsk.\u00a0\u00a0<\/p><p>\u00a0<\/p><p><strong>Pipaluk K. J\u00f8rgensen:<\/strong>\u00a0<\/p><ul><li>Det g\u00e5r rigtig godt for tiden for filmfolk, fordi der er rigtig mange der har interesse i at lave film. Mange historier som vil fort\u00e6lles.\u00a0\u00a0<\/li><li>Man kan m\u00e6rke en drive fra den yngre generation, som har brug for at udtrykke sig med film-mediet.\u00a0\u00a0<\/li><li>Den internationale interesse for Gr\u00f8nland g\u00f8r at man endnu mere har lyst til at fort\u00e6lle sine egne historier.\u00a0\u00a0\u00a0<\/li><li>Film kan have god indflydelse for kulturen og lokalsamfundet b\u00e5de nu og til de n\u00e6ste generationer.\u00a0\u00a0<\/li><li>Pipaluk K. J\u00f8rgensen mener, at man som samfund kan blive bedre til at rose kunst-og kulturakt\u00f8rer. Internt i erhvervet er de gode til at rose hinanden, men de kan godt savne anerkendelse og ros ude fra.\u00a0\u00a0<\/li><li>Film kan v\u00e6re med til at st\u00f8tte de andre erhverv i samfundet. Det kan v\u00e6re catering og ophold for et stort filmhold.\u00a0 \u00a0<\/li><li>Der er brug for flere penge til udvikling af et filminstitut i Gr\u00f8nland.\u00a0\u00a0<br \/><br \/><\/li><\/ul><p><strong>Marc Fussing Rosbach:<\/strong>\u00a0<\/p><ul><li>Det st\u00e5r meget godt til for filmfolk i dag, vurderer Marc Fussing Rosbach, fordi der kommer flere og flere nye og dygtige filmfolk til.\u00a0\u00a0<\/li><li>Der er flere muligheder for samarbejde imellem filmfolk her i landet. Der er flere fotografer og lydfolk man kan hyre til opgaver til produktioner.\u00a0\u00a0<\/li><li>Kvaliteten af kortfilm og andre film der bliver produceret, er godt.\u00a0\u00a0<\/li><li>Filmfolk her i landet kan ogs\u00e5 f\u00e5 gode erfaringer, n\u00e5r store udenlandske filmproduktioner kommer til Gr\u00f8nland.\u00a0\u00a0<\/li><li>Med den internationale interesse er der ogs\u00e5 muligheder for samarbejde med de arktiske fr\u00e6nder i Canada og Samerne i Norge for eksempel for at fort\u00e6lle historier om oprindelige folk.\u00a0<\/li><li>Marc h\u00e5ber p\u00e5, at der i fremtiden vil blive givet flere midler til filmskaberne, s\u00e5 kvaliteten af produktionerne bliver bedre.\u00a0\u00a0<\/li><\/ul>\t\t\t\t\t\t\t\t<\/div>\n\t\t\t\t<\/div>\n\t\t\t\t\t<\/div>\n\t\t<\/div>\n\t\t\t\t<div class=\"elementor-column elementor-col-25 elementor-top-column elementor-element elementor-element-f95ab00\" data-id=\"f95ab00\" data-element_type=\"column\" data-e-type=\"column\">\n\t\t\t<div class=\"elementor-widget-wrap elementor-element-populated\">\n\t\t\t\t\t\t<div class=\"elementor-element elementor-element-c0860bc elementor-widget elementor-widget-image\" data-id=\"c0860bc\" data-element_type=\"widget\" data-e-type=\"widget\" data-widget_type=\"image.default\">\n\t\t\t\t<div class=\"elementor-widget-container\">\n\t\t\t\t\t\t\t\t\t\t\t\t\t\t\t<img loading=\"lazy\" decoding=\"async\" width=\"1024\" height=\"768\" src=\"https:\/\/napa.gl\/wp-content\/uploads\/2021\/12\/IMG_3786-1024x768.jpg\" class=\"attachment-large size-large wp-image-24673\" alt=\"\" srcset=\"https:\/\/napa.gl\/wp-content\/uploads\/2021\/12\/IMG_3786-1024x768.jpg 1024w, https:\/\/napa.gl\/wp-content\/uploads\/2021\/12\/IMG_3786-300x225.jpg 300w, https:\/\/napa.gl\/wp-content\/uploads\/2021\/12\/IMG_3786-768x576.jpg 768w, https:\/\/napa.gl\/wp-content\/uploads\/2021\/12\/IMG_3786-1536x1152.jpg 1536w, https:\/\/napa.gl\/wp-content\/uploads\/2021\/12\/IMG_3786-2048x1536.jpg 2048w, https:\/\/napa.gl\/wp-content\/uploads\/2021\/12\/IMG_3786-800x600.jpg 800w, https:\/\/napa.gl\/wp-content\/uploads\/2021\/12\/IMG_3786-700x525.jpg 700w\" sizes=\"auto, (max-width: 1024px) 100vw, 1024px\" \/>\t\t\t\t\t\t\t\t\t\t\t\t\t\t\t<\/div>\n\t\t\t\t<\/div>\n\t\t\t\t\t<\/div>\n\t\t<\/div>\n\t\t\t\t\t<\/div>\n\t\t<\/section>\n\t\t\t\t<section class=\"elementor-section elementor-top-section elementor-element elementor-element-05e30fe elementor-section-boxed elementor-section-height-default elementor-section-height-default parallax_section_no qode_elementor_container_no\" data-id=\"05e30fe\" data-element_type=\"section\" data-e-type=\"section\">\n\t\t\t\t\t\t<div class=\"elementor-container elementor-column-gap-default\">\n\t\t\t\t\t<div class=\"elementor-column elementor-col-100 elementor-top-column elementor-element elementor-element-0c083b0\" data-id=\"0c083b0\" data-element_type=\"column\" data-e-type=\"column\">\n\t\t\t<div class=\"elementor-widget-wrap elementor-element-populated\">\n\t\t\t\t\t\t<div class=\"elementor-element elementor-element-ae3d285 elementor-widget elementor-widget-audio\" data-id=\"ae3d285\" data-element_type=\"widget\" data-e-type=\"widget\" data-widget_type=\"audio.default\">\n\t\t\t\t<div class=\"elementor-widget-container\">\n\t\t\t\t\t\t\t\t<div class=\"elementor-soundcloud-wrapper\">\n\t\t\t\t<iframe loading=\"lazy\" width=\"1060\" height=\"200\" frameborder=\"no\" src=\"https:\/\/w.soundcloud.com\/player\/?visual=false&#038;url=https%3A%2F%2Fapi.soundcloud.com%2Ftracks%2F1519711903&#038;show_artwork=true&#038;maxheight=1000&#038;maxwidth=1060&#038;auto_play=false&#038;buying=true&#038;liking=true&#038;download=true&#038;sharing=true&#038;show_comments=true&#038;show_playcount=true&#038;show_user=true&#038;color\"><\/iframe>\t\t\t<\/div>\n\t\t\t\t\t\t\t<\/div>\n\t\t\t\t<\/div>\n\t\t\t\t<div class=\"elementor-element elementor-element-1b23150 elementor-widget elementor-widget-video\" data-id=\"1b23150\" data-element_type=\"widget\" data-e-type=\"widget\" data-settings=\"{&quot;video_type&quot;:&quot;vimeo&quot;}\" data-widget_type=\"video.default\">\n\t\t\t\t<div class=\"elementor-widget-container\">\n\t\t\t\t\t\t\t<div class=\"elementor-wrapper elementor-open-inline\">\n\t\t\t<iframe class=\"elementor-video-iframe\" allowfullscreen allow=\"clipboard-write\" title=\"vimeo videoafspiller\" src=\"https:\/\/player.vimeo.com\/video\/828991609?color&amp;autopause=0&amp;loop=0&amp;muted=0&amp;title=1&amp;portrait=1&amp;byline=1#t=\"><\/iframe>\t\t<\/div>\n\t\t\t\t\t\t<\/div>\n\t\t\t\t<\/div>\n\t\t\t\t<section class=\"elementor-section elementor-inner-section elementor-element elementor-element-6cf78a9 elementor-section-boxed elementor-section-height-default elementor-section-height-default parallax_section_no qode_elementor_container_no\" data-id=\"6cf78a9\" data-element_type=\"section\" data-e-type=\"section\">\n\t\t\t\t\t\t<div class=\"elementor-container elementor-column-gap-default\">\n\t\t\t\t\t<div class=\"elementor-column elementor-col-50 elementor-inner-column elementor-element elementor-element-8b866a6\" data-id=\"8b866a6\" data-element_type=\"column\" data-e-type=\"column\">\n\t\t\t<div class=\"elementor-widget-wrap\">\n\t\t\t\t\t\t\t<\/div>\n\t\t<\/div>\n\t\t\t\t<div class=\"elementor-column elementor-col-50 elementor-inner-column elementor-element elementor-element-8c9e748\" data-id=\"8c9e748\" data-element_type=\"column\" data-e-type=\"column\">\n\t\t\t<div class=\"elementor-widget-wrap\">\n\t\t\t\t\t\t\t<\/div>\n\t\t<\/div>\n\t\t\t\t\t<\/div>\n\t\t<\/section>\n\t\t\t\t\t<\/div>\n\t\t<\/div>\n\t\t\t\t\t<\/div>\n\t\t<\/section>\n\t\t\t\t<\/div>\n\t\t","protected":false},"excerpt":{"rendered":"<p>Film &#8211; Kommer senere Tilbage til forsiden Moderator: Nathan Kreutzmann Producer &amp; Foto: Aqqalu Augustussen Gr\u00f8nlandske filmproduktioner er i rivende udvikling De senere \u00e5r der kommet mange talentfulde akt\u00f8rer til i filmbranchen, derfor er samarbejdet mellem filmskabere i Gr\u00f8nland tilfredsstillende, udtaler filmskaber Marc Fussing Rosbach&#8230;.<\/p>\n","protected":false},"author":24,"featured_media":16865,"parent":29827,"menu_order":0,"comment_status":"closed","ping_status":"closed","template":"","meta":{"footnotes":""},"categories":[221,141,143,130,101,142,131],"class_list":["post-30107","page","type-page","status-publish","has-post-thumbnail","hentry","category-nordic-talks","category-arktiske-perspektiver","category-groenland","category-identitet","category-kultur","category-norden","category-sprog"],"_links":{"self":[{"href":"https:\/\/napa.gl\/da\/wp-json\/wp\/v2\/pages\/30107","targetHints":{"allow":["GET"]}}],"collection":[{"href":"https:\/\/napa.gl\/da\/wp-json\/wp\/v2\/pages"}],"about":[{"href":"https:\/\/napa.gl\/da\/wp-json\/wp\/v2\/types\/page"}],"author":[{"embeddable":true,"href":"https:\/\/napa.gl\/da\/wp-json\/wp\/v2\/users\/24"}],"replies":[{"embeddable":true,"href":"https:\/\/napa.gl\/da\/wp-json\/wp\/v2\/comments?post=30107"}],"version-history":[{"count":25,"href":"https:\/\/napa.gl\/da\/wp-json\/wp\/v2\/pages\/30107\/revisions"}],"predecessor-version":[{"id":32934,"href":"https:\/\/napa.gl\/da\/wp-json\/wp\/v2\/pages\/30107\/revisions\/32934"}],"up":[{"embeddable":true,"href":"https:\/\/napa.gl\/da\/wp-json\/wp\/v2\/pages\/29827"}],"wp:featuredmedia":[{"embeddable":true,"href":"https:\/\/napa.gl\/da\/wp-json\/wp\/v2\/media\/16865"}],"wp:attachment":[{"href":"https:\/\/napa.gl\/da\/wp-json\/wp\/v2\/media?parent=30107"}],"wp:term":[{"taxonomy":"category","embeddable":true,"href":"https:\/\/napa.gl\/da\/wp-json\/wp\/v2\/categories?post=30107"}],"curies":[{"name":"wp","href":"https:\/\/api.w.org\/{rel}","templated":true}]}}