{"id":30068,"date":"2022-04-22T16:09:31","date_gmt":"2022-04-22T18:09:31","guid":{"rendered":"https:\/\/napa.gl\/?page_id=30068"},"modified":"2023-04-28T14:45:53","modified_gmt":"2023-04-28T16:45:53","slug":"teater","status":"publish","type":"page","link":"https:\/\/napa.gl\/da\/aktiviteter\/groenlandske-samtaler-i-norden\/teater\/","title":{"rendered":"Teater"},"content":{"rendered":"\t\t<div data-elementor-type=\"wp-page\" data-elementor-id=\"30068\" class=\"elementor elementor-30068\" data-elementor-post-type=\"page\">\n\t\t\t\t\t\t<section class=\"elementor-section elementor-top-section elementor-element elementor-element-6f6b17ad elementor-section-boxed elementor-section-height-default elementor-section-height-default parallax_section_no qode_elementor_container_no\" data-id=\"6f6b17ad\" data-element_type=\"section\" data-e-type=\"section\">\n\t\t\t\t\t\t<div class=\"elementor-container elementor-column-gap-default\">\n\t\t\t\t\t<div class=\"elementor-column elementor-col-66 elementor-top-column elementor-element elementor-element-4e3c34e8\" data-id=\"4e3c34e8\" data-element_type=\"column\" data-e-type=\"column\">\n\t\t\t<div class=\"elementor-widget-wrap elementor-element-populated\">\n\t\t\t\t\t\t<div class=\"elementor-element elementor-element-7ce96118 elementor-widget__width-inherit e-transform e-transform elementor-headline--style-highlight elementor-widget elementor-widget-animated-headline\" data-id=\"7ce96118\" data-element_type=\"widget\" data-e-type=\"widget\" data-settings=\"{&quot;marker&quot;:&quot;underline&quot;,&quot;highlighted_text&quot;:&quot;- Kommer senere&quot;,&quot;_animation&quot;:&quot;none&quot;,&quot;_transform_translateX_effect&quot;:{&quot;unit&quot;:&quot;px&quot;,&quot;size&quot;:-73,&quot;sizes&quot;:[]},&quot;_transform_translateY_effect&quot;:{&quot;unit&quot;:&quot;px&quot;,&quot;size&quot;:12,&quot;sizes&quot;:[]},&quot;_transform_scale_effect&quot;:{&quot;unit&quot;:&quot;px&quot;,&quot;size&quot;:1.2,&quot;sizes&quot;:[]},&quot;headline_style&quot;:&quot;highlight&quot;,&quot;highlight_animation_duration&quot;:1200,&quot;_transform_translateX_effect_tablet&quot;:{&quot;unit&quot;:&quot;px&quot;,&quot;size&quot;:&quot;&quot;,&quot;sizes&quot;:[]},&quot;_transform_translateX_effect_mobile&quot;:{&quot;unit&quot;:&quot;px&quot;,&quot;size&quot;:&quot;&quot;,&quot;sizes&quot;:[]},&quot;_transform_translateY_effect_tablet&quot;:{&quot;unit&quot;:&quot;px&quot;,&quot;size&quot;:&quot;&quot;,&quot;sizes&quot;:[]},&quot;_transform_translateY_effect_mobile&quot;:{&quot;unit&quot;:&quot;px&quot;,&quot;size&quot;:&quot;&quot;,&quot;sizes&quot;:[]},&quot;_transform_scale_effect_tablet&quot;:{&quot;unit&quot;:&quot;px&quot;,&quot;size&quot;:&quot;&quot;,&quot;sizes&quot;:[]},&quot;_transform_scale_effect_mobile&quot;:{&quot;unit&quot;:&quot;px&quot;,&quot;size&quot;:&quot;&quot;,&quot;sizes&quot;:[]}}\" data-widget_type=\"animated-headline.default\">\n\t\t\t\t<div class=\"elementor-widget-container\">\n\t\t\t\t\t\t\t<h3 class=\"elementor-headline\">\n\t\t\t\t\t<span class=\"elementor-headline-plain-text elementor-headline-text-wrapper\">Teater<\/span>\n\t\t\t\t<span class=\"elementor-headline-dynamic-wrapper elementor-headline-text-wrapper\">\n\t\t\t\t\t<span class=\"elementor-headline-dynamic-text elementor-headline-text-active\">- Kommer senere<\/span>\n\t\t\t\t<\/span>\n\t\t\t\t<\/h3>\n\t\t\t\t\t\t<\/div>\n\t\t\t\t<\/div>\n\t\t\t\t\t<\/div>\n\t\t<\/div>\n\t\t\t\t<div class=\"elementor-column elementor-col-33 elementor-top-column elementor-element elementor-element-43466418\" data-id=\"43466418\" data-element_type=\"column\" data-e-type=\"column\">\n\t\t\t<div class=\"elementor-widget-wrap elementor-element-populated\">\n\t\t\t\t\t\t<div class=\"elementor-element elementor-element-250dc45b elementor-widget elementor-widget-button\" data-id=\"250dc45b\" data-element_type=\"widget\" data-e-type=\"widget\" data-widget_type=\"button.default\">\n\t\t\t\t<div class=\"elementor-widget-container\">\n\t\t\t\t\t\t\t\t\t<div class=\"elementor-button-wrapper\">\n\t\t\t\t\t<a class=\"elementor-button elementor-button-link elementor-size-sm\" href=\"https:\/\/napa.gl\/da\/aktiviteter\/groenlandske-samtaler-i-norden\/\">\n\t\t\t\t\t\t<span class=\"elementor-button-content-wrapper\">\n\t\t\t\t\t\t<span class=\"elementor-button-icon\">\n\t\t\t\t<i aria-hidden=\"true\" class=\"far fa-arrow-alt-circle-left\"><\/i>\t\t\t<\/span>\n\t\t\t\t\t\t\t\t\t<span class=\"elementor-button-text\">Tilbage til forsiden<\/span>\n\t\t\t\t\t<\/span>\n\t\t\t\t\t<\/a>\n\t\t\t\t<\/div>\n\t\t\t\t\t\t\t\t<\/div>\n\t\t\t\t<\/div>\n\t\t\t\t<div class=\"elementor-element elementor-element-530e3e15 elementor-widget elementor-widget-text-editor\" data-id=\"530e3e15\" data-element_type=\"widget\" data-e-type=\"widget\" data-widget_type=\"text-editor.default\">\n\t\t\t\t<div class=\"elementor-widget-container\">\n\t\t\t\t\t\t\t\t\t<p>Moderator: Nathan Kreutzmann<\/p><p>Producer &amp; Foto: Aqqalu Augustussen<\/p>\t\t\t\t\t\t\t\t<\/div>\n\t\t\t\t<\/div>\n\t\t\t\t\t<\/div>\n\t\t<\/div>\n\t\t\t\t\t<\/div>\n\t\t<\/section>\n\t\t\t\t<section class=\"elementor-section elementor-top-section elementor-element elementor-element-c964359 elementor-section-full_width elementor-section-height-default elementor-section-height-default parallax_section_no qode_elementor_container_no\" data-id=\"c964359\" data-element_type=\"section\" data-e-type=\"section\">\n\t\t\t\t\t\t<div class=\"elementor-container elementor-column-gap-default\">\n\t\t\t\t\t<div class=\"elementor-column elementor-col-25 elementor-top-column elementor-element elementor-element-46ba699\" data-id=\"46ba699\" data-element_type=\"column\" data-e-type=\"column\">\n\t\t\t<div class=\"elementor-widget-wrap elementor-element-populated\">\n\t\t\t\t\t\t<div class=\"elementor-element elementor-element-c340c1f elementor-widget elementor-widget-image\" data-id=\"c340c1f\" data-element_type=\"widget\" data-e-type=\"widget\" data-widget_type=\"image.default\">\n\t\t\t\t<div class=\"elementor-widget-container\">\n\t\t\t\t\t\t\t\t\t\t\t\t\t\t\t<img loading=\"lazy\" decoding=\"async\" width=\"1024\" height=\"1024\" src=\"https:\/\/napa.gl\/wp-content\/uploads\/2022\/06\/DSC_8070-Edit-Enhanced-1024x1024.jpg\" class=\"attachment-large size-large wp-image-30756\" alt=\"Susanne Andreasen, teaterdirekt\u00f8r\" srcset=\"https:\/\/napa.gl\/wp-content\/uploads\/2022\/06\/DSC_8070-Edit-Enhanced-1024x1024.jpg 1024w, https:\/\/napa.gl\/wp-content\/uploads\/2022\/06\/DSC_8070-Edit-Enhanced-300x300.jpg 300w, https:\/\/napa.gl\/wp-content\/uploads\/2022\/06\/DSC_8070-Edit-Enhanced-768x768.jpg 768w, https:\/\/napa.gl\/wp-content\/uploads\/2022\/06\/DSC_8070-Edit-Enhanced-700x700.jpg 700w\" sizes=\"auto, (max-width: 1024px) 100vw, 1024px\" \/>\t\t\t\t\t\t\t\t\t\t\t\t\t\t\t<\/div>\n\t\t\t\t<\/div>\n\t\t\t\t\t<\/div>\n\t\t<\/div>\n\t\t\t\t<div class=\"elementor-column elementor-col-50 elementor-top-column elementor-element elementor-element-3800ff6\" data-id=\"3800ff6\" data-element_type=\"column\" data-e-type=\"column\">\n\t\t\t<div class=\"elementor-widget-wrap elementor-element-populated\">\n\t\t\t\t\t\t<div class=\"elementor-element elementor-element-5ea45587 elementor-widget elementor-widget-text-editor\" data-id=\"5ea45587\" data-element_type=\"widget\" data-e-type=\"widget\" data-widget_type=\"text-editor.default\">\n\t\t\t\t<div class=\"elementor-widget-container\">\n\t\t\t\t\t\t\t\t\t<h5><strong>Skuespillere er med til at bevare kulturen<\/strong><\/h5><h5>\u00a0<\/h5><p><strong>Teaterchef i nationalteatret Susanne Andreasen og Vivi S\u00f8rensen, der er studieansvarlig i samme hus, snakker om hvor vigtigt teater er for samfundet i Gr\u00f8nland. Lyt eller se samtalen.\u00a0\u00a0<\/strong><\/p><p style=\"background-color: #ffffff; margin-bottom: 22px;\">I dette afsnit taler vi med teaterdirekt\u00f8r for Gr\u00f8nlands Nationalteater, Susanne Andreassen og studieansvarlig p\u00e5 Skuespillerskolen, Vivi S\u00f8rensen.\u00a0\u00a0<\/p><p style=\"background-color: #ffffff; margin-bottom: 22px;\">Obs. Susanne Andreassen taler dansk og Vivi S\u00f8rensen taler gr\u00f8nlandsk. Episoden blev optaget medio 2022. Siden da har Susanne Andreassen valgt at opsige sin stilling som teaterdirekt\u00f8r i Gr\u00f8nlands Nationalteater. Vivi S\u00f8rensen vil den 1. juni tiltr\u00e6de stillingen som teaterdirekt\u00f8r.<\/p><p><strong>Introduktion<\/strong>\u00a0<\/p><p>Siden januar 2016 har Susanne Andreasen v\u00e6ret teaterchef i Nationalteatret, og i dette afsnit om gr\u00f8nlandske samtaler i Norden, snakker hun og Vivi S\u00f8rensen, studieansvarlig i Skuespillerskolen om hvordan det st\u00e5r til for det gr\u00f8nlandske teater i dag, og hvordan fremtiden ser ud.\u00a0\u00a0<\/p><p>Her er en opsummering af samtalen med de to interviewpersoner og deres hovedbudskaber.<\/p><p>Du kan se eller lytte til samtalen mellem Susanne Andreasen og Vivi S\u00f8rensen nedenfor.\u00a0<\/p><p>Vivi S\u00f8rensen:\u00a0\u00a0<\/p><ul><li>Vivi S\u00f8rensen gerne fokusere p\u00e5 bevarelse af kulturarv, som for eksempel ved at undervise i t\u00e6nding af traditionel olielampe, trommedans og maskedans inden for teatret.\u00a0<\/li><li>Hun vil ogs\u00e5 udvikle skuespilleruddannelsen, s\u00e5 det kan blive en internationalt anerkendt bacheloruddannelse.\u00a0<\/li><li>Vivi har stor taknemlighed for Silamiut teatret, for at vise den gr\u00f8nlandske kultur p\u00e5 scenen og er, til den dag i dag, en stor inspiration for de nuv\u00e6rende og fremtidige skuespillere. Tuukkaq og Silamiut teatret har skabt et solidt fundament til dagens teaterverden i Gr\u00f8nland, som andre inuit-omr\u00e5der n\u00f8dvendigvis ikke har haft.\u00a0<\/li><li>Det gr\u00f8nlandske teater er unikt, fordi det har udviklet sig igennem mange \u00e5r helt tilbage fra tromme og maskedansen.\u00a0\u00a0<\/li><li>Skuespilleruddannelsen har en varighed p\u00e5 2 \u00e5r, men direkt\u00f8ren og den studieansvarlige mener, at uddannelsens varighed b\u00f8r forl\u00e6nges til tre \u00e5r, s\u00e5 man kan g\u00e5 mere i dybden med uddannelsen.\u00a0<\/li><li>I forhold til vores arktiske fr\u00e6nder, s\u00e5 st\u00e5r det meget godt til i Gr\u00f8nland, fordi man har et solidt grundlag med Tuukkaq og Silamiut teatret som historisk baggrund og den udvikling der har v\u00e6ret.<br \/><br \/><\/li><\/ul><p>Susanne Andreassen:\u00a0\u00a0<\/p><ul><li>Det g\u00e5r p\u00e5 mange m\u00e5der godt med nationalteatret i Gr\u00f8nland, men som det eneste teater i landet, s\u00e5 er der mange opgaver forbundet.\u00a0\u00a0<\/li><li>Teatret vil gerne fokusere p\u00e5 mere samarbejde internt landet, men teatret har ogs\u00e5 en dr\u00f8m om at udvikle et t\u00e6ttere samarbejde med andre inuit-omr\u00e5der.\u00a0\u00a0<\/li><li>Rammerne for teatret er en udfordring, fordi kunst- og kultur politisk ikke bliver h\u00f8jt prioriteret. Derfor kan det v\u00e6re sv\u00e6rt at komme i m\u00e5l med ambitionerne, n\u00e5r der er begr\u00e6nsninger i de \u00f8konomiske rammer.\u00a0\u00a0<\/li><li>Nationalteatret f\u00e5r 10 millioner gennem Selvstyrets finanslov for at leve op til forpligtelserne i teaterloven. Men det kan v\u00e6re sv\u00e6rt at turnere i andre byer for de penge, og teatret har et lille hold af fastansatte for at f\u00e5 tingene til at k\u00f8re, mens de ans\u00e6tter freelancere per projekt.\u00a0\u00a0<\/li><li>I generaliseret runde tal, s\u00e5 kan det koste omkring en million kroner at producere en teaterforestilling og omkring en halv million at tage p\u00e5 turne. Derfor er teatret ogs\u00e5 afh\u00e6ngig af fondsmidler og sponsorater.\u00a0\u00a0\u00a0<\/li><li>Susanne h\u00e5ber p\u00e5, at teatret bliver l\u00f8ftet i hele landet, at der bliver flere amat\u00f8rteatre i Gr\u00f8nland. Og at man f\u00e5r studerende fra de andre inuit-omr\u00e5der til teaterskolen i Gr\u00f8nland.\u00a0\u00a0<\/li><\/ul>\t\t\t\t\t\t\t\t<\/div>\n\t\t\t\t<\/div>\n\t\t\t\t<div class=\"elementor-element elementor-element-9e9af9f elementor-widget elementor-widget-audio\" data-id=\"9e9af9f\" data-element_type=\"widget\" data-e-type=\"widget\" data-widget_type=\"audio.default\">\n\t\t\t\t<div class=\"elementor-widget-container\">\n\t\t\t\t\t\t\t\t<div class=\"elementor-soundcloud-wrapper\">\n\t\t\t\t<iframe loading=\"lazy\" width=\"1060\" height=\"200\" frameborder=\"no\" src=\"https:\/\/w.soundcloud.com\/player\/?visual=false&#038;url=https%3A%2F%2Fapi.soundcloud.com%2Ftracks%2F1502243662&#038;show_artwork=true&#038;maxheight=1000&#038;maxwidth=1060&#038;auto_play=false&#038;buying=true&#038;liking=true&#038;download=true&#038;sharing=true&#038;show_comments=true&#038;show_playcount=true&#038;show_user=true&#038;color\"><\/iframe>\t\t\t<\/div>\n\t\t\t\t\t\t\t<\/div>\n\t\t\t\t<\/div>\n\t\t\t\t<div class=\"elementor-element elementor-element-dc98bd2 elementor-widget elementor-widget-video\" data-id=\"dc98bd2\" data-element_type=\"widget\" data-e-type=\"widget\" data-settings=\"{&quot;video_type&quot;:&quot;vimeo&quot;}\" data-widget_type=\"video.default\">\n\t\t\t\t<div class=\"elementor-widget-container\">\n\t\t\t\t\t\t\t<div class=\"elementor-wrapper elementor-open-inline\">\n\t\t\t<iframe class=\"elementor-video-iframe\" allowfullscreen allow=\"clipboard-write\" title=\"vimeo videoafspiller\" src=\"https:\/\/player.vimeo.com\/video\/821977763?color&amp;autopause=0&amp;loop=0&amp;muted=0&amp;title=1&amp;portrait=1&amp;byline=1#t=\"><\/iframe>\t\t<\/div>\n\t\t\t\t\t\t<\/div>\n\t\t\t\t<\/div>\n\t\t\t\t\t<\/div>\n\t\t<\/div>\n\t\t\t\t<div class=\"elementor-column elementor-col-25 elementor-top-column elementor-element elementor-element-f130111\" data-id=\"f130111\" data-element_type=\"column\" data-e-type=\"column\">\n\t\t\t<div class=\"elementor-widget-wrap elementor-element-populated\">\n\t\t\t\t\t\t<div class=\"elementor-element elementor-element-061e070 elementor-widget elementor-widget-image\" data-id=\"061e070\" data-element_type=\"widget\" data-e-type=\"widget\" data-widget_type=\"image.default\">\n\t\t\t\t<div class=\"elementor-widget-container\">\n\t\t\t\t\t\t\t\t\t\t\t\t\t\t\t<img loading=\"lazy\" decoding=\"async\" width=\"1024\" height=\"1024\" src=\"https:\/\/napa.gl\/wp-content\/uploads\/2022\/06\/DSC_8073-Edit-Enhanced-1024x1024.jpg\" class=\"attachment-large size-large wp-image-30759\" alt=\"Vivi S\u00f8rensen, studieansvarlig for Skuespillerskolen\" srcset=\"https:\/\/napa.gl\/wp-content\/uploads\/2022\/06\/DSC_8073-Edit-Enhanced-1024x1024.jpg 1024w, https:\/\/napa.gl\/wp-content\/uploads\/2022\/06\/DSC_8073-Edit-Enhanced-300x300.jpg 300w, https:\/\/napa.gl\/wp-content\/uploads\/2022\/06\/DSC_8073-Edit-Enhanced-768x768.jpg 768w, https:\/\/napa.gl\/wp-content\/uploads\/2022\/06\/DSC_8073-Edit-Enhanced-700x700.jpg 700w\" sizes=\"auto, (max-width: 1024px) 100vw, 1024px\" \/>\t\t\t\t\t\t\t\t\t\t\t\t\t\t\t<\/div>\n\t\t\t\t<\/div>\n\t\t\t\t\t<\/div>\n\t\t<\/div>\n\t\t\t\t\t<\/div>\n\t\t<\/section>\n\t\t\t\t<section class=\"elementor-section elementor-top-section elementor-element elementor-element-493e0895 elementor-section-full_width elementor-section-height-default elementor-section-height-default parallax_section_no qode_elementor_container_no\" data-id=\"493e0895\" data-element_type=\"section\" data-e-type=\"section\">\n\t\t\t\t\t\t<div class=\"elementor-container elementor-column-gap-default\">\n\t\t\t\t\t<div class=\"elementor-column elementor-col-100 elementor-top-column elementor-element elementor-element-55a266d4 elementor-hidden-desktop elementor-hidden-tablet elementor-hidden-mobile\" data-id=\"55a266d4\" data-element_type=\"column\" data-e-type=\"column\">\n\t\t\t<div class=\"elementor-widget-wrap elementor-element-populated\">\n\t\t\t\t\t\t<div class=\"elementor-element elementor-element-42a56621 elementor-widget elementor-widget-text-editor\" data-id=\"42a56621\" data-element_type=\"widget\" data-e-type=\"widget\" data-widget_type=\"text-editor.default\">\n\t\t\t\t<div class=\"elementor-widget-container\">\n\t\t\t\t\t\t\t\t\t<h5>Her kan du se hele samtalen mellem Nathan Kreutzmann, Susanne Andreasen og Vivi S\u00f8rensen:<\/h5>\t\t\t\t\t\t\t\t<\/div>\n\t\t\t\t<\/div>\n\t\t\t\t<div class=\"elementor-element elementor-element-b8e27ec elementor-widget elementor-widget-video\" data-id=\"b8e27ec\" data-element_type=\"widget\" data-e-type=\"widget\" data-settings=\"{&quot;video_type&quot;:&quot;vimeo&quot;}\" data-widget_type=\"video.default\">\n\t\t\t\t<div class=\"elementor-widget-container\">\n\t\t\t\t\t\t\t<div class=\"elementor-wrapper elementor-open-inline\">\n\t\t\t<iframe class=\"elementor-video-iframe\" allowfullscreen allow=\"clipboard-write\" title=\"vimeo videoafspiller\" src=\"https:\/\/player.vimeo.com\/video\/235215203?color&amp;autopause=0&amp;loop=0&amp;muted=0&amp;title=1&amp;portrait=1&amp;byline=1#t=\"><\/iframe>\t\t<\/div>\n\t\t\t\t\t\t<\/div>\n\t\t\t\t<\/div>\n\t\t\t\t\t<\/div>\n\t\t<\/div>\n\t\t\t\t\t<\/div>\n\t\t<\/section>\n\t\t\t\t<\/div>\n\t\t","protected":false},"excerpt":{"rendered":"<p>Teater &#8211; Kommer senere Tilbage til forsiden Moderator: Nathan Kreutzmann Producer &amp; Foto: Aqqalu Augustussen Skuespillere er med til at bevare kulturen \u00a0 Teaterchef i nationalteatret Susanne Andreasen og Vivi S\u00f8rensen, der er studieansvarlig i samme hus, snakker om hvor vigtigt teater er for samfundet&#8230;<\/p>\n","protected":false},"author":24,"featured_media":29034,"parent":29827,"menu_order":0,"comment_status":"closed","ping_status":"closed","template":"","meta":{"footnotes":""},"categories":[221,141,143,130,186,101,142,131],"class_list":["post-30068","page","type-page","status-publish","has-post-thumbnail","hentry","category-nordic-talks","category-arktiske-perspektiver","category-groenland","category-identitet","category-interview","category-kultur","category-norden","category-sprog"],"_links":{"self":[{"href":"https:\/\/napa.gl\/da\/wp-json\/wp\/v2\/pages\/30068","targetHints":{"allow":["GET"]}}],"collection":[{"href":"https:\/\/napa.gl\/da\/wp-json\/wp\/v2\/pages"}],"about":[{"href":"https:\/\/napa.gl\/da\/wp-json\/wp\/v2\/types\/page"}],"author":[{"embeddable":true,"href":"https:\/\/napa.gl\/da\/wp-json\/wp\/v2\/users\/24"}],"replies":[{"embeddable":true,"href":"https:\/\/napa.gl\/da\/wp-json\/wp\/v2\/comments?post=30068"}],"version-history":[{"count":52,"href":"https:\/\/napa.gl\/da\/wp-json\/wp\/v2\/pages\/30068\/revisions"}],"predecessor-version":[{"id":32723,"href":"https:\/\/napa.gl\/da\/wp-json\/wp\/v2\/pages\/30068\/revisions\/32723"}],"up":[{"embeddable":true,"href":"https:\/\/napa.gl\/da\/wp-json\/wp\/v2\/pages\/29827"}],"wp:featuredmedia":[{"embeddable":true,"href":"https:\/\/napa.gl\/da\/wp-json\/wp\/v2\/media\/29034"}],"wp:attachment":[{"href":"https:\/\/napa.gl\/da\/wp-json\/wp\/v2\/media?parent=30068"}],"wp:term":[{"taxonomy":"category","embeddable":true,"href":"https:\/\/napa.gl\/da\/wp-json\/wp\/v2\/categories?post=30068"}],"curies":[{"name":"wp","href":"https:\/\/api.w.org\/{rel}","templated":true}]}}