{"id":29889,"date":"2022-04-20T16:08:31","date_gmt":"2022-04-20T18:08:31","guid":{"rendered":"https:\/\/napa.gl\/?page_id=29889"},"modified":"2023-04-20T10:58:25","modified_gmt":"2023-04-20T12:58:25","slug":"indigenous-knowledge","status":"publish","type":"page","link":"https:\/\/napa.gl\/da\/aktiviteter\/groenlandske-samtaler-i-norden\/indigenous-knowledge\/","title":{"rendered":"Indigenous knowledge"},"content":{"rendered":"\t\t<div data-elementor-type=\"wp-page\" data-elementor-id=\"29889\" class=\"elementor elementor-29889\" data-elementor-post-type=\"page\">\n\t\t\t\t\t\t<section class=\"elementor-section elementor-top-section elementor-element elementor-element-10a9acd elementor-section-boxed elementor-section-height-default elementor-section-height-default parallax_section_no qode_elementor_container_no\" data-id=\"10a9acd\" data-element_type=\"section\" data-e-type=\"section\">\n\t\t\t\t\t\t<div class=\"elementor-container elementor-column-gap-default\">\n\t\t\t\t\t<div class=\"elementor-column elementor-col-66 elementor-top-column elementor-element elementor-element-064e5f9\" data-id=\"064e5f9\" data-element_type=\"column\" data-e-type=\"column\">\n\t\t\t<div class=\"elementor-widget-wrap elementor-element-populated\">\n\t\t\t\t\t\t<div class=\"elementor-element elementor-element-5c394de elementor-widget__width-inherit e-transform e-transform elementor-headline--style-highlight elementor-widget elementor-widget-animated-headline\" data-id=\"5c394de\" data-element_type=\"widget\" data-e-type=\"widget\" data-settings=\"{&quot;marker&quot;:&quot;underline&quot;,&quot;highlighted_text&quot;:&quot;Knowledge&quot;,&quot;_animation&quot;:&quot;none&quot;,&quot;_transform_translateX_effect&quot;:{&quot;unit&quot;:&quot;px&quot;,&quot;size&quot;:-73,&quot;sizes&quot;:[]},&quot;_transform_translateY_effect&quot;:{&quot;unit&quot;:&quot;px&quot;,&quot;size&quot;:12,&quot;sizes&quot;:[]},&quot;_transform_scale_effect&quot;:{&quot;unit&quot;:&quot;px&quot;,&quot;size&quot;:1.2,&quot;sizes&quot;:[]},&quot;headline_style&quot;:&quot;highlight&quot;,&quot;highlight_animation_duration&quot;:1200,&quot;_transform_translateX_effect_tablet&quot;:{&quot;unit&quot;:&quot;px&quot;,&quot;size&quot;:&quot;&quot;,&quot;sizes&quot;:[]},&quot;_transform_translateX_effect_mobile&quot;:{&quot;unit&quot;:&quot;px&quot;,&quot;size&quot;:&quot;&quot;,&quot;sizes&quot;:[]},&quot;_transform_translateY_effect_tablet&quot;:{&quot;unit&quot;:&quot;px&quot;,&quot;size&quot;:&quot;&quot;,&quot;sizes&quot;:[]},&quot;_transform_translateY_effect_mobile&quot;:{&quot;unit&quot;:&quot;px&quot;,&quot;size&quot;:&quot;&quot;,&quot;sizes&quot;:[]},&quot;_transform_scale_effect_tablet&quot;:{&quot;unit&quot;:&quot;px&quot;,&quot;size&quot;:&quot;&quot;,&quot;sizes&quot;:[]},&quot;_transform_scale_effect_mobile&quot;:{&quot;unit&quot;:&quot;px&quot;,&quot;size&quot;:&quot;&quot;,&quot;sizes&quot;:[]}}\" data-widget_type=\"animated-headline.default\">\n\t\t\t\t<div class=\"elementor-widget-container\">\n\t\t\t\t\t\t\t<h3 class=\"elementor-headline\">\n\t\t\t\t\t<span class=\"elementor-headline-plain-text elementor-headline-text-wrapper\">Indigenous<\/span>\n\t\t\t\t<span class=\"elementor-headline-dynamic-wrapper elementor-headline-text-wrapper\">\n\t\t\t\t\t<span class=\"elementor-headline-dynamic-text elementor-headline-text-active\">Knowledge<\/span>\n\t\t\t\t<\/span>\n\t\t\t\t<\/h3>\n\t\t\t\t\t\t<\/div>\n\t\t\t\t<\/div>\n\t\t\t\t\t<\/div>\n\t\t<\/div>\n\t\t\t\t<div class=\"elementor-column elementor-col-33 elementor-top-column elementor-element elementor-element-88d0a33\" data-id=\"88d0a33\" data-element_type=\"column\" data-e-type=\"column\">\n\t\t\t<div class=\"elementor-widget-wrap elementor-element-populated\">\n\t\t\t\t\t\t<div class=\"elementor-element elementor-element-b40a274 elementor-widget elementor-widget-button\" data-id=\"b40a274\" data-element_type=\"widget\" data-e-type=\"widget\" data-widget_type=\"button.default\">\n\t\t\t\t<div class=\"elementor-widget-container\">\n\t\t\t\t\t\t\t\t\t<div class=\"elementor-button-wrapper\">\n\t\t\t\t\t<a class=\"elementor-button elementor-button-link elementor-size-sm\" href=\"https:\/\/napa.gl\/da\/aktiviteter\/groenlandske-samtaler-i-norden\/\">\n\t\t\t\t\t\t<span class=\"elementor-button-content-wrapper\">\n\t\t\t\t\t\t<span class=\"elementor-button-icon\">\n\t\t\t\t<i aria-hidden=\"true\" class=\"far fa-arrow-alt-circle-left\"><\/i>\t\t\t<\/span>\n\t\t\t\t\t\t\t\t\t<span class=\"elementor-button-text\">Tilbage til forsiden<\/span>\n\t\t\t\t\t<\/span>\n\t\t\t\t\t<\/a>\n\t\t\t\t<\/div>\n\t\t\t\t\t\t\t\t<\/div>\n\t\t\t\t<\/div>\n\t\t\t\t<div class=\"elementor-element elementor-element-d35d8c8 elementor-widget elementor-widget-text-editor\" data-id=\"d35d8c8\" data-element_type=\"widget\" data-e-type=\"widget\" data-widget_type=\"text-editor.default\">\n\t\t\t\t<div class=\"elementor-widget-container\">\n\t\t\t\t\t\t\t\t\t<p>Moderator: Nathan Kreutzmann<\/p><p>Producer &amp; Foto: Aqqalu Augustussen<\/p>\t\t\t\t\t\t\t\t<\/div>\n\t\t\t\t<\/div>\n\t\t\t\t\t<\/div>\n\t\t<\/div>\n\t\t\t\t\t<\/div>\n\t\t<\/section>\n\t\t\t\t<section class=\"elementor-section elementor-top-section elementor-element elementor-element-cf972d2 elementor-section-full_width elementor-section-height-default elementor-section-height-default parallax_section_no qode_elementor_container_no\" data-id=\"cf972d2\" data-element_type=\"section\" data-e-type=\"section\">\n\t\t\t\t\t\t<div class=\"elementor-container elementor-column-gap-narrow\">\n\t\t\t\t\t<div class=\"elementor-column elementor-col-100 elementor-top-column elementor-element elementor-element-a1877e4\" data-id=\"a1877e4\" data-element_type=\"column\" data-e-type=\"column\">\n\t\t\t<div class=\"elementor-widget-wrap elementor-element-populated\">\n\t\t\t\t\t\t<section class=\"elementor-section elementor-inner-section elementor-element elementor-element-2b94551 elementor-section-boxed elementor-section-height-default elementor-section-height-default parallax_section_no qode_elementor_container_no\" data-id=\"2b94551\" data-element_type=\"section\" data-e-type=\"section\">\n\t\t\t\t\t\t<div class=\"elementor-container elementor-column-gap-narrow\">\n\t\t\t\t\t<div class=\"elementor-column elementor-col-66 elementor-inner-column elementor-element elementor-element-16a5040\" data-id=\"16a5040\" data-element_type=\"column\" data-e-type=\"column\">\n\t\t\t<div class=\"elementor-widget-wrap elementor-element-populated\">\n\t\t\t\t\t\t<div class=\"elementor-element elementor-element-b020e0d elementor-widget elementor-widget-text-editor\" data-id=\"b020e0d\" data-element_type=\"widget\" data-e-type=\"widget\" data-widget_type=\"text-editor.default\">\n\t\t\t\t<div class=\"elementor-widget-container\">\n\t\t\t\t\t\t\t\t\t<p class=\"MsoNormal\" style=\"margin-bottom: 0cm; line-height: 21pt; background-position: initial; background-color: white;\"><b><span style=\"font-size: 13pt; font-family: Corbel, sans-serif; padding: 0cm; border: 1pt none windowtext;\">Vivi Vold, der er kandidat i Kultur- og Samfundshistorie<br>samt Ph.D.-Fellow i Ilisimatusarfik, snakker om forhindringer, udfordringer og<br>kl\u00f8fter mellem oprindelig viden og vestlig viden. Se eller lyt til samtalen.<\/span><\/b><\/p>\n<p class=\"MsoNormal\" style=\"margin-bottom: 0cm; line-height: 21pt; background-position: initial; background-color: white;\"><b><span style=\"font-size: 13pt; font-family: Corbel, sans-serif; padding: 0cm; border: 1pt none windowtext;\">&nbsp;<\/span><\/b><\/p>\n<p class=\"MsoNormal\" style=\"margin-bottom: 0cm; line-height: 21pt; background-position: initial; background-color: white;\"><span style=\"font-size: 13pt; font-family: Corbel, sans-serif;\">I dette afsnit taler vi med kandidat i Kultur- og Samfundshistorie, Vivi Vold. Nedenfor kan du se samtalen p\u00e5 video eller v\u00e6lge at lytte til samtalen som podcast.&nbsp;<\/span><\/p>\n<p class=\"MsoNormal\" style=\"margin-bottom: 0cm; line-height: 21pt; background-position: initial; background-color: white;\"><span style=\"font-size: 13pt; font-family: Corbel, sans-serif;\">&nbsp;<\/span><\/p>\n<p class=\"MsoNormal\" style=\"margin-bottom: 0cm; line-height: 21pt; background-position: initial; background-color: white;\"><b><span style=\"font-size: 13pt; font-family: Corbel, sans-serif; padding: 0cm; border: 1pt none windowtext;\">Introduktion:<\/span><\/b><\/p>\n<p class=\"MsoNormal\" style=\"margin-bottom: 0cm; line-height: 21pt; background-position: initial; background-color: white;\"><b><span style=\"font-size: 13pt; font-family: Corbel, sans-serif; padding: 0cm; border: 1pt none windowtext;\">&nbsp;<\/span><\/b><\/p>\n<p class=\"MsoNormal\" style=\"margin-bottom: 0cm; line-height: 21pt; background-position: initial; background-color: white;\"><span style=\"font-size: 13pt; font-family: Corbel, sans-serif; padding: 0cm; background-position: initial; background-color: white; border: 1pt none windowtext;\">Vivi Vold er en Ph.D. Fellow ved Ilisimatusarfik, University of Greenland, og samarbejder med University of Davis California. Hendes forskning fokuserer p\u00e5 relationen mellem oprindelig viden og videnskabelig viden og p\u00e5 at opdage nye tilgange inden for videnskabelig uddannelse og forskning.<\/span><\/p>\n<p class=\"MsoNormal\" style=\"margin-bottom: 0cm; line-height: 21pt; background-position: initial; background-color: white;\"><span style=\"font-size: 13pt; font-family: Corbel, sans-serif; padding: 0cm; background-position: initial; background-color: white; border: 1pt none windowtext;\">&nbsp;<\/span><\/p>\n<p class=\"MsoNormal\" style=\"margin-bottom: 0cm; line-height: 21pt; background-position: initial; background-color: white;\"><span style=\"font-size: 13pt; font-family: Corbel, sans-serif;\">Vivi har, som den f\u00f8rste i Gr\u00f8nland, lavet sit kandidatspeciale som film, over emnet: Kalaallit kundskab og viden, der har brug for at anerkendes og forst\u00e5s i forskningens verden. For eksempel er der mange fangere og fiskere der oplever at deres viden og erfaring ikke bruges og anerkendes i forskning, samt at forskere der ankommer, er langt fra at forst\u00e5 den virkelighed og perspektiv som Kalaallit bruger for at forst\u00e5 verden og videregive viden p\u00e5. Dette skaber en kl\u00f8ft mellem parterne.<\/span><\/p>\n<p class=\"MsoNormal\" style=\"margin-bottom: 0cm; line-height: 21pt; background-position: initial; background-color: white;\"><span style=\"font-size: 13pt; font-family: Corbel, sans-serif; padding: 0cm; background-position: initial; background-color: white; border: 1pt none windowtext;\">&nbsp;<\/span><\/p>\n<p class=\"MsoNormal\" style=\"margin-bottom: 0cm; line-height: 21pt; background-position: initial; background-color: white;\"><span style=\"font-size: 13pt; font-family: Corbel, sans-serif;\">Videoen er en samtale med Vivi Vold om forhindringer, udfordringer og kl\u00f8fter mellem oprindelig viden og vestlig viden &#8211; herunder Kalaallit viden og vestlig forskning.<\/span><\/p>\n<p class=\"MsoNormal\" style=\"margin-bottom: 0cm; line-height: 21pt; background-position: initial; background-color: white;\"><span style=\"font-size: 13pt; font-family: Corbel, sans-serif;\">Det kommer ogs\u00e5 ind p\u00e5 mulige l\u00f8sninger og nye m\u00e5der at forst\u00e5 disse p\u00e5.<\/span><\/p>\n<p class=\"MsoNormal\" style=\"margin-bottom: 0cm; line-height: 21pt; background-position: initial; background-color: white;\"><span style=\"font-size: 13pt; font-family: Corbel, sans-serif;\">&nbsp;<\/span><\/p>\n<p class=\"MsoNormal\" style=\"margin-bottom: 0cm; line-height: 21pt; background-position: initial; background-color: white;\"><span style=\"font-size: 13pt; font-family: Corbel, sans-serif;\">Her er en opsummering af samtalen med interviewpersonen og hovedbudskaberne. Du kan se eller lytte til samtalen med Vivi vold nedenfor.<\/span><\/p>\n<p class=\"MsoNormal\" style=\"margin-bottom: 0cm; line-height: 21pt; background-position: initial; background-color: white;\"><span style=\"font-size: 13pt; font-family: Corbel, sans-serif;\">&nbsp;<\/span><\/p>\n<p class=\"MsoNormal\" style=\"margin-bottom: 0cm; line-height: 21pt; background-position: initial; background-color: white;\"><span style=\"font-size: 13pt; font-family: Corbel, sans-serif;\">Obs. Vivi Vold taler gr\u00f8nlandsk.<\/span><\/p>\n<p class=\"MsoNormal\" style=\"margin-bottom: 0cm; line-height: 21pt; background-position: initial; background-color: white;\"><span style=\"font-size: 13pt; font-family: Corbel, sans-serif;\">&nbsp;<\/span><\/p>\n<p class=\"MsoNormal\" style=\"margin-bottom: 0cm; line-height: 21pt; background-position: initial; background-color: white;\"><span style=\"font-size: 13pt; font-family: Corbel, sans-serif;\">Vivi Vold:<\/span><\/p>\n<p><\/p>\n<ul style=\"margin-top: 0cm;\" type=\"disc\">\n<li class=\"MsoNormal\" style=\"margin-bottom: 0cm; line-height: normal; background-position: initial; background-color: white;\"><span style=\"font-size: 13.0pt; font-family: 'Corbel',sans-serif; mso-fareast-font-family: 'Times New Roman'; mso-bidi-font-family: 'Times New Roman'; mso-font-kerning: 0pt; mso-ligatures: none; mso-fareast-language: DA;\">De oprindelige folk i Gr\u00f8nland har meget tilf\u00e6lles med oprindelige folk i andre lande, som for eksempel er den mundtlige fort\u00e6lling den prim\u00e6re m\u00e5de at dele viden i Gr\u00f8nland, mens man i Europa er vant til den skriftlige fort\u00e6lling.\n<p><\/p><\/span><\/li>\n<li class=\"MsoNormal\" style=\"margin-bottom: 0cm; line-height: normal; background-position: initial; background-color: white;\"><span style=\"font-size: 13.0pt; font-family: 'Corbel',sans-serif; mso-fareast-font-family: 'Times New Roman'; mso-bidi-font-family: 'Times New Roman'; mso-font-kerning: 0pt; mso-ligatures: none; mso-fareast-language: DA;\">Hvis forskere ikke tager hensyn til den oprindelige viden i deres forskning om Gr\u00f8nland samt forst\u00e5r forskning er til for at gavne samfundet \u2013 er der reelt ikke en forandring hvis ikke lokalsamfundet ikke er en del af dette.\n<p><\/p><\/span><\/li>\n<li class=\"MsoNormal\" style=\"margin-bottom: 0cm; line-height: normal; background-position: initial; background-color: white;\"><span style=\"font-size: 13.0pt; font-family: 'Corbel',sans-serif; mso-fareast-font-family: 'Times New Roman'; mso-bidi-font-family: 'Times New Roman'; mso-font-kerning: 0pt; mso-ligatures: none; mso-fareast-language: DA;\">Hun mener, at mange forskere fra andre lande fors\u00f8ger at tilpasse deres forskning til Gr\u00f8nland, uden at forst\u00e5 den oprindelige livsstil og kultur, som derved kan skade mere end det gavner.\n<p><\/p><\/span><\/li>\n<li class=\"MsoNormal\" style=\"margin-bottom: 0cm; line-height: normal; background-position: initial; background-color: white;\"><span style=\"font-size: 13.0pt; font-family: 'Corbel',sans-serif; mso-fareast-font-family: 'Times New Roman'; mso-bidi-font-family: 'Times New Roman'; mso-font-kerning: 0pt; mso-ligatures: none; mso-fareast-language: DA;\">Det er i sig selv ikke d\u00e5rligt at have en form for forst\u00e5else af verden og viden, men vi m\u00e5 altid som forskere forst\u00e5 der er mere end \u00e9n form for verdenssyn.\n<p><\/p><\/span><\/li>\n<li class=\"MsoNormal\" style=\"margin-bottom: 0cm; line-height: normal; background-position: initial; background-color: white;\"><span style=\"font-size: 13.0pt; font-family: 'Corbel',sans-serif; mso-fareast-font-family: 'Times New Roman'; mso-bidi-font-family: 'Times New Roman'; mso-font-kerning: 0pt; mso-ligatures: none; mso-fareast-language: DA;\">Vivi Vold p\u00e5peger ogs\u00e5, at lokalbefolkningen skal have tillid til, at gr\u00f8nlandske traditioner og viden er v\u00e6rdifulde \u2013 men disse ogs\u00e5 er forskernes ansvar at tage dem alvorligt og v\u00e6rdifuldt.\n<p><\/p><\/span><\/li>\n<li class=\"MsoNormal\" style=\"margin-bottom: 0cm; line-height: normal; background-position: initial; background-color: white;\"><span style=\"font-size: 13.0pt; font-family: 'Corbel',sans-serif; mso-fareast-font-family: 'Times New Roman'; mso-bidi-font-family: 'Times New Roman'; mso-font-kerning: 0pt; mso-ligatures: none; mso-fareast-language: DA;\">Der mangler rammer i Gr\u00f8nland inden for forskning i Gr\u00f8nland, b\u00e5de for lokalbefolkningen og forskere \u2013 som kan skabe b\u00e5de konflikter og etiske brud.\n<p><\/p><\/span><\/li>\n<li class=\"MsoNormal\" style=\"margin-bottom: 0cm; line-height: normal; background-position: initial; background-color: white;\"><span style=\"font-size: 13.0pt; font-family: 'Corbel',sans-serif; mso-fareast-font-family: 'Times New Roman'; mso-bidi-font-family: 'Times New Roman'; mso-font-kerning: 0pt; mso-ligatures: none; mso-fareast-language: DA;\">Jeg f\u00f8ler et stort ansvar for at \u00e6ndre det jeg ser som en sk\u00e6vvredet forhold og hvem ellers kan \u00e6ndre det end os selv i Gr\u00f8nland.\n<p><\/p><\/span><\/li>\n<li class=\"MsoNormal\" style=\"margin-bottom: 0cm; line-height: normal; background-position: initial; background-color: white;\"><span style=\"font-size: 13.0pt; font-family: 'Corbel',sans-serif; mso-fareast-font-family: 'Times New Roman'; mso-bidi-font-family: 'Times New Roman'; mso-font-kerning: 0pt; mso-ligatures: none; mso-fareast-language: DA;\"><span style=\"font-size: 13.0pt; font-family: 'Corbel',sans-serif; mso-fareast-font-family: 'Times New Roman'; mso-bidi-font-family: 'Times New Roman'; mso-font-kerning: 0pt; mso-ligatures: none; mso-fareast-language: DA;\">Vi m\u00e5 s\u00e6tte forst\u00e5 vores del af ansvaret, os som bor her i Gr\u00f8nland at s\u00e6tte rammerne, tage ansvar for at v\u00e6re en del af ledelsen og pr\u00e6ge det i kulturel sammenh\u00e6ng, at vide at vores syn og viden er lige s\u00e5 v\u00e6rdifuldt og endda endnu mere v\u00e6rdifuldt i Gr\u00f8nlands sammenh\u00e6ng.\n<p><\/p>\n<\/span><\/span><\/li>\n<\/ul>\t\t\t\t\t\t\t\t<\/div>\n\t\t\t\t<\/div>\n\t\t\t\t\t<\/div>\n\t\t<\/div>\n\t\t\t\t<div class=\"elementor-column elementor-col-33 elementor-inner-column elementor-element elementor-element-3802220\" data-id=\"3802220\" data-element_type=\"column\" data-e-type=\"column\">\n\t\t\t<div class=\"elementor-widget-wrap elementor-element-populated\">\n\t\t\t\t\t\t<div class=\"elementor-element elementor-element-37cc401 elementor-widget elementor-widget-bridge_image_hover\" data-id=\"37cc401\" data-element_type=\"widget\" data-e-type=\"widget\" data-widget_type=\"bridge_image_hover.default\">\n\t\t\t\t<div class=\"elementor-widget-container\">\n\t\t\t\t\t<div class=\"image_hover \" data-transition-delay=\"\"><div class=\"images_holder\"><img decoding=\"async\" itemprop=\"image\" class=\"active_image \" src=\"https:\/\/napa.gl\/wp-content\/uploads\/2022\/06\/DSC_8051-Edit-Enhanced-scaled.jpg\" alt=\"Vivi Vold, Ph.D. studerende\" style=\"\" \/><img decoding=\"async\" itemprop=\"image\" class=\"hover_image\" src=\"https:\/\/napa.gl\/wp-content\/uploads\/2021\/03\/126819818_385660495821800_9214717559997978358_n-e1656420333269.png\" alt=\"V\u00e6gmaleri af inuit-piger i Sisimiut af Cheeky - foto af Cheeky\" style=\"\" \/><\/div><\/div>\t\t\t\t<\/div>\n\t\t\t\t<\/div>\n\t\t\t\t\t<\/div>\n\t\t<\/div>\n\t\t\t\t\t<\/div>\n\t\t<\/section>\n\t\t\t\t\t<\/div>\n\t\t<\/div>\n\t\t\t\t\t<\/div>\n\t\t<\/section>\n\t\t\t\t<section class=\"elementor-section elementor-top-section elementor-element elementor-element-8c3a345 elementor-section-boxed elementor-section-height-default elementor-section-height-default parallax_section_no qode_elementor_container_no\" data-id=\"8c3a345\" data-element_type=\"section\" data-e-type=\"section\">\n\t\t\t\t\t\t<div class=\"elementor-container elementor-column-gap-default\">\n\t\t\t\t\t<div class=\"elementor-column elementor-col-100 elementor-top-column elementor-element elementor-element-d0ad859\" data-id=\"d0ad859\" data-element_type=\"column\" data-e-type=\"column\">\n\t\t\t<div class=\"elementor-widget-wrap elementor-element-populated\">\n\t\t\t\t\t\t<div class=\"elementor-element elementor-element-4979008 elementor-widget elementor-widget-wp-widget-rss\" data-id=\"4979008\" data-element_type=\"widget\" data-e-type=\"widget\" data-widget_type=\"wp-widget-rss.default\">\n\t\t\t\t<div class=\"elementor-widget-container\">\n\t\t\t\t\t<h5><a class=\"rsswidget rss-widget-feed\" href=\"https:\/\/anchor.fm\/s\/df75c300\/podcast\/rss\" target=\"_blank\" rel=\"noopener\"><img decoding=\"async\" class=\"rss-widget-icon\" style=\"border:0\" width=\"14\" height=\"14\" src=\"https:\/\/napa.gl\/wp-includes\/images\/rss.png\" alt=\"RSS\" loading=\"lazy\" \/><\/a> <a class=\"rsswidget rss-widget-title\" href=\"https:\/\/podcasters.spotify.com\/pod\/show\/napa---nordens-inst\" target=\"_blank\" rel=\"noopener\">Som podcast<\/a><\/h5><ul><li><a class=\"rsswidget\" href=\"https:\/\/podcasters.spotify.com\/pod\/show\/napa---nordens-inst\/episodes\/Vivi-Srensen--Susanne-Andreassen---Isiginnaartitsineq--Teater-e2368sa\" target=\"_blank\" rel=\"noopener\">Vivi S\u00f8rensen &amp; Susanne Andreassen - Isiginnaartitsineq \/ Teater<\/a><\/li><\/ul>\t\t\t\t<\/div>\n\t\t\t\t<\/div>\n\t\t\t\t<div class=\"elementor-element elementor-element-f6d2ed4 elementor-widget__width-initial elementor-widget elementor-widget-heading\" data-id=\"f6d2ed4\" data-element_type=\"widget\" data-e-type=\"widget\" data-widget_type=\"heading.default\">\n\t\t\t\t<div class=\"elementor-widget-container\">\n\t\t\t\t\t<h2 class=\"elementor-heading-title elementor-size-default\"><h5 style=\"letter-spacing: normal\">Her kan du se hele samtalen mellem Nathan Kreutzmann og Vivi Vold:<\/h5><\/h2>\t\t\t\t<\/div>\n\t\t\t\t<\/div>\n\t\t\t\t<div class=\"elementor-element elementor-element-6a187a5 elementor-widget elementor-widget-video\" data-id=\"6a187a5\" data-element_type=\"widget\" data-e-type=\"widget\" data-settings=\"{&quot;video_type&quot;:&quot;vimeo&quot;}\" data-widget_type=\"video.default\">\n\t\t\t\t<div class=\"elementor-widget-container\">\n\t\t\t\t\t\t\t<div class=\"elementor-wrapper elementor-open-inline\">\n\t\t\t<iframe class=\"elementor-video-iframe\" allowfullscreen allow=\"clipboard-write\" title=\"vimeo videoafspiller\" src=\"https:\/\/player.vimeo.com\/video\/711265254?color&amp;autopause=0&amp;loop=0&amp;muted=0&amp;title=1&amp;portrait=1&amp;byline=1#t=\"><\/iframe>\t\t<\/div>\n\t\t\t\t\t\t<\/div>\n\t\t\t\t<\/div>\n\t\t\t\t\t<\/div>\n\t\t<\/div>\n\t\t\t\t\t<\/div>\n\t\t<\/section>\n\t\t\t\t<section class=\"elementor-section elementor-top-section elementor-element elementor-element-24e8a6f elementor-section-full_width elementor-section-height-default elementor-section-height-default parallax_section_no qode_elementor_container_no\" data-id=\"24e8a6f\" data-element_type=\"section\" data-e-type=\"section\">\n\t\t\t\t\t\t<div class=\"elementor-container elementor-column-gap-default\">\n\t\t\t\t\t<div class=\"elementor-column elementor-col-100 elementor-top-column elementor-element elementor-element-80f446d elementor-hidden-desktop elementor-hidden-tablet elementor-hidden-mobile\" data-id=\"80f446d\" data-element_type=\"column\" data-e-type=\"column\">\n\t\t\t<div class=\"elementor-widget-wrap elementor-element-populated\">\n\t\t\t\t\t\t<div class=\"elementor-element elementor-element-c86fb3d elementor-widget elementor-widget-text-editor\" data-id=\"c86fb3d\" data-element_type=\"widget\" data-e-type=\"widget\" data-widget_type=\"text-editor.default\">\n\t\t\t\t<div class=\"elementor-widget-container\">\n\t\t\t\t\t\t\t\t\t<h5>Her kan du se hele samtalen mellem Nathan Kreutzmann og Vivi Vold:<\/h5>\t\t\t\t\t\t\t\t<\/div>\n\t\t\t\t<\/div>\n\t\t\t\t<div class=\"elementor-element elementor-element-3aa4dd5 elementor-widget elementor-widget-video\" data-id=\"3aa4dd5\" data-element_type=\"widget\" data-e-type=\"widget\" data-settings=\"{&quot;video_type&quot;:&quot;vimeo&quot;}\" data-widget_type=\"video.default\">\n\t\t\t\t<div class=\"elementor-widget-container\">\n\t\t\t\t\t\t\t<div class=\"elementor-wrapper elementor-open-inline\">\n\t\t\t<iframe class=\"elementor-video-iframe\" allowfullscreen allow=\"clipboard-write\" title=\"vimeo videoafspiller\" src=\"https:\/\/player.vimeo.com\/video\/711265254?color&amp;autopause=0&amp;loop=0&amp;muted=0&amp;title=1&amp;portrait=1&amp;byline=1#t=\"><\/iframe>\t\t<\/div>\n\t\t\t\t\t\t<\/div>\n\t\t\t\t<\/div>\n\t\t\t\t\t<\/div>\n\t\t<\/div>\n\t\t\t\t\t<\/div>\n\t\t<\/section>\n\t\t\t\t<\/div>\n\t\t","protected":false},"excerpt":{"rendered":"<p>Indigenous Knowledge Tilbage til forsiden Moderator: Nathan Kreutzmann Producer &amp; Foto: Aqqalu Augustussen Vivi Vold, der er kandidat i Kultur- og Samfundshistoriesamt Ph.D.-Fellow i Ilisimatusarfik, snakker om forhindringer, udfordringer ogkl\u00f8fter mellem oprindelig viden og vestlig viden. Se eller lyt til samtalen. &nbsp; I dette afsnit&#8230;<\/p>\n","protected":false},"author":24,"featured_media":29059,"parent":29827,"menu_order":0,"comment_status":"closed","ping_status":"closed","template":"","meta":{"footnotes":""},"categories":[221,141,143,130,101,142,131],"class_list":["post-29889","page","type-page","status-publish","has-post-thumbnail","hentry","category-nordic-talks","category-arktiske-perspektiver","category-groenland","category-identitet","category-kultur","category-norden","category-sprog"],"_links":{"self":[{"href":"https:\/\/napa.gl\/da\/wp-json\/wp\/v2\/pages\/29889","targetHints":{"allow":["GET"]}}],"collection":[{"href":"https:\/\/napa.gl\/da\/wp-json\/wp\/v2\/pages"}],"about":[{"href":"https:\/\/napa.gl\/da\/wp-json\/wp\/v2\/types\/page"}],"author":[{"embeddable":true,"href":"https:\/\/napa.gl\/da\/wp-json\/wp\/v2\/users\/24"}],"replies":[{"embeddable":true,"href":"https:\/\/napa.gl\/da\/wp-json\/wp\/v2\/comments?post=29889"}],"version-history":[{"count":114,"href":"https:\/\/napa.gl\/da\/wp-json\/wp\/v2\/pages\/29889\/revisions"}],"predecessor-version":[{"id":32609,"href":"https:\/\/napa.gl\/da\/wp-json\/wp\/v2\/pages\/29889\/revisions\/32609"}],"up":[{"embeddable":true,"href":"https:\/\/napa.gl\/da\/wp-json\/wp\/v2\/pages\/29827"}],"wp:featuredmedia":[{"embeddable":true,"href":"https:\/\/napa.gl\/da\/wp-json\/wp\/v2\/media\/29059"}],"wp:attachment":[{"href":"https:\/\/napa.gl\/da\/wp-json\/wp\/v2\/media?parent=29889"}],"wp:term":[{"taxonomy":"category","embeddable":true,"href":"https:\/\/napa.gl\/da\/wp-json\/wp\/v2\/categories?post=29889"}],"curies":[{"name":"wp","href":"https:\/\/api.w.org\/{rel}","templated":true}]}}