{"id":28123,"date":"2022-02-23T11:30:23","date_gmt":"2022-02-23T14:30:23","guid":{"rendered":"https:\/\/napa.gl\/?page_id=28123"},"modified":"2025-02-28T11:12:44","modified_gmt":"2025-02-28T13:12:44","slug":"ledige-stillinger","status":"publish","type":"page","link":"https:\/\/napa.gl\/da\/om-os\/job-hos-napa\/ledige-stillinger\/","title":{"rendered":"Ledige stillinger"},"content":{"rendered":"\t\t<div data-elementor-type=\"wp-page\" data-elementor-id=\"28123\" class=\"elementor elementor-28123\" data-elementor-post-type=\"page\">\n\t\t\t\t\t\t<section class=\"elementor-section elementor-top-section elementor-element elementor-element-5c99adda elementor-section-full_width elementor-section-height-default elementor-section-height-default parallax_section_no qode_elementor_container_no\" data-id=\"5c99adda\" data-element_type=\"section\" data-e-type=\"section\">\n\t\t\t\t\t\t<div class=\"elementor-container elementor-column-gap-default\">\n\t\t\t\t\t<div class=\"elementor-column elementor-col-100 elementor-top-column elementor-element elementor-element-2bf3f278\" data-id=\"2bf3f278\" data-element_type=\"column\" data-e-type=\"column\">\n\t\t\t<div class=\"elementor-widget-wrap\">\n\t\t\t\t\t\t\t<\/div>\n\t\t<\/div>\n\t\t\t\t\t<\/div>\n\t\t<\/section>\n\t\t\t\t<section class=\"elementor-section elementor-top-section elementor-element elementor-element-d367806 elementor-section-full_width elementor-section-height-default elementor-section-height-default parallax_section_no qode_elementor_container_no\" data-id=\"d367806\" data-element_type=\"section\" data-e-type=\"section\">\n\t\t\t\t\t\t<div class=\"elementor-container elementor-column-gap-default\">\n\t\t\t\t\t<div class=\"elementor-column elementor-col-100 elementor-top-column elementor-element elementor-element-a6bedf3\" data-id=\"a6bedf3\" data-element_type=\"column\" data-e-type=\"column\">\n\t\t\t<div class=\"elementor-widget-wrap elementor-element-populated\">\n\t\t\t\t\t\t<div class=\"elementor-element elementor-element-6d31b43 elementor--h-position-left elementor--v-position-bottom elementor-arrows-position-inside elementor-pagination-position-inside elementor-widget elementor-widget-slides\" data-id=\"6d31b43\" data-element_type=\"widget\" data-e-type=\"widget\" data-settings=\"{&quot;navigation&quot;:&quot;both&quot;,&quot;autoplay&quot;:&quot;yes&quot;,&quot;pause_on_hover&quot;:&quot;yes&quot;,&quot;pause_on_interaction&quot;:&quot;yes&quot;,&quot;autoplay_speed&quot;:5000,&quot;infinite&quot;:&quot;yes&quot;,&quot;transition&quot;:&quot;slide&quot;,&quot;transition_speed&quot;:500}\" data-widget_type=\"slides.default\">\n\t\t\t\t<div class=\"elementor-widget-container\">\n\t\t\t\t\t\t\t\t\t<div class=\"elementor-swiper\">\n\t\t\t\t\t<div class=\"elementor-slides-wrapper elementor-main-swiper swiper\" role=\"region\" aria-roledescription=\"carousel\" aria-label=\"Slides\" dir=\"ltr\" data-animation=\"fadeInUp\">\n\t\t\t\t<div class=\"swiper-wrapper elementor-slides\">\n\t\t\t\t\t\t\t\t\t\t<div class=\"elementor-repeater-item-984a7df swiper-slide\" role=\"group\" aria-roledescription=\"slide\"><div class=\"swiper-slide-bg\" role=\"img\" aria-label=\"Woman-smiling-a-brushing-horse-at-riding-greenland-Photo-by-Magnus-B-Trolle-Visit-Greenland-1.jpg\"><\/div><div class=\"swiper-slide-inner\" ><div class=\"swiper-slide-contents\"><div class=\"elementor-slide-heading\">Ledige stillinger hos os<\/div><div class=\"elementor-slide-description\">Her kan du se, hvilke job-muligheder der er her p\u00e5 NAPA.<\/div><\/div><\/div><\/div>\t\t\t\t<\/div>\n\t\t\t\t\t\t\t<\/div>\n\t\t\t\t<\/div>\n\t\t\t\t\t\t\t\t<\/div>\n\t\t\t\t<\/div>\n\t\t\t\t\t<\/div>\n\t\t<\/div>\n\t\t\t\t\t<\/div>\n\t\t<\/section>\n\t\t\t\t<section class=\"elementor-section elementor-top-section elementor-element elementor-element-5c84286 elementor-section-full_width elementor-section-height-default elementor-section-height-default parallax_section_no qode_elementor_container_no\" data-id=\"5c84286\" data-element_type=\"section\" data-e-type=\"section\">\n\t\t\t\t\t\t<div class=\"elementor-container elementor-column-gap-default\">\n\t\t\t\t\t<div class=\"elementor-column elementor-col-50 elementor-top-column elementor-element elementor-element-24cf2f46\" data-id=\"24cf2f46\" data-element_type=\"column\" data-e-type=\"column\">\n\t\t\t<div class=\"elementor-widget-wrap elementor-element-populated\">\n\t\t\t\t\t\t<div class=\"elementor-element elementor-element-5bda9b12 elementor-grid-3 elementor-grid-tablet-2 elementor-grid-mobile-1 elementor-posts--thumbnail-top elementor-widget elementor-widget-posts\" data-id=\"5bda9b12\" data-element_type=\"widget\" data-e-type=\"widget\" data-settings=\"{&quot;classic_columns&quot;:&quot;3&quot;,&quot;classic_columns_tablet&quot;:&quot;2&quot;,&quot;classic_columns_mobile&quot;:&quot;1&quot;,&quot;classic_row_gap&quot;:{&quot;unit&quot;:&quot;px&quot;,&quot;size&quot;:35,&quot;sizes&quot;:[]},&quot;classic_row_gap_tablet&quot;:{&quot;unit&quot;:&quot;px&quot;,&quot;size&quot;:&quot;&quot;,&quot;sizes&quot;:[]},&quot;classic_row_gap_mobile&quot;:{&quot;unit&quot;:&quot;px&quot;,&quot;size&quot;:&quot;&quot;,&quot;sizes&quot;:[]}}\" data-widget_type=\"posts.classic\">\n\t\t\t\t<div class=\"elementor-widget-container\">\n\t\t\t\t\t\t\t<div class=\"elementor-posts-container elementor-posts elementor-posts--skin-classic elementor-grid\" role=\"list\">\n\t\t\t\t<article class=\"elementor-post elementor-grid-item post-40604 post type-post status-publish format-standard has-post-thumbnail hentry category-ledige-stillinger category-nyt\" role=\"listitem\">\n\t\t\t\t<a class=\"elementor-post__thumbnail__link\" href=\"https:\/\/napa.gl\/da\/napa-nordens-institut-i-groenland-soeger-raadgiver-og-projektleder-en-samlet-stilling\/\" tabindex=\"-1\">\n\t\t\t<div class=\"elementor-post__thumbnail\"><img loading=\"lazy\" decoding=\"async\" width=\"300\" height=\"199\" src=\"https:\/\/napa.gl\/wp-content\/uploads\/2026\/03\/inuitfigurer-af-liss-stender-1600px-300x199.jpg\" class=\"attachment-medium size-medium wp-image-40609\" alt=\"\" srcset=\"https:\/\/napa.gl\/wp-content\/uploads\/2026\/03\/inuitfigurer-af-liss-stender-1600px-300x199.jpg 300w, https:\/\/napa.gl\/wp-content\/uploads\/2026\/03\/inuitfigurer-af-liss-stender-1600px-1024x680.jpg 1024w, https:\/\/napa.gl\/wp-content\/uploads\/2026\/03\/inuitfigurer-af-liss-stender-1600px-768x510.jpg 768w, https:\/\/napa.gl\/wp-content\/uploads\/2026\/03\/inuitfigurer-af-liss-stender-1600px-1536x1020.jpg 1536w, https:\/\/napa.gl\/wp-content\/uploads\/2026\/03\/inuitfigurer-af-liss-stender-1600px-700x465.jpg 700w, https:\/\/napa.gl\/wp-content\/uploads\/2026\/03\/inuitfigurer-af-liss-stender-1600px.jpg 1600w\" sizes=\"auto, (max-width: 300px) 100vw, 300px\" \/><\/div>\n\t\t<\/a>\n\t\t\t\t<div class=\"elementor-post__text\">\n\t\t\t\t<h5 class=\"elementor-post__title\">\n\t\t\t<a href=\"https:\/\/napa.gl\/da\/napa-nordens-institut-i-groenland-soeger-raadgiver-og-projektleder-en-samlet-stilling\/\">\n\t\t\t\tNAPA, Nordens Institut i Gr\u00f8nland s\u00f8ger r\u00e5dgiver og projektleder (\u00e9n samlet stilling)\t\t\t<\/a>\n\t\t<\/h5>\n\t\t\t\t<div class=\"elementor-post__excerpt\">\n\t\t\t<p>Har du lyst til at arbejde i et flerkulturelt nordisk og arktisk f\u00e6llesskab? Vi er en lille, nordisk institution under Nordisk Ministerr\u00e5d med entusiastiske medarbejdere, der gl\u00e6der sig til at f\u00e5 en ny kollega! Vores vigtigste opgave er at s\u00f8rge for, at arktiske perspektiver bliver<\/p>\n\t\t<\/div>\n\t\t\n\t\t<a class=\"elementor-post__read-more\" href=\"https:\/\/napa.gl\/da\/napa-nordens-institut-i-groenland-soeger-raadgiver-og-projektleder-en-samlet-stilling\/\" aria-label=\"Read more about NAPA, Nordens Institut i Gr\u00f8nland s\u00f8ger r\u00e5dgiver og projektleder (\u00e9n samlet stilling)\" tabindex=\"-1\">\n\t\t\tL\u00e6s mere \u00bb\t\t<\/a>\n\n\t\t\t\t<\/div>\n\t\t\t\t<\/article>\n\t\t\t\t<article class=\"elementor-post elementor-grid-item post-40019 post type-post status-publish format-standard has-post-thumbnail hentry category-ledige-stillinger category-nyt\" role=\"listitem\">\n\t\t\t\t<a class=\"elementor-post__thumbnail__link\" href=\"https:\/\/napa.gl\/da\/napa-nordens-institut-i-groenland-soeger-en-kommunikationsansvarlig\/\" tabindex=\"-1\">\n\t\t\t<div class=\"elementor-post__thumbnail\"><img loading=\"lazy\" decoding=\"async\" width=\"300\" height=\"169\" src=\"https:\/\/napa.gl\/wp-content\/uploads\/2025\/07\/7V9A8369-300x169.jpg\" class=\"attachment-medium size-medium wp-image-39174\" alt=\"\" srcset=\"https:\/\/napa.gl\/wp-content\/uploads\/2025\/07\/7V9A8369-300x169.jpg 300w, https:\/\/napa.gl\/wp-content\/uploads\/2025\/07\/7V9A8369-1024x576.jpg 1024w, https:\/\/napa.gl\/wp-content\/uploads\/2025\/07\/7V9A8369-768x432.jpg 768w, https:\/\/napa.gl\/wp-content\/uploads\/2025\/07\/7V9A8369-1536x864.jpg 1536w, https:\/\/napa.gl\/wp-content\/uploads\/2025\/07\/7V9A8369-2048x1152.jpg 2048w, https:\/\/napa.gl\/wp-content\/uploads\/2025\/07\/7V9A8369-700x394.jpg 700w, https:\/\/napa.gl\/wp-content\/uploads\/2025\/07\/7V9A8369-539x303.jpg 539w\" sizes=\"auto, (max-width: 300px) 100vw, 300px\" \/><\/div>\n\t\t<\/a>\n\t\t\t\t<div class=\"elementor-post__text\">\n\t\t\t\t<h5 class=\"elementor-post__title\">\n\t\t\t<a href=\"https:\/\/napa.gl\/da\/napa-nordens-institut-i-groenland-soeger-en-kommunikationsansvarlig\/\">\n\t\t\t\tNAPA, Nordens Institut i Gr\u00f8nland s\u00f8ger en kommunikationsansvarlig\t\t\t<\/a>\n\t\t<\/h5>\n\t\t\t\t<div class=\"elementor-post__excerpt\">\n\t\t\t<p>Er du en god formidler og har du lyst til at fremme arktiske perspektiver i hele Norden? Vi er en lille, nordisk institution under Nordisk Ministerr\u00e5d med entusiastiske medarbejdere, som gerne vil have en ny kollega! Din hovedopgave bliver at v\u00e6re i dialog med vores<\/p>\n\t\t<\/div>\n\t\t\n\t\t<a class=\"elementor-post__read-more\" href=\"https:\/\/napa.gl\/da\/napa-nordens-institut-i-groenland-soeger-en-kommunikationsansvarlig\/\" aria-label=\"Read more about NAPA, Nordens Institut i Gr\u00f8nland s\u00f8ger en kommunikationsansvarlig\" tabindex=\"-1\">\n\t\t\tL\u00e6s mere \u00bb\t\t<\/a>\n\n\t\t\t\t<\/div>\n\t\t\t\t<\/article>\n\t\t\t\t<article class=\"elementor-post elementor-grid-item post-38593 post type-post status-publish format-standard has-post-thumbnail hentry category-ledige-stillinger category-nyt\" role=\"listitem\">\n\t\t\t\t<a class=\"elementor-post__thumbnail__link\" href=\"https:\/\/napa.gl\/da\/napa-nordens-institut-i-groenland-soeger-raadgiver-og-projektleder\/\" tabindex=\"-1\">\n\t\t\t<div class=\"elementor-post__thumbnail\"><img loading=\"lazy\" decoding=\"async\" width=\"300\" height=\"212\" src=\"https:\/\/napa.gl\/wp-content\/uploads\/2025\/02\/kaisu-koivisto-1-scaled-1-300x212.jpg\" class=\"attachment-medium size-medium wp-image-37720\" alt=\"\" srcset=\"https:\/\/napa.gl\/wp-content\/uploads\/2025\/02\/kaisu-koivisto-1-scaled-1-300x212.jpg 300w, https:\/\/napa.gl\/wp-content\/uploads\/2025\/02\/kaisu-koivisto-1-scaled-1-1024x724.jpg 1024w, https:\/\/napa.gl\/wp-content\/uploads\/2025\/02\/kaisu-koivisto-1-scaled-1-768x543.jpg 768w, https:\/\/napa.gl\/wp-content\/uploads\/2025\/02\/kaisu-koivisto-1-scaled-1-1536x1086.jpg 1536w, https:\/\/napa.gl\/wp-content\/uploads\/2025\/02\/kaisu-koivisto-1-scaled-1-2048x1448.jpg 2048w, https:\/\/napa.gl\/wp-content\/uploads\/2025\/02\/kaisu-koivisto-1-scaled-1-700x495.jpg 700w\" sizes=\"auto, (max-width: 300px) 100vw, 300px\" \/><\/div>\n\t\t<\/a>\n\t\t\t\t<div class=\"elementor-post__text\">\n\t\t\t\t<h5 class=\"elementor-post__title\">\n\t\t\t<a href=\"https:\/\/napa.gl\/da\/napa-nordens-institut-i-groenland-soeger-raadgiver-og-projektleder\/\">\n\t\t\t\tNAPA, Nordens Institut i Gr\u00f8nland s\u00f8ger r\u00e5dgiver og projektleder\t\t\t<\/a>\n\t\t<\/h5>\n\t\t\t\t<div class=\"elementor-post__excerpt\">\n\t\t\t<p>Har du lyst til at arbejde i et flerkulturelt nordisk og arktisk f\u00e6llesskab?\u00a0 Vi er en lille, nordisk institution under Nordisk Ministerr\u00e5d med entusiastiske medarbejdere, der gl\u00e6der sig til at f\u00e5 en ny kollega! Vores vigtigste opgave er at s\u00f8rge for, at arktiske perspektiver bliver<\/p>\n\t\t<\/div>\n\t\t\n\t\t<a class=\"elementor-post__read-more\" href=\"https:\/\/napa.gl\/da\/napa-nordens-institut-i-groenland-soeger-raadgiver-og-projektleder\/\" aria-label=\"Read more about NAPA, Nordens Institut i Gr\u00f8nland s\u00f8ger r\u00e5dgiver og projektleder\" tabindex=\"-1\">\n\t\t\tL\u00e6s mere \u00bb\t\t<\/a>\n\n\t\t\t\t<\/div>\n\t\t\t\t<\/article>\n\t\t\t\t<\/div>\n\t\t\n\t\t\t\t\t\t<\/div>\n\t\t\t\t<\/div>\n\t\t\t\t\t<\/div>\n\t\t<\/div>\n\t\t\t\t<div class=\"elementor-column elementor-col-50 elementor-top-column elementor-element elementor-element-9a738d1\" data-id=\"9a738d1\" data-element_type=\"column\" data-e-type=\"column\">\n\t\t\t<div class=\"elementor-widget-wrap elementor-element-populated\">\n\t\t\t\t\t\t<section class=\"elementor-section elementor-inner-section elementor-element elementor-element-b29e01b elementor-section-content-top elementor-section-boxed elementor-section-height-default elementor-section-height-default parallax_section_no qode_elementor_container_no\" data-id=\"b29e01b\" data-element_type=\"section\" data-e-type=\"section\">\n\t\t\t\t\t\t<div class=\"elementor-container elementor-column-gap-default\">\n\t\t\t\t\t<div class=\"elementor-column elementor-col-100 elementor-inner-column elementor-element elementor-element-9b77456\" data-id=\"9b77456\" data-element_type=\"column\" data-e-type=\"column\">\n\t\t\t<div class=\"elementor-widget-wrap elementor-element-populated\">\n\t\t\t\t\t\t<div class=\"elementor-element elementor-element-65799e9 elementor-widget elementor-widget-post-info\" data-id=\"65799e9\" data-element_type=\"widget\" data-e-type=\"widget\" data-widget_type=\"post-info.default\">\n\t\t\t\t<div class=\"elementor-widget-container\">\n\t\t\t\t\t\t\t<ul class=\"elementor-icon-list-items elementor-post-info\">\n\t\t\t\t\t\t\t\t<li class=\"elementor-icon-list-item elementor-repeater-item-f857cc0\">\n\t\t\t\t\t\t\t\t\t\t<span class=\"elementor-icon-list-icon\">\n\t\t\t\t\t\t\t\t<i aria-hidden=\"true\" class=\"fas fa-info\"><\/i>\t\t\t\t\t\t\t<\/span>\n\t\t\t\t\t\t\t\t\t<span class=\"elementor-icon-list-text elementor-post-info__item elementor-post-info__item--type-custom\">\n\t\t\t\t\t\t\t\t\t\t\u00d8nsker du at vide mere? Kontakt:\t\t\t\t\t<\/span>\n\t\t\t\t\t\t\t\t<\/li>\n\t\t\t\t<\/ul>\n\t\t\t\t\t\t<\/div>\n\t\t\t\t<\/div>\n\t\t\t\t<div class=\"elementor-element elementor-element-e10e7c3 elementor-widget__width-initial elementor-widget elementor-widget-shortcode\" data-id=\"e10e7c3\" data-element_type=\"widget\" data-e-type=\"widget\" data-widget_type=\"shortcode.default\">\n\t\t\t\t<div class=\"elementor-widget-container\">\n\t\t\t\t\t\t\t<div class=\"elementor-shortcode\"><div style=\"padding-right:25px\">\r\n<div class=\"elementor-element elementor-element-fb4f07c elementor-widget elementor-widget-post-info\" data-id=\"fb4f07c\" data-element_type=\"widget\" data-widget_type=\"post-info.default\">\r\n\t\t\t\t<div class=\"elementor-widget-container\">\r\n\t\t\t\t\t<ul class=\"elementor-icon-list-items elementor-post-info\">\r\n                    <li class=\"elementor-icon-list-item elementor-repeater-item-f857cc0\">NAPA<\/li>\r\n\t\t\t\t\t<li class=\"elementor-icon-list-item elementor-repeater-item-f857cc0\">\r\n                      \r\n\t\t\t\t\t\t\t\t\t\r\n\t\t\t\t<\/li>\r\n                <li class=\"elementor-icon-list-item elementor-repeater-item-f857cc0\">\r\n                      \r\n\t\t\t\t\t\t\t\t\t\t\t<span class=\"elementor-icon-list-icon\">\r\n\t\t\t\t\t\t\t\t<i aria-hidden=\"true\" class=\"fas fa-envelope\"><\/i>\t\t\t\t\t\t\t<\/span>\r\n\t\t\t\t\t\t\t\t\t<span class=\"elementor-icon-list-text elementor-post-info__item elementor-post-info__item--type-custom\">\r\n\t\t\t\t\t\t\t\t\t\t<a style=\"color:#4054B2;\" href=\"mailto:napa@napa.gl\">napa@napa.gl<\/a>\t\t\t<\/span>\r\n\t\t\t\t\t\t\t\t\t\r\n\t\t\t\t<\/li>\r\n\t\t\t\t<\/ul>\r\n\t\t\t\t<\/div>\r\n\t\t\t\t<\/div>\r\n<\/div>  \r\n<\/div>\n\t\t\t\t\t\t<\/div>\n\t\t\t\t<\/div>\n\t\t\t\t\t<\/div>\n\t\t<\/div>\n\t\t\t\t\t<\/div>\n\t\t<\/section>\n\t\t\t\t\t<\/div>\n\t\t<\/div>\n\t\t\t\t\t<\/div>\n\t\t<\/section>\n\t\t\t\t<section class=\"elementor-section elementor-top-section elementor-element elementor-element-96b8f9d elementor-section-full_width elementor-section-height-default elementor-section-height-default parallax_section_no qode_elementor_container_no\" data-id=\"96b8f9d\" data-element_type=\"section\" data-e-type=\"section\">\n\t\t\t\t\t\t<div class=\"elementor-container elementor-column-gap-default\">\n\t\t\t\t\t<div class=\"elementor-column elementor-col-100 elementor-top-column elementor-element elementor-element-d34d4f5\" data-id=\"d34d4f5\" data-element_type=\"column\" data-e-type=\"column\">\n\t\t\t<div class=\"elementor-widget-wrap elementor-element-populated\">\n\t\t\t\t\t\t<div class=\"elementor-element elementor-element-8ff1459 elementor--h-position-center elementor--v-position-middle elementor-arrows-position-inside elementor-pagination-position-inside elementor-widget elementor-widget-slides\" data-id=\"8ff1459\" data-element_type=\"widget\" data-e-type=\"widget\" data-settings=\"{&quot;navigation&quot;:&quot;both&quot;,&quot;autoplay&quot;:&quot;yes&quot;,&quot;pause_on_hover&quot;:&quot;yes&quot;,&quot;pause_on_interaction&quot;:&quot;yes&quot;,&quot;autoplay_speed&quot;:5000,&quot;infinite&quot;:&quot;yes&quot;,&quot;transition&quot;:&quot;slide&quot;,&quot;transition_speed&quot;:500}\" data-widget_type=\"slides.default\">\n\t\t\t\t<div class=\"elementor-widget-container\">\n\t\t\t\t\t\t\t\t\t<div class=\"elementor-swiper\">\n\t\t\t\t\t<div class=\"elementor-slides-wrapper elementor-main-swiper swiper\" role=\"region\" aria-roledescription=\"carousel\" aria-label=\"Slides\" dir=\"ltr\" data-animation=\"fadeInUp\">\n\t\t\t\t<div class=\"swiper-wrapper elementor-slides\">\n\t\t\t\t\t\t\t\t\t\t<div class=\"elementor-repeater-item-8221675 swiper-slide\" role=\"group\" aria-roledescription=\"slide\"><div class=\"swiper-slide-bg\" role=\"img\" aria-label=\"MABR9529-kopi-scaled.jpg\"><\/div><a class=\"swiper-slide-inner\" href=\"https:\/\/napa.gl\/da\/om-os\/job-hos-napa\/napa-som-praktikplads\/\"><div class=\"swiper-slide-contents\"><div class=\"elementor-slide-heading\">NAPA som praktikplads<\/div><div class=\"elementor-slide-description\">Tag et kig ind i, hvordan NAPA er som praktikplads, og om de praktikanter vi har haft<\/div><div  class=\"elementor-button elementor-slide-button elementor-size-sm\">L\u00e6s mere<\/div><\/div><\/a><\/div>\t\t\t\t<\/div>\n\t\t\t\t\t\t\t<\/div>\n\t\t\t\t<\/div>\n\t\t\t\t\t\t\t\t<\/div>\n\t\t\t\t<\/div>\n\t\t\t\t\t<\/div>\n\t\t<\/div>\n\t\t\t\t\t<\/div>\n\t\t<\/section>\n\t\t\t\t<section class=\"elementor-section elementor-top-section elementor-element elementor-element-8b93a3a elementor-section-boxed elementor-section-height-default elementor-section-height-default parallax_section_no qode_elementor_container_no\" data-id=\"8b93a3a\" data-element_type=\"section\" data-e-type=\"section\">\n\t\t\t\t\t\t<div class=\"elementor-container elementor-column-gap-default\">\n\t\t\t\t\t<div class=\"elementor-column elementor-col-100 elementor-top-column elementor-element elementor-element-72e74ce\" data-id=\"72e74ce\" data-element_type=\"column\" data-e-type=\"column\">\n\t\t\t<div class=\"elementor-widget-wrap elementor-element-populated\">\n\t\t\t\t\t\t<div class=\"elementor-element elementor-element-637d0d1 elementor-widget elementor-widget-spacer\" data-id=\"637d0d1\" data-element_type=\"widget\" data-e-type=\"widget\" data-widget_type=\"spacer.default\">\n\t\t\t\t<div class=\"elementor-widget-container\">\n\t\t\t\t\t\t\t<div class=\"elementor-spacer\">\n\t\t\t<div class=\"elementor-spacer-inner\"><\/div>\n\t\t<\/div>\n\t\t\t\t\t\t<\/div>\n\t\t\t\t<\/div>\n\t\t\t\t\t<\/div>\n\t\t<\/div>\n\t\t\t\t\t<\/div>\n\t\t<\/section>\n\t\t\t\t<\/div>\n\t\t","protected":false},"excerpt":{"rendered":"<p>Ledige stillinger hos osHer kan du se, hvilke job-muligheder der er her p\u00e5 NAPA. NAPA som praktikpladsTag et kig ind i, hvordan NAPA er som praktikplads, og om de praktikanter vi har haftL\u00e6s mere<\/p>\n","protected":false},"author":24,"featured_media":22166,"parent":21907,"menu_order":0,"comment_status":"closed","ping_status":"closed","template":"","meta":{"footnotes":""},"categories":[169],"class_list":["post-28123","page","type-page","status-publish","has-post-thumbnail","hentry","category-atorfiit-inuttarsassiuutat-2"],"_links":{"self":[{"href":"https:\/\/napa.gl\/da\/wp-json\/wp\/v2\/pages\/28123","targetHints":{"allow":["GET"]}}],"collection":[{"href":"https:\/\/napa.gl\/da\/wp-json\/wp\/v2\/pages"}],"about":[{"href":"https:\/\/napa.gl\/da\/wp-json\/wp\/v2\/types\/page"}],"author":[{"embeddable":true,"href":"https:\/\/napa.gl\/da\/wp-json\/wp\/v2\/users\/24"}],"replies":[{"embeddable":true,"href":"https:\/\/napa.gl\/da\/wp-json\/wp\/v2\/comments?post=28123"}],"version-history":[{"count":39,"href":"https:\/\/napa.gl\/da\/wp-json\/wp\/v2\/pages\/28123\/revisions"}],"predecessor-version":[{"id":38094,"href":"https:\/\/napa.gl\/da\/wp-json\/wp\/v2\/pages\/28123\/revisions\/38094"}],"up":[{"embeddable":true,"href":"https:\/\/napa.gl\/da\/wp-json\/wp\/v2\/pages\/21907"}],"wp:featuredmedia":[{"embeddable":true,"href":"https:\/\/napa.gl\/da\/wp-json\/wp\/v2\/media\/22166"}],"wp:attachment":[{"href":"https:\/\/napa.gl\/da\/wp-json\/wp\/v2\/media?parent=28123"}],"wp:term":[{"taxonomy":"category","embeddable":true,"href":"https:\/\/napa.gl\/da\/wp-json\/wp\/v2\/categories?post=28123"}],"curies":[{"name":"wp","href":"https:\/\/api.w.org\/{rel}","templated":true}]}}