{"id":24789,"date":"2021-12-13T20:37:18","date_gmt":"2021-12-13T23:37:18","guid":{"rendered":"https:\/\/napa.gl\/test\/"},"modified":"2022-01-13T07:29:28","modified_gmt":"2022-01-13T10:29:28","slug":"nyhedsbrev","status":"publish","type":"page","link":"https:\/\/napa.gl\/da\/nyhedsbrev\/","title":{"rendered":"Tilmeld nyhedsbrev"},"content":{"rendered":"\t\t<div data-elementor-type=\"wp-page\" data-elementor-id=\"24789\" class=\"elementor elementor-24789 elementor-24801\" data-elementor-post-type=\"page\">\n\t\t\t\t\t\t<section class=\"elementor-section elementor-top-section elementor-element elementor-element-ad28709 elementor-section-boxed elementor-section-height-default elementor-section-height-default parallax_section_no qode_elementor_container_no\" data-id=\"ad28709\" data-element_type=\"section\" data-e-type=\"section\">\n\t\t\t\t\t\t<div class=\"elementor-container elementor-column-gap-default\">\n\t\t\t\t\t<div class=\"elementor-column elementor-col-100 elementor-top-column elementor-element elementor-element-41a2445\" data-id=\"41a2445\" data-element_type=\"column\" data-e-type=\"column\">\n\t\t\t<div class=\"elementor-widget-wrap elementor-element-populated\">\n\t\t\t\t\t\t<div class=\"elementor-element elementor-element-6612f78 elementor--h-position-center elementor--v-position-middle elementor-arrows-position-inside elementor-pagination-position-inside elementor-widget elementor-widget-slides\" data-id=\"6612f78\" data-element_type=\"widget\" data-e-type=\"widget\" data-settings=\"{&quot;navigation&quot;:&quot;both&quot;,&quot;autoplay&quot;:&quot;yes&quot;,&quot;pause_on_hover&quot;:&quot;yes&quot;,&quot;pause_on_interaction&quot;:&quot;yes&quot;,&quot;autoplay_speed&quot;:5000,&quot;infinite&quot;:&quot;yes&quot;,&quot;transition&quot;:&quot;slide&quot;,&quot;transition_speed&quot;:500}\" data-widget_type=\"slides.default\">\n\t\t\t\t<div class=\"elementor-widget-container\">\n\t\t\t\t\t\t\t\t\t<div class=\"elementor-swiper\">\n\t\t\t\t\t<div class=\"elementor-slides-wrapper elementor-main-swiper swiper\" role=\"region\" aria-roledescription=\"carousel\" aria-label=\"Dias (slides)\" dir=\"ltr\" data-animation=\"fadeInUp\">\n\t\t\t\t<div class=\"swiper-wrapper elementor-slides\">\n\t\t\t\t\t\t\t\t\t\t<div class=\"elementor-repeater-item-4bd807b swiper-slide\" role=\"group\" aria-roledescription=\"slide\"><div class=\"swiper-slide-bg\" role=\"img\" aria-label=\"Nordic Council session 2021 in Copenhagen.\"><\/div><div class=\"swiper-slide-inner\" ><div class=\"swiper-slide-contents\"><\/div><\/div><\/div>\t\t\t\t<\/div>\n\t\t\t\t\t\t\t<\/div>\n\t\t\t\t<\/div>\n\t\t\t\t\t\t\t\t<\/div>\n\t\t\t\t<\/div>\n\t\t\t\t<div class=\"elementor-element elementor-element-892a931 elementor-widget elementor-widget-heading\" data-id=\"892a931\" data-element_type=\"widget\" data-e-type=\"widget\" data-widget_type=\"heading.default\">\n\t\t\t\t<div class=\"elementor-widget-container\">\n\t\t\t\t\t<h2 class=\"elementor-heading-title elementor-size-default\">Tilmeld dig vores nyhedsbrev<\/h2>\t\t\t\t<\/div>\n\t\t\t\t<\/div>\n\t\t\t\t\t<\/div>\n\t\t<\/div>\n\t\t\t\t\t<\/div>\n\t\t<\/section>\n\t\t\t\t<section class=\"elementor-section elementor-top-section elementor-element elementor-element-d650fcd elementor-section-boxed elementor-section-height-default elementor-section-height-default parallax_section_no qode_elementor_container_no\" data-id=\"d650fcd\" data-element_type=\"section\" data-e-type=\"section\">\n\t\t\t\t\t\t<div class=\"elementor-container elementor-column-gap-default\">\n\t\t\t\t\t<div class=\"elementor-column elementor-col-100 elementor-top-column elementor-element elementor-element-535c170\" data-id=\"535c170\" data-element_type=\"column\" data-e-type=\"column\">\n\t\t\t<div class=\"elementor-widget-wrap elementor-element-populated\">\n\t\t\t\t\t\t<div class=\"elementor-element elementor-element-8f9a641 elementor-widget elementor-widget-text-editor\" data-id=\"8f9a641\" data-element_type=\"widget\" data-e-type=\"widget\" data-widget_type=\"text-editor.default\">\n\t\t\t\t<div class=\"elementor-widget-container\">\n\t\t\t\t\t\t\t\t\t<p>Tilmed dig her, hvis du \u00f8nsker at f\u00e5 information omkring Arktisk Samarbejdsprogram, Kulturst\u00f8tteprogrammet og\/eller NAPAs arbejde generelt.\u00a0<\/p>\t\t\t\t\t\t\t\t<\/div>\n\t\t\t\t<\/div>\n\t\t\t\t<div class=\"elementor-element elementor-element-0bdf6a6 elementor-widget elementor-widget-html\" data-id=\"0bdf6a6\" data-element_type=\"widget\" data-e-type=\"widget\" data-widget_type=\"html.default\">\n\t\t\t\t<div class=\"elementor-widget-container\">\n\t\t\t\t\t<!-- Begin Mailchimp Signup Form -->\r\n<link href=\"\/\/cdn-images.mailchimp.com\/embedcode\/classic-10_7_dtp.css\" rel=\"stylesheet\" type=\"text\/css\">\r\n<style type=\"text\/css\">\r\n\t#mc_embed_signup{background:#fff; clear:left; font:14px Helvetica,Arial,sans-serif; }\r\n\t\/* Add your own Mailchimp form style overrides in your site stylesheet or in this style block.\r\n\t   We recommend moving this block and the preceding CSS link to the HEAD of your HTML file. *\/\r\n<\/style>\r\n<div id=\"mc_embed_signup\">\r\n<form action=\"https:\/\/napa.us20.list-manage.com\/subscribe\/post?u=07cb920d0d2f1dd35b928172e&amp;id=1256d616af\" method=\"post\" id=\"mc-embedded-subscribe-form\" name=\"mc-embedded-subscribe-form\" class=\"validate\" target=\"_blank\" novalidate>\r\n    <div id=\"mc_embed_signup_scroll\">\r\n\t\r\n<div class=\"indicates-required\"><span class=\"asterisk\">*<\/span> Udfyld dette felt<\/div>\r\n<div class=\"mc-field-group\">\r\n\t<label for=\"mce-EMAIL\">Email  <span class=\"asterisk\">*<\/span>\r\n<\/label>\r\n\t<input type=\"email\" value=\"\" name=\"EMAIL\" class=\"required email\" id=\"mce-EMAIL\">\r\n<\/div>\r\n<div class=\"mc-field-group\">\r\n\t<label for=\"mce-NAME\">Navn  <span class=\"asterisk\">*<\/span>\r\n<\/label>\r\n\t<input type=\"text\" value=\"\" name=\"NAME\" class=\"required\" id=\"mce-NAME\">\r\n<\/div>\r\n<div class=\"mc-field-group input-group\">\r\n    <strong> Hvilke emner kunne du t\u00e6nke dig at f\u00e5 nyheder om? <\/strong>\r\n    <ul><li><input type=\"checkbox\" value=\"1\" name=\"group[168084][1]\" id=\"mce-group[168084]-168084-0\"><label for=\"mce-group[168084]-168084-0\">Arktisk Samarbejdsprogram<\/label><\/li>\r\n<li><input type=\"checkbox\" value=\"4\" name=\"group[168084][4]\" id=\"mce-group[168084]-168084-1\"><label for=\"mce-group[168084]-168084-1\">Kulturst\u00f8tteprogram<\/label><\/li>\r\n<li><input type=\"checkbox\" value=\"8\" name=\"group[168084][8]\" id=\"mce-group[168084]-168084-2\"><label for=\"mce-group[168084]-168084-2\">NAPA generel<\/label><\/li>\r\n<\/ul>\r\n<\/div>\r\n\t<div id=\"mce-responses\" class=\"clear foot\">\r\n\t\t<div class=\"response\" id=\"mce-error-response\" style=\"display:none\"><\/div>\r\n\t\t<div class=\"response\" id=\"mce-success-response\" style=\"display:none\"><\/div>\r\n\t<\/div>    <!-- real people should not fill this in and expect good things - do not remove this or risk form bot signups-->\r\n    <div style=\"position: absolute; left: -5000px;\" aria-hidden=\"true\"><input type=\"text\" name=\"b_07cb920d0d2f1dd35b928172e_1256d616af\" tabindex=\"-1\" value=\"\"><\/div>\r\n        <div class=\"optionalParent\">\r\n            <div class=\"clear foot\">\r\n                <input type=\"submit\" value=\"Tilmeld\" name=\"subscribe\" id=\"mc-embedded-subscribe\" class=\"button\">\r\n                <p class=\"brandingLogo\"><a href=\"http:\/\/eepurl.com\/hPWDiz\" title=\"Mailchimp - email marketing made easy and fun\" target=\"_blank\" rel=\"noopener\"><img decoding=\"async\" src=\"https:\/\/eep.io\/mc-cdn-images\/template_images\/branding_logo_text_dark_dtp.svg\"><\/a><\/p>\r\n            <\/div>\r\n        <\/div>\r\n    <\/div>\r\n<\/form>\r\n<\/div>\r\n<script type='text\/javascript' src='\/\/s3.amazonaws.com\/downloads.mailchimp.com\/js\/mc-validate.js'><\/script><script type='text\/javascript'>(function($) {window.fnames = new Array(); window.ftypes = new Array();fnames[0]='EMAIL';ftypes[0]='email';fnames[2]='NAME';ftypes[2]='text'; \/*\r\n * Translated default messages for the $ validation plugin.\r\n * Locale: DA\r\n *\/\r\n$.extend($.validator.messages, {\r\n\trequired: \"Dette felt er p\u00e5kr\u00e6vet.\",\r\n\tmaxlength: $.validator.format(\"Indtast h\u00f8jst {0} tegn.\"),\r\n\tminlength: $.validator.format(\"Indtast mindst {0} tegn.\"),\r\n\trangelength: $.validator.format(\"Indtast mindst {0} og h\u00f8jst {1} tegn.\"),\r\n\temail: \"Indtast en gyldig email-adresse.\",\r\n\turl: \"Indtast en gyldig URL.\",\r\n\tdate: \"Indtast en gyldig dato.\",\r\n\tnumber: \"Indtast et tal.\",\r\n\tdigits: \"Indtast kun cifre.\",\r\n\tequalTo: \"Indtast den samme v\u00e6rdi igen.\",\r\n\trange: $.validator.format(\"Angiv en v\u00e6rdi mellem {0} og {1}.\"),\r\n\tmax: $.validator.format(\"Angiv en v\u00e6rdi der h\u00f8jst er {0}.\"),\r\n\tmin: $.validator.format(\"Angiv en v\u00e6rdi der mindst er {0}.\"),\r\n\tcreditcard: \"Indtast et gyldigt kreditkortnummer.\"\r\n});}(jQuery));var $mcj = jQuery.noConflict(true);<\/script>\r\n<!--End mc_embed_signup-->\t\t\t\t<\/div>\n\t\t\t\t<\/div>\n\t\t\t\t\t<\/div>\n\t\t<\/div>\n\t\t\t\t\t<\/div>\n\t\t<\/section>\n\t\t\t\t<section class=\"elementor-section elementor-top-section elementor-element elementor-element-19af1e7 elementor-section-boxed elementor-section-height-default elementor-section-height-default parallax_section_no qode_elementor_container_no\" data-id=\"19af1e7\" data-element_type=\"section\" data-e-type=\"section\">\n\t\t\t\t\t\t<div class=\"elementor-container elementor-column-gap-default\">\n\t\t\t\t\t<div class=\"elementor-column elementor-col-100 elementor-top-column elementor-element elementor-element-63342bf\" data-id=\"63342bf\" data-element_type=\"column\" data-e-type=\"column\">\n\t\t\t<div class=\"elementor-widget-wrap elementor-element-populated\">\n\t\t\t\t\t\t<div class=\"elementor-element elementor-element-764c214 elementor-widget elementor-widget-spacer\" data-id=\"764c214\" data-element_type=\"widget\" data-e-type=\"widget\" data-widget_type=\"spacer.default\">\n\t\t\t\t<div class=\"elementor-widget-container\">\n\t\t\t\t\t\t\t<div class=\"elementor-spacer\">\n\t\t\t<div class=\"elementor-spacer-inner\"><\/div>\n\t\t<\/div>\n\t\t\t\t\t\t<\/div>\n\t\t\t\t<\/div>\n\t\t\t\t<div class=\"elementor-element elementor-element-eda1a9c elementor-widget elementor-widget-spacer\" data-id=\"eda1a9c\" data-element_type=\"widget\" data-e-type=\"widget\" data-widget_type=\"spacer.default\">\n\t\t\t\t<div class=\"elementor-widget-container\">\n\t\t\t\t\t\t\t<div class=\"elementor-spacer\">\n\t\t\t<div class=\"elementor-spacer-inner\"><\/div>\n\t\t<\/div>\n\t\t\t\t\t\t<\/div>\n\t\t\t\t<\/div>\n\t\t\t\t\t<\/div>\n\t\t<\/div>\n\t\t\t\t\t<\/div>\n\t\t<\/section>\n\t\t\t\t<\/div>\n\t\t","protected":false},"excerpt":{"rendered":"<p>Tilmeld dig vores nyhedsbrev Tilmed dig her, hvis du \u00f8nsker at f\u00e5 information omkring Arktisk Samarbejdsprogram, Kulturst\u00f8tteprogrammet og\/eller NAPAs arbejde generelt.\u00a0 * Udfyld dette felt Email * Navn * Hvilke emner kunne du t\u00e6nke dig at f\u00e5 nyheder om? Arktisk Samarbejdsprogram Kulturst\u00f8tteprogram NAPA generel<\/p>\n","protected":false},"author":24,"featured_media":0,"parent":0,"menu_order":0,"comment_status":"closed","ping_status":"closed","template":"","meta":{"footnotes":""},"categories":[],"class_list":["post-24789","page","type-page","status-publish","hentry"],"_links":{"self":[{"href":"https:\/\/napa.gl\/da\/wp-json\/wp\/v2\/pages\/24789","targetHints":{"allow":["GET"]}}],"collection":[{"href":"https:\/\/napa.gl\/da\/wp-json\/wp\/v2\/pages"}],"about":[{"href":"https:\/\/napa.gl\/da\/wp-json\/wp\/v2\/types\/page"}],"author":[{"embeddable":true,"href":"https:\/\/napa.gl\/da\/wp-json\/wp\/v2\/users\/24"}],"replies":[{"embeddable":true,"href":"https:\/\/napa.gl\/da\/wp-json\/wp\/v2\/comments?post=24789"}],"version-history":[{"count":85,"href":"https:\/\/napa.gl\/da\/wp-json\/wp\/v2\/pages\/24789\/revisions"}],"predecessor-version":[{"id":35918,"href":"https:\/\/napa.gl\/da\/wp-json\/wp\/v2\/pages\/24789\/revisions\/35918"}],"wp:attachment":[{"href":"https:\/\/napa.gl\/da\/wp-json\/wp\/v2\/media?parent=24789"}],"wp:term":[{"taxonomy":"category","embeddable":true,"href":"https:\/\/napa.gl\/da\/wp-json\/wp\/v2\/categories?post=24789"}],"curies":[{"name":"wp","href":"https:\/\/api.w.org\/{rel}","templated":true}]}}