{"id":23608,"date":"2021-11-20T21:55:49","date_gmt":"2021-11-21T00:55:49","guid":{"rendered":"https:\/\/napa.gl\/?page_id=23608"},"modified":"2026-03-17T12:58:53","modified_gmt":"2026-03-17T14:58:53","slug":"arktisk-samarbejdsprogram-hvad-skal-afrapporteringen-indeholde","status":"publish","type":"page","link":"https:\/\/napa.gl\/da\/arktisk-samarbejdsprogram\/arktisk-samarbejdsprogram-hvad-skal-afrapporteringen-indeholde\/","title":{"rendered":"Nordens Arktis Program &#8211; Hvad skal afrapporteringen indeholde?"},"content":{"rendered":"\t\t<div data-elementor-type=\"wp-page\" data-elementor-id=\"23608\" class=\"elementor elementor-23608\" data-elementor-post-type=\"page\">\n\t\t\t\t\t\t<section class=\"elementor-section elementor-top-section elementor-element elementor-element-ad9fd98 elementor-section-full_width elementor-section-height-default elementor-section-height-default parallax_section_no qode_elementor_container_no\" data-id=\"ad9fd98\" data-element_type=\"section\" data-e-type=\"section\">\n\t\t\t\t\t\t<div class=\"elementor-container elementor-column-gap-default\">\n\t\t\t\t\t<div class=\"elementor-column elementor-col-50 elementor-top-column elementor-element elementor-element-1897929\" data-id=\"1897929\" data-element_type=\"column\" data-e-type=\"column\">\n\t\t\t<div class=\"elementor-widget-wrap elementor-element-populated\">\n\t\t\t\t\t\t<div class=\"elementor-element elementor-element-473f0164 elementor-widget elementor-widget-heading\" data-id=\"473f0164\" data-element_type=\"widget\" data-e-type=\"widget\" data-widget_type=\"heading.default\">\n\t\t\t\t<div class=\"elementor-widget-container\">\n\t\t\t\t\t<h2 class=\"elementor-heading-title elementor-size-default\">Afrapportering <\/h2>\t\t\t\t<\/div>\n\t\t\t\t<\/div>\n\t\t\t\t<div class=\"elementor-element elementor-element-398c53fd elementor-widget elementor-widget-text-editor\" data-id=\"398c53fd\" data-element_type=\"widget\" data-e-type=\"widget\" data-widget_type=\"text-editor.default\">\n\t\t\t\t<div class=\"elementor-widget-container\">\n\t\t\t\t\t\t\t\t\t<p><strong><span class=\"NormalTextRun SCXW194363376 BCX0\">N\u00e5r dit projekt er gennemf\u00f8rt<\/span><span class=\"NormalTextRun SCXW194363376 BCX0\">,<\/span><span class=\"NormalTextRun SCXW194363376 BCX0\"> skal du afrapportere projektet til Nordens Arktis Program.<\/span><\/strong><\/p><p>Afrapportering til Nordens Arktis Program foreg\u00e5r online i ans\u00f8gningssystemet GrantOne.<\/p><p>NAPA modtager kun afrapporteringer udfyldt via GrantOne.<\/p><p>For at kunne afrapportere skal du logge dig ind p\u00e5 din ans\u00f8gning, og udfylde afrapporteringsskemaet.<\/p><p><strong>ER DIT PROJEKT AFSLUTTET?<\/strong><\/p><p>Afrapportering foretages senest 3 m\u00e5neder efter endt dato.<\/p><p><strong>GEN-ANS\u00d8GER DU?<\/strong><\/p><p>For at kunne gen-ans\u00f8ge skal du have afrapporteret i ans\u00f8gningsportalen.<\/p><p>Afrapportering med status p\u00e5 dit projekt foretages inden den 15. februar.<\/p><p>T\u00f8v ikke med at kontakte os p\u00e5 napa@napa.gl hvis du har sp\u00f8rgsm\u00e5l.<\/p><p>\u00a0<\/p><p style=\"background-color: #ffffff;\"><a href=\"https:\/\/napa.gl\/wp-content\/uploads\/2024\/08\/REGNSKAB_DK.xlsx\">Skabelon for regnskab<\/a><\/p>\t\t\t\t\t\t\t\t<\/div>\n\t\t\t\t<\/div>\n\t\t\t\t<div class=\"elementor-element elementor-element-f9ba1f0 elementor-widget elementor-widget-spacer\" data-id=\"f9ba1f0\" data-element_type=\"widget\" data-e-type=\"widget\" data-widget_type=\"spacer.default\">\n\t\t\t\t<div class=\"elementor-widget-container\">\n\t\t\t\t\t\t\t<div class=\"elementor-spacer\">\n\t\t\t<div class=\"elementor-spacer-inner\"><\/div>\n\t\t<\/div>\n\t\t\t\t\t\t<\/div>\n\t\t\t\t<\/div>\n\t\t\t\t<section class=\"elementor-section elementor-inner-section elementor-element elementor-element-5c332e5 elementor-section-content-top elementor-section-boxed elementor-section-height-default elementor-section-height-default parallax_section_no qode_elementor_container_no\" data-id=\"5c332e5\" data-element_type=\"section\" data-e-type=\"section\">\n\t\t\t\t\t\t<div class=\"elementor-container elementor-column-gap-default\">\n\t\t\t\t\t<div class=\"elementor-column elementor-col-100 elementor-inner-column elementor-element elementor-element-cdf24ae\" data-id=\"cdf24ae\" data-element_type=\"column\" data-e-type=\"column\">\n\t\t\t<div class=\"elementor-widget-wrap elementor-element-populated\">\n\t\t\t\t\t\t<div class=\"elementor-element elementor-element-880e443 elementor-align-left elementor-widget elementor-widget-button\" data-id=\"880e443\" data-element_type=\"widget\" data-e-type=\"widget\" data-widget_type=\"button.default\">\n\t\t\t\t<div class=\"elementor-widget-container\">\n\t\t\t\t\t\t\t\t\t<div class=\"elementor-button-wrapper\">\n\t\t\t\t\t<a class=\"elementor-button elementor-button-link elementor-size-sm\" href=\"https:\/\/napa.grant.nu\/profile\/#\/login\" target=\"_blank\" rel=\"noopener\">\n\t\t\t\t\t\t<span class=\"elementor-button-content-wrapper\">\n\t\t\t\t\t\t\t\t\t<span class=\"elementor-button-text\">Send ans\u00f8gning<\/span>\n\t\t\t\t\t<\/span>\n\t\t\t\t\t<\/a>\n\t\t\t\t<\/div>\n\t\t\t\t\t\t\t\t<\/div>\n\t\t\t\t<\/div>\n\t\t\t\t<div class=\"elementor-element elementor-element-c9297d1 elementor-widget elementor-widget-post-info\" data-id=\"c9297d1\" data-element_type=\"widget\" data-e-type=\"widget\" data-widget_type=\"post-info.default\">\n\t\t\t\t<div class=\"elementor-widget-container\">\n\t\t\t\t\t\t\t<ul class=\"elementor-icon-list-items elementor-post-info\">\n\t\t\t\t\t\t\t\t<li class=\"elementor-icon-list-item elementor-repeater-item-f857cc0\">\n\t\t\t\t\t\t\t\t\t\t<span class=\"elementor-icon-list-icon\">\n\t\t\t\t\t\t\t\t<i aria-hidden=\"true\" class=\"fas fa-info\"><\/i>\t\t\t\t\t\t\t<\/span>\n\t\t\t\t\t\t\t\t\t<span class=\"elementor-icon-list-text elementor-post-info__item elementor-post-info__item--type-custom\">\n\t\t\t\t\t\t\t\t\t\t\u00d8nsker du at vide mere? Kontakt:\t\t\t\t\t<\/span>\n\t\t\t\t\t\t\t\t<\/li>\n\t\t\t\t<\/ul>\n\t\t\t\t\t\t<\/div>\n\t\t\t\t<\/div>\n\t\t\t\t<div class=\"elementor-element elementor-element-8c206d9 elementor-widget elementor-widget-shortcode\" data-id=\"8c206d9\" data-element_type=\"widget\" data-e-type=\"widget\" data-widget_type=\"shortcode.default\">\n\t\t\t\t<div class=\"elementor-widget-container\">\n\t\t\t\t\t\t\t<div class=\"elementor-shortcode\"><div style=\"padding-right:25px\">\r\n<div class=\"elementor-element elementor-element-fb4f07c elementor-widget elementor-widget-post-info\" data-id=\"fb4f07c\" data-element_type=\"widget\" data-widget_type=\"post-info.default\">\r\n\t\t\t\t<div class=\"elementor-widget-container\">\r\n\t\t\t\t\t<ul class=\"elementor-icon-list-items elementor-post-info\">\r\n                    <li class=\"elementor-icon-list-item elementor-repeater-item-f857cc0\">NAPA<\/li>\r\n\t\t\t\t\t<li class=\"elementor-icon-list-item elementor-repeater-item-f857cc0\">\r\n                      \r\n\t\t\t\t\t\t\t\t\t\r\n\t\t\t\t<\/li>\r\n                <li class=\"elementor-icon-list-item elementor-repeater-item-f857cc0\">\r\n                      \r\n\t\t\t\t\t\t\t\t\t\t\t<span class=\"elementor-icon-list-icon\">\r\n\t\t\t\t\t\t\t\t<i aria-hidden=\"true\" class=\"fas fa-envelope\"><\/i>\t\t\t\t\t\t\t<\/span>\r\n\t\t\t\t\t\t\t\t\t<span class=\"elementor-icon-list-text elementor-post-info__item elementor-post-info__item--type-custom\">\r\n\t\t\t\t\t\t\t\t\t\t<a style=\"color:#4054B2;\" href=\"mailto:napa@napa.gl\">napa@napa.gl<\/a>\t\t\t<\/span>\r\n\t\t\t\t\t\t\t\t\t\r\n\t\t\t\t<\/li>\r\n\t\t\t\t<\/ul>\r\n\t\t\t\t<\/div>\r\n\t\t\t\t<\/div>\r\n<\/div>  \r\n<\/div>\n\t\t\t\t\t\t<\/div>\n\t\t\t\t<\/div>\n\t\t\t\t\t<\/div>\n\t\t<\/div>\n\t\t\t\t\t<\/div>\n\t\t<\/section>\n\t\t\t\t\t<\/div>\n\t\t<\/div>\n\t\t\t\t<div class=\"elementor-column elementor-col-50 elementor-top-column elementor-element elementor-element-44e69818\" data-id=\"44e69818\" data-element_type=\"column\" data-e-type=\"column\">\n\t\t\t<div class=\"elementor-widget-wrap elementor-element-populated\">\n\t\t\t\t\t\t<div class=\"elementor-element elementor-element-566cb7a8 elementor-widget elementor-widget-image\" data-id=\"566cb7a8\" data-element_type=\"widget\" data-e-type=\"widget\" data-widget_type=\"image.default\">\n\t\t\t\t<div class=\"elementor-widget-container\">\n\t\t\t\t\t\t\t\t\t\t\t\t<figure class=\"wp-caption\">\n\t\t\t\t\t\t\t\t\t\t<img loading=\"lazy\" decoding=\"async\" width=\"683\" height=\"1024\" src=\"https:\/\/napa.gl\/wp-content\/uploads\/2025\/01\/visit-greenland-eqV_JnKi4vc-unsplash-683x1024.jpg\" class=\"attachment-large size-large wp-image-36572\" alt=\"\" srcset=\"https:\/\/napa.gl\/wp-content\/uploads\/2025\/01\/visit-greenland-eqV_JnKi4vc-unsplash-683x1024.jpg 683w, https:\/\/napa.gl\/wp-content\/uploads\/2025\/01\/visit-greenland-eqV_JnKi4vc-unsplash-200x300.jpg 200w, https:\/\/napa.gl\/wp-content\/uploads\/2025\/01\/visit-greenland-eqV_JnKi4vc-unsplash-768x1152.jpg 768w, https:\/\/napa.gl\/wp-content\/uploads\/2025\/01\/visit-greenland-eqV_JnKi4vc-unsplash-1024x1536.jpg 1024w, https:\/\/napa.gl\/wp-content\/uploads\/2025\/01\/visit-greenland-eqV_JnKi4vc-unsplash-1365x2048.jpg 1365w, https:\/\/napa.gl\/wp-content\/uploads\/2025\/01\/visit-greenland-eqV_JnKi4vc-unsplash-700x1050.jpg 700w, https:\/\/napa.gl\/wp-content\/uploads\/2025\/01\/visit-greenland-eqV_JnKi4vc-unsplash-scaled.jpg 1707w\" sizes=\"auto, (max-width: 683px) 100vw, 683px\" \/>\t\t\t\t\t\t\t\t\t\t\t<figcaption class=\"widget-image-caption wp-caption-text\">Foto: Visit Greenland<\/figcaption>\n\t\t\t\t\t\t\t\t\t\t<\/figure>\n\t\t\t\t\t\t\t\t\t<\/div>\n\t\t\t\t<\/div>\n\t\t\t\t\t<\/div>\n\t\t<\/div>\n\t\t\t\t\t<\/div>\n\t\t<\/section>\n\t\t\t\t<section class=\"elementor-section elementor-top-section elementor-element elementor-element-a0ba747 elementor-section-boxed elementor-section-height-default elementor-section-height-default parallax_section_no qode_elementor_container_no\" data-id=\"a0ba747\" data-element_type=\"section\" data-e-type=\"section\">\n\t\t\t\t\t\t<div class=\"elementor-container elementor-column-gap-default\">\n\t\t\t\t\t<div class=\"elementor-column elementor-col-100 elementor-top-column elementor-element elementor-element-c33e553\" data-id=\"c33e553\" data-element_type=\"column\" data-e-type=\"column\">\n\t\t\t<div class=\"elementor-widget-wrap elementor-element-populated\">\n\t\t\t\t\t\t<div class=\"elementor-element elementor-element-f19207b elementor-widget elementor-widget-spacer\" data-id=\"f19207b\" data-element_type=\"widget\" data-e-type=\"widget\" data-widget_type=\"spacer.default\">\n\t\t\t\t<div class=\"elementor-widget-container\">\n\t\t\t\t\t\t\t<div class=\"elementor-spacer\">\n\t\t\t<div class=\"elementor-spacer-inner\"><\/div>\n\t\t<\/div>\n\t\t\t\t\t\t<\/div>\n\t\t\t\t<\/div>\n\t\t\t\t\t<\/div>\n\t\t<\/div>\n\t\t\t\t\t<\/div>\n\t\t<\/section>\n\t\t\t\t<section class=\"elementor-section elementor-top-section elementor-element elementor-element-14a7057e elementor-section-full_width elementor-section-height-default elementor-section-height-default parallax_section_no qode_elementor_container_no\" data-id=\"14a7057e\" data-element_type=\"section\" data-e-type=\"section\">\n\t\t\t\t\t\t<div class=\"elementor-container elementor-column-gap-default\">\n\t\t\t\t\t<div class=\"elementor-column elementor-col-33 elementor-top-column elementor-element elementor-element-281d422f\" data-id=\"281d422f\" data-element_type=\"column\" data-e-type=\"column\">\n\t\t\t<div class=\"elementor-widget-wrap elementor-element-populated\">\n\t\t\t\t\t\t<div class=\"elementor-element elementor-element-6d0cd1c9 elementor--v-position-bottom elementor--h-position-left elementor-arrows-position-inside elementor-pagination-position-inside elementor-widget elementor-widget-slides\" data-id=\"6d0cd1c9\" data-element_type=\"widget\" data-e-type=\"widget\" data-settings=\"{&quot;navigation&quot;:&quot;both&quot;,&quot;autoplay&quot;:&quot;yes&quot;,&quot;pause_on_hover&quot;:&quot;yes&quot;,&quot;pause_on_interaction&quot;:&quot;yes&quot;,&quot;autoplay_speed&quot;:5000,&quot;infinite&quot;:&quot;yes&quot;,&quot;transition&quot;:&quot;slide&quot;,&quot;transition_speed&quot;:500}\" data-widget_type=\"slides.default\">\n\t\t\t\t<div class=\"elementor-widget-container\">\n\t\t\t\t\t\t\t\t\t<div class=\"elementor-swiper\">\n\t\t\t\t\t<div class=\"elementor-slides-wrapper elementor-main-swiper swiper\" role=\"region\" aria-roledescription=\"carousel\" aria-label=\"Slides\" dir=\"ltr\" data-animation=\"fadeInUp\">\n\t\t\t\t<div class=\"swiper-wrapper elementor-slides\">\n\t\t\t\t\t\t\t\t\t\t<div class=\"elementor-repeater-item-8221675 swiper-slide\" role=\"group\" aria-roledescription=\"slide\"><div class=\"swiper-slide-bg\"><\/div><a class=\"swiper-slide-inner\" href=\"https:\/\/napa.gl\/da\/kriterier-for-stoette-i-arktisk-samarbeidsprogram\/\"><div class=\"swiper-slide-contents\"><div class=\"elementor-slide-heading\">Kriterier for st\u00f8tte<\/div><div  class=\"elementor-button elementor-slide-button elementor-size-sm\">L\u00e6s mere<\/div><\/div><\/a><\/div>\t\t\t\t<\/div>\n\t\t\t\t\t\t\t<\/div>\n\t\t\t\t<\/div>\n\t\t\t\t\t\t\t\t<\/div>\n\t\t\t\t<\/div>\n\t\t\t\t\t<\/div>\n\t\t<\/div>\n\t\t\t\t<div class=\"elementor-column elementor-col-33 elementor-top-column elementor-element elementor-element-5d830e4\" data-id=\"5d830e4\" data-element_type=\"column\" data-e-type=\"column\">\n\t\t\t<div class=\"elementor-widget-wrap elementor-element-populated\">\n\t\t\t\t\t\t<div class=\"elementor-element elementor-element-728acae9 elementor--h-position-left elementor--v-position-bottom elementor-arrows-position-inside elementor-pagination-position-inside elementor-widget elementor-widget-slides\" data-id=\"728acae9\" data-element_type=\"widget\" data-e-type=\"widget\" data-settings=\"{&quot;navigation&quot;:&quot;both&quot;,&quot;autoplay&quot;:&quot;yes&quot;,&quot;pause_on_hover&quot;:&quot;yes&quot;,&quot;pause_on_interaction&quot;:&quot;yes&quot;,&quot;autoplay_speed&quot;:5000,&quot;infinite&quot;:&quot;yes&quot;,&quot;transition&quot;:&quot;slide&quot;,&quot;transition_speed&quot;:500}\" data-widget_type=\"slides.default\">\n\t\t\t\t<div class=\"elementor-widget-container\">\n\t\t\t\t\t\t\t\t\t<div class=\"elementor-swiper\">\n\t\t\t\t\t<div class=\"elementor-slides-wrapper elementor-main-swiper swiper\" role=\"region\" aria-roledescription=\"carousel\" aria-label=\"Slides\" dir=\"ltr\" data-animation=\"fadeInUp\">\n\t\t\t\t<div class=\"swiper-wrapper elementor-slides\">\n\t\t\t\t\t\t\t\t\t\t<div class=\"elementor-repeater-item-8221675 swiper-slide\" role=\"group\" aria-roledescription=\"slide\"><div class=\"swiper-slide-bg\"><\/div><a class=\"swiper-slide-inner\" href=\"https:\/\/napa.gl\/da\/arktisk-samarbejdsprogram-hvad-skal-ansoegningen-indeholde\/\"><div class=\"swiper-slide-contents\"><div class=\"elementor-slide-heading\">Hvad skal ans\u00f8gningen indeholde?<\/div><div  class=\"elementor-button elementor-slide-button elementor-size-sm\">L\u00e6s mere<\/div><\/div><\/a><\/div>\t\t\t\t<\/div>\n\t\t\t\t\t\t\t<\/div>\n\t\t\t\t<\/div>\n\t\t\t\t\t\t\t\t<\/div>\n\t\t\t\t<\/div>\n\t\t\t\t\t<\/div>\n\t\t<\/div>\n\t\t\t\t<div class=\"elementor-column elementor-col-33 elementor-top-column elementor-element elementor-element-4fe997af\" data-id=\"4fe997af\" data-element_type=\"column\" data-e-type=\"column\">\n\t\t\t<div class=\"elementor-widget-wrap elementor-element-populated\">\n\t\t\t\t\t\t<div class=\"elementor-element elementor-element-67a7ad85 elementor--h-position-left elementor--v-position-top elementor-arrows-position-inside elementor-pagination-position-inside elementor-widget elementor-widget-slides\" data-id=\"67a7ad85\" data-element_type=\"widget\" data-e-type=\"widget\" data-settings=\"{&quot;navigation&quot;:&quot;both&quot;,&quot;autoplay&quot;:&quot;yes&quot;,&quot;pause_on_hover&quot;:&quot;yes&quot;,&quot;pause_on_interaction&quot;:&quot;yes&quot;,&quot;autoplay_speed&quot;:5000,&quot;infinite&quot;:&quot;yes&quot;,&quot;transition&quot;:&quot;slide&quot;,&quot;transition_speed&quot;:500}\" data-widget_type=\"slides.default\">\n\t\t\t\t<div class=\"elementor-widget-container\">\n\t\t\t\t\t\t\t\t\t<div class=\"elementor-swiper\">\n\t\t\t\t\t<div class=\"elementor-slides-wrapper elementor-main-swiper swiper\" role=\"region\" aria-roledescription=\"carousel\" aria-label=\"Slides\" dir=\"ltr\" data-animation=\"fadeInUp\">\n\t\t\t\t<div class=\"swiper-wrapper elementor-slides\">\n\t\t\t\t\t\t\t\t\t\t<div class=\"elementor-repeater-item-8221675 swiper-slide\" role=\"group\" aria-roledescription=\"slide\"><div class=\"swiper-slide-bg\"><\/div><a class=\"swiper-slide-inner\" href=\"https:\/\/napa.gl\/da\/arktisk-samarbejdsprogram\/arktisk-samarbejdsprogram-organisering-og-ansoegningsproces\/\"><div class=\"swiper-slide-contents\"><div class=\"elementor-slide-heading\">Organisering og ans\u00f8gnings-<br>proces<\/div><div  class=\"elementor-button elementor-slide-button elementor-size-sm\">L\u00e6s mere<\/div><\/div><\/a><\/div>\t\t\t\t<\/div>\n\t\t\t\t\t\t\t<\/div>\n\t\t\t\t<\/div>\n\t\t\t\t\t\t\t\t<\/div>\n\t\t\t\t<\/div>\n\t\t\t\t\t<\/div>\n\t\t<\/div>\n\t\t\t\t\t<\/div>\n\t\t<\/section>\n\t\t\t\t<section class=\"elementor-section elementor-top-section elementor-element elementor-element-39c89c3 elementor-section-full_width elementor-section-height-default elementor-section-height-default parallax_section_no qode_elementor_container_no\" data-id=\"39c89c3\" data-element_type=\"section\" data-e-type=\"section\">\n\t\t\t\t\t\t<div class=\"elementor-container elementor-column-gap-default\">\n\t\t\t\t\t<div class=\"elementor-column elementor-col-33 elementor-top-column elementor-element elementor-element-9aa7d7d\" data-id=\"9aa7d7d\" data-element_type=\"column\" data-e-type=\"column\">\n\t\t\t<div class=\"elementor-widget-wrap elementor-element-populated\">\n\t\t\t\t\t\t<div class=\"elementor-element elementor-element-c03204c elementor--h-position-center elementor--v-position-middle elementor-arrows-position-inside elementor-pagination-position-inside elementor-widget elementor-widget-slides\" data-id=\"c03204c\" data-element_type=\"widget\" data-e-type=\"widget\" data-settings=\"{&quot;navigation&quot;:&quot;both&quot;,&quot;autoplay&quot;:&quot;yes&quot;,&quot;pause_on_hover&quot;:&quot;yes&quot;,&quot;pause_on_interaction&quot;:&quot;yes&quot;,&quot;autoplay_speed&quot;:5000,&quot;infinite&quot;:&quot;yes&quot;,&quot;transition&quot;:&quot;slide&quot;,&quot;transition_speed&quot;:500}\" data-widget_type=\"slides.default\">\n\t\t\t\t<div class=\"elementor-widget-container\">\n\t\t\t\t\t\t\t\t\t<div class=\"elementor-swiper\">\n\t\t\t\t\t<div class=\"elementor-slides-wrapper elementor-main-swiper swiper\" role=\"region\" aria-roledescription=\"carousel\" aria-label=\"Slides\" dir=\"ltr\" data-animation=\"fadeInUp\">\n\t\t\t\t<div class=\"swiper-wrapper elementor-slides\">\n\t\t\t\t\t\t\t\t\t\t<div class=\"elementor-repeater-item-4216bbb swiper-slide\" role=\"group\" aria-roledescription=\"slide\"><div class=\"swiper-slide-bg\"><\/div><a class=\"swiper-slide-inner\" href=\"https:\/\/napa.gl\/da\/tal-og-statistik-for-det-arktiske-samarbejdsprogram\/\"><div class=\"swiper-slide-contents\"><div class=\"elementor-slide-heading\">Tal og statistik<\/div><div class=\"elementor-slide-description\">over\u00a0hvad programmet har opn\u00e5et<\/div><div  class=\"elementor-button elementor-slide-button elementor-size-sm\">L\u00e6s mere<\/div><\/div><\/a><\/div>\t\t\t\t<\/div>\n\t\t\t\t\t\t\t<\/div>\n\t\t\t\t<\/div>\n\t\t\t\t\t\t\t\t<\/div>\n\t\t\t\t<\/div>\n\t\t\t\t\t<\/div>\n\t\t<\/div>\n\t\t\t\t<div class=\"elementor-column elementor-col-33 elementor-top-column elementor-element elementor-element-ce93e72\" data-id=\"ce93e72\" data-element_type=\"column\" data-e-type=\"column\">\n\t\t\t<div class=\"elementor-widget-wrap elementor-element-populated\">\n\t\t\t\t\t\t<div class=\"elementor-element elementor-element-7f763ce elementor--h-position-center elementor--v-position-middle elementor-arrows-position-inside elementor-pagination-position-inside elementor-widget elementor-widget-slides\" data-id=\"7f763ce\" data-element_type=\"widget\" data-e-type=\"widget\" data-settings=\"{&quot;navigation&quot;:&quot;both&quot;,&quot;autoplay&quot;:&quot;yes&quot;,&quot;pause_on_hover&quot;:&quot;yes&quot;,&quot;pause_on_interaction&quot;:&quot;yes&quot;,&quot;autoplay_speed&quot;:5000,&quot;infinite&quot;:&quot;yes&quot;,&quot;transition&quot;:&quot;slide&quot;,&quot;transition_speed&quot;:500}\" data-widget_type=\"slides.default\">\n\t\t\t\t<div class=\"elementor-widget-container\">\n\t\t\t\t\t\t\t\t\t<div class=\"elementor-swiper\">\n\t\t\t\t\t<div class=\"elementor-slides-wrapper elementor-main-swiper swiper\" role=\"region\" aria-roledescription=\"carousel\" aria-label=\"Slides\" dir=\"ltr\" data-animation=\"fadeInUp\">\n\t\t\t\t<div class=\"swiper-wrapper elementor-slides\">\n\t\t\t\t\t\t\t\t\t\t<div class=\"elementor-repeater-item-4216bbb swiper-slide\" role=\"group\" aria-roledescription=\"slide\"><div class=\"swiper-slide-bg\"><\/div><a class=\"swiper-slide-inner\" href=\"https:\/\/napa.gl\/da\/arktisk-samarbejdsprogram\/artikler-og-nyheder-om-arktisk-samarbejdsprogram\/\" target=\"_blank\"><div class=\"swiper-slide-contents\"><div class=\"elementor-slide-heading\">Se eksempler<\/div><div class=\"elementor-slide-description\">p\u00e5 hvem som tidligere har f\u00e5et st\u00f8tte fra Arktisk Samarbejdsprogram<\/div><div  class=\"elementor-button elementor-slide-button elementor-size-sm\">L\u00e6s mere<\/div><\/div><\/a><\/div>\t\t\t\t<\/div>\n\t\t\t\t\t\t\t<\/div>\n\t\t\t\t<\/div>\n\t\t\t\t\t\t\t\t<\/div>\n\t\t\t\t<\/div>\n\t\t\t\t\t<\/div>\n\t\t<\/div>\n\t\t\t\t<div class=\"elementor-column elementor-col-33 elementor-top-column elementor-element elementor-element-abadcc3\" data-id=\"abadcc3\" data-element_type=\"column\" data-e-type=\"column\">\n\t\t\t<div class=\"elementor-widget-wrap elementor-element-populated\">\n\t\t\t\t\t\t<div class=\"elementor-element elementor-element-e28c906 elementor--h-position-center elementor--v-position-middle elementor-arrows-position-inside elementor-pagination-position-inside elementor-widget elementor-widget-slides\" data-id=\"e28c906\" data-element_type=\"widget\" data-e-type=\"widget\" data-settings=\"{&quot;navigation&quot;:&quot;both&quot;,&quot;autoplay&quot;:&quot;yes&quot;,&quot;pause_on_hover&quot;:&quot;yes&quot;,&quot;pause_on_interaction&quot;:&quot;yes&quot;,&quot;autoplay_speed&quot;:5000,&quot;infinite&quot;:&quot;yes&quot;,&quot;transition&quot;:&quot;slide&quot;,&quot;transition_speed&quot;:500}\" data-widget_type=\"slides.default\">\n\t\t\t\t<div class=\"elementor-widget-container\">\n\t\t\t\t\t\t\t\t\t<div class=\"elementor-swiper\">\n\t\t\t\t\t<div class=\"elementor-slides-wrapper elementor-main-swiper swiper\" role=\"region\" aria-roledescription=\"carousel\" aria-label=\"Slides\" dir=\"ltr\" data-animation=\"fadeInUp\">\n\t\t\t\t<div class=\"swiper-wrapper elementor-slides\">\n\t\t\t\t\t\t\t\t\t\t<div class=\"elementor-repeater-item-4216bbb swiper-slide\" role=\"group\" aria-roledescription=\"slide\"><div class=\"swiper-slide-bg\"><\/div><a class=\"swiper-slide-inner\" href=\"https:\/\/napa.gl\/da\/spoergsmaal-og-svar-om-arktisk-samarbejdsprogram\/\" target=\"_blank\"><div class=\"swiper-slide-contents\"><div class=\"elementor-slide-heading\"> Sp\u00f8rgsm\u00e5l og svar<\/div><div class=\"elementor-slide-description\">om Arktisk samarbejdsprogram<\/div><div  class=\"elementor-button elementor-slide-button elementor-size-sm\">L\u00e6s mere<\/div><\/div><\/a><\/div>\t\t\t\t<\/div>\n\t\t\t\t\t\t\t<\/div>\n\t\t\t\t<\/div>\n\t\t\t\t\t\t\t\t<\/div>\n\t\t\t\t<\/div>\n\t\t\t\t\t<\/div>\n\t\t<\/div>\n\t\t\t\t\t<\/div>\n\t\t<\/section>\n\t\t\t\t<section class=\"elementor-section elementor-top-section elementor-element elementor-element-c48d931 elementor-section-boxed elementor-section-height-default elementor-section-height-default parallax_section_no qode_elementor_container_no\" data-id=\"c48d931\" data-element_type=\"section\" data-e-type=\"section\">\n\t\t\t\t\t\t<div class=\"elementor-container elementor-column-gap-default\">\n\t\t\t\t\t<div class=\"elementor-column elementor-col-100 elementor-top-column elementor-element elementor-element-74edd2a\" data-id=\"74edd2a\" data-element_type=\"column\" data-e-type=\"column\">\n\t\t\t<div class=\"elementor-widget-wrap elementor-element-populated\">\n\t\t\t\t\t\t<div class=\"elementor-element elementor-element-d3661c0 elementor-widget elementor-widget-spacer\" data-id=\"d3661c0\" data-element_type=\"widget\" data-e-type=\"widget\" data-widget_type=\"spacer.default\">\n\t\t\t\t<div class=\"elementor-widget-container\">\n\t\t\t\t\t\t\t<div class=\"elementor-spacer\">\n\t\t\t<div class=\"elementor-spacer-inner\"><\/div>\n\t\t<\/div>\n\t\t\t\t\t\t<\/div>\n\t\t\t\t<\/div>\n\t\t\t\t\t<\/div>\n\t\t<\/div>\n\t\t\t\t\t<\/div>\n\t\t<\/section>\n\t\t\t\t<\/div>\n\t\t","protected":false},"excerpt":{"rendered":"<p>Afrapportering N\u00e5r dit projekt er gennemf\u00f8rt, skal du afrapportere projektet til Nordens Arktis Program. Afrapportering til Nordens Arktis Program foreg\u00e5r online i ans\u00f8gningssystemet GrantOne. NAPA modtager kun afrapporteringer udfyldt via GrantOne. For at kunne afrapportere skal du logge dig ind p\u00e5 din ans\u00f8gning, og udfylde&#8230;<\/p>\n","protected":false},"author":24,"featured_media":0,"parent":23295,"menu_order":0,"comment_status":"closed","ping_status":"closed","template":"","meta":{"footnotes":""},"categories":[170,141,147],"class_list":["post-23608","page","type-page","status-publish","hentry","category-nordic-arcticprogramme","category-arktiske-perspektiver","category-stoette"],"_links":{"self":[{"href":"https:\/\/napa.gl\/da\/wp-json\/wp\/v2\/pages\/23608","targetHints":{"allow":["GET"]}}],"collection":[{"href":"https:\/\/napa.gl\/da\/wp-json\/wp\/v2\/pages"}],"about":[{"href":"https:\/\/napa.gl\/da\/wp-json\/wp\/v2\/types\/page"}],"author":[{"embeddable":true,"href":"https:\/\/napa.gl\/da\/wp-json\/wp\/v2\/users\/24"}],"replies":[{"embeddable":true,"href":"https:\/\/napa.gl\/da\/wp-json\/wp\/v2\/comments?post=23608"}],"version-history":[{"count":72,"href":"https:\/\/napa.gl\/da\/wp-json\/wp\/v2\/pages\/23608\/revisions"}],"predecessor-version":[{"id":40549,"href":"https:\/\/napa.gl\/da\/wp-json\/wp\/v2\/pages\/23608\/revisions\/40549"}],"up":[{"embeddable":true,"href":"https:\/\/napa.gl\/da\/wp-json\/wp\/v2\/pages\/23295"}],"wp:attachment":[{"href":"https:\/\/napa.gl\/da\/wp-json\/wp\/v2\/media?parent=23608"}],"wp:term":[{"taxonomy":"category","embeddable":true,"href":"https:\/\/napa.gl\/da\/wp-json\/wp\/v2\/categories?post=23608"}],"curies":[{"name":"wp","href":"https:\/\/api.w.org\/{rel}","templated":true}]}}