{"id":21143,"date":"2021-03-09T10:16:37","date_gmt":"2021-03-09T13:16:37","guid":{"rendered":"https:\/\/napa.gl\/?page_id=21143"},"modified":"2021-08-13T18:52:57","modified_gmt":"2021-08-13T20:52:57","slug":"tamassa-aaben-raadgivning","status":"publish","type":"page","link":"https:\/\/napa.gl\/da\/tamassa-aaben-raadgivning\/","title":{"rendered":"Tamassa: \u00c5ben r\u00e5dgivning"},"content":{"rendered":"\t\t<div data-elementor-type=\"wp-page\" data-elementor-id=\"21143\" class=\"elementor elementor-21143\" data-elementor-post-type=\"page\">\n\t\t\t\t\t\t<section class=\"elementor-section elementor-top-section elementor-element elementor-element-70e2abc2 elementor-section-boxed elementor-section-height-default elementor-section-height-default parallax_section_no qode_elementor_container_no\" data-id=\"70e2abc2\" data-element_type=\"section\" data-e-type=\"section\">\n\t\t\t\t\t\t<div class=\"elementor-container elementor-column-gap-default\">\n\t\t\t\t\t<div class=\"elementor-column elementor-col-100 elementor-top-column elementor-element elementor-element-711c1033\" data-id=\"711c1033\" data-element_type=\"column\" data-e-type=\"column\">\n\t\t\t<div class=\"elementor-widget-wrap elementor-element-populated\">\n\t\t\t\t\t\t<div class=\"elementor-element elementor-element-11cb7353 elementor-widget elementor-widget-gallery\" data-id=\"11cb7353\" data-element_type=\"widget\" data-e-type=\"widget\" data-settings=\"{&quot;gallery_layout&quot;:&quot;justified&quot;,&quot;ideal_row_height&quot;:{&quot;unit&quot;:&quot;px&quot;,&quot;size&quot;:&quot;400&quot;,&quot;sizes&quot;:[]},&quot;ideal_row_height_tablet&quot;:{&quot;unit&quot;:&quot;px&quot;,&quot;size&quot;:&quot;300&quot;,&quot;sizes&quot;:[]},&quot;gap_tablet&quot;:{&quot;unit&quot;:&quot;px&quot;,&quot;size&quot;:&quot;50&quot;,&quot;sizes&quot;:[]},&quot;gap_mobile&quot;:{&quot;unit&quot;:&quot;px&quot;,&quot;size&quot;:&quot;20&quot;,&quot;sizes&quot;:[]},&quot;ideal_row_height_mobile&quot;:{&quot;unit&quot;:&quot;px&quot;,&quot;size&quot;:150,&quot;sizes&quot;:[]},&quot;gap&quot;:{&quot;unit&quot;:&quot;px&quot;,&quot;size&quot;:10,&quot;sizes&quot;:[]},&quot;link_to&quot;:&quot;file&quot;,&quot;content_hover_animation&quot;:&quot;fade-in&quot;}\" data-widget_type=\"gallery.default\">\n\t\t\t\t<div class=\"elementor-widget-container\">\n\t\t\t\t\t\t\t<div class=\"elementor-gallery__container\">\n\t\t\t\t\t\t\t<a class=\"e-gallery-item elementor-gallery-item elementor-animated-content\" href=\"https:\/\/napa.gl\/wp-content\/uploads\/2021\/03\/ULihJ69wStieHXcflEqnw-scaled.jpg\" data-elementor-open-lightbox=\"yes\" data-elementor-lightbox-slideshow=\"11cb7353\" data-elementor-lightbox-title=\"B\u00f8rn ved solnedgang - foto af Bobbi Lo Produktion\" data-elementor-lightbox-description=\"B\u00f8rn ved solnedgang - foto af Bobbi Lo Produktion\" data-e-action-hash=\"#elementor-action%3Aaction%3Dlightbox%26settings%3DeyJpZCI6MjExNTMsInVybCI6Imh0dHBzOlwvXC9uYXBhLmdsXC93cC1jb250ZW50XC91cGxvYWRzXC8yMDIxXC8wM1wvVUxpaEo2OXdTdGllSFhjZmxFcW53LXNjYWxlZC5qcGciLCJzbGlkZXNob3ciOiIxMWNiNzM1MyJ9\">\n\t\t\t\t\t<div class=\"e-gallery-image elementor-gallery-item__image\" data-thumbnail=\"https:\/\/napa.gl\/wp-content\/uploads\/2021\/03\/ULihJ69wStieHXcflEqnw-scaled.jpg\" data-width=\"2560\" data-height=\"1920\" aria-label=\"B\u00f8rn ved solnedgang - foto af Bobbi Lo Produktion\" role=\"img\" ><\/div>\n\t\t\t\t\t\t\t\t\t\t\t\t\t\t<\/a>\n\t\t\t\t\t\t\t<a class=\"e-gallery-item elementor-gallery-item elementor-animated-content\" href=\"https:\/\/napa.gl\/wp-content\/uploads\/2021\/03\/126819818_385660495821800_9214717559997978358_n-e1656420333269.png\" data-elementor-open-lightbox=\"yes\" data-elementor-lightbox-slideshow=\"11cb7353\" data-elementor-lightbox-title=\"V\u00e6gmaleri af inuit-piger i Sisimiut af Cheeky - foto af Cheeky\" data-elementor-lightbox-description=\"V\u00e6gmaleri af inuit-piger i Sisimiut af Cheeky - foto af Cheeky\" data-e-action-hash=\"#elementor-action%3Aaction%3Dlightbox%26settings%3DeyJpZCI6MjExNTYsInVybCI6Imh0dHBzOlwvXC9uYXBhLmdsXC93cC1jb250ZW50XC91cGxvYWRzXC8yMDIxXC8wM1wvMTI2ODE5ODE4XzM4NTY2MDQ5NTgyMTgwMF85MjE0NzE3NTU5OTk3OTc4MzU4X24tZTE2NTY0MjAzMzMyNjkucG5nIiwic2xpZGVzaG93IjoiMTFjYjczNTMifQ%3D%3D\">\n\t\t\t\t\t<div class=\"e-gallery-image elementor-gallery-item__image\" data-thumbnail=\"https:\/\/napa.gl\/wp-content\/uploads\/2021\/03\/126819818_385660495821800_9214717559997978358_n-e1656420333269.png\" data-width=\"2293\" data-height=\"1828\" aria-label=\"V\u00e6gmaleri af inuit-piger i Sisimiut af Cheeky - foto af Cheeky\" role=\"img\" ><\/div>\n\t\t\t\t\t\t\t\t\t\t\t\t\t\t<\/a>\n\t\t\t\t\t<\/div>\n\t\t\t\t\t<\/div>\n\t\t\t\t<\/div>\n\t\t\t\t\t<\/div>\n\t\t<\/div>\n\t\t\t\t\t<\/div>\n\t\t<\/section>\n\t\t\t\t<section class=\"elementor-section elementor-top-section elementor-element elementor-element-4a99c101 elementor-reverse-mobile elementor-section-boxed elementor-section-height-default elementor-section-height-default parallax_section_no qode_elementor_container_no\" data-id=\"4a99c101\" data-element_type=\"section\" data-e-type=\"section\">\n\t\t\t\t\t\t<div class=\"elementor-container elementor-column-gap-default\">\n\t\t\t\t\t<div class=\"elementor-column elementor-col-50 elementor-top-column elementor-element elementor-element-29eb0308\" data-id=\"29eb0308\" data-element_type=\"column\" data-e-type=\"column\">\n\t\t\t<div class=\"elementor-widget-wrap elementor-element-populated\">\n\t\t\t\t\t\t<div class=\"elementor-element elementor-element-72657afe elementor-widget elementor-widget-image\" data-id=\"72657afe\" data-element_type=\"widget\" data-e-type=\"widget\" data-widget_type=\"image.default\">\n\t\t\t\t<div class=\"elementor-widget-container\">\n\t\t\t\t\t\t\t\t\t\t\t\t\t\t\t<img loading=\"lazy\" decoding=\"async\" width=\"1024\" height=\"776\" src=\"https:\/\/napa.gl\/wp-content\/uploads\/2021\/03\/Tamassa_NAPA-1024x776.jpg\" class=\"attachment-large size-large wp-image-21144\" alt=\"Malerier fra dr\u00f8mmeworkshop i Sisimiut\" srcset=\"https:\/\/napa.gl\/wp-content\/uploads\/2021\/03\/Tamassa_NAPA-1024x776.jpg 1024w, https:\/\/napa.gl\/wp-content\/uploads\/2021\/03\/Tamassa_NAPA-300x227.jpg 300w, https:\/\/napa.gl\/wp-content\/uploads\/2021\/03\/Tamassa_NAPA-768x582.jpg 768w, https:\/\/napa.gl\/wp-content\/uploads\/2021\/03\/Tamassa_NAPA-1536x1164.jpg 1536w, https:\/\/napa.gl\/wp-content\/uploads\/2021\/03\/Tamassa_NAPA-2048x1552.jpg 2048w, https:\/\/napa.gl\/wp-content\/uploads\/2021\/03\/Tamassa_NAPA-500x380.jpg 500w, https:\/\/napa.gl\/wp-content\/uploads\/2021\/03\/Tamassa_NAPA-700x531.jpg 700w\" sizes=\"auto, (max-width: 1024px) 100vw, 1024px\" \/>\t\t\t\t\t\t\t\t\t\t\t\t\t\t\t<\/div>\n\t\t\t\t<\/div>\n\t\t\t\t\t<\/div>\n\t\t<\/div>\n\t\t\t\t<div class=\"elementor-column elementor-col-50 elementor-top-column elementor-element elementor-element-6b960f6c\" data-id=\"6b960f6c\" data-element_type=\"column\" data-e-type=\"column\">\n\t\t\t<div class=\"elementor-widget-wrap elementor-element-populated\">\n\t\t\t\t\t\t<div class=\"elementor-element elementor-element-27f160db elementor-widget-divider--separator-type-pattern elementor-widget-divider--view-line elementor-widget elementor-widget-divider\" data-id=\"27f160db\" data-element_type=\"widget\" data-e-type=\"widget\" data-widget_type=\"divider.default\">\n\t\t\t\t<div class=\"elementor-widget-container\">\n\t\t\t\t\t\t\t<div class=\"elementor-divider\" style=\"--divider-pattern-url: url(&quot;data:image\/svg+xml,%3Csvg xmlns=&#039;http:\/\/www.w3.org\/2000\/svg&#039; preserveAspectRatio=&#039;none&#039; overflow=&#039;visible&#039; height=&#039;100%&#039; viewBox=&#039;0 0 20 16&#039; fill=&#039;none&#039; stroke=&#039;black&#039; stroke-width=&#039;2.2&#039; stroke-linecap=&#039;square&#039; stroke-miterlimit=&#039;10&#039;%3E%3Cg transform=&#039;translate(-12.000000, 0)&#039;%3E%3Cpath d=&#039;M28,0L10,18&#039;\/%3E%3Cpath d=&#039;M18,0L0,18&#039;\/%3E%3Cpath d=&#039;M48,0L30,18&#039;\/%3E%3Cpath d=&#039;M38,0L20,18&#039;\/%3E%3C\/g%3E%3C\/svg%3E&quot;);\">\n\t\t\t<span class=\"elementor-divider-separator\">\n\t\t\t\t\t\t<\/span>\n\t\t<\/div>\n\t\t\t\t\t\t<\/div>\n\t\t\t\t<\/div>\n\t\t\t\t<div class=\"elementor-element elementor-element-3f99c38d elementor-widget elementor-widget-heading\" data-id=\"3f99c38d\" data-element_type=\"widget\" data-e-type=\"widget\" data-widget_type=\"heading.default\">\n\t\t\t\t<div class=\"elementor-widget-container\">\n\t\t\t\t\t<h2 class=\"elementor-heading-title elementor-size-default\">Tamassa: R\u00e5dgivning om ans\u00f8gning<\/h2>\t\t\t\t<\/div>\n\t\t\t\t<\/div>\n\t\t\t\t\t<\/div>\n\t\t<\/div>\n\t\t\t\t\t<\/div>\n\t\t<\/section>\n\t\t\t\t<section class=\"elementor-section elementor-top-section elementor-element elementor-element-3a370ede elementor-section-boxed elementor-section-height-default elementor-section-height-default parallax_section_no qode_elementor_container_no\" data-id=\"3a370ede\" data-element_type=\"section\" data-e-type=\"section\">\n\t\t\t\t\t\t<div class=\"elementor-container elementor-column-gap-default\">\n\t\t\t\t\t<div class=\"elementor-column elementor-col-66 elementor-top-column elementor-element elementor-element-521a9c16\" data-id=\"521a9c16\" data-element_type=\"column\" data-e-type=\"column\">\n\t\t\t<div class=\"elementor-widget-wrap elementor-element-populated\">\n\t\t\t\t\t\t<div class=\"elementor-element elementor-element-43d4f203 elementor-widget elementor-widget-text-editor\" data-id=\"43d4f203\" data-element_type=\"widget\" data-e-type=\"widget\" data-widget_type=\"text-editor.default\">\n\t\t\t\t<div class=\"elementor-widget-container\">\n\t\t\t\t\t\t\t\t\t<p><strong>F\u00e5 hj\u00e6lp til din ans\u00f8gning eller dit projekt<\/strong><\/p><p><em>\u00a0<\/em><\/p><p>Kan jeg s\u00f8ge NAPA til mit projekt?<\/p><ul><li>Hvor kan jeg finde samarbejdspartnere?<\/li><li>Hvordan laver man et budget?<\/li><li>Hvordan skriver jeg en ans\u00f8gning?<\/li><li>Hvilke andre puljer og fonde findes der jeg kan s\u00f8ge til mit projekt?<\/li><\/ul><p>\u00a0<\/p><p>Disse sp\u00f8rgsm\u00e5l og andre omkring dit projekt kan du f\u00e5 svar p\u00e5 hos NAPA. Vi hj\u00e6lper med gl\u00e6de \u2013 uanset hvor i processen du eller I er.<\/p><p>Skriv til vores r\u00e5dgiver, Nina Paninnguaq, og book en aftale n\u00e5r passer dig. Du har ogs\u00e5 mulighed for digital r\u00e5dgivning (telefon, video eller mail), hvis du ikke er i Nuuk.<\/p><p>\u00a0<\/p>\t\t\t\t\t\t\t\t<\/div>\n\t\t\t\t<\/div>\n\t\t\t\t\t<\/div>\n\t\t<\/div>\n\t\t\t\t<div class=\"elementor-column elementor-col-33 elementor-top-column elementor-element elementor-element-5aa11c4d\" data-id=\"5aa11c4d\" data-element_type=\"column\" data-e-type=\"column\">\n\t\t\t<div class=\"elementor-widget-wrap elementor-element-populated\">\n\t\t\t\t\t\t<section class=\"elementor-section elementor-inner-section elementor-element elementor-element-ba701c8 elementor-section-boxed elementor-section-height-default elementor-section-height-default parallax_section_no qode_elementor_container_no\" data-id=\"ba701c8\" data-element_type=\"section\" data-e-type=\"section\">\n\t\t\t\t\t\t<div class=\"elementor-container elementor-column-gap-default\">\n\t\t\t\t\t<div class=\"elementor-column elementor-col-100 elementor-inner-column elementor-element elementor-element-7c425a2\" data-id=\"7c425a2\" data-element_type=\"column\" data-e-type=\"column\">\n\t\t\t<div class=\"elementor-widget-wrap elementor-element-populated\">\n\t\t\t\t\t\t<div class=\"elementor-element elementor-element-ca5b401 elementor-widget elementor-widget-post-info\" data-id=\"ca5b401\" data-element_type=\"widget\" data-e-type=\"widget\" data-widget_type=\"post-info.default\">\n\t\t\t\t<div class=\"elementor-widget-container\">\n\t\t\t\t\t\t\t<ul class=\"elementor-icon-list-items elementor-post-info\">\n\t\t\t\t\t\t\t\t<li class=\"elementor-icon-list-item elementor-repeater-item-f857cc0\">\n\t\t\t\t\t\t\t\t\t\t<span class=\"elementor-icon-list-icon\">\n\t\t\t\t\t\t\t\t<i aria-hidden=\"true\" class=\"fas fa-info\"><\/i>\t\t\t\t\t\t\t<\/span>\n\t\t\t\t\t\t\t\t\t<span class=\"elementor-icon-list-text elementor-post-info__item elementor-post-info__item--type-custom\">\n\t\t\t\t\t\t\t\t\t\t\u00d8nsker du at vide mere? Kontakt:\t\t\t\t\t<\/span>\n\t\t\t\t\t\t\t\t<\/li>\n\t\t\t\t<\/ul>\n\t\t\t\t\t\t<\/div>\n\t\t\t\t<\/div>\n\t\t\t\t<div class=\"elementor-element elementor-element-86eda2c elementor-widget elementor-widget-shortcode\" data-id=\"86eda2c\" data-element_type=\"widget\" data-e-type=\"widget\" data-widget_type=\"shortcode.default\">\n\t\t\t\t<div class=\"elementor-widget-container\">\n\t\t\t\t\t\t\t<div class=\"elementor-shortcode\"><div style=\"padding-right:25px\">\r\n<div class=\"elementor-element elementor-element-fb4f07c elementor-widget elementor-widget-post-info\" data-id=\"fb4f07c\" data-element_type=\"widget\" data-widget_type=\"post-info.default\">\r\n\t\t\t\t<div class=\"elementor-widget-container\">\r\n\t\t\t\t\t<ul class=\"elementor-icon-list-items elementor-post-info\">\r\n                    <li class=\"elementor-icon-list-item elementor-repeater-item-f857cc0\">NAPA<\/li>\r\n\t\t\t\t\t<li class=\"elementor-icon-list-item elementor-repeater-item-f857cc0\">\r\n                      \r\n\t\t\t\t\t\t\t\t\t\r\n\t\t\t\t<\/li>\r\n                <li class=\"elementor-icon-list-item elementor-repeater-item-f857cc0\">\r\n                      \r\n\t\t\t\t\t\t\t\t\t\t\t<span class=\"elementor-icon-list-icon\">\r\n\t\t\t\t\t\t\t\t<i aria-hidden=\"true\" class=\"fas fa-envelope\"><\/i>\t\t\t\t\t\t\t<\/span>\r\n\t\t\t\t\t\t\t\t\t<span class=\"elementor-icon-list-text elementor-post-info__item elementor-post-info__item--type-custom\">\r\n\t\t\t\t\t\t\t\t\t\t<a style=\"color:#4054B2;\" href=\"mailto:napa@napa.gl\">napa@napa.gl<\/a>\t\t\t<\/span>\r\n\t\t\t\t\t\t\t\t\t\r\n\t\t\t\t<\/li>\r\n\t\t\t\t<\/ul>\r\n\t\t\t\t<\/div>\r\n\t\t\t\t<\/div>\r\n<\/div>  \r\n<\/div>\n\t\t\t\t\t\t<\/div>\n\t\t\t\t<\/div>\n\t\t\t\t\t<\/div>\n\t\t<\/div>\n\t\t\t\t\t<\/div>\n\t\t<\/section>\n\t\t\t\t\t<\/div>\n\t\t<\/div>\n\t\t\t\t\t<\/div>\n\t\t<\/section>\n\t\t\t\t<section class=\"elementor-section elementor-top-section elementor-element elementor-element-3c2d5355 elementor-section-boxed elementor-section-height-default elementor-section-height-default parallax_section_no qode_elementor_container_no\" data-id=\"3c2d5355\" data-element_type=\"section\" data-e-type=\"section\">\n\t\t\t\t\t\t<div class=\"elementor-container elementor-column-gap-default\">\n\t\t\t\t\t<div class=\"elementor-column elementor-col-100 elementor-top-column elementor-element elementor-element-6549e36e\" data-id=\"6549e36e\" data-element_type=\"column\" data-e-type=\"column\">\n\t\t\t<div class=\"elementor-widget-wrap elementor-element-populated\">\n\t\t\t\t\t\t<div class=\"elementor-element elementor-element-480e66d2 elementor-widget elementor-widget-heading\" data-id=\"480e66d2\" data-element_type=\"widget\" data-e-type=\"widget\" data-widget_type=\"heading.default\">\n\t\t\t\t<div class=\"elementor-widget-container\">\n\t\t\t\t\t<h5 class=\"elementor-heading-title elementor-size-default\">Andre projekter vi har st\u00f8ttet<\/h5>\t\t\t\t<\/div>\n\t\t\t\t<\/div>\n\t\t\t\t<div class=\"elementor-element elementor-element-6130bd1 elementor-grid-3 elementor-grid-tablet-2 elementor-grid-mobile-1 elementor-posts--thumbnail-top elementor-widget elementor-widget-posts\" data-id=\"6130bd1\" data-element_type=\"widget\" data-e-type=\"widget\" data-settings=\"{&quot;classic_columns&quot;:&quot;3&quot;,&quot;classic_columns_tablet&quot;:&quot;2&quot;,&quot;classic_columns_mobile&quot;:&quot;1&quot;,&quot;classic_row_gap&quot;:{&quot;unit&quot;:&quot;px&quot;,&quot;size&quot;:35,&quot;sizes&quot;:[]},&quot;classic_row_gap_tablet&quot;:{&quot;unit&quot;:&quot;px&quot;,&quot;size&quot;:&quot;&quot;,&quot;sizes&quot;:[]},&quot;classic_row_gap_mobile&quot;:{&quot;unit&quot;:&quot;px&quot;,&quot;size&quot;:&quot;&quot;,&quot;sizes&quot;:[]}}\" data-widget_type=\"posts.classic\">\n\t\t\t\t<div class=\"elementor-widget-container\">\n\t\t\t\t\t\t\t<div class=\"elementor-posts-container elementor-posts elementor-posts--skin-classic elementor-grid\" role=\"list\">\n\t\t\t\t<article class=\"elementor-post elementor-grid-item post-32064 post type-post status-publish format-standard has-post-thumbnail hentry category-nyt category-stoettede-projekter\" role=\"listitem\">\n\t\t\t\t<a class=\"elementor-post__thumbnail__link\" href=\"https:\/\/napa.gl\/da\/projekt-om-soe-sikkerhed-for-unge-i-groenland-lakker-mod-enden-vi-skal-vaere-bedre-til-at-tage-redningsvesten-paa\/\" tabindex=\"-1\">\n\t\t\t<div class=\"elementor-post__thumbnail\"><img loading=\"lazy\" decoding=\"async\" width=\"300\" height=\"300\" src=\"https:\/\/napa.gl\/wp-content\/uploads\/2022\/12\/Pipaluk-Lykke_NorSafe-i-Sisimiut-2020-300x300.jpg\" class=\"attachment-medium size-medium wp-image-32072\" alt=\"\" srcset=\"https:\/\/napa.gl\/wp-content\/uploads\/2022\/12\/Pipaluk-Lykke_NorSafe-i-Sisimiut-2020-300x300.jpg 300w, https:\/\/napa.gl\/wp-content\/uploads\/2022\/12\/Pipaluk-Lykke_NorSafe-i-Sisimiut-2020-1024x1024.jpg 1024w, https:\/\/napa.gl\/wp-content\/uploads\/2022\/12\/Pipaluk-Lykke_NorSafe-i-Sisimiut-2020-150x150.jpg 150w, https:\/\/napa.gl\/wp-content\/uploads\/2022\/12\/Pipaluk-Lykke_NorSafe-i-Sisimiut-2020-768x768.jpg 768w, https:\/\/napa.gl\/wp-content\/uploads\/2022\/12\/Pipaluk-Lykke_NorSafe-i-Sisimiut-2020-570x570.jpg 570w, https:\/\/napa.gl\/wp-content\/uploads\/2022\/12\/Pipaluk-Lykke_NorSafe-i-Sisimiut-2020-500x500.jpg 500w, https:\/\/napa.gl\/wp-content\/uploads\/2022\/12\/Pipaluk-Lykke_NorSafe-i-Sisimiut-2020-1000x1000.jpg 1000w, https:\/\/napa.gl\/wp-content\/uploads\/2022\/12\/Pipaluk-Lykke_NorSafe-i-Sisimiut-2020-700x700.jpg 700w, https:\/\/napa.gl\/wp-content\/uploads\/2022\/12\/Pipaluk-Lykke_NorSafe-i-Sisimiut-2020.jpg 1080w\" sizes=\"auto, (max-width: 300px) 100vw, 300px\" \/><\/div>\n\t\t<\/a>\n\t\t\t\t<div class=\"elementor-post__text\">\n\t\t\t\t<h5 class=\"elementor-post__title\">\n\t\t\t<a href=\"https:\/\/napa.gl\/da\/projekt-om-soe-sikkerhed-for-unge-i-groenland-lakker-mod-enden-vi-skal-vaere-bedre-til-at-tage-redningsvesten-paa\/\">\n\t\t\t\tProjekt om s\u00f8-sikkerhed for unge i Gr\u00f8nland lakker mod enden: Vi skal v\u00e6re bedre til at tage redningsvesten p\u00e5\t\t\t<\/a>\n\t\t<\/h5>\n\t\t\t\t<div class=\"elementor-post__excerpt\">\n\t\t\t<p>P\u00e5 trods af pandemien, s\u00e5 er det lykkes for NorSafe og Imarsiornermik Ilinniarfik at tilbyde kurser om s\u00f8-sikkerhed til \u00e6ldste trinnene i landets folkeskoler. Et tre\u00e5rigt projekt iv\u00e6rksat af Gr\u00f8nlands Udenrigsdepartement og Nordisk Ministerr\u00e5d i anledning af det danske formandskab, NorSafe, er ved at blive<\/p>\n\t\t<\/div>\n\t\t\n\t\t<a class=\"elementor-post__read-more\" href=\"https:\/\/napa.gl\/da\/projekt-om-soe-sikkerhed-for-unge-i-groenland-lakker-mod-enden-vi-skal-vaere-bedre-til-at-tage-redningsvesten-paa\/\" aria-label=\"Read more about Projekt om s\u00f8-sikkerhed for unge i Gr\u00f8nland lakker mod enden: Vi skal v\u00e6re bedre til at tage redningsvesten p\u00e5\" tabindex=\"-1\">\n\t\t\tL\u00e6s mere \u00bb\t\t<\/a>\n\n\t\t\t\t<\/div>\n\t\t\t\t<\/article>\n\t\t\t\t<article class=\"elementor-post elementor-grid-item post-38500 post type-post status-publish format-standard has-post-thumbnail hentry category-stoette category-stoettede-projekter\" role=\"listitem\">\n\t\t\t\t<a class=\"elementor-post__thumbnail__link\" href=\"https:\/\/napa.gl\/da\/groenlandske-studerende-gaar-ind-for-dekolonial-praksis-og-mangfoldighed-i-den-akademiske-verden\/\" tabindex=\"-1\">\n\t\t\t<div class=\"elementor-post__thumbnail\"><img loading=\"lazy\" decoding=\"async\" width=\"300\" height=\"205\" src=\"https:\/\/napa.gl\/wp-content\/uploads\/2025\/03\/Why-heritage-matters-project-2-300x205.jpg\" class=\"attachment-medium size-medium wp-image-38472\" alt=\"\" srcset=\"https:\/\/napa.gl\/wp-content\/uploads\/2025\/03\/Why-heritage-matters-project-2-300x205.jpg 300w, https:\/\/napa.gl\/wp-content\/uploads\/2025\/03\/Why-heritage-matters-project-2-1024x700.jpg 1024w, https:\/\/napa.gl\/wp-content\/uploads\/2025\/03\/Why-heritage-matters-project-2-768x525.jpg 768w, https:\/\/napa.gl\/wp-content\/uploads\/2025\/03\/Why-heritage-matters-project-2-1536x1050.jpg 1536w, https:\/\/napa.gl\/wp-content\/uploads\/2025\/03\/Why-heritage-matters-project-2-700x478.jpg 700w, https:\/\/napa.gl\/wp-content\/uploads\/2025\/03\/Why-heritage-matters-project-2.jpg 1686w\" sizes=\"auto, (max-width: 300px) 100vw, 300px\" \/><\/div>\n\t\t<\/a>\n\t\t\t\t<div class=\"elementor-post__text\">\n\t\t\t\t<h5 class=\"elementor-post__title\">\n\t\t\t<a href=\"https:\/\/napa.gl\/da\/groenlandske-studerende-gaar-ind-for-dekolonial-praksis-og-mangfoldighed-i-den-akademiske-verden\/\">\n\t\t\t\tGr\u00f8nlandsk studerende g\u00e5r ind for dekolonial praksis og mangfoldighed i den akademiske verden\t\t\t<\/a>\n\t\t<\/h5>\n\t\t\t\t<div class=\"elementor-post__excerpt\">\n\t\t\t<p>Den gr\u00f8nlandske studerende Aviaaja Lennert Olsen trives med at fremme mangfoldighed og afkolonisering p\u00e5 Aarhus Universitet, hvor hun studerer Sustainable Heritage Management (SHM).\u202f\u00a0 Takket v\u00e6re st\u00f8tten fra NAPA&#8217;s Kulturst\u00f8tte Program kunne Aviaaja Lennert Olsen deltage i 75-\u00e5rs jubil\u00e6et for Institut for Ark\u00e6ologi og Kulturarvsstudier ved<\/p>\n\t\t<\/div>\n\t\t\n\t\t<a class=\"elementor-post__read-more\" href=\"https:\/\/napa.gl\/da\/groenlandske-studerende-gaar-ind-for-dekolonial-praksis-og-mangfoldighed-i-den-akademiske-verden\/\" aria-label=\"Read more about Gr\u00f8nlandsk studerende g\u00e5r ind for dekolonial praksis og mangfoldighed i den akademiske verden\" tabindex=\"-1\">\n\t\t\tL\u00e6s mere \u00bb\t\t<\/a>\n\n\t\t\t\t<\/div>\n\t\t\t\t<\/article>\n\t\t\t\t<article class=\"elementor-post elementor-grid-item post-39544 post type-post status-publish format-standard has-post-thumbnail hentry category-nyt category-stoettede-projekter\" role=\"listitem\">\n\t\t\t\t<a class=\"elementor-post__thumbnail__link\" href=\"https:\/\/napa.gl\/da\/nuuk-international-film-festival-tak-for-denne-gang\/\" tabindex=\"-1\">\n\t\t\t<div class=\"elementor-post__thumbnail\"><img loading=\"lazy\" decoding=\"async\" width=\"300\" height=\"198\" src=\"https:\/\/napa.gl\/wp-content\/uploads\/2025\/09\/IMG_0051-300x198.jpg\" class=\"attachment-medium size-medium wp-image-39554\" alt=\"\" srcset=\"https:\/\/napa.gl\/wp-content\/uploads\/2025\/09\/IMG_0051-300x198.jpg 300w, https:\/\/napa.gl\/wp-content\/uploads\/2025\/09\/IMG_0051-1024x675.jpg 1024w, https:\/\/napa.gl\/wp-content\/uploads\/2025\/09\/IMG_0051-768x507.jpg 768w, https:\/\/napa.gl\/wp-content\/uploads\/2025\/09\/IMG_0051-1536x1013.jpg 1536w, https:\/\/napa.gl\/wp-content\/uploads\/2025\/09\/IMG_0051-2048x1351.jpg 2048w, https:\/\/napa.gl\/wp-content\/uploads\/2025\/09\/IMG_0051-700x462.jpg 700w\" sizes=\"auto, (max-width: 300px) 100vw, 300px\" \/><\/div>\n\t\t<\/a>\n\t\t\t\t<div class=\"elementor-post__text\">\n\t\t\t\t<h5 class=\"elementor-post__title\">\n\t\t\t<a href=\"https:\/\/napa.gl\/da\/nuuk-international-film-festival-tak-for-denne-gang\/\">\n\t\t\t\tNuuk International Film Festival &#8211; tak for denne gang!\t\t\t<\/a>\n\t\t<\/h5>\n\t\t\t\t<div class=\"elementor-post__excerpt\">\n\t\t\t<p>Den niende udgave af Nuuk International Film Festival (NIFF) er vel overst\u00e5et, og vi sidder tilbage med en masse st\u00e6rke indtryk fra film fra Gr\u00f8nland, Arktis og Norden. NAPA er stolte af at have v\u00e6ret med til at st\u00f8tte festivalen, som endnu en gang viste,<\/p>\n\t\t<\/div>\n\t\t\n\t\t<a class=\"elementor-post__read-more\" href=\"https:\/\/napa.gl\/da\/nuuk-international-film-festival-tak-for-denne-gang\/\" aria-label=\"Read more about Nuuk International Film Festival &#8211; tak for denne gang!\" tabindex=\"-1\">\n\t\t\tL\u00e6s mere \u00bb\t\t<\/a>\n\n\t\t\t\t<\/div>\n\t\t\t\t<\/article>\n\t\t\t\t<\/div>\n\t\t\n\t\t\t\t\t\t<\/div>\n\t\t\t\t<\/div>\n\t\t\t\t\t<\/div>\n\t\t<\/div>\n\t\t\t\t\t<\/div>\n\t\t<\/section>\n\t\t\t\t<\/div>\n\t\t","protected":false},"excerpt":{"rendered":"<p>Tamassa: R\u00e5dgivning om ans\u00f8gning F\u00e5 hj\u00e6lp til din ans\u00f8gning eller dit projekt \u00a0 Kan jeg s\u00f8ge NAPA til mit projekt? Hvor kan jeg finde samarbejdspartnere? Hvordan laver man et budget? Hvordan skriver jeg en ans\u00f8gning? Hvilke andre puljer og fonde findes der jeg kan s\u00f8ge&#8230;<\/p>\n","protected":false},"author":24,"featured_media":21144,"parent":0,"menu_order":0,"comment_status":"closed","ping_status":"closed","template":"","meta":{"footnotes":""},"categories":[],"class_list":["post-21143","page","type-page","status-publish","has-post-thumbnail","hentry"],"_links":{"self":[{"href":"https:\/\/napa.gl\/da\/wp-json\/wp\/v2\/pages\/21143","targetHints":{"allow":["GET"]}}],"collection":[{"href":"https:\/\/napa.gl\/da\/wp-json\/wp\/v2\/pages"}],"about":[{"href":"https:\/\/napa.gl\/da\/wp-json\/wp\/v2\/types\/page"}],"author":[{"embeddable":true,"href":"https:\/\/napa.gl\/da\/wp-json\/wp\/v2\/users\/24"}],"replies":[{"embeddable":true,"href":"https:\/\/napa.gl\/da\/wp-json\/wp\/v2\/comments?post=21143"}],"version-history":[{"count":35,"href":"https:\/\/napa.gl\/da\/wp-json\/wp\/v2\/pages\/21143\/revisions"}],"predecessor-version":[{"id":22485,"href":"https:\/\/napa.gl\/da\/wp-json\/wp\/v2\/pages\/21143\/revisions\/22485"}],"wp:featuredmedia":[{"embeddable":true,"href":"https:\/\/napa.gl\/da\/wp-json\/wp\/v2\/media\/21144"}],"wp:attachment":[{"href":"https:\/\/napa.gl\/da\/wp-json\/wp\/v2\/media?parent=21143"}],"wp:term":[{"taxonomy":"category","embeddable":true,"href":"https:\/\/napa.gl\/da\/wp-json\/wp\/v2\/categories?post=21143"}],"curies":[{"name":"wp","href":"https:\/\/api.w.org\/{rel}","templated":true}]}}