{"id":18385,"date":"2021-01-17T10:59:17","date_gmt":"2021-01-17T13:59:17","guid":{"rendered":"https:\/\/napa.gl\/?page_id=18385"},"modified":"2025-02-28T11:38:08","modified_gmt":"2025-02-28T13:38:08","slug":"aktiviteter","status":"publish","type":"page","link":"https:\/\/napa.gl\/da\/aktiviteter\/","title":{"rendered":"Aktiviteter"},"content":{"rendered":"\t\t<div data-elementor-type=\"wp-page\" data-elementor-id=\"18385\" class=\"elementor elementor-18385\" data-elementor-post-type=\"page\">\n\t\t\t\t\t\t<section class=\"elementor-section elementor-top-section elementor-element elementor-element-7610bab elementor-section-full_width elementor-section-height-default elementor-section-height-default parallax_section_no qode_elementor_container_no\" data-id=\"7610bab\" data-element_type=\"section\" data-e-type=\"section\">\n\t\t\t\t\t\t<div class=\"elementor-container elementor-column-gap-default\">\n\t\t\t\t\t<div class=\"elementor-column elementor-col-100 elementor-top-column elementor-element elementor-element-217df109\" data-id=\"217df109\" data-element_type=\"column\" data-e-type=\"column\">\n\t\t\t<div class=\"elementor-widget-wrap elementor-element-populated\">\n\t\t\t\t\t\t<div class=\"elementor-element elementor-element-49609386 elementor-widget elementor-widget-heading\" data-id=\"49609386\" data-element_type=\"widget\" data-e-type=\"widget\" data-widget_type=\"heading.default\">\n\t\t\t\t<div class=\"elementor-widget-container\">\n\t\t\t\t\t<h2 class=\"elementor-heading-title elementor-size-default\">Aktiviteter<\/h2>\t\t\t\t<\/div>\n\t\t\t\t<\/div>\n\t\t\t\t<div class=\"elementor-element elementor-element-460bae3b elementor-widget elementor-widget-text-editor\" data-id=\"460bae3b\" data-element_type=\"widget\" data-e-type=\"widget\" data-widget_type=\"text-editor.default\">\n\t\t\t\t<div class=\"elementor-widget-container\">\n\t\t\t\t\t\t\t\t\t<h5>NAPA laver egne projekter i Norden med fokus p\u00e5 kultur, sprog, identitet samt b\u00f8rn og unge.\u00a0<\/h5><p>Her p\u00e5 siden kan du l\u00e6se videre om de forskellige aktiviteter, som vi har afholdt.<\/p>\t\t\t\t\t\t\t\t<\/div>\n\t\t\t\t<\/div>\n\t\t\t\t\t<\/div>\n\t\t<\/div>\n\t\t\t\t\t<\/div>\n\t\t<\/section>\n\t\t\t\t<section class=\"elementor-section elementor-top-section elementor-element elementor-element-5ad47177 elementor-section-full_width elementor-section-height-default elementor-section-height-default parallax_section_no qode_elementor_container_no\" data-id=\"5ad47177\" data-element_type=\"section\" data-e-type=\"section\">\n\t\t\t\t\t\t<div class=\"elementor-container elementor-column-gap-default\">\n\t\t\t\t\t<div class=\"elementor-column elementor-col-100 elementor-top-column elementor-element elementor-element-56ddca08\" data-id=\"56ddca08\" data-element_type=\"column\" data-e-type=\"column\">\n\t\t\t<div class=\"elementor-widget-wrap elementor-element-populated\">\n\t\t\t\t\t\t<div class=\"elementor-element elementor-element-4ad633ca elementor-grid-3 elementor-grid-tablet-2 elementor-grid-mobile-1 elementor-posts--thumbnail-top elementor-widget elementor-widget-posts\" data-id=\"4ad633ca\" data-element_type=\"widget\" data-e-type=\"widget\" data-settings=\"{&quot;pagination_type&quot;:&quot;numbers_and_prev_next&quot;,&quot;classic_columns&quot;:&quot;3&quot;,&quot;classic_columns_tablet&quot;:&quot;2&quot;,&quot;classic_columns_mobile&quot;:&quot;1&quot;,&quot;classic_row_gap&quot;:{&quot;unit&quot;:&quot;px&quot;,&quot;size&quot;:35,&quot;sizes&quot;:[]},&quot;classic_row_gap_tablet&quot;:{&quot;unit&quot;:&quot;px&quot;,&quot;size&quot;:&quot;&quot;,&quot;sizes&quot;:[]},&quot;classic_row_gap_mobile&quot;:{&quot;unit&quot;:&quot;px&quot;,&quot;size&quot;:&quot;&quot;,&quot;sizes&quot;:[]}}\" data-widget_type=\"posts.classic\">\n\t\t\t\t<div class=\"elementor-widget-container\">\n\t\t\t\t\t\t\t<div class=\"elementor-posts-container elementor-posts elementor-posts--skin-classic elementor-grid\" role=\"list\">\n\t\t\t\t<article class=\"elementor-post elementor-grid-item post-39679 page type-page status-publish has-post-thumbnail hentry category-aktiviteter\" role=\"listitem\">\n\t\t\t\t<a class=\"elementor-post__thumbnail__link\" href=\"https:\/\/napa.gl\/da\/aktiviteter\/behovsanalyse-af-de-kulturelle-og-kreative-erhverv-i-groenland\/\" tabindex=\"-1\">\n\t\t\t<div class=\"elementor-post__thumbnail\"><img loading=\"lazy\" decoding=\"async\" width=\"768\" height=\"513\" src=\"https:\/\/napa.gl\/wp-content\/uploads\/2025\/02\/DSC3548-2-scaled-1-768x513.jpg\" class=\"attachment-medium_large size-medium_large wp-image-37777\" alt=\"\" srcset=\"https:\/\/napa.gl\/wp-content\/uploads\/2025\/02\/DSC3548-2-scaled-1-768x513.jpg 768w, https:\/\/napa.gl\/wp-content\/uploads\/2025\/02\/DSC3548-2-scaled-1-300x200.jpg 300w, https:\/\/napa.gl\/wp-content\/uploads\/2025\/02\/DSC3548-2-scaled-1-1024x684.jpg 1024w, https:\/\/napa.gl\/wp-content\/uploads\/2025\/02\/DSC3548-2-scaled-1-1536x1025.jpg 1536w, https:\/\/napa.gl\/wp-content\/uploads\/2025\/02\/DSC3548-2-scaled-1-2048x1367.jpg 2048w, https:\/\/napa.gl\/wp-content\/uploads\/2025\/02\/DSC3548-2-scaled-1-700x467.jpg 700w\" sizes=\"auto, (max-width: 768px) 100vw, 768px\" \/><\/div>\n\t\t<\/a>\n\t\t\t\t<div class=\"elementor-post__text\">\n\t\t\t\t<h5 class=\"elementor-post__title\">\n\t\t\t<a href=\"https:\/\/napa.gl\/da\/aktiviteter\/behovsanalyse-af-de-kulturelle-og-kreative-erhverv-i-groenland\/\">\n\t\t\t\tBehovsanalyse af de kulturelle og kreative erhverv i Gr\u00f8nland\t\t\t<\/a>\n\t\t<\/h5>\n\t\t\t\t<div class=\"elementor-post__excerpt\">\n\t\t\t<p>Behovsanalyse af de kulturelle og kreative erhverv i Gr\u00f8nland I 2023 igangsatte NAPA arbejdet med en behovsanalyse af de kulturelle og kreative erhverv i Gr\u00f8nland. Form\u00e5let var at skabe et solidt vidensgrundlag for m\u00e5lrettede tilbud, nye forretningsmuligheder og styrkede rammer for kreative akt\u00f8rer og virksomheder<\/p>\n\t\t<\/div>\n\t\t\n\t\t<a class=\"elementor-post__read-more\" href=\"https:\/\/napa.gl\/da\/aktiviteter\/behovsanalyse-af-de-kulturelle-og-kreative-erhverv-i-groenland\/\" aria-label=\"Read more about Behovsanalyse af de kulturelle og kreative erhverv i Gr\u00f8nland\" tabindex=\"-1\">\n\t\t\tL\u00e6s mere \u00bb\t\t<\/a>\n\n\t\t\t\t<\/div>\n\t\t\t\t<\/article>\n\t\t\t\t<article class=\"elementor-post elementor-grid-item post-34901 page type-page status-publish has-post-thumbnail hentry category-aktiviteter\" role=\"listitem\">\n\t\t\t\t<a class=\"elementor-post__thumbnail__link\" href=\"https:\/\/napa.gl\/da\/aktiviteter\/faa-vejledning-hos-napa\/\" tabindex=\"-1\">\n\t\t\t<div class=\"elementor-post__thumbnail\"><img loading=\"lazy\" decoding=\"async\" width=\"768\" height=\"512\" src=\"https:\/\/napa.gl\/wp-content\/uploads\/2024\/03\/Untitled-63-768x512.png\" class=\"attachment-medium_large size-medium_large wp-image-34836\" alt=\"\" srcset=\"https:\/\/napa.gl\/wp-content\/uploads\/2024\/03\/Untitled-63-768x512.png 768w, https:\/\/napa.gl\/wp-content\/uploads\/2024\/03\/Untitled-63-300x200.png 300w, https:\/\/napa.gl\/wp-content\/uploads\/2024\/03\/Untitled-63-1024x683.png 1024w, https:\/\/napa.gl\/wp-content\/uploads\/2024\/03\/Untitled-63-1536x1024.png 1536w, https:\/\/napa.gl\/wp-content\/uploads\/2024\/03\/Untitled-63-2048x1365.png 2048w, https:\/\/napa.gl\/wp-content\/uploads\/2024\/03\/Untitled-63-700x467.png 700w\" sizes=\"auto, (max-width: 768px) 100vw, 768px\" \/><\/div>\n\t\t<\/a>\n\t\t\t\t<div class=\"elementor-post__text\">\n\t\t\t\t<h5 class=\"elementor-post__title\">\n\t\t\t<a href=\"https:\/\/napa.gl\/da\/aktiviteter\/faa-vejledning-hos-napa\/\">\n\t\t\t\tF\u00e5 vejledning hos NAPA\t\t\t<\/a>\n\t\t<\/h5>\n\t\t\t\t<div class=\"elementor-post__excerpt\">\n\t\t\t<p>F\u00e5 vejledning hos NAPA Du kan booke vejledning hos NAPA. Vejledningen kan enten foreg\u00e5 i NAPAs lokaler i Nuuk eller digitalt. Skriv til NAPA@NAPA.GL. Skriv gerne lidt om din id\u00e9 og hvad du \u00f8nsker r\u00e5dgivning om.\u00a0 \u00a0 NAPA tilbyder r\u00e5dgivning om\u00a0\u00a0 \u00a0 Projektudvikling indenfor kultur.<\/p>\n\t\t<\/div>\n\t\t\n\t\t<a class=\"elementor-post__read-more\" href=\"https:\/\/napa.gl\/da\/aktiviteter\/faa-vejledning-hos-napa\/\" aria-label=\"Read more about F\u00e5 vejledning hos NAPA\" tabindex=\"-1\">\n\t\t\tL\u00e6s mere \u00bb\t\t<\/a>\n\n\t\t\t\t<\/div>\n\t\t\t\t<\/article>\n\t\t\t\t<article class=\"elementor-post elementor-grid-item post-33995 page type-page status-publish has-post-thumbnail hentry category-aktiviteter category-kultur category-projekter\" role=\"listitem\">\n\t\t\t\t<a class=\"elementor-post__thumbnail__link\" href=\"https:\/\/napa.gl\/da\/aktiviteter\/creative-business-academy-greenland\/\" tabindex=\"-1\">\n\t\t\t<div class=\"elementor-post__thumbnail\"><img loading=\"lazy\" decoding=\"async\" width=\"768\" height=\"432\" src=\"https:\/\/napa.gl\/wp-content\/uploads\/2023\/12\/CBAG-event-768x432.png\" class=\"attachment-medium_large size-medium_large wp-image-33996\" alt=\"\" srcset=\"https:\/\/napa.gl\/wp-content\/uploads\/2023\/12\/CBAG-event-768x432.png 768w, https:\/\/napa.gl\/wp-content\/uploads\/2023\/12\/CBAG-event-300x169.png 300w, https:\/\/napa.gl\/wp-content\/uploads\/2023\/12\/CBAG-event-1024x576.png 1024w, https:\/\/napa.gl\/wp-content\/uploads\/2023\/12\/CBAG-event-1536x864.png 1536w, https:\/\/napa.gl\/wp-content\/uploads\/2023\/12\/CBAG-event-2048x1152.png 2048w, https:\/\/napa.gl\/wp-content\/uploads\/2023\/12\/CBAG-event-700x394.png 700w, https:\/\/napa.gl\/wp-content\/uploads\/2023\/12\/CBAG-event-539x303.png 539w\" sizes=\"auto, (max-width: 768px) 100vw, 768px\" \/><\/div>\n\t\t<\/a>\n\t\t\t\t<div class=\"elementor-post__text\">\n\t\t\t\t<h5 class=\"elementor-post__title\">\n\t\t\t<a href=\"https:\/\/napa.gl\/da\/aktiviteter\/creative-business-academy-greenland\/\">\n\t\t\t\tCreative Business Academy Greenland\t\t\t<\/a>\n\t\t<\/h5>\n\t\t\t\t<div class=\"elementor-post__excerpt\">\n\t\t\t<p>Creative Business Academy Greenland Gr\u00f8nlands \u00f8konomi er n\u00e6sten udelukkende baseret p\u00e5 fisk og skaldyr. Det g\u00f8r \u00f8konomien s\u00e5rbar og giver begr\u00e6nsninger for de unges mulighed for karrierevalg. Omvendt har Gr\u00f8nland et rigt kulturliv med internationalt potentiale indenfor b\u00e5de musik, scenekunst, mode, film og meget mere.<\/p>\n\t\t<\/div>\n\t\t\n\t\t<a class=\"elementor-post__read-more\" href=\"https:\/\/napa.gl\/da\/aktiviteter\/creative-business-academy-greenland\/\" aria-label=\"Read more about Creative Business Academy Greenland\" tabindex=\"-1\">\n\t\t\tL\u00e6s mere \u00bb\t\t<\/a>\n\n\t\t\t\t<\/div>\n\t\t\t\t<\/article>\n\t\t\t\t<article class=\"elementor-post elementor-grid-item post-33762 page type-page status-publish has-post-thumbnail hentry category-aktiviteter\" role=\"listitem\">\n\t\t\t\t<a class=\"elementor-post__thumbnail__link\" href=\"https:\/\/napa.gl\/da\/aktiviteter\/allatta-4-0\/\" tabindex=\"-1\">\n\t\t\t<div class=\"elementor-post__thumbnail\"><img loading=\"lazy\" decoding=\"async\" width=\"768\" height=\"432\" src=\"https:\/\/napa.gl\/wp-content\/uploads\/2022\/11\/7V9A5163-768x432.jpg\" class=\"attachment-medium_large size-medium_large wp-image-31743\" alt=\"\" srcset=\"https:\/\/napa.gl\/wp-content\/uploads\/2022\/11\/7V9A5163-768x432.jpg 768w, https:\/\/napa.gl\/wp-content\/uploads\/2022\/11\/7V9A5163-300x169.jpg 300w, https:\/\/napa.gl\/wp-content\/uploads\/2022\/11\/7V9A5163-1024x576.jpg 1024w, https:\/\/napa.gl\/wp-content\/uploads\/2022\/11\/7V9A5163-1536x864.jpg 1536w, https:\/\/napa.gl\/wp-content\/uploads\/2022\/11\/7V9A5163-2048x1152.jpg 2048w, https:\/\/napa.gl\/wp-content\/uploads\/2022\/11\/7V9A5163-700x394.jpg 700w, https:\/\/napa.gl\/wp-content\/uploads\/2022\/11\/7V9A5163-539x303.jpg 539w\" sizes=\"auto, (max-width: 768px) 100vw, 768px\" \/><\/div>\n\t\t<\/a>\n\t\t\t\t<div class=\"elementor-post__text\">\n\t\t\t\t<h5 class=\"elementor-post__title\">\n\t\t\t<a href=\"https:\/\/napa.gl\/da\/aktiviteter\/allatta-4-0\/\">\n\t\t\t\tAllatta! 4.0\t\t\t<\/a>\n\t\t<\/h5>\n\t\t\t\t<div class=\"elementor-post__excerpt\">\n\t\t\t<p>Allatta! 4.0 \u201dAllatta!\u201d betyder \u201dLad os skrive!\u201d og er en skrivekonkurrence, som har v\u00e6ret afholdt tre gange f\u00f8r i 2013, 2015 og 2018. Tidligere Allatta!-konkurrencer har aff\u00f8dt gr\u00f8nlandske forfatternavne som Niviaq Korneliussen, S\u00f8rine Steenholdt og Pivinnguaq M\u00f8rch.\u00a0\u00a0 \u00a0 Form\u00e5l\u00a0 \u00b7\u00a0\u00a0\u00a0\u00a0 Allatta! 4.0 har til hensigt<\/p>\n\t\t<\/div>\n\t\t\n\t\t<a class=\"elementor-post__read-more\" href=\"https:\/\/napa.gl\/da\/aktiviteter\/allatta-4-0\/\" aria-label=\"Read more about Allatta! 4.0\" tabindex=\"-1\">\n\t\t\tL\u00e6s mere \u00bb\t\t<\/a>\n\n\t\t\t\t<\/div>\n\t\t\t\t<\/article>\n\t\t\t\t<article class=\"elementor-post elementor-grid-item post-33482 page type-page status-publish has-post-thumbnail hentry category-aktiviteter\" role=\"listitem\">\n\t\t\t\t<a class=\"elementor-post__thumbnail__link\" href=\"https:\/\/napa.gl\/da\/aktiviteter\/arctic-winter-games-kulturprogram\/audition-til-arctic-winter-games-performance\/\" tabindex=\"-1\">\n\t\t\t<div class=\"elementor-post__thumbnail\"><img loading=\"lazy\" decoding=\"async\" width=\"768\" height=\"512\" src=\"https:\/\/napa.gl\/wp-content\/uploads\/2023\/08\/R9A0210-Enhanced-NR-768x512.jpg\" class=\"attachment-medium_large size-medium_large wp-image-33530\" alt=\"\" srcset=\"https:\/\/napa.gl\/wp-content\/uploads\/2023\/08\/R9A0210-Enhanced-NR-768x512.jpg 768w, https:\/\/napa.gl\/wp-content\/uploads\/2023\/08\/R9A0210-Enhanced-NR-300x200.jpg 300w, https:\/\/napa.gl\/wp-content\/uploads\/2023\/08\/R9A0210-Enhanced-NR-1024x683.jpg 1024w, https:\/\/napa.gl\/wp-content\/uploads\/2023\/08\/R9A0210-Enhanced-NR-1536x1024.jpg 1536w, https:\/\/napa.gl\/wp-content\/uploads\/2023\/08\/R9A0210-Enhanced-NR-2048x1365.jpg 2048w, https:\/\/napa.gl\/wp-content\/uploads\/2023\/08\/R9A0210-Enhanced-NR-700x467.jpg 700w\" sizes=\"auto, (max-width: 768px) 100vw, 768px\" \/><\/div>\n\t\t<\/a>\n\t\t\t\t<div class=\"elementor-post__text\">\n\t\t\t\t<h5 class=\"elementor-post__title\">\n\t\t\t<a href=\"https:\/\/napa.gl\/da\/aktiviteter\/arctic-winter-games-kulturprogram\/audition-til-arctic-winter-games-performance\/\">\n\t\t\t\tAudition til Arctic Winter Games Performance\t\t\t<\/a>\n\t\t<\/h5>\n\t\t\t\t<div class=\"elementor-post__excerpt\">\n\t\t\t<p>Audition til Arctic Winter Games Performance Er du mellem 14 og 19 \u00e5r?\u00a0 \u00a0 Elsker du kultur og performance?\u00a0 \u00a0 Vil du gerne med til Alaska, F\u00e6r\u00f8erne og Island i marts 2024?\u00a0 S\u00e5 skal du da v\u00e6re med til at lave og vise det gr\u00f8nlandske<\/p>\n\t\t<\/div>\n\t\t\n\t\t<a class=\"elementor-post__read-more\" href=\"https:\/\/napa.gl\/da\/aktiviteter\/arctic-winter-games-kulturprogram\/audition-til-arctic-winter-games-performance\/\" aria-label=\"Read more about Audition til Arctic Winter Games Performance\" tabindex=\"-1\">\n\t\t\tL\u00e6s mere \u00bb\t\t<\/a>\n\n\t\t\t\t<\/div>\n\t\t\t\t<\/article>\n\t\t\t\t<article class=\"elementor-post elementor-grid-item post-33460 page type-page status-publish has-post-thumbnail hentry category-aktiviteter\" role=\"listitem\">\n\t\t\t\t<a class=\"elementor-post__thumbnail__link\" href=\"https:\/\/napa.gl\/da\/aktiviteter\/arctic-winter-games-kulturprogram\/\" tabindex=\"-1\">\n\t\t\t<div class=\"elementor-post__thumbnail\"><img loading=\"lazy\" decoding=\"async\" width=\"768\" height=\"605\" src=\"https:\/\/napa.gl\/wp-content\/uploads\/2023\/08\/NWT_Snowshoe-768x605.jpg\" class=\"attachment-medium_large size-medium_large wp-image-33491\" alt=\"\" srcset=\"https:\/\/napa.gl\/wp-content\/uploads\/2023\/08\/NWT_Snowshoe-768x605.jpg 768w, https:\/\/napa.gl\/wp-content\/uploads\/2023\/08\/NWT_Snowshoe-300x236.jpg 300w, https:\/\/napa.gl\/wp-content\/uploads\/2023\/08\/NWT_Snowshoe-1024x806.jpg 1024w, https:\/\/napa.gl\/wp-content\/uploads\/2023\/08\/NWT_Snowshoe-700x551.jpg 700w, https:\/\/napa.gl\/wp-content\/uploads\/2023\/08\/NWT_Snowshoe.jpg 1270w\" sizes=\"auto, (max-width: 768px) 100vw, 768px\" \/><\/div>\n\t\t<\/a>\n\t\t\t\t<div class=\"elementor-post__text\">\n\t\t\t\t<h5 class=\"elementor-post__title\">\n\t\t\t<a href=\"https:\/\/napa.gl\/da\/aktiviteter\/arctic-winter-games-kulturprogram\/\">\n\t\t\t\tArctic Winter Games Kulturprogram\t\t\t<\/a>\n\t\t<\/h5>\n\t\t\t\t<div class=\"elementor-post__excerpt\">\n\t\t\t<p>Arctic Winter Games Kulturprogram Arctic Winter Games er et m\u00f8dested for folkene i Arktis. Det g\u00e6lder b\u00e5de indenfor idr\u00e6t men bestemt ogs\u00e5 indenfor kultur.\u00a0Hvert af de deltagende folk bidrager med et kulturprogram, hvor unge pr\u00e6senterer en kulturel performance. NAPA har i mange \u00e5r haft\u00a0\u00e6ren af<\/p>\n\t\t<\/div>\n\t\t\n\t\t<a class=\"elementor-post__read-more\" href=\"https:\/\/napa.gl\/da\/aktiviteter\/arctic-winter-games-kulturprogram\/\" aria-label=\"Read more about Arctic Winter Games Kulturprogram\" tabindex=\"-1\">\n\t\t\tL\u00e6s mere \u00bb\t\t<\/a>\n\n\t\t\t\t<\/div>\n\t\t\t\t<\/article>\n\t\t\t\t<\/div>\n\t\t\n\t\t\t\t<div class=\"e-load-more-anchor\" data-page=\"1\" data-max-page=\"2\" data-next-page=\"https:\/\/napa.gl\/da\/wp-json\/wp\/v2\/pages\/18385\/page\/2\/\"><\/div>\n\t\t\t\t<nav class=\"elementor-pagination\" aria-label=\"Sidetal\">\n\t\t\t<span class=\"page-numbers prev\">&laquo; Previous<\/span>\n<span aria-current=\"page\" class=\"page-numbers current\"><span class=\"elementor-screen-only\">Side<\/span>1<\/span>\n<a class=\"page-numbers\" href=\"https:\/\/napa.gl\/da\/wp-json\/wp\/v2\/pages\/18385\/page\/2\/\"><span class=\"elementor-screen-only\">Side<\/span>2<\/a>\n<a class=\"page-numbers next\" href=\"https:\/\/napa.gl\/da\/wp-json\/wp\/v2\/pages\/18385\/page\/2\/\">Next &raquo;<\/a>\t\t<\/nav>\n\t\t\t\t\t\t<\/div>\n\t\t\t\t<\/div>\n\t\t\t\t\t<\/div>\n\t\t<\/div>\n\t\t\t\t\t<\/div>\n\t\t<\/section>\n\t\t\t\t<section class=\"elementor-section elementor-top-section elementor-element elementor-element-c9d8301 elementor-section-full_width elementor-section-height-default elementor-section-height-default parallax_section_no qode_elementor_container_no\" data-id=\"c9d8301\" data-element_type=\"section\" data-e-type=\"section\">\n\t\t\t\t\t\t<div class=\"elementor-container elementor-column-gap-default\">\n\t\t\t\t\t<div class=\"elementor-column elementor-col-100 elementor-top-column elementor-element elementor-element-1aef36b\" data-id=\"1aef36b\" data-element_type=\"column\" data-e-type=\"column\">\n\t\t\t<div class=\"elementor-widget-wrap elementor-element-populated\">\n\t\t\t\t\t\t<div class=\"elementor-element elementor-element-55bfe13 elementor-widget elementor-widget-heading\" data-id=\"55bfe13\" data-element_type=\"widget\" data-e-type=\"widget\" data-widget_type=\"heading.default\">\n\t\t\t\t<div class=\"elementor-widget-container\">\n\t\t\t\t\t<h2 class=\"elementor-heading-title elementor-size-default\">Aktiviteter p\u00e5 standby:<\/h2>\t\t\t\t<\/div>\n\t\t\t\t<\/div>\n\t\t\t\t\t<\/div>\n\t\t<\/div>\n\t\t\t\t\t<\/div>\n\t\t<\/section>\n\t\t\t\t<section class=\"elementor-section elementor-top-section elementor-element elementor-element-b0300ec elementor-section-full_width elementor-section-height-default elementor-section-height-default parallax_section_no qode_elementor_container_no\" data-id=\"b0300ec\" data-element_type=\"section\" data-e-type=\"section\">\n\t\t\t\t\t\t<div class=\"elementor-container elementor-column-gap-default\">\n\t\t\t\t\t<div class=\"elementor-column elementor-col-100 elementor-top-column elementor-element elementor-element-ec827bb\" data-id=\"ec827bb\" data-element_type=\"column\" data-e-type=\"column\">\n\t\t\t<div class=\"elementor-widget-wrap elementor-element-populated\">\n\t\t\t\t\t\t<div class=\"elementor-element elementor-element-f915004 elementor-grid-3 elementor-grid-tablet-2 elementor-grid-mobile-1 elementor-posts--thumbnail-top elementor-widget elementor-widget-posts\" data-id=\"f915004\" data-element_type=\"widget\" data-e-type=\"widget\" data-settings=\"{&quot;classic_columns&quot;:&quot;3&quot;,&quot;classic_columns_tablet&quot;:&quot;2&quot;,&quot;classic_columns_mobile&quot;:&quot;1&quot;,&quot;classic_row_gap&quot;:{&quot;unit&quot;:&quot;px&quot;,&quot;size&quot;:35,&quot;sizes&quot;:[]},&quot;classic_row_gap_tablet&quot;:{&quot;unit&quot;:&quot;px&quot;,&quot;size&quot;:&quot;&quot;,&quot;sizes&quot;:[]},&quot;classic_row_gap_mobile&quot;:{&quot;unit&quot;:&quot;px&quot;,&quot;size&quot;:&quot;&quot;,&quot;sizes&quot;:[]}}\" data-widget_type=\"posts.classic\">\n\t\t\t\t<div class=\"elementor-widget-container\">\n\t\t\t\t\t\t\t<div class=\"elementor-posts-container elementor-posts elementor-posts--skin-classic elementor-grid\" role=\"list\">\n\t\t\t\t<article class=\"elementor-post elementor-grid-item post-16284 page type-page status-publish has-post-thumbnail hentry category-forrige-projekter category-issitor-miunut-sammiliviiffik category-kinaassuseq category-kulturi category-nunani-avannarlerni-tatiginneqatigiinneq category-oqaatsit category-podcasti category-suliniutit\" role=\"listitem\">\n\t\t\t\t<a class=\"elementor-post__thumbnail__link\" href=\"https:\/\/napa.gl\/da\/podcast\/nord-podcast\/\" tabindex=\"-1\">\n\t\t\t<div class=\"elementor-post__thumbnail\"><img loading=\"lazy\" decoding=\"async\" width=\"768\" height=\"768\" src=\"https:\/\/napa.gl\/wp-content\/uploads\/2020\/11\/1500x1500_apple_podcast-768x768.png\" class=\"attachment-medium_large size-medium_large wp-image-16333\" alt=\"(N)ORD podcast\" srcset=\"https:\/\/napa.gl\/wp-content\/uploads\/2020\/11\/1500x1500_apple_podcast-768x768.png 768w, https:\/\/napa.gl\/wp-content\/uploads\/2020\/11\/1500x1500_apple_podcast-300x300.png 300w, https:\/\/napa.gl\/wp-content\/uploads\/2020\/11\/1500x1500_apple_podcast-1024x1024.png 1024w, https:\/\/napa.gl\/wp-content\/uploads\/2020\/11\/1500x1500_apple_podcast-150x150.png 150w, https:\/\/napa.gl\/wp-content\/uploads\/2020\/11\/1500x1500_apple_podcast-570x570.png 570w, https:\/\/napa.gl\/wp-content\/uploads\/2020\/11\/1500x1500_apple_podcast-500x500.png 500w, https:\/\/napa.gl\/wp-content\/uploads\/2020\/11\/1500x1500_apple_podcast-1000x1000.png 1000w, https:\/\/napa.gl\/wp-content\/uploads\/2020\/11\/1500x1500_apple_podcast-700x700.png 700w, https:\/\/napa.gl\/wp-content\/uploads\/2020\/11\/1500x1500_apple_podcast.png 1500w\" sizes=\"auto, (max-width: 768px) 100vw, 768px\" \/><\/div>\n\t\t<\/a>\n\t\t\t\t<div class=\"elementor-post__text\">\n\t\t\t\t<h5 class=\"elementor-post__title\">\n\t\t\t<a href=\"https:\/\/napa.gl\/da\/podcast\/nord-podcast\/\">\n\t\t\t\t(N)ORD podcast\t\t\t<\/a>\n\t\t<\/h5>\n\t\t\t\t<div class=\"elementor-post__excerpt\">\n\t\t\t<p>(N)ORD er vores egen podcast om ord og sprog i Norden. Vi \u00f8nsker at bidrage til kendskabet til de nordiske sprog, s\u00e5 vi alle bliver bedre til at tale sammen p\u00e5 tv\u00e6rs af nordiske gr\u00e6nser og kulturer.<\/p>\n\t\t<\/div>\n\t\t\n\t\t<a class=\"elementor-post__read-more\" href=\"https:\/\/napa.gl\/da\/podcast\/nord-podcast\/\" aria-label=\"Read more about (N)ORD podcast\" tabindex=\"-1\">\n\t\t\tL\u00e6s mere \u00bb\t\t<\/a>\n\n\t\t\t\t<\/div>\n\t\t\t\t<\/article>\n\t\t\t\t<article class=\"elementor-post elementor-grid-item post-15989 page type-page status-publish has-post-thumbnail hentry category-kultur category-begivenheder category-forrige-projekter category-groenland\" role=\"listitem\">\n\t\t\t\t<a class=\"elementor-post__thumbnail__link\" href=\"https:\/\/napa.gl\/da\/aktiviteter\/vagn-med-napa\/\" tabindex=\"-1\">\n\t\t\t<div class=\"elementor-post__thumbnail\"><img loading=\"lazy\" decoding=\"async\" width=\"768\" height=\"576\" src=\"https:\/\/napa.gl\/wp-content\/uploads\/2020\/12\/118843841_1449888695210681_5457548594720068547_o-768x576.jpg\" class=\"attachment-medium_large size-medium_large wp-image-17107\" alt=\"\" srcset=\"https:\/\/napa.gl\/wp-content\/uploads\/2020\/12\/118843841_1449888695210681_5457548594720068547_o-768x576.jpg 768w, https:\/\/napa.gl\/wp-content\/uploads\/2020\/12\/118843841_1449888695210681_5457548594720068547_o-300x225.jpg 300w, https:\/\/napa.gl\/wp-content\/uploads\/2020\/12\/118843841_1449888695210681_5457548594720068547_o-1024x768.jpg 1024w, https:\/\/napa.gl\/wp-content\/uploads\/2020\/12\/118843841_1449888695210681_5457548594720068547_o-800x600.jpg 800w, https:\/\/napa.gl\/wp-content\/uploads\/2020\/12\/118843841_1449888695210681_5457548594720068547_o-700x525.jpg 700w, https:\/\/napa.gl\/wp-content\/uploads\/2020\/12\/118843841_1449888695210681_5457548594720068547_o.jpg 1440w\" sizes=\"auto, (max-width: 768px) 100vw, 768px\" \/><\/div>\n\t\t<\/a>\n\t\t\t\t<div class=\"elementor-post__text\">\n\t\t\t\t<h5 class=\"elementor-post__title\">\n\t\t\t<a href=\"https:\/\/napa.gl\/da\/aktiviteter\/vagn-med-napa\/\">\n\t\t\t\tV\u00e5gn med NAPA\t\t\t<\/a>\n\t\t<\/h5>\n\t\t\t\t<div class=\"elementor-post__excerpt\">\n\t\t\t<p>Den f\u00f8rste fredag i hver m\u00e5ned inviterer vi til V\u00e5gn med NAPA. Det er en hyggelig og uforpligtende morgenmadssalon for alle, der l\u00e6gger vejen forbi. Hver gang f\u00e5r vi bes\u00f8g af en kulturg\u00e6st, der fort\u00e6ller om et aktuelt emne.<\/p>\n\t\t<\/div>\n\t\t\n\t\t<a class=\"elementor-post__read-more\" href=\"https:\/\/napa.gl\/da\/aktiviteter\/vagn-med-napa\/\" aria-label=\"Read more about V\u00e5gn med NAPA\" tabindex=\"-1\">\n\t\t\tL\u00e6s mere \u00bb\t\t<\/a>\n\n\t\t\t\t<\/div>\n\t\t\t\t<\/article>\n\t\t\t\t<\/div>\n\t\t\n\t\t\t\t\t\t<\/div>\n\t\t\t\t<\/div>\n\t\t\t\t\t<\/div>\n\t\t<\/div>\n\t\t\t\t\t<\/div>\n\t\t<\/section>\n\t\t\t\t<\/div>\n\t\t","protected":false},"excerpt":{"rendered":"<p>Vi laver egne projekter i Gr\u00f8nland og Norden med fokus p\u00e5 sprog, identitet og b\u00f8rn og unge. Se hvad vi har gang i for tiden herunder. <\/p>\n","protected":false},"author":24,"featured_media":16892,"parent":0,"menu_order":0,"comment_status":"closed","ping_status":"closed","template":"","meta":{"footnotes":""},"categories":[],"class_list":["post-18385","page","type-page","status-publish","has-post-thumbnail","hentry"],"_links":{"self":[{"href":"https:\/\/napa.gl\/da\/wp-json\/wp\/v2\/pages\/18385","targetHints":{"allow":["GET"]}}],"collection":[{"href":"https:\/\/napa.gl\/da\/wp-json\/wp\/v2\/pages"}],"about":[{"href":"https:\/\/napa.gl\/da\/wp-json\/wp\/v2\/types\/page"}],"author":[{"embeddable":true,"href":"https:\/\/napa.gl\/da\/wp-json\/wp\/v2\/users\/24"}],"replies":[{"embeddable":true,"href":"https:\/\/napa.gl\/da\/wp-json\/wp\/v2\/comments?post=18385"}],"version-history":[{"count":42,"href":"https:\/\/napa.gl\/da\/wp-json\/wp\/v2\/pages\/18385\/revisions"}],"predecessor-version":[{"id":38109,"href":"https:\/\/napa.gl\/da\/wp-json\/wp\/v2\/pages\/18385\/revisions\/38109"}],"wp:featuredmedia":[{"embeddable":true,"href":"https:\/\/napa.gl\/da\/wp-json\/wp\/v2\/media\/16892"}],"wp:attachment":[{"href":"https:\/\/napa.gl\/da\/wp-json\/wp\/v2\/media?parent=18385"}],"wp:term":[{"taxonomy":"category","embeddable":true,"href":"https:\/\/napa.gl\/da\/wp-json\/wp\/v2\/categories?post=18385"}],"curies":[{"name":"wp","href":"https:\/\/api.w.org\/{rel}","templated":true}]}}