{"id":17859,"date":"2021-01-04T14:38:31","date_gmt":"2021-01-04T17:38:31","guid":{"rendered":"https:\/\/napa.gl\/?page_id=17859"},"modified":"2025-02-28T09:23:24","modified_gmt":"2025-02-28T11:23:24","slug":"napas-bestyrelse","status":"publish","type":"page","link":"https:\/\/napa.gl\/da\/om-os\/napas-bestyrelse\/","title":{"rendered":"NAPAs bestyrelse"},"content":{"rendered":"\t\t<div data-elementor-type=\"wp-page\" data-elementor-id=\"17859\" class=\"elementor elementor-17859\" data-elementor-post-type=\"page\">\n\t\t\t\t\t\t<section class=\"elementor-section elementor-top-section elementor-element elementor-element-4f6d332 elementor-section-boxed elementor-section-height-default elementor-section-height-default parallax_section_no qode_elementor_container_no\" data-id=\"4f6d332\" data-element_type=\"section\" data-e-type=\"section\">\n\t\t\t\t\t\t<div class=\"elementor-container elementor-column-gap-default\">\n\t\t\t\t\t<div class=\"elementor-column elementor-col-100 elementor-top-column elementor-element elementor-element-101d75c\" data-id=\"101d75c\" data-element_type=\"column\" data-e-type=\"column\">\n\t\t\t<div class=\"elementor-widget-wrap elementor-element-populated\">\n\t\t\t\t\t\t<div class=\"elementor-element elementor-element-2ba6168 elementor-widget elementor-widget-heading\" data-id=\"2ba6168\" data-element_type=\"widget\" data-e-type=\"widget\" data-widget_type=\"heading.default\">\n\t\t\t\t<div class=\"elementor-widget-container\">\n\t\t\t\t\t<h2 class=\"elementor-heading-title elementor-size-default\">NAPAs bestyrelse 2023-2025<\/h2>\t\t\t\t<\/div>\n\t\t\t\t<\/div>\n\t\t\t\t<div class=\"elementor-element elementor-element-61ac53a elementor-widget elementor-widget-text-editor\" data-id=\"61ac53a\" data-element_type=\"widget\" data-e-type=\"widget\" data-widget_type=\"text-editor.default\">\n\t\t\t\t<div class=\"elementor-widget-container\">\n\t\t\t\t\t\t\t\t\t<p>Bestyrelsen er udpeget af Nordisk Ministerr\u00e5d og vil blive konstitueret i februar 2023.\u00a0NAPAs bestyrelse er sammensat for tre \u00e5r ad gangen, med fem faste medlemmer fra de nordiske lande. Gr\u00f8nland er repr\u00e6senteret med \u00e9t medlem, der er udpeget af Gr\u00f8nlands Naalakkersuisut for Kultur (Kulturministerium).<\/p><p>\u00a0<\/p><p>Hvis der er sp\u00f8rgsm\u00e5l vedr\u00f8rende bestyrelsen, s\u00e5 kan man henvende sig til NAPA p\u00e5 <a href=\"mailto:napa@napa.gl\">napa@napa.gl<\/a>.<\/p><p>\u00a0<\/p><p>Bestyrelsesm\u00f8der afholdes halv\u00e5rligt. Altid i K\u00f8benhavn omkring \u00e5rsskiftet og i Gr\u00f8nland efter sommerferien.<\/p><p>\u00a0<\/p><p>Medlemmer af bestyrelsen for Nordens institut i Gr\u00f8nland (NAPA) for mandatperioden 1.1.2023-31.12.2025:<\/p>\t\t\t\t\t\t\t\t<\/div>\n\t\t\t\t<\/div>\n\t\t\t\t<section class=\"elementor-section elementor-inner-section elementor-element elementor-element-70626ef4 elementor-section-boxed elementor-section-height-default elementor-section-height-default parallax_section_no qode_elementor_container_no\" data-id=\"70626ef4\" data-element_type=\"section\" data-e-type=\"section\">\n\t\t\t\t\t\t<div class=\"elementor-container elementor-column-gap-default\">\n\t\t\t\t\t<div class=\"elementor-column elementor-col-50 elementor-inner-column elementor-element elementor-element-2ac13949\" data-id=\"2ac13949\" data-element_type=\"column\" data-e-type=\"column\" data-settings=\"{&quot;background_background&quot;:&quot;classic&quot;}\">\n\t\t\t<div class=\"elementor-widget-wrap elementor-element-populated\">\n\t\t\t\t\t\t<div class=\"elementor-element elementor-element-4e33aff elementor-position-left elementor-vertical-align-middle elementor-widget elementor-widget-image-box\" data-id=\"4e33aff\" data-element_type=\"widget\" data-e-type=\"widget\" data-widget_type=\"image-box.default\">\n\t\t\t\t<div class=\"elementor-widget-container\">\n\t\t\t\t\t<div class=\"elementor-image-box-wrapper\"><figure class=\"elementor-image-box-img\"><img loading=\"lazy\" decoding=\"async\" width=\"533\" height=\"533\" src=\"https:\/\/napa.gl\/wp-content\/uploads\/2021\/01\/elin.jpg\" class=\"attachment-full size-full wp-image-17868\" alt=\"Elin \u00c1 R\u00f3gvi, NAPAs bestyrelse\" srcset=\"https:\/\/napa.gl\/wp-content\/uploads\/2021\/01\/elin.jpg 533w, https:\/\/napa.gl\/wp-content\/uploads\/2021\/01\/elin-300x300.jpg 300w, https:\/\/napa.gl\/wp-content\/uploads\/2021\/01\/elin-150x150.jpg 150w, https:\/\/napa.gl\/wp-content\/uploads\/2021\/01\/elin-500x500.jpg 500w\" sizes=\"auto, (max-width: 533px) 100vw, 533px\" \/><\/figure><div class=\"elementor-image-box-content\"><h3 class=\"elementor-image-box-title\">Elin \u00e1 R\u00f3gvi<\/h3><p class=\"elementor-image-box-description\"><img loading=\"lazy\" decoding=\"async\" src=\"https:\/\/napa.gl\/wp-content\/uploads\/2021\/02\/fo.png\" alt=\"\" width=\"18\" height=\"12\"> Formand for NAPAs bestyrelse 2023-2025<\/p><\/div><\/div>\t\t\t\t<\/div>\n\t\t\t\t<\/div>\n\t\t\t\t<div class=\"elementor-element elementor-element-51f86d4d elementor-widget elementor-widget-text-editor\" data-id=\"51f86d4d\" data-element_type=\"widget\" data-e-type=\"widget\" data-widget_type=\"text-editor.default\">\n\t\t\t\t<div class=\"elementor-widget-container\">\n\t\t\t\t\t\t\t\t\t<p>B\u00f8rnebogsforfatter og redakt\u00f8r i den f\u00e6r\u00f8ske b\u00f8rneradio i Kringvarp F\u00f8roya<\/p>\t\t\t\t\t\t\t\t<\/div>\n\t\t\t\t<\/div>\n\t\t\t\t<div class=\"elementor-element elementor-element-b95fa23 elementor-icon-list--layout-traditional elementor-list-item-link-full_width elementor-widget elementor-widget-icon-list\" data-id=\"b95fa23\" data-element_type=\"widget\" data-e-type=\"widget\" data-widget_type=\"icon-list.default\">\n\t\t\t\t<div class=\"elementor-widget-container\">\n\t\t\t\t\t\t\t<ul class=\"elementor-icon-list-items\">\n\t\t\t\t\t\t\t<li class=\"elementor-icon-list-item\">\n\t\t\t\t\t\t\t\t\t\t\t<span class=\"elementor-icon-list-icon\">\n\t\t\t\t\t\t\t<i aria-hidden=\"true\" class=\"far fa-envelope\"><\/i>\t\t\t\t\t\t<\/span>\n\t\t\t\t\t\t\t\t\t\t<span class=\"elementor-icon-list-text\">elinr@kvf.fo<\/span>\n\t\t\t\t\t\t\t\t\t<\/li>\n\t\t\t\t\t\t<\/ul>\n\t\t\t\t\t\t<\/div>\n\t\t\t\t<\/div>\n\t\t\t\t\t<\/div>\n\t\t<\/div>\n\t\t\t\t<div class=\"elementor-column elementor-col-50 elementor-inner-column elementor-element elementor-element-76505d3\" data-id=\"76505d3\" data-element_type=\"column\" data-e-type=\"column\" data-settings=\"{&quot;background_background&quot;:&quot;classic&quot;}\">\n\t\t\t<div class=\"elementor-widget-wrap elementor-element-populated\">\n\t\t\t\t\t\t<div class=\"elementor-element elementor-element-f391d80 elementor-position-left elementor-vertical-align-middle elementor-widget elementor-widget-image-box\" data-id=\"f391d80\" data-element_type=\"widget\" data-e-type=\"widget\" data-widget_type=\"image-box.default\">\n\t\t\t\t<div class=\"elementor-widget-container\">\n\t\t\t\t\t<div class=\"elementor-image-box-wrapper\"><figure class=\"elementor-image-box-img\"><img loading=\"lazy\" decoding=\"async\" width=\"683\" height=\"1024\" src=\"https:\/\/napa.gl\/wp-content\/uploads\/2023\/07\/FI_Foto_KL-683x1024.jpg\" class=\"attachment-large size-large wp-image-33159\" alt=\"\" srcset=\"https:\/\/napa.gl\/wp-content\/uploads\/2023\/07\/FI_Foto_KL-683x1024.jpg 683w, https:\/\/napa.gl\/wp-content\/uploads\/2023\/07\/FI_Foto_KL-200x300.jpg 200w, https:\/\/napa.gl\/wp-content\/uploads\/2023\/07\/FI_Foto_KL-768x1152.jpg 768w, https:\/\/napa.gl\/wp-content\/uploads\/2023\/07\/FI_Foto_KL-1024x1536.jpg 1024w, https:\/\/napa.gl\/wp-content\/uploads\/2023\/07\/FI_Foto_KL-1365x2048.jpg 1365w, https:\/\/napa.gl\/wp-content\/uploads\/2023\/07\/FI_Foto_KL-700x1050.jpg 700w, https:\/\/napa.gl\/wp-content\/uploads\/2023\/07\/FI_Foto_KL-scaled.jpg 1707w\" sizes=\"auto, (max-width: 683px) 100vw, 683px\" \/><\/figure><div class=\"elementor-image-box-content\"><h3 class=\"elementor-image-box-title\">Kai Latvalehto <\/h3><p class=\"elementor-image-box-description\"><img loading=\"lazy\" decoding=\"async\" src=\"https:\/\/napa.gl\/wp-content\/uploads\/2021\/02\/fi.png\" alt=\"\" width=\"18\" height=\"12\"> N\u00e6stformand for NAPAs bestyrelse 2023-2025<\/p><\/div><\/div>\t\t\t\t<\/div>\n\t\t\t\t<\/div>\n\t\t\t\t<div class=\"elementor-element elementor-element-45b3298 elementor-widget elementor-widget-text-editor\" data-id=\"45b3298\" data-element_type=\"widget\" data-e-type=\"widget\" data-widget_type=\"text-editor.default\">\n\t\t\t\t<div class=\"elementor-widget-container\">\n\t\t\t\t\t\t\t\t\t<p>Projektchef, Kripa the Northern Air Residency<\/p>\t\t\t\t\t\t\t\t<\/div>\n\t\t\t\t<\/div>\n\t\t\t\t<div class=\"elementor-element elementor-element-a214b27 elementor-icon-list--layout-traditional elementor-list-item-link-full_width elementor-widget elementor-widget-icon-list\" data-id=\"a214b27\" data-element_type=\"widget\" data-e-type=\"widget\" data-widget_type=\"icon-list.default\">\n\t\t\t\t<div class=\"elementor-widget-container\">\n\t\t\t\t\t\t\t<ul class=\"elementor-icon-list-items\">\n\t\t\t\t\t\t\t<li class=\"elementor-icon-list-item\">\n\t\t\t\t\t\t\t\t\t\t\t<span class=\"elementor-icon-list-icon\">\n\t\t\t\t\t\t\t<i aria-hidden=\"true\" class=\"far fa-envelope\"><\/i>\t\t\t\t\t\t<\/span>\n\t\t\t\t\t\t\t\t\t\t<span class=\"elementor-icon-list-text\">kai.latvalehto@gmail.com<\/span>\n\t\t\t\t\t\t\t\t\t<\/li>\n\t\t\t\t\t\t<\/ul>\n\t\t\t\t\t\t<\/div>\n\t\t\t\t<\/div>\n\t\t\t\t\t<\/div>\n\t\t<\/div>\n\t\t\t\t\t<\/div>\n\t\t<\/section>\n\t\t\t\t<section class=\"elementor-section elementor-inner-section elementor-element elementor-element-e9bdfb2 elementor-section-boxed elementor-section-height-default elementor-section-height-default parallax_section_no qode_elementor_container_no\" data-id=\"e9bdfb2\" data-element_type=\"section\" data-e-type=\"section\">\n\t\t\t\t\t\t<div class=\"elementor-container elementor-column-gap-default\">\n\t\t\t\t\t<div class=\"elementor-column elementor-col-50 elementor-inner-column elementor-element elementor-element-e96d4ca\" data-id=\"e96d4ca\" data-element_type=\"column\" data-e-type=\"column\" data-settings=\"{&quot;background_background&quot;:&quot;classic&quot;}\">\n\t\t\t<div class=\"elementor-widget-wrap elementor-element-populated\">\n\t\t\t\t\t\t<div class=\"elementor-element elementor-element-df1637b elementor-position-left elementor-vertical-align-middle elementor-widget elementor-widget-image-box\" data-id=\"df1637b\" data-element_type=\"widget\" data-e-type=\"widget\" data-widget_type=\"image-box.default\">\n\t\t\t\t<div class=\"elementor-widget-container\">\n\t\t\t\t\t<div class=\"elementor-image-box-wrapper\"><figure class=\"elementor-image-box-img\"><img loading=\"lazy\" decoding=\"async\" width=\"1280\" height=\"1920\" src=\"https:\/\/napa.gl\/wp-content\/uploads\/2024\/09\/sitjandi-svort.webp\" class=\"attachment-full size-full wp-image-35853\" alt=\"\" srcset=\"https:\/\/napa.gl\/wp-content\/uploads\/2024\/09\/sitjandi-svort.webp 1280w, https:\/\/napa.gl\/wp-content\/uploads\/2024\/09\/sitjandi-svort-200x300.webp 200w, https:\/\/napa.gl\/wp-content\/uploads\/2024\/09\/sitjandi-svort-683x1024.webp 683w, https:\/\/napa.gl\/wp-content\/uploads\/2024\/09\/sitjandi-svort-768x1152.webp 768w, https:\/\/napa.gl\/wp-content\/uploads\/2024\/09\/sitjandi-svort-1024x1536.webp 1024w, https:\/\/napa.gl\/wp-content\/uploads\/2024\/09\/sitjandi-svort-700x1050.webp 700w\" sizes=\"auto, (max-width: 1280px) 100vw, 1280px\" \/><\/figure><div class=\"elementor-image-box-content\"><h3 class=\"elementor-image-box-title\">Birna Hafstein<\/h3><p class=\"elementor-image-box-description\"><img loading=\"lazy\" decoding=\"async\" src=\"https:\/\/napa.gl\/wp-content\/uploads\/2021\/02\/is.png\" alt=\"\" width=\"18\" height=\"12\"> Bestyrelsesmedlem for NAPAs bestyrelse 2023-2025<\/p><\/div><\/div>\t\t\t\t<\/div>\n\t\t\t\t<\/div>\n\t\t\t\t<div class=\"elementor-element elementor-element-6e0eb8b elementor-widget elementor-widget-text-editor\" data-id=\"6e0eb8b\" data-element_type=\"widget\" data-e-type=\"widget\" data-widget_type=\"text-editor.default\">\n\t\t\t\t<div class=\"elementor-widget-container\">\n\t\t\t\t\t\t\t\t\t<p>Birna Hafstein har en baggrund som skuespiller og producer (film og teater). Har siden 2013 v\u00e6ret formand for det islandske kunstnerforbund i scenekunst og film. Medlem af byr\u00e5det i Reykjavik.<\/p>\t\t\t\t\t\t\t\t<\/div>\n\t\t\t\t<\/div>\n\t\t\t\t\t<\/div>\n\t\t<\/div>\n\t\t\t\t<div class=\"elementor-column elementor-col-50 elementor-inner-column elementor-element elementor-element-1dad7820\" data-id=\"1dad7820\" data-element_type=\"column\" data-e-type=\"column\" data-settings=\"{&quot;background_background&quot;:&quot;classic&quot;}\">\n\t\t\t<div class=\"elementor-widget-wrap elementor-element-populated\">\n\t\t\t\t\t\t<div class=\"elementor-element elementor-element-2d3bf50e elementor-position-left elementor-vertical-align-middle elementor-widget elementor-widget-image-box\" data-id=\"2d3bf50e\" data-element_type=\"widget\" data-e-type=\"widget\" data-widget_type=\"image-box.default\">\n\t\t\t\t<div class=\"elementor-widget-container\">\n\t\t\t\t\t<div class=\"elementor-image-box-wrapper\"><figure class=\"elementor-image-box-img\"><img loading=\"lazy\" decoding=\"async\" width=\"960\" height=\"960\" src=\"https:\/\/napa.gl\/wp-content\/uploads\/2023\/07\/GL_Foto_JSS.jpg\" class=\"attachment-full size-full wp-image-33156\" alt=\"\" srcset=\"https:\/\/napa.gl\/wp-content\/uploads\/2023\/07\/GL_Foto_JSS.jpg 960w, https:\/\/napa.gl\/wp-content\/uploads\/2023\/07\/GL_Foto_JSS-300x300.jpg 300w, https:\/\/napa.gl\/wp-content\/uploads\/2023\/07\/GL_Foto_JSS-150x150.jpg 150w, https:\/\/napa.gl\/wp-content\/uploads\/2023\/07\/GL_Foto_JSS-768x768.jpg 768w, https:\/\/napa.gl\/wp-content\/uploads\/2023\/07\/GL_Foto_JSS-570x570.jpg 570w, https:\/\/napa.gl\/wp-content\/uploads\/2023\/07\/GL_Foto_JSS-500x500.jpg 500w, https:\/\/napa.gl\/wp-content\/uploads\/2023\/07\/GL_Foto_JSS-700x700.jpg 700w\" sizes=\"auto, (max-width: 960px) 100vw, 960px\" \/><\/figure><div class=\"elementor-image-box-content\"><h3 class=\"elementor-image-box-title\">Jakob S\u00f8vndahl Skovaa<\/h3><p class=\"elementor-image-box-description\"><img loading=\"lazy\" decoding=\"async\" src=\"https:\/\/napa.gl\/wp-content\/uploads\/2021\/02\/gl.png\" alt=\"gr\u00f8nlansk\" width=\"18\" height=\"12\"> Bestyrelsesmedlem for NAPAs bestyrelse 2023-2025<\/p><\/div><\/div>\t\t\t\t<\/div>\n\t\t\t\t<\/div>\n\t\t\t\t<div class=\"elementor-element elementor-element-f929682 elementor-widget elementor-widget-text-editor\" data-id=\"f929682\" data-element_type=\"widget\" data-e-type=\"widget\" data-widget_type=\"text-editor.default\">\n\t\t\t\t<div class=\"elementor-widget-container\">\n\t\t\t\t\t\t\t\t\t<p>Arrangementschef, <a href=\"https:\/\/katuaq.gl\/da\/Om-Katuaq\" target=\"_blank\" rel=\"noopener\">Katuaq<\/a><\/p>\t\t\t\t\t\t\t\t<\/div>\n\t\t\t\t<\/div>\n\t\t\t\t<div class=\"elementor-element elementor-element-f404b40 elementor-icon-list--layout-traditional elementor-list-item-link-full_width elementor-widget elementor-widget-icon-list\" data-id=\"f404b40\" data-element_type=\"widget\" data-e-type=\"widget\" data-widget_type=\"icon-list.default\">\n\t\t\t\t<div class=\"elementor-widget-container\">\n\t\t\t\t\t\t\t<ul class=\"elementor-icon-list-items\">\n\t\t\t\t\t\t\t<li class=\"elementor-icon-list-item\">\n\t\t\t\t\t\t\t\t\t\t\t<span class=\"elementor-icon-list-icon\">\n\t\t\t\t\t\t\t<i aria-hidden=\"true\" class=\"far fa-envelope\"><\/i>\t\t\t\t\t\t<\/span>\n\t\t\t\t\t\t\t\t\t\t<span class=\"elementor-icon-list-text\">eventmanager@katuaq.gl<\/span>\n\t\t\t\t\t\t\t\t\t<\/li>\n\t\t\t\t\t\t<\/ul>\n\t\t\t\t\t\t<\/div>\n\t\t\t\t<\/div>\n\t\t\t\t<div class=\"elementor-element elementor-element-9a9b440 e-grid-align-left elementor-shape-rounded elementor-grid-0 elementor-widget elementor-widget-social-icons\" data-id=\"9a9b440\" data-element_type=\"widget\" data-e-type=\"widget\" data-widget_type=\"social-icons.default\">\n\t\t\t\t<div class=\"elementor-widget-container\">\n\t\t\t\t\t\t\t<div class=\"elementor-social-icons-wrapper elementor-grid\">\n\t\t\t\t\t\t\t<span class=\"elementor-grid-item\">\n\t\t\t\t\t<a class=\"elementor-icon elementor-social-icon elementor-social-icon-linkedin elementor-repeater-item-49b0cc0\" href=\"https:\/\/dk.linkedin.com\/in\/jakob-s%C3%B8vndahl-skovaa-05348a58\" target=\"_blank\" rel=\"noopener\">\n\t\t\t\t\t\t<span class=\"elementor-screen-only\">Linkedin<\/span>\n\t\t\t\t\t\t<i aria-hidden=\"true\" class=\"fab fa-linkedin\"><\/i>\t\t\t\t\t<\/a>\n\t\t\t\t<\/span>\n\t\t\t\t\t<\/div>\n\t\t\t\t\t\t<\/div>\n\t\t\t\t<\/div>\n\t\t\t\t\t<\/div>\n\t\t<\/div>\n\t\t\t\t\t<\/div>\n\t\t<\/section>\n\t\t\t\t<section class=\"elementor-section elementor-inner-section elementor-element elementor-element-35b06f2 elementor-section-boxed elementor-section-height-default elementor-section-height-default parallax_section_no qode_elementor_container_no\" data-id=\"35b06f2\" data-element_type=\"section\" data-e-type=\"section\">\n\t\t\t\t\t\t<div class=\"elementor-container elementor-column-gap-default\">\n\t\t\t\t\t<div class=\"elementor-column elementor-col-50 elementor-inner-column elementor-element elementor-element-bdf52b8\" data-id=\"bdf52b8\" data-element_type=\"column\" data-e-type=\"column\" data-settings=\"{&quot;background_background&quot;:&quot;classic&quot;}\">\n\t\t\t<div class=\"elementor-widget-wrap elementor-element-populated\">\n\t\t\t\t\t\t<div class=\"elementor-element elementor-element-d6e1b4b elementor-position-left elementor-vertical-align-middle elementor-widget elementor-widget-image-box\" data-id=\"d6e1b4b\" data-element_type=\"widget\" data-e-type=\"widget\" data-widget_type=\"image-box.default\">\n\t\t\t\t<div class=\"elementor-widget-container\">\n\t\t\t\t\t<div class=\"elementor-image-box-wrapper\"><figure class=\"elementor-image-box-img\"><img loading=\"lazy\" decoding=\"async\" width=\"1280\" height=\"1920\" src=\"https:\/\/napa.gl\/wp-content\/uploads\/2023\/07\/DK_Foto_SLC.jpg\" class=\"attachment-full size-full wp-image-33162\" alt=\"\" srcset=\"https:\/\/napa.gl\/wp-content\/uploads\/2023\/07\/DK_Foto_SLC.jpg 1280w, https:\/\/napa.gl\/wp-content\/uploads\/2023\/07\/DK_Foto_SLC-200x300.jpg 200w, https:\/\/napa.gl\/wp-content\/uploads\/2023\/07\/DK_Foto_SLC-683x1024.jpg 683w, https:\/\/napa.gl\/wp-content\/uploads\/2023\/07\/DK_Foto_SLC-768x1152.jpg 768w, https:\/\/napa.gl\/wp-content\/uploads\/2023\/07\/DK_Foto_SLC-1024x1536.jpg 1024w, https:\/\/napa.gl\/wp-content\/uploads\/2023\/07\/DK_Foto_SLC-700x1050.jpg 700w\" sizes=\"auto, (max-width: 1280px) 100vw, 1280px\" \/><\/figure><div class=\"elementor-image-box-content\"><h3 class=\"elementor-image-box-title\">S\u00f8ren la Cour Jensen<\/h3><p class=\"elementor-image-box-description\"><img loading=\"lazy\" decoding=\"async\" src=\"https:\/\/napa.gl\/wp-content\/uploads\/2021\/02\/da.png\" alt=\"\" width=\"18\" height=\"12\"> Bestyrelsesmedlem for NAPAs bestyrelse 2023-2025<\/p><\/div><\/div>\t\t\t\t<\/div>\n\t\t\t\t<\/div>\n\t\t\t\t<div class=\"elementor-element elementor-element-bb74e5a elementor-widget elementor-widget-text-editor\" data-id=\"bb74e5a\" data-element_type=\"widget\" data-e-type=\"widget\" data-widget_type=\"text-editor.default\">\n\t\t\t\t<div class=\"elementor-widget-container\">\n\t\t\t\t\t\t\t\t\t<p>Museumsinspekt\u00f8r, daglig leder af Knud Rasmussens Hus og Arkiv<\/p>\t\t\t\t\t\t\t\t<\/div>\n\t\t\t\t<\/div>\n\t\t\t\t<div class=\"elementor-element elementor-element-322b9b2 elementor-icon-list--layout-traditional elementor-list-item-link-full_width elementor-widget elementor-widget-icon-list\" data-id=\"322b9b2\" data-element_type=\"widget\" data-e-type=\"widget\" data-widget_type=\"icon-list.default\">\n\t\t\t\t<div class=\"elementor-widget-container\">\n\t\t\t\t\t\t\t<ul class=\"elementor-icon-list-items\">\n\t\t\t\t\t\t\t<li class=\"elementor-icon-list-item\">\n\t\t\t\t\t\t\t\t\t\t\t<span class=\"elementor-icon-list-icon\">\n\t\t\t\t\t\t\t<i aria-hidden=\"true\" class=\"far fa-envelope\"><\/i>\t\t\t\t\t\t<\/span>\n\t\t\t\t\t\t\t\t\t\t<span class=\"elementor-icon-list-text\">soren.la.cour@indmus.dk<\/span>\n\t\t\t\t\t\t\t\t\t<\/li>\n\t\t\t\t\t\t<\/ul>\n\t\t\t\t\t\t<\/div>\n\t\t\t\t<\/div>\n\t\t\t\t<div class=\"elementor-element elementor-element-593ff7e e-grid-align-left elementor-shape-rounded elementor-grid-0 elementor-widget elementor-widget-social-icons\" data-id=\"593ff7e\" data-element_type=\"widget\" data-e-type=\"widget\" data-widget_type=\"social-icons.default\">\n\t\t\t\t<div class=\"elementor-widget-container\">\n\t\t\t\t\t\t\t<div class=\"elementor-social-icons-wrapper elementor-grid\">\n\t\t\t\t\t\t\t<span class=\"elementor-grid-item\">\n\t\t\t\t\t<a class=\"elementor-icon elementor-social-icon elementor-social-icon-linkedin elementor-repeater-item-49b0cc0\" href=\"https:\/\/dk.linkedin.com\/in\/s%C3%B8ren-la-cour-jensen-62a46315\" target=\"_blank\" rel=\"noopener\">\n\t\t\t\t\t\t<span class=\"elementor-screen-only\">Linkedin<\/span>\n\t\t\t\t\t\t<i aria-hidden=\"true\" class=\"fab fa-linkedin\"><\/i>\t\t\t\t\t<\/a>\n\t\t\t\t<\/span>\n\t\t\t\t\t<\/div>\n\t\t\t\t\t\t<\/div>\n\t\t\t\t<\/div>\n\t\t\t\t\t<\/div>\n\t\t<\/div>\n\t\t\t\t<div class=\"elementor-column elementor-col-50 elementor-inner-column elementor-element elementor-element-6acd557\" data-id=\"6acd557\" data-element_type=\"column\" data-e-type=\"column\">\n\t\t\t<div class=\"elementor-widget-wrap\">\n\t\t\t\t\t\t\t<\/div>\n\t\t<\/div>\n\t\t\t\t\t<\/div>\n\t\t<\/section>\n\t\t\t\t<div class=\"elementor-element elementor-element-d035568 elementor-widget elementor-widget-spacer\" data-id=\"d035568\" data-element_type=\"widget\" data-e-type=\"widget\" data-widget_type=\"spacer.default\">\n\t\t\t\t<div class=\"elementor-widget-container\">\n\t\t\t\t\t\t\t<div class=\"elementor-spacer\">\n\t\t\t<div class=\"elementor-spacer-inner\"><\/div>\n\t\t<\/div>\n\t\t\t\t\t\t<\/div>\n\t\t\t\t<\/div>\n\t\t\t\t\t<\/div>\n\t\t<\/div>\n\t\t\t\t\t<\/div>\n\t\t<\/section>\n\t\t\t\t<section class=\"elementor-section elementor-top-section elementor-element elementor-element-bd35569 elementor-section-boxed elementor-section-height-default elementor-section-height-default parallax_section_no qode_elementor_container_no\" data-id=\"bd35569\" data-element_type=\"section\" data-e-type=\"section\">\n\t\t\t\t\t\t<div class=\"elementor-container elementor-column-gap-default\">\n\t\t\t\t\t<div class=\"elementor-column elementor-col-100 elementor-top-column elementor-element elementor-element-27dfd4a\" data-id=\"27dfd4a\" data-element_type=\"column\" data-e-type=\"column\">\n\t\t\t<div class=\"elementor-widget-wrap elementor-element-populated\">\n\t\t\t\t\t\t<div class=\"elementor-element elementor-element-73f6b70 elementor-widget elementor-widget-spacer\" data-id=\"73f6b70\" data-element_type=\"widget\" data-e-type=\"widget\" data-widget_type=\"spacer.default\">\n\t\t\t\t<div class=\"elementor-widget-container\">\n\t\t\t\t\t\t\t<div class=\"elementor-spacer\">\n\t\t\t<div class=\"elementor-spacer-inner\"><\/div>\n\t\t<\/div>\n\t\t\t\t\t\t<\/div>\n\t\t\t\t<\/div>\n\t\t\t\t\t<\/div>\n\t\t<\/div>\n\t\t\t\t\t<\/div>\n\t\t<\/section>\n\t\t\t\t<\/div>\n\t\t","protected":false},"excerpt":{"rendered":"<p>NAPAs bestyrelse 2023-2025 Bestyrelsen er udpeget af Nordisk Ministerr\u00e5d og vil blive konstitueret i februar 2023.\u00a0NAPAs bestyrelse er sammensat for tre \u00e5r ad gangen, med fem faste medlemmer fra de nordiske lande. Gr\u00f8nland er repr\u00e6senteret med \u00e9t medlem, der er udpeget af Gr\u00f8nlands Naalakkersuisut for&#8230;<\/p>\n","protected":false},"author":24,"featured_media":17861,"parent":16351,"menu_order":0,"comment_status":"closed","ping_status":"closed","template":"","meta":{"footnotes":""},"categories":[],"class_list":["post-17859","page","type-page","status-publish","has-post-thumbnail","hentry"],"_links":{"self":[{"href":"https:\/\/napa.gl\/da\/wp-json\/wp\/v2\/pages\/17859","targetHints":{"allow":["GET"]}}],"collection":[{"href":"https:\/\/napa.gl\/da\/wp-json\/wp\/v2\/pages"}],"about":[{"href":"https:\/\/napa.gl\/da\/wp-json\/wp\/v2\/types\/page"}],"author":[{"embeddable":true,"href":"https:\/\/napa.gl\/da\/wp-json\/wp\/v2\/users\/24"}],"replies":[{"embeddable":true,"href":"https:\/\/napa.gl\/da\/wp-json\/wp\/v2\/comments?post=17859"}],"version-history":[{"count":74,"href":"https:\/\/napa.gl\/da\/wp-json\/wp\/v2\/pages\/17859\/revisions"}],"predecessor-version":[{"id":38008,"href":"https:\/\/napa.gl\/da\/wp-json\/wp\/v2\/pages\/17859\/revisions\/38008"}],"up":[{"embeddable":true,"href":"https:\/\/napa.gl\/da\/wp-json\/wp\/v2\/pages\/16351"}],"wp:featuredmedia":[{"embeddable":true,"href":"https:\/\/napa.gl\/da\/wp-json\/wp\/v2\/media\/17861"}],"wp:attachment":[{"href":"https:\/\/napa.gl\/da\/wp-json\/wp\/v2\/media?parent=17859"}],"wp:term":[{"taxonomy":"category","embeddable":true,"href":"https:\/\/napa.gl\/da\/wp-json\/wp\/v2\/categories?post=17859"}],"curies":[{"name":"wp","href":"https:\/\/api.w.org\/{rel}","templated":true}]}}