{"id":16345,"date":"2020-11-03T12:39:21","date_gmt":"2020-11-03T15:39:21","guid":{"rendered":"https:\/\/napa.gl\/?page_id=16345"},"modified":"2025-03-11T13:41:47","modified_gmt":"2025-03-11T15:41:47","slug":"om-nordisk-ministerraad","status":"publish","type":"page","link":"https:\/\/napa.gl\/da\/om-os\/om-nordisk-ministerraad\/","title":{"rendered":"Om Nordisk Ministerr\u00e5d"},"content":{"rendered":"\t\t<div data-elementor-type=\"wp-page\" data-elementor-id=\"16345\" class=\"elementor elementor-16345\" data-elementor-post-type=\"page\">\n\t\t\t\t\t\t<section class=\"elementor-section elementor-top-section elementor-element elementor-element-37676b0d elementor-section-boxed elementor-section-height-default elementor-section-height-default parallax_section_no qode_elementor_container_no\" data-id=\"37676b0d\" data-element_type=\"section\" data-e-type=\"section\">\n\t\t\t\t\t\t<div class=\"elementor-container elementor-column-gap-default\">\n\t\t\t\t\t<div class=\"elementor-column elementor-col-100 elementor-top-column elementor-element elementor-element-7595d313 elementor-hidden-mobile\" data-id=\"7595d313\" data-element_type=\"column\" data-e-type=\"column\">\n\t\t\t<div class=\"elementor-widget-wrap elementor-element-populated\">\n\t\t\t\t\t\t<div class=\"elementor-element elementor-element-66e2ed66 elementor-widget elementor-widget-gallery\" data-id=\"66e2ed66\" data-element_type=\"widget\" data-e-type=\"widget\" data-settings=\"{&quot;gallery_layout&quot;:&quot;justified&quot;,&quot;ideal_row_height&quot;:{&quot;unit&quot;:&quot;px&quot;,&quot;size&quot;:&quot;400&quot;,&quot;sizes&quot;:[]},&quot;ideal_row_height_tablet&quot;:{&quot;unit&quot;:&quot;px&quot;,&quot;size&quot;:&quot;300&quot;,&quot;sizes&quot;:[]},&quot;gap_tablet&quot;:{&quot;unit&quot;:&quot;px&quot;,&quot;size&quot;:&quot;50&quot;,&quot;sizes&quot;:[]},&quot;gap_mobile&quot;:{&quot;unit&quot;:&quot;px&quot;,&quot;size&quot;:&quot;20&quot;,&quot;sizes&quot;:[]},&quot;ideal_row_height_mobile&quot;:{&quot;unit&quot;:&quot;px&quot;,&quot;size&quot;:150,&quot;sizes&quot;:[]},&quot;gap&quot;:{&quot;unit&quot;:&quot;px&quot;,&quot;size&quot;:10,&quot;sizes&quot;:[]},&quot;link_to&quot;:&quot;file&quot;,&quot;content_hover_animation&quot;:&quot;fade-in&quot;}\" data-widget_type=\"gallery.default\">\n\t\t\t\t<div class=\"elementor-widget-container\">\n\t\t\t\t\t\t\t<div class=\"elementor-gallery__container\">\n\t\t\t\t\t\t\t<a class=\"e-gallery-item elementor-gallery-item elementor-animated-content\" href=\"https:\/\/napa.gl\/wp-content\/uploads\/2020\/12\/kuressaare-1200px.jpg\" data-elementor-open-lightbox=\"yes\" data-elementor-lightbox-slideshow=\"66e2ed66\" data-elementor-lightbox-title=\"kuressaare-1200px\" data-e-action-hash=\"#elementor-action%3Aaction%3Dlightbox%26settings%3DeyJpZCI6MTcxODksInVybCI6Imh0dHBzOlwvXC9uYXBhLmdsXC93cC1jb250ZW50XC91cGxvYWRzXC8yMDIwXC8xMlwva3VyZXNzYWFyZS0xMjAwcHguanBnIiwic2xpZGVzaG93IjoiNjZlMmVkNjYifQ%3D%3D\">\n\t\t\t\t\t<div class=\"e-gallery-image elementor-gallery-item__image\" data-thumbnail=\"https:\/\/napa.gl\/wp-content\/uploads\/2020\/12\/kuressaare-1200px.jpg\" data-width=\"1200\" data-height=\"803\" aria-label=\"\" role=\"img\" ><\/div>\n\t\t\t\t\t\t\t\t\t\t\t\t\t\t<\/a>\n\t\t\t\t\t\t\t<a class=\"e-gallery-item elementor-gallery-item elementor-animated-content\" href=\"https:\/\/napa.gl\/wp-content\/uploads\/2020\/12\/vaegvisare-1200px.jpg\" data-elementor-open-lightbox=\"yes\" data-elementor-lightbox-slideshow=\"66e2ed66\" data-elementor-lightbox-title=\"Lappland Sweden\" data-e-action-hash=\"#elementor-action%3Aaction%3Dlightbox%26settings%3DeyJpZCI6MTcxOTgsInVybCI6Imh0dHBzOlwvXC9uYXBhLmdsXC93cC1jb250ZW50XC91cGxvYWRzXC8yMDIwXC8xMlwvdmFlZ3Zpc2FyZS0xMjAwcHguanBnIiwic2xpZGVzaG93IjoiNjZlMmVkNjYifQ%3D%3D\">\n\t\t\t\t\t<div class=\"e-gallery-image elementor-gallery-item__image\" data-thumbnail=\"https:\/\/napa.gl\/wp-content\/uploads\/2020\/12\/vaegvisare-1200px.jpg\" data-width=\"799\" data-height=\"1200\" aria-label=\"\" role=\"img\" ><\/div>\n\t\t\t\t\t\t\t\t\t\t\t\t\t\t<\/a>\n\t\t\t\t\t\t\t<a class=\"e-gallery-item elementor-gallery-item elementor-animated-content\" href=\"https:\/\/napa.gl\/wp-content\/uploads\/2020\/12\/veiskilt-1600px.jpg\" data-elementor-open-lightbox=\"yes\" data-elementor-lightbox-slideshow=\"66e2ed66\" data-elementor-lightbox-title=\"Abisko tourist attraction\" data-e-action-hash=\"#elementor-action%3Aaction%3Dlightbox%26settings%3DeyJpZCI6MTcyMDEsInVybCI6Imh0dHBzOlwvXC9uYXBhLmdsXC93cC1jb250ZW50XC91cGxvYWRzXC8yMDIwXC8xMlwvdmVpc2tpbHQtMTYwMHB4LmpwZyIsInNsaWRlc2hvdyI6IjY2ZTJlZDY2In0%3D\">\n\t\t\t\t\t<div class=\"e-gallery-image elementor-gallery-item__image\" data-thumbnail=\"https:\/\/napa.gl\/wp-content\/uploads\/2020\/12\/veiskilt-1600px.jpg\" data-width=\"1071\" data-height=\"1600\" aria-label=\"\" role=\"img\" ><\/div>\n\t\t\t\t\t\t\t\t\t\t\t\t\t\t<\/a>\n\t\t\t\t\t<\/div>\n\t\t\t\t\t<\/div>\n\t\t\t\t<\/div>\n\t\t\t\t\t<\/div>\n\t\t<\/div>\n\t\t\t\t\t<\/div>\n\t\t<\/section>\n\t\t\t\t<section class=\"elementor-section elementor-top-section elementor-element elementor-element-2f2a36eb elementor-reverse-mobile elementor-section-boxed elementor-section-height-default elementor-section-height-default parallax_section_no qode_elementor_container_no\" data-id=\"2f2a36eb\" data-element_type=\"section\" data-e-type=\"section\">\n\t\t\t\t\t\t<div class=\"elementor-container elementor-column-gap-default\">\n\t\t\t\t\t<div class=\"elementor-column elementor-col-50 elementor-top-column elementor-element elementor-element-4696b9f0\" data-id=\"4696b9f0\" data-element_type=\"column\" data-e-type=\"column\">\n\t\t\t<div class=\"elementor-widget-wrap elementor-element-populated\">\n\t\t\t\t\t\t<div class=\"elementor-element elementor-element-69ec18e8 elementor-widget elementor-widget-image\" data-id=\"69ec18e8\" data-element_type=\"widget\" data-e-type=\"widget\" data-widget_type=\"image.default\">\n\t\t\t\t<div class=\"elementor-widget-container\">\n\t\t\t\t\t\t\t\t\t\t\t\t\t\t\t<img loading=\"lazy\" decoding=\"async\" width=\"1024\" height=\"683\" src=\"https:\/\/napa.gl\/wp-content\/uploads\/2020\/12\/skilt-i-reykjavik-1200px-1024x683.jpg\" class=\"attachment-large size-large wp-image-17192\" alt=\"\" srcset=\"https:\/\/napa.gl\/wp-content\/uploads\/2020\/12\/skilt-i-reykjavik-1200px-1024x683.jpg 1024w, https:\/\/napa.gl\/wp-content\/uploads\/2020\/12\/skilt-i-reykjavik-1200px-300x200.jpg 300w, https:\/\/napa.gl\/wp-content\/uploads\/2020\/12\/skilt-i-reykjavik-1200px-768x512.jpg 768w, https:\/\/napa.gl\/wp-content\/uploads\/2020\/12\/skilt-i-reykjavik-1200px-700x467.jpg 700w, https:\/\/napa.gl\/wp-content\/uploads\/2020\/12\/skilt-i-reykjavik-1200px.jpg 1200w\" sizes=\"auto, (max-width: 1024px) 100vw, 1024px\" \/>\t\t\t\t\t\t\t\t\t\t\t\t\t\t\t<\/div>\n\t\t\t\t<\/div>\n\t\t\t\t\t<\/div>\n\t\t<\/div>\n\t\t\t\t<div class=\"elementor-column elementor-col-50 elementor-top-column elementor-element elementor-element-69712c05\" data-id=\"69712c05\" data-element_type=\"column\" data-e-type=\"column\">\n\t\t\t<div class=\"elementor-widget-wrap elementor-element-populated\">\n\t\t\t\t\t\t<div class=\"elementor-element elementor-element-61c60581 elementor-widget-divider--separator-type-pattern elementor-widget-divider--view-line elementor-widget elementor-widget-divider\" data-id=\"61c60581\" data-element_type=\"widget\" data-e-type=\"widget\" data-widget_type=\"divider.default\">\n\t\t\t\t<div class=\"elementor-widget-container\">\n\t\t\t\t\t\t\t<div class=\"elementor-divider\" style=\"--divider-pattern-url: url(&quot;data:image\/svg+xml,%3Csvg xmlns=&#039;http:\/\/www.w3.org\/2000\/svg&#039; preserveAspectRatio=&#039;none&#039; overflow=&#039;visible&#039; height=&#039;100%&#039; viewBox=&#039;0 0 20 16&#039; fill=&#039;none&#039; stroke=&#039;black&#039; stroke-width=&#039;2.2&#039; stroke-linecap=&#039;square&#039; stroke-miterlimit=&#039;10&#039;%3E%3Cg transform=&#039;translate(-12.000000, 0)&#039;%3E%3Cpath d=&#039;M28,0L10,18&#039;\/%3E%3Cpath d=&#039;M18,0L0,18&#039;\/%3E%3Cpath d=&#039;M48,0L30,18&#039;\/%3E%3Cpath d=&#039;M38,0L20,18&#039;\/%3E%3C\/g%3E%3C\/svg%3E&quot;);\">\n\t\t\t<span class=\"elementor-divider-separator\">\n\t\t\t\t\t\t<\/span>\n\t\t<\/div>\n\t\t\t\t\t\t<\/div>\n\t\t\t\t<\/div>\n\t\t\t\t<div class=\"elementor-element elementor-element-61578053 elementor-widget elementor-widget-heading\" data-id=\"61578053\" data-element_type=\"widget\" data-e-type=\"widget\" data-widget_type=\"heading.default\">\n\t\t\t\t<div class=\"elementor-widget-container\">\n\t\t\t\t\t<h2 class=\"elementor-heading-title elementor-size-default\">Om Nordisk R\u00e5d og Nordisk Ministerr\u00e5d<\/h2>\t\t\t\t<\/div>\n\t\t\t\t<\/div>\n\t\t\t\t\t<\/div>\n\t\t<\/div>\n\t\t\t\t\t<\/div>\n\t\t<\/section>\n\t\t\t\t<section class=\"elementor-section elementor-top-section elementor-element elementor-element-1507b39d elementor-section-boxed elementor-section-height-default elementor-section-height-default parallax_section_no qode_elementor_container_no\" data-id=\"1507b39d\" data-element_type=\"section\" data-e-type=\"section\">\n\t\t\t\t\t\t<div class=\"elementor-container elementor-column-gap-default\">\n\t\t\t\t\t<div class=\"elementor-column elementor-col-100 elementor-top-column elementor-element elementor-element-25b2779a\" data-id=\"25b2779a\" data-element_type=\"column\" data-e-type=\"column\">\n\t\t\t<div class=\"elementor-widget-wrap elementor-element-populated\">\n\t\t\t\t\t\t<div class=\"elementor-element elementor-element-dc7b9c3 elementor-widget elementor-widget-heading\" data-id=\"dc7b9c3\" data-element_type=\"widget\" data-e-type=\"widget\" data-widget_type=\"heading.default\">\n\t\t\t\t<div class=\"elementor-widget-container\">\n\t\t\t\t\t<h4 class=\"elementor-heading-title elementor-size-default\"><a href=\"https:\/\/www.norden.org\/da\/nordisk-raad-0\" target=\"_blank\" rel=\"noopener\">Nordisk R\u00e5d<\/a><\/h4>\t\t\t\t<\/div>\n\t\t\t\t<\/div>\n\t\t\t\t<div class=\"elementor-element elementor-element-4f4f56bf elementor-widget elementor-widget-text-editor\" data-id=\"4f4f56bf\" data-element_type=\"widget\" data-e-type=\"widget\" data-widget_type=\"text-editor.default\">\n\t\t\t\t<div class=\"elementor-widget-container\">\n\t\t\t\t\t\t\t\t\t<p>Nordisk R\u00e5d skal sammen med Nordisk Ministerr\u00e5d arbejde for f\u00e6lles nordiske l\u00f8sninger, som har en tydelig positiv effekt samt nordisk nytte for borgerne i de enkelte nordiske lande.<\/p><p>\u00a0<\/p><p>Nordisk R\u00e5d er det parlamentariske organ for det officielle nordiske samarbejde og kan alts\u00e5 sammenlignes med Inatsisartut i en nordisk sammenh\u00e6ng. R\u00e5det har 87 valgte medlemmer fra Danmark, Finland, Island, Norge og Sverige samt F\u00e6r\u00f8erne, Gr\u00f8nland og \u00c5land, som udv\u00e6lges fra de nordiske landes parlamenter efter forslag fra partigrupperne. Der afholdes ikke direkte valg til Nordisk R\u00e5d.<\/p><p>\u00a0<\/p><p>Nordisk R\u00e5d, som ledes af Pr\u00e6sidiet, samles til to \u00e5rlige m\u00f8der \u2013 Nordisk R\u00e5ds session og temasessionen. Nordisk R\u00e5ds session er Nordens topm\u00f8de og \u00e5rets st\u00f8rste nordiske politiske begivenhed. De nordiske parlamentarikere tager beslutninger om forhold, som de \u00f8nsker, at de nordiske regeringer skal finde l\u00f8sninger p\u00e5. Nordisk R\u00e5d stiller forslag og fors\u00f8ger l\u00f8bende at p\u00e5virke de nordiske regeringer, til at finde f\u00e6lles nordiske l\u00f8sninger som har en positiv effekt. Udover de valgte 87 medlemmer fra de nordiske parlamenter, deltager samarbejdsministre og statsministre p\u00e5 sessionen.<\/p><p>\u00a0<\/p><p>De nordiske statsministre godkendte i 2019 den nye f\u00e6lles vision <a href=\"https:\/\/www.norden.org\/da\/vores-vision-2030\" target=\"_blank\" rel=\"noopener\">\u201dVores vision 2030 &#8211; Norden skal blive verdens mest holdbare og integrerede region\u201d<\/a>. De tre strategiske prioriteringer er: Et gr\u00f8nt Norden, et konkurrencedygtigt Norden og et socialt b\u00e6redygtigt Norden. Den nye vision vil v\u00e6re g\u00e6ldende fra starten af 2021.<\/p>\t\t\t\t\t\t\t\t<\/div>\n\t\t\t\t<\/div>\n\t\t\t\t\t<\/div>\n\t\t<\/div>\n\t\t\t\t\t<\/div>\n\t\t<\/section>\n\t\t\t\t<section class=\"elementor-section elementor-top-section elementor-element elementor-element-49a8b94 elementor-section-boxed elementor-section-height-default elementor-section-height-default parallax_section_no qode_elementor_container_no\" data-id=\"49a8b94\" data-element_type=\"section\" data-e-type=\"section\">\n\t\t\t\t\t\t<div class=\"elementor-container elementor-column-gap-default\">\n\t\t\t\t\t<div class=\"elementor-column elementor-col-100 elementor-top-column elementor-element elementor-element-608a3df\" data-id=\"608a3df\" data-element_type=\"column\" data-e-type=\"column\">\n\t\t\t<div class=\"elementor-widget-wrap elementor-element-populated\">\n\t\t\t\t\t\t<div class=\"elementor-element elementor-element-b2d3001 elementor-widget elementor-widget-heading\" data-id=\"b2d3001\" data-element_type=\"widget\" data-e-type=\"widget\" data-widget_type=\"heading.default\">\n\t\t\t\t<div class=\"elementor-widget-container\">\n\t\t\t\t\t<h4 class=\"elementor-heading-title elementor-size-default\"><a href=\"https:\/\/www.norden.org\/da\/nordisk-ministerraad-0\" target=\"_blank\" rel=\"noopener\">Nordisk Ministerr\u00e5d<\/a><\/h4>\t\t\t\t<\/div>\n\t\t\t\t<\/div>\n\t\t\t\t<div class=\"elementor-element elementor-element-6d9caeb elementor-widget elementor-widget-text-editor\" data-id=\"6d9caeb\" data-element_type=\"widget\" data-e-type=\"widget\" data-widget_type=\"text-editor.default\">\n\t\t\t\t<div class=\"elementor-widget-container\">\n\t\t\t\t\t\t\t\t\t<p>De nordiske statsministre har det overordnede ansvar for <a href=\"https:\/\/www.norden.org\/da\/information\/om-nordisk-ministerraad\" target=\"_blank\" rel=\"noopener\">det nordiske samarbejde<\/a>. I praksis er ansvaret for samarbejdet uddelegeret til de nordiske samarbejdsministre (MR-SAM) og til Nordisk Samarbejdskomit\u00e9 (NSK), som st\u00e5r for den l\u00f8bende koordinering af det nordiske regeringssamarbejde.<\/p><p>\u00a0<\/p><p>Nordisk Ministerr\u00e5d er en central platform for kultursamarbejdet i Norden, og har bl.a. en r\u00e6kke st\u00f8tteordninger under sig.<\/p><p>NAPA er en kulturinstitution under Nordisk Ministerr\u00e5d og arbejder altid med udgangspunkt i ministerr\u00e5dets strategi for kulturomr\u00e5det. Den bliver udarbejdet af Nordisk Ministerr\u00e5d for kultur, som best\u00e5r af kulturministrene fra alle de nordiske lande.\u00a0<\/p>\t\t\t\t\t\t\t\t<\/div>\n\t\t\t\t<\/div>\n\t\t\t\t\t<\/div>\n\t\t<\/div>\n\t\t\t\t\t<\/div>\n\t\t<\/section>\n\t\t\t\t<\/div>\n\t\t","protected":false},"excerpt":{"rendered":"<p>Om Nordisk R\u00e5d og Nordisk Ministerr\u00e5d Nordisk R\u00e5d Nordisk R\u00e5d skal sammen med Nordisk Ministerr\u00e5d arbejde for f\u00e6lles nordiske l\u00f8sninger, som har en tydelig positiv effekt samt nordisk nytte for borgerne i de enkelte nordiske lande. \u00a0 Nordisk R\u00e5d er det parlamentariske organ for det&#8230;<\/p>\n","protected":false},"author":24,"featured_media":17186,"parent":16351,"menu_order":2,"comment_status":"closed","ping_status":"closed","template":"","meta":{"footnotes":""},"categories":[],"class_list":["post-16345","page","type-page","status-publish","has-post-thumbnail","hentry"],"_links":{"self":[{"href":"https:\/\/napa.gl\/da\/wp-json\/wp\/v2\/pages\/16345","targetHints":{"allow":["GET"]}}],"collection":[{"href":"https:\/\/napa.gl\/da\/wp-json\/wp\/v2\/pages"}],"about":[{"href":"https:\/\/napa.gl\/da\/wp-json\/wp\/v2\/types\/page"}],"author":[{"embeddable":true,"href":"https:\/\/napa.gl\/da\/wp-json\/wp\/v2\/users\/24"}],"replies":[{"embeddable":true,"href":"https:\/\/napa.gl\/da\/wp-json\/wp\/v2\/comments?post=16345"}],"version-history":[{"count":29,"href":"https:\/\/napa.gl\/da\/wp-json\/wp\/v2\/pages\/16345\/revisions"}],"predecessor-version":[{"id":38320,"href":"https:\/\/napa.gl\/da\/wp-json\/wp\/v2\/pages\/16345\/revisions\/38320"}],"up":[{"embeddable":true,"href":"https:\/\/napa.gl\/da\/wp-json\/wp\/v2\/pages\/16351"}],"wp:featuredmedia":[{"embeddable":true,"href":"https:\/\/napa.gl\/da\/wp-json\/wp\/v2\/media\/17186"}],"wp:attachment":[{"href":"https:\/\/napa.gl\/da\/wp-json\/wp\/v2\/media?parent=16345"}],"wp:term":[{"taxonomy":"category","embeddable":true,"href":"https:\/\/napa.gl\/da\/wp-json\/wp\/v2\/categories?post=16345"}],"curies":[{"name":"wp","href":"https:\/\/api.w.org\/{rel}","templated":true}]}}