{"id":16177,"date":"2020-10-30T14:36:31","date_gmt":"2020-10-30T17:36:31","guid":{"rendered":"https:\/\/napa.gl\/?page_id=16177"},"modified":"2022-06-24T13:20:43","modified_gmt":"2022-06-24T15:20:43","slug":"vi-er-vestnorden","status":"publish","type":"page","link":"https:\/\/napa.gl\/da\/aktiviteter\/vi-er-vestnorden\/","title":{"rendered":"Vi er Vestnorden"},"content":{"rendered":"\t\t<div data-elementor-type=\"wp-page\" data-elementor-id=\"16177\" class=\"elementor elementor-16177\" data-elementor-post-type=\"page\">\n\t\t\t\t\t\t<section class=\"elementor-section elementor-top-section elementor-element elementor-element-0204639 elementor-section-boxed elementor-section-height-default elementor-section-height-default parallax_section_no qode_elementor_container_no\" data-id=\"0204639\" data-element_type=\"section\" data-e-type=\"section\">\n\t\t\t\t\t\t<div class=\"elementor-container elementor-column-gap-default\">\n\t\t\t\t\t<div class=\"elementor-column elementor-col-100 elementor-top-column elementor-element elementor-element-2f5b941\" data-id=\"2f5b941\" data-element_type=\"column\" data-e-type=\"column\">\n\t\t\t<div class=\"elementor-widget-wrap elementor-element-populated\">\n\t\t\t\t\t\t<div class=\"elementor-element elementor-element-acbf3b0 elementor-widget elementor-widget-gallery\" data-id=\"acbf3b0\" data-element_type=\"widget\" data-e-type=\"widget\" data-settings=\"{&quot;gallery_layout&quot;:&quot;justified&quot;,&quot;ideal_row_height&quot;:{&quot;unit&quot;:&quot;px&quot;,&quot;size&quot;:&quot;400&quot;,&quot;sizes&quot;:[]},&quot;ideal_row_height_tablet&quot;:{&quot;unit&quot;:&quot;px&quot;,&quot;size&quot;:&quot;300&quot;,&quot;sizes&quot;:[]},&quot;gap_tablet&quot;:{&quot;unit&quot;:&quot;px&quot;,&quot;size&quot;:&quot;50&quot;,&quot;sizes&quot;:[]},&quot;gap_mobile&quot;:{&quot;unit&quot;:&quot;px&quot;,&quot;size&quot;:&quot;20&quot;,&quot;sizes&quot;:[]},&quot;ideal_row_height_mobile&quot;:{&quot;unit&quot;:&quot;px&quot;,&quot;size&quot;:150,&quot;sizes&quot;:[]},&quot;gap&quot;:{&quot;unit&quot;:&quot;px&quot;,&quot;size&quot;:10,&quot;sizes&quot;:[]},&quot;link_to&quot;:&quot;file&quot;,&quot;content_hover_animation&quot;:&quot;fade-in&quot;}\" data-widget_type=\"gallery.default\">\n\t\t\t\t<div class=\"elementor-widget-container\">\n\t\t\t\t\t\t\t<div class=\"elementor-gallery__container\">\n\t\t\t\t\t\t\t<a class=\"e-gallery-item elementor-gallery-item elementor-animated-content\" href=\"https:\/\/napa.gl\/wp-content\/uploads\/2020\/10\/nicholas-kampouris-H_M4dX_F1LQ-unsplash-scaled.jpg\" data-elementor-open-lightbox=\"yes\" data-elementor-lightbox-slideshow=\"acbf3b0\" data-elementor-lightbox-title=\"nicholas-kampouris-H_M4dX_F1LQ-unsplash\" data-e-action-hash=\"#elementor-action%3Aaction%3Dlightbox%26settings%3DeyJpZCI6MTYyMTMsInVybCI6Imh0dHBzOlwvXC9uYXBhLmdsXC93cC1jb250ZW50XC91cGxvYWRzXC8yMDIwXC8xMFwvbmljaG9sYXMta2FtcG91cmlzLUhfTTRkWF9GMUxRLXVuc3BsYXNoLXNjYWxlZC5qcGciLCJzbGlkZXNob3ciOiJhY2JmM2IwIn0%3D\">\n\t\t\t\t\t<div class=\"e-gallery-image elementor-gallery-item__image\" data-thumbnail=\"https:\/\/napa.gl\/wp-content\/uploads\/2020\/10\/nicholas-kampouris-H_M4dX_F1LQ-unsplash-scaled.jpg\" data-width=\"2560\" data-height=\"1442\" aria-label=\"Island\" role=\"img\" ><\/div>\n\t\t\t\t\t\t\t\t\t\t\t\t\t\t<\/a>\n\t\t\t\t\t\t\t<a class=\"e-gallery-item elementor-gallery-item elementor-animated-content\" href=\"https:\/\/napa.gl\/wp-content\/uploads\/2020\/10\/annie-spratt-ZPW9C_m_2no-unsplash-scaled.jpg\" data-elementor-open-lightbox=\"yes\" data-elementor-lightbox-slideshow=\"acbf3b0\" data-elementor-lightbox-title=\"annie-spratt-ZPW9C_m_2no-unsplash\" data-e-action-hash=\"#elementor-action%3Aaction%3Dlightbox%26settings%3DeyJpZCI6MTYyMTgsInVybCI6Imh0dHBzOlwvXC9uYXBhLmdsXC93cC1jb250ZW50XC91cGxvYWRzXC8yMDIwXC8xMFwvYW5uaWUtc3ByYXR0LVpQVzlDX21fMm5vLXVuc3BsYXNoLXNjYWxlZC5qcGciLCJzbGlkZXNob3ciOiJhY2JmM2IwIn0%3D\">\n\t\t\t\t\t<div class=\"e-gallery-image elementor-gallery-item__image\" data-thumbnail=\"https:\/\/napa.gl\/wp-content\/uploads\/2020\/10\/annie-spratt-ZPW9C_m_2no-unsplash-scaled.jpg\" data-width=\"1707\" data-height=\"2560\" aria-label=\"F\u00e6r\u00f8erne\" role=\"img\" ><\/div>\n\t\t\t\t\t\t\t\t\t\t\t\t\t\t<\/a>\n\t\t\t\t\t<\/div>\n\t\t\t\t\t<\/div>\n\t\t\t\t<\/div>\n\t\t\t\t\t<\/div>\n\t\t<\/div>\n\t\t\t\t\t<\/div>\n\t\t<\/section>\n\t\t\t\t<section class=\"elementor-section elementor-top-section elementor-element elementor-element-3be78a62 elementor-reverse-mobile elementor-section-boxed elementor-section-height-default elementor-section-height-default parallax_section_no qode_elementor_container_no\" data-id=\"3be78a62\" data-element_type=\"section\" data-e-type=\"section\">\n\t\t\t\t\t\t<div class=\"elementor-container elementor-column-gap-default\">\n\t\t\t\t\t<div class=\"elementor-column elementor-col-50 elementor-top-column elementor-element elementor-element-48d26ab5\" data-id=\"48d26ab5\" data-element_type=\"column\" data-e-type=\"column\">\n\t\t\t<div class=\"elementor-widget-wrap elementor-element-populated\">\n\t\t\t\t\t\t<div class=\"elementor-element elementor-element-68cbb657 elementor-widget elementor-widget-image\" data-id=\"68cbb657\" data-element_type=\"widget\" data-e-type=\"widget\" data-widget_type=\"image.default\">\n\t\t\t\t<div class=\"elementor-widget-container\">\n\t\t\t\t\t\t\t\t\t\t\t\t\t\t\t<img loading=\"lazy\" decoding=\"async\" width=\"375\" height=\"375\" src=\"https:\/\/napa.gl\/wp-content\/uploads\/2020\/10\/nordeniskolen_375.gif\" class=\"attachment-large size-large wp-image-16187\" alt=\"Vi er Vestnorden\" \/>\t\t\t\t\t\t\t\t\t\t\t\t\t\t\t<\/div>\n\t\t\t\t<\/div>\n\t\t\t\t\t<\/div>\n\t\t<\/div>\n\t\t\t\t<div class=\"elementor-column elementor-col-50 elementor-top-column elementor-element elementor-element-62e0e238\" data-id=\"62e0e238\" data-element_type=\"column\" data-e-type=\"column\">\n\t\t\t<div class=\"elementor-widget-wrap elementor-element-populated\">\n\t\t\t\t\t\t<div class=\"elementor-element elementor-element-49670e77 elementor-widget-divider--separator-type-pattern elementor-widget-divider--view-line elementor-widget elementor-widget-divider\" data-id=\"49670e77\" data-element_type=\"widget\" data-e-type=\"widget\" data-widget_type=\"divider.default\">\n\t\t\t\t<div class=\"elementor-widget-container\">\n\t\t\t\t\t\t\t<div class=\"elementor-divider\" style=\"--divider-pattern-url: url(&quot;data:image\/svg+xml,%3Csvg xmlns=&#039;http:\/\/www.w3.org\/2000\/svg&#039; preserveAspectRatio=&#039;none&#039; overflow=&#039;visible&#039; height=&#039;100%&#039; viewBox=&#039;0 0 20 16&#039; fill=&#039;none&#039; stroke=&#039;black&#039; stroke-width=&#039;2.2&#039; stroke-linecap=&#039;square&#039; stroke-miterlimit=&#039;10&#039;%3E%3Cg transform=&#039;translate(-12.000000, 0)&#039;%3E%3Cpath d=&#039;M28,0L10,18&#039;\/%3E%3Cpath d=&#039;M18,0L0,18&#039;\/%3E%3Cpath d=&#039;M48,0L30,18&#039;\/%3E%3Cpath d=&#039;M38,0L20,18&#039;\/%3E%3C\/g%3E%3C\/svg%3E&quot;);\">\n\t\t\t<span class=\"elementor-divider-separator\">\n\t\t\t\t\t\t<\/span>\n\t\t<\/div>\n\t\t\t\t\t\t<\/div>\n\t\t\t\t<\/div>\n\t\t\t\t<div class=\"elementor-element elementor-element-1527e4e0 elementor-widget elementor-widget-heading\" data-id=\"1527e4e0\" data-element_type=\"widget\" data-e-type=\"widget\" data-widget_type=\"heading.default\">\n\t\t\t\t<div class=\"elementor-widget-container\">\n\t\t\t\t\t<h2 class=\"elementor-heading-title elementor-size-default\">Vi er Vestnorden<\/h2>\t\t\t\t<\/div>\n\t\t\t\t<\/div>\n\t\t\t\t\t<\/div>\n\t\t<\/div>\n\t\t\t\t\t<\/div>\n\t\t<\/section>\n\t\t\t\t<section class=\"elementor-section elementor-top-section elementor-element elementor-element-4c9972f8 elementor-section-boxed elementor-section-height-default elementor-section-height-default parallax_section_no qode_elementor_container_no\" data-id=\"4c9972f8\" data-element_type=\"section\" data-e-type=\"section\">\n\t\t\t\t\t\t<div class=\"elementor-container elementor-column-gap-default\">\n\t\t\t\t\t<div class=\"elementor-column elementor-col-66 elementor-top-column elementor-element elementor-element-35495b97\" data-id=\"35495b97\" data-element_type=\"column\" data-e-type=\"column\">\n\t\t\t<div class=\"elementor-widget-wrap elementor-element-populated\">\n\t\t\t\t\t\t<div class=\"elementor-element elementor-element-3280e5c2 elementor-widget elementor-widget-text-editor\" data-id=\"3280e5c2\" data-element_type=\"widget\" data-e-type=\"widget\" data-widget_type=\"text-editor.default\">\n\t\t\t\t<div class=\"elementor-widget-container\">\n\t\t\t\t\t\t\t\t\t<p>I samarbejde med <a href=\"https:\/\/nordeniskolen.org\/da\/\" target=\"_blank\" rel=\"noopener\">Norden i Skolen<\/a>, <a href=\"https:\/\/nordichouse.is\/da\/\" target=\"_blank\" rel=\"noopener\">Nordens Hus i Reykjavik<\/a> samt <a href=\"https:\/\/www.nlh.fo\/sk\/\" target=\"_blank\" rel=\"noopener\">Nordens Hus p\u00e5 F\u00e6r\u00f8erne<\/a> st\u00e5r vi bag projektet &#8220;<a href=\"https:\/\/nordeniskolen.org\/da\/vi-er-vestnorden\/\" target=\"_blank\" rel=\"noopener\">Vi er Vestnorden<\/a>&#8220;.\u00a0<\/p><p>\u00a0<\/p><p>&#8220;Vi er Vestnorden&#8221; er et undervisningsforl\u00f8b for 7.-10. klasse, som fokuserer p\u00e5 hvad sproget betyder for vores identitet. Materialet henvender sig prim\u00e6rt til elever og l\u00e6rere i de tre vestnordiske lande Island, F\u00e6r\u00f8erne og Gr\u00f8nland, men kan ogs\u00e5 benyttes i de andre nordiske lande.\u00a0<\/p><p>\u00a0<\/p><p>Sigtet med forl\u00f8bet er at f\u00e5 de unge til at reflektere over dels deres nationale og regionale identitet, dels deres personlige identitet.\u00a0<\/p><p>\u00a0<\/p><p>Projektet blev lanceret i forbindelse med Vestnordisk dag 2020, og planen er at udvide med et f\u00e6llesnordisk forl\u00f8b i 2021.\u00a0<\/p>\t\t\t\t\t\t\t\t<\/div>\n\t\t\t\t<\/div>\n\t\t\t\t\t<\/div>\n\t\t<\/div>\n\t\t\t\t<div class=\"elementor-column elementor-col-33 elementor-top-column elementor-element elementor-element-79fb913d\" data-id=\"79fb913d\" data-element_type=\"column\" data-e-type=\"column\">\n\t\t\t<div class=\"elementor-widget-wrap elementor-element-populated\">\n\t\t\t\t\t\t<div class=\"elementor-element elementor-element-71f79a89 elementor-widget elementor-widget-post-info\" data-id=\"71f79a89\" data-element_type=\"widget\" data-e-type=\"widget\" data-widget_type=\"post-info.default\">\n\t\t\t\t<div class=\"elementor-widget-container\">\n\t\t\t\t\t\t\t<ul class=\"elementor-icon-list-items elementor-post-info\">\n\t\t\t\t\t\t\t\t<li class=\"elementor-icon-list-item elementor-repeater-item-f857cc0\" itemprop=\"about\">\n\t\t\t\t\t\t\t\t\t\t<span class=\"elementor-icon-list-icon\">\n\t\t\t\t\t\t\t\t<i aria-hidden=\"true\" class=\"fas fa-list-ul\"><\/i>\t\t\t\t\t\t\t<\/span>\n\t\t\t\t\t\t\t\t\t<span class=\"elementor-icon-list-text elementor-post-info__item elementor-post-info__item--type-terms\">\n\t\t\t\t\t\t\t\t\t\t<span class=\"elementor-post-info__terms-list\">\n\t\t\t\t<a href=\"https:\/\/napa.gl\/da\/category\/aktiviteter\/\" class=\"elementor-post-info__terms-list-item\">Aktiviteter<\/a>, <a href=\"https:\/\/napa.gl\/da\/category\/boern-og-unge\/\" class=\"elementor-post-info__terms-list-item\">B\u00f8rn og unge<\/a>, <a href=\"https:\/\/napa.gl\/da\/category\/identitet\/\" class=\"elementor-post-info__terms-list-item\">Identitet<\/a>, <a href=\"https:\/\/napa.gl\/da\/category\/projekter\/\" class=\"elementor-post-info__terms-list-item\">Projekter<\/a>, <a href=\"https:\/\/napa.gl\/da\/category\/skole-og-uddannelse\/\" class=\"elementor-post-info__terms-list-item\">Skole og uddannelse<\/a>, <a href=\"https:\/\/napa.gl\/da\/category\/sprog\/\" class=\"elementor-post-info__terms-list-item\">Sprog<\/a>\t\t\t\t<\/span>\n\t\t\t\t\t<\/span>\n\t\t\t\t\t\t\t\t<\/li>\n\t\t\t\t<\/ul>\n\t\t\t\t\t\t<\/div>\n\t\t\t\t<\/div>\n\t\t\t\t<section class=\"elementor-section elementor-inner-section elementor-element elementor-element-6066cbf elementor-section-boxed elementor-section-height-default elementor-section-height-default parallax_section_no qode_elementor_container_no\" data-id=\"6066cbf\" data-element_type=\"section\" data-e-type=\"section\">\n\t\t\t\t\t\t<div class=\"elementor-container elementor-column-gap-default\">\n\t\t\t\t\t<div class=\"elementor-column elementor-col-100 elementor-inner-column elementor-element elementor-element-2666021\" data-id=\"2666021\" data-element_type=\"column\" data-e-type=\"column\">\n\t\t\t<div class=\"elementor-widget-wrap elementor-element-populated\">\n\t\t\t\t\t\t<div class=\"elementor-element elementor-element-c13998b elementor-widget elementor-widget-post-info\" data-id=\"c13998b\" data-element_type=\"widget\" data-e-type=\"widget\" data-widget_type=\"post-info.default\">\n\t\t\t\t<div class=\"elementor-widget-container\">\n\t\t\t\t\t\t\t<ul class=\"elementor-icon-list-items elementor-post-info\">\n\t\t\t\t\t\t\t\t<li class=\"elementor-icon-list-item elementor-repeater-item-f857cc0\">\n\t\t\t\t\t\t\t\t\t\t<span class=\"elementor-icon-list-icon\">\n\t\t\t\t\t\t\t\t<i aria-hidden=\"true\" class=\"fas fa-info\"><\/i>\t\t\t\t\t\t\t<\/span>\n\t\t\t\t\t\t\t\t\t<span class=\"elementor-icon-list-text elementor-post-info__item elementor-post-info__item--type-custom\">\n\t\t\t\t\t\t\t\t\t\t\u00d8nsker du at vide mere? Kontakt:\t\t\t\t\t<\/span>\n\t\t\t\t\t\t\t\t<\/li>\n\t\t\t\t<\/ul>\n\t\t\t\t\t\t<\/div>\n\t\t\t\t<\/div>\n\t\t\t\t<div class=\"elementor-element elementor-element-c1581c8 elementor-icon-list--layout-traditional elementor-list-item-link-full_width elementor-widget elementor-widget-icon-list\" data-id=\"c1581c8\" data-element_type=\"widget\" data-e-type=\"widget\" data-widget_type=\"icon-list.default\">\n\t\t\t\t<div class=\"elementor-widget-container\">\n\t\t\t\t\t\t\t<ul class=\"elementor-icon-list-items\">\n\t\t\t\t\t\t\t<li class=\"elementor-icon-list-item\">\n\t\t\t\t\t\t\t\t\t\t\t<a href=\"mailto:napa@napa.gl\" target=\"_blank\">\n\n\t\t\t\t\t\t\t\t\t\t\t\t<span class=\"elementor-icon-list-icon\">\n\t\t\t\t\t\t\t<i aria-hidden=\"true\" class=\"fas fa-envelope\"><\/i>\t\t\t\t\t\t<\/span>\n\t\t\t\t\t\t\t\t\t\t<span class=\"elementor-icon-list-text\">napa@napa.gl<\/span>\n\t\t\t\t\t\t\t\t\t\t\t<\/a>\n\t\t\t\t\t\t\t\t\t<\/li>\n\t\t\t\t\t\t<\/ul>\n\t\t\t\t\t\t<\/div>\n\t\t\t\t<\/div>\n\t\t\t\t\t<\/div>\n\t\t<\/div>\n\t\t\t\t\t<\/div>\n\t\t<\/section>\n\t\t\t\t\t<\/div>\n\t\t<\/div>\n\t\t\t\t\t<\/div>\n\t\t<\/section>\n\t\t\t\t<section class=\"elementor-section elementor-top-section elementor-element elementor-element-46dd1771 elementor-section-boxed elementor-section-height-default elementor-section-height-default parallax_section_no qode_elementor_container_no\" data-id=\"46dd1771\" data-element_type=\"section\" data-e-type=\"section\">\n\t\t\t\t\t\t<div class=\"elementor-container elementor-column-gap-default\">\n\t\t\t\t\t<div class=\"elementor-column elementor-col-100 elementor-top-column elementor-element elementor-element-25727b6\" data-id=\"25727b6\" data-element_type=\"column\" data-e-type=\"column\">\n\t\t\t<div class=\"elementor-widget-wrap elementor-element-populated\">\n\t\t\t\t\t\t<div class=\"elementor-element elementor-element-729cd33 elementor-widget elementor-widget-heading\" data-id=\"729cd33\" data-element_type=\"widget\" data-e-type=\"widget\" data-widget_type=\"heading.default\">\n\t\t\t\t<div class=\"elementor-widget-container\">\n\t\t\t\t\t<h5 class=\"elementor-heading-title elementor-size-default\"><a href=\"https:\/\/napa.gl\/da\/projekter\/\">Andre projekter<\/a><\/h5>\t\t\t\t<\/div>\n\t\t\t\t<\/div>\n\t\t\t\t<div class=\"elementor-element elementor-element-7c4dcfe5 elementor-grid-3 elementor-grid-tablet-2 elementor-grid-mobile-1 elementor-posts--thumbnail-top elementor-widget elementor-widget-posts\" data-id=\"7c4dcfe5\" data-element_type=\"widget\" data-e-type=\"widget\" data-settings=\"{&quot;classic_columns&quot;:&quot;3&quot;,&quot;classic_columns_tablet&quot;:&quot;2&quot;,&quot;classic_columns_mobile&quot;:&quot;1&quot;,&quot;classic_row_gap&quot;:{&quot;unit&quot;:&quot;px&quot;,&quot;size&quot;:35,&quot;sizes&quot;:[]},&quot;classic_row_gap_tablet&quot;:{&quot;unit&quot;:&quot;px&quot;,&quot;size&quot;:&quot;&quot;,&quot;sizes&quot;:[]},&quot;classic_row_gap_mobile&quot;:{&quot;unit&quot;:&quot;px&quot;,&quot;size&quot;:&quot;&quot;,&quot;sizes&quot;:[]}}\" data-widget_type=\"posts.classic\">\n\t\t\t\t<div class=\"elementor-widget-container\">\n\t\t\t\t\t\t\t<div class=\"elementor-posts-container elementor-posts elementor-posts--skin-classic elementor-grid\" role=\"list\">\n\t\t\t\t<article class=\"elementor-post elementor-grid-item post-20353 page type-page status-publish has-post-thumbnail hentry category-aarsrapport-2020 category-aktiviteter category-groenland category-kultur category-norden category-nordisktillid category-projekter category-stoette\" role=\"listitem\">\n\t\t\t\t<a class=\"elementor-post__thumbnail__link\" href=\"https:\/\/napa.gl\/da\/om-os\/aarsrapport-2020\/informasjon-og-kommunikasjon\/\" tabindex=\"-1\">\n\t\t\t<div class=\"elementor-post__thumbnail\"><img loading=\"lazy\" decoding=\"async\" width=\"300\" height=\"119\" src=\"https:\/\/napa.gl\/wp-content\/uploads\/2021\/04\/Nordic-Remix-300x119.png\" class=\"attachment-medium size-medium wp-image-21575\" alt=\"\u00ceVA live on stage - from the Nordic Remix case video\" srcset=\"https:\/\/napa.gl\/wp-content\/uploads\/2021\/04\/Nordic-Remix-300x119.png 300w, https:\/\/napa.gl\/wp-content\/uploads\/2021\/04\/Nordic-Remix-1024x408.png 1024w, https:\/\/napa.gl\/wp-content\/uploads\/2021\/04\/Nordic-Remix-768x306.png 768w, https:\/\/napa.gl\/wp-content\/uploads\/2021\/04\/Nordic-Remix-1536x611.png 1536w, https:\/\/napa.gl\/wp-content\/uploads\/2021\/04\/Nordic-Remix-2048x815.png 2048w, https:\/\/napa.gl\/wp-content\/uploads\/2021\/04\/Nordic-Remix-700x279.png 700w\" sizes=\"auto, (max-width: 300px) 100vw, 300px\" \/><\/div>\n\t\t<\/a>\n\t\t\t\t<div class=\"elementor-post__text\">\n\t\t\t\t<h5 class=\"elementor-post__title\">\n\t\t\t<a href=\"https:\/\/napa.gl\/da\/om-os\/aarsrapport-2020\/informasjon-og-kommunikasjon\/\">\n\t\t\t\tInformasjon og kommunikasjon\t\t\t<\/a>\n\t\t<\/h5>\n\t\t\t\t<div class=\"elementor-post__excerpt\">\n\t\t\t<p>Informasjon og kommunikasjon om nordisk spr\u00e5k, kultur og identitet Ved skiftet av direkt\u00f8r i 2020 fikk vi tilbakemeldinger om at NAPA og Nordisk Ministerr\u00e5d ikke er godt kjent i Gr\u00f8nland. &#8220;Barn og unge kjenner ikke til mulighetene til \u00e5 realisere seg selv i et nordisk<\/p>\n\t\t<\/div>\n\t\t\n\t\t<a class=\"elementor-post__read-more\" href=\"https:\/\/napa.gl\/da\/om-os\/aarsrapport-2020\/informasjon-og-kommunikasjon\/\" aria-label=\"Read more about Informasjon og kommunikasjon\" tabindex=\"-1\">\n\t\t\tL\u00e6s mere \u00bb\t\t<\/a>\n\n\t\t\t\t<\/div>\n\t\t\t\t<\/article>\n\t\t\t\t<article class=\"elementor-post elementor-grid-item post-24880 page type-page status-publish has-post-thumbnail hentry category-inforejser category-aktiviteter category-boern-og-unge category-groenland category-nordisktillid category-projekter category-skole-og-uddannelse\" role=\"listitem\">\n\t\t\t\t<a class=\"elementor-post__thumbnail__link\" href=\"https:\/\/napa.gl\/da\/aktiviteter\/napas-inforejser\/\" tabindex=\"-1\">\n\t\t\t<div class=\"elementor-post__thumbnail\"><img loading=\"lazy\" decoding=\"async\" width=\"300\" height=\"236\" src=\"https:\/\/napa.gl\/wp-content\/uploads\/2021\/12\/ghg-300x236.jpg\" class=\"attachment-medium size-medium wp-image-24971\" alt=\"kort over Gr\u00f8nland med kontaktpersoner i de enkelte byer\" srcset=\"https:\/\/napa.gl\/wp-content\/uploads\/2021\/12\/ghg-300x236.jpg 300w, https:\/\/napa.gl\/wp-content\/uploads\/2021\/12\/ghg-1024x805.jpg 1024w, https:\/\/napa.gl\/wp-content\/uploads\/2021\/12\/ghg-768x604.jpg 768w, https:\/\/napa.gl\/wp-content\/uploads\/2021\/12\/ghg-1536x1207.jpg 1536w, https:\/\/napa.gl\/wp-content\/uploads\/2021\/12\/ghg-2048x1609.jpg 2048w, https:\/\/napa.gl\/wp-content\/uploads\/2021\/12\/ghg-700x550.jpg 700w\" sizes=\"auto, (max-width: 300px) 100vw, 300px\" \/><\/div>\n\t\t<\/a>\n\t\t\t\t<div class=\"elementor-post__text\">\n\t\t\t\t<h5 class=\"elementor-post__title\">\n\t\t\t<a href=\"https:\/\/napa.gl\/da\/aktiviteter\/napas-inforejser\/\">\n\t\t\t\tNAPAs inforejser\t\t\t<\/a>\n\t\t<\/h5>\n\t\t\t\t<div class=\"elementor-post__excerpt\">\n\t\t\t<p>NAPAs inforejser Vi har i mange \u00e5r t\u00e6nkt, at kunstnere og kulturakt\u00f8rer kendte NAPA rundt omkring i landet, og de, der havde brug for hj\u00e6lpen, s\u00f8gte den. I sommeren 2020 fik vi dog muligheden for at komme med p\u00e5 en oplysningsrejse arrangeret af Center for<\/p>\n\t\t<\/div>\n\t\t\n\t\t<a class=\"elementor-post__read-more\" href=\"https:\/\/napa.gl\/da\/aktiviteter\/napas-inforejser\/\" aria-label=\"Read more about NAPAs inforejser\" tabindex=\"-1\">\n\t\t\tL\u00e6s mere \u00bb\t\t<\/a>\n\n\t\t\t\t<\/div>\n\t\t\t\t<\/article>\n\t\t\t\t<article class=\"elementor-post elementor-grid-item post-17027 page type-page status-publish has-post-thumbnail hentry category-aktiviteter category-arktiske-perspektiver category-begivenheder category-boern-og-unge category-groenland category-identitet category-kultur category-musik category-norden category-projekter category-sprog category-stoette\" role=\"listitem\">\n\t\t\t\t<a class=\"elementor-post__thumbnail__link\" href=\"https:\/\/napa.gl\/da\/aktiviteter\/nuuk-nordisk-kulturfestival\/\" tabindex=\"-1\">\n\t\t\t<div class=\"elementor-post__thumbnail\"><img loading=\"lazy\" decoding=\"async\" width=\"300\" height=\"200\" src=\"https:\/\/napa.gl\/wp-content\/uploads\/2020\/12\/LRM_EXPORT_8716290600415_20191010_024304023-300x200.jpeg\" class=\"attachment-medium size-medium wp-image-17737\" alt=\"\" srcset=\"https:\/\/napa.gl\/wp-content\/uploads\/2020\/12\/LRM_EXPORT_8716290600415_20191010_024304023-300x200.jpeg 300w, https:\/\/napa.gl\/wp-content\/uploads\/2020\/12\/LRM_EXPORT_8716290600415_20191010_024304023-1024x683.jpeg 1024w, https:\/\/napa.gl\/wp-content\/uploads\/2020\/12\/LRM_EXPORT_8716290600415_20191010_024304023-768x512.jpeg 768w, https:\/\/napa.gl\/wp-content\/uploads\/2020\/12\/LRM_EXPORT_8716290600415_20191010_024304023-1536x1024.jpeg 1536w, https:\/\/napa.gl\/wp-content\/uploads\/2020\/12\/LRM_EXPORT_8716290600415_20191010_024304023-2048x1365.jpeg 2048w, https:\/\/napa.gl\/wp-content\/uploads\/2020\/12\/LRM_EXPORT_8716290600415_20191010_024304023-700x467.jpeg 700w\" sizes=\"auto, (max-width: 300px) 100vw, 300px\" \/><\/div>\n\t\t<\/a>\n\t\t\t\t<div class=\"elementor-post__text\">\n\t\t\t\t<h5 class=\"elementor-post__title\">\n\t\t\t<a href=\"https:\/\/napa.gl\/da\/aktiviteter\/nuuk-nordisk-kulturfestival\/\">\n\t\t\t\tNuuk Nordisk Kulturfestival\t\t\t<\/a>\n\t\t<\/h5>\n\t\t\t\t<div class=\"elementor-post__excerpt\">\n\t\t\t<p>Nuuk Nordisk Kulturfestival er en ugelang fejring af kunst og kultur i alle afskygninger \u2013 langt fra hjertet af Norden, men t\u00e6t p\u00e5 hjertet af det nordiske samarbejde. Siden 2015 har Nuuk Nordisk Kulturfestival v\u00e6ret med til at s\u00e6tte standarden for, hvor langt kunst og kultur kan komme inden for det nordiske samarbejde.<\/p>\n\t\t<\/div>\n\t\t\n\t\t<a class=\"elementor-post__read-more\" href=\"https:\/\/napa.gl\/da\/aktiviteter\/nuuk-nordisk-kulturfestival\/\" aria-label=\"Read more about Nuuk Nordisk Kulturfestival\" tabindex=\"-1\">\n\t\t\tL\u00e6s mere \u00bb\t\t<\/a>\n\n\t\t\t\t<\/div>\n\t\t\t\t<\/article>\n\t\t\t\t<\/div>\n\t\t\n\t\t\t\t\t\t<\/div>\n\t\t\t\t<\/div>\n\t\t\t\t\t<\/div>\n\t\t<\/div>\n\t\t\t\t\t<\/div>\n\t\t<\/section>\n\t\t\t\t<\/div>\n\t\t","protected":false},"excerpt":{"rendered":"<p>I samarbejde med Norden i Skolen, Nordens Hus i Reykjavik samt Nordens Hus p\u00e5 F\u00e6r\u00f8erne st\u00e5r vi bag projektet \u201cVi er Vestnorden\u201c. Det er et undervisningsforl\u00f8b for 7.-10. klasse, som fokuserer p\u00e5 hvad sproget betyder for vores identitetsf\u00f8lelse. <\/p>\n","protected":false},"author":24,"featured_media":16187,"parent":18385,"menu_order":0,"comment_status":"closed","ping_status":"closed","template":"","meta":{"footnotes":""},"categories":[222,129,130,108,105,131],"class_list":["post-16177","page","type-page","status-publish","has-post-thumbnail","hentry","category-aktiviteter","category-boern-og-unge","category-identitet","category-projekter","category-skole-og-uddannelse","category-sprog"],"_links":{"self":[{"href":"https:\/\/napa.gl\/da\/wp-json\/wp\/v2\/pages\/16177","targetHints":{"allow":["GET"]}}],"collection":[{"href":"https:\/\/napa.gl\/da\/wp-json\/wp\/v2\/pages"}],"about":[{"href":"https:\/\/napa.gl\/da\/wp-json\/wp\/v2\/types\/page"}],"author":[{"embeddable":true,"href":"https:\/\/napa.gl\/da\/wp-json\/wp\/v2\/users\/24"}],"replies":[{"embeddable":true,"href":"https:\/\/napa.gl\/da\/wp-json\/wp\/v2\/comments?post=16177"}],"version-history":[{"count":64,"href":"https:\/\/napa.gl\/da\/wp-json\/wp\/v2\/pages\/16177\/revisions"}],"predecessor-version":[{"id":30705,"href":"https:\/\/napa.gl\/da\/wp-json\/wp\/v2\/pages\/16177\/revisions\/30705"}],"up":[{"embeddable":true,"href":"https:\/\/napa.gl\/da\/wp-json\/wp\/v2\/pages\/18385"}],"wp:featuredmedia":[{"embeddable":true,"href":"https:\/\/napa.gl\/da\/wp-json\/wp\/v2\/media\/16187"}],"wp:attachment":[{"href":"https:\/\/napa.gl\/da\/wp-json\/wp\/v2\/media?parent=16177"}],"wp:term":[{"taxonomy":"category","embeddable":true,"href":"https:\/\/napa.gl\/da\/wp-json\/wp\/v2\/categories?post=16177"}],"curies":[{"name":"wp","href":"https:\/\/api.w.org\/{rel}","templated":true}]}}