{"id":15989,"date":"2020-09-22T21:14:53","date_gmt":"2020-09-22T23:14:53","guid":{"rendered":"https:\/\/napa.gl\/?page_id=15989"},"modified":"2022-07-21T12:19:47","modified_gmt":"2022-07-21T14:19:47","slug":"vagn-med-napa","status":"publish","type":"page","link":"https:\/\/napa.gl\/da\/aktiviteter\/vagn-med-napa\/","title":{"rendered":"V\u00e5gn med NAPA"},"content":{"rendered":"\t\t<div data-elementor-type=\"wp-page\" data-elementor-id=\"15989\" class=\"elementor elementor-15989\" data-elementor-post-type=\"page\">\n\t\t\t\t\t\t<section class=\"elementor-section elementor-top-section elementor-element elementor-element-2310a5da elementor-section-boxed elementor-section-height-default elementor-section-height-default parallax_section_no qode_elementor_container_no\" data-id=\"2310a5da\" data-element_type=\"section\" data-e-type=\"section\">\n\t\t\t\t\t\t<div class=\"elementor-container elementor-column-gap-default\">\n\t\t\t\t\t<div class=\"elementor-column elementor-col-100 elementor-top-column elementor-element elementor-element-783c0299\" data-id=\"783c0299\" data-element_type=\"column\" data-e-type=\"column\">\n\t\t\t<div class=\"elementor-widget-wrap elementor-element-populated\">\n\t\t\t\t\t\t<div class=\"elementor-element elementor-element-1282fe55 elementor-widget elementor-widget-gallery\" data-id=\"1282fe55\" data-element_type=\"widget\" data-e-type=\"widget\" data-settings=\"{&quot;gallery_layout&quot;:&quot;justified&quot;,&quot;ideal_row_height&quot;:{&quot;unit&quot;:&quot;px&quot;,&quot;size&quot;:&quot;400&quot;,&quot;sizes&quot;:[]},&quot;ideal_row_height_tablet&quot;:{&quot;unit&quot;:&quot;px&quot;,&quot;size&quot;:&quot;300&quot;,&quot;sizes&quot;:[]},&quot;gap_tablet&quot;:{&quot;unit&quot;:&quot;px&quot;,&quot;size&quot;:&quot;50&quot;,&quot;sizes&quot;:[]},&quot;gap_mobile&quot;:{&quot;unit&quot;:&quot;px&quot;,&quot;size&quot;:&quot;20&quot;,&quot;sizes&quot;:[]},&quot;ideal_row_height_mobile&quot;:{&quot;unit&quot;:&quot;px&quot;,&quot;size&quot;:150,&quot;sizes&quot;:[]},&quot;gap&quot;:{&quot;unit&quot;:&quot;px&quot;,&quot;size&quot;:10,&quot;sizes&quot;:[]},&quot;link_to&quot;:&quot;file&quot;,&quot;content_hover_animation&quot;:&quot;fade-in&quot;}\" data-widget_type=\"gallery.default\">\n\t\t\t\t<div class=\"elementor-widget-container\">\n\t\t\t\t\t\t\t<div class=\"elementor-gallery__container\">\n\t\t\t\t\t\t\t<a class=\"e-gallery-item elementor-gallery-item elementor-animated-content\" href=\"https:\/\/napa.gl\/wp-content\/uploads\/2020\/12\/124082033_1506698559529694_3372681527100315523_o.jpg\" data-elementor-open-lightbox=\"yes\" data-elementor-lightbox-slideshow=\"1282fe55\" data-elementor-lightbox-title=\"124082033_1506698559529694_3372681527100315523_o\" data-e-action-hash=\"#elementor-action%3Aaction%3Dlightbox%26settings%3DeyJpZCI6MTcxMDEsInVybCI6Imh0dHBzOlwvXC9uYXBhLmdsXC93cC1jb250ZW50XC91cGxvYWRzXC8yMDIwXC8xMlwvMTI0MDgyMDMzXzE1MDY2OTg1NTk1Mjk2OTRfMzM3MjY4MTUyNzEwMDMxNTUyM19vLmpwZyIsInNsaWRlc2hvdyI6IjEyODJmZTU1In0%3D\">\n\t\t\t\t\t<div class=\"e-gallery-image elementor-gallery-item__image\" data-thumbnail=\"https:\/\/napa.gl\/wp-content\/uploads\/2020\/12\/124082033_1506698559529694_3372681527100315523_o.jpg\" data-width=\"1381\" data-height=\"1303\" aria-label=\"\" role=\"img\" ><\/div>\n\t\t\t\t\t\t\t\t\t\t\t\t\t\t<\/a>\n\t\t\t\t\t\t\t<a class=\"e-gallery-item elementor-gallery-item elementor-animated-content\" href=\"https:\/\/napa.gl\/wp-content\/uploads\/2020\/12\/118831983_1449888735210677_1179018606148581611_o.jpg\" data-elementor-open-lightbox=\"yes\" data-elementor-lightbox-slideshow=\"1282fe55\" data-elementor-lightbox-title=\"118831983_1449888735210677_1179018606148581611_o\" data-e-action-hash=\"#elementor-action%3Aaction%3Dlightbox%26settings%3DeyJpZCI6MTcxMDQsInVybCI6Imh0dHBzOlwvXC9uYXBhLmdsXC93cC1jb250ZW50XC91cGxvYWRzXC8yMDIwXC8xMlwvMTE4ODMxOTgzXzE0NDk4ODg3MzUyMTA2NzdfMTE3OTAxODYwNjE0ODU4MTYxMV9vLmpwZyIsInNsaWRlc2hvdyI6IjEyODJmZTU1In0%3D\">\n\t\t\t\t\t<div class=\"e-gallery-image elementor-gallery-item__image\" data-thumbnail=\"https:\/\/napa.gl\/wp-content\/uploads\/2020\/12\/118831983_1449888735210677_1179018606148581611_o.jpg\" data-width=\"1440\" data-height=\"1078\" aria-label=\"\" role=\"img\" ><\/div>\n\t\t\t\t\t\t\t\t\t\t\t\t\t\t<\/a>\n\t\t\t\t\t<\/div>\n\t\t\t\t\t<\/div>\n\t\t\t\t<\/div>\n\t\t\t\t\t<\/div>\n\t\t<\/div>\n\t\t\t\t\t<\/div>\n\t\t<\/section>\n\t\t\t\t<section class=\"elementor-section elementor-top-section elementor-element elementor-element-5d20072 elementor-reverse-mobile elementor-section-boxed elementor-section-height-default elementor-section-height-default parallax_section_no qode_elementor_container_no\" data-id=\"5d20072\" data-element_type=\"section\" data-e-type=\"section\">\n\t\t\t\t\t\t<div class=\"elementor-container elementor-column-gap-default\">\n\t\t\t\t\t<div class=\"elementor-column elementor-col-50 elementor-top-column elementor-element elementor-element-38732f3f\" data-id=\"38732f3f\" data-element_type=\"column\" data-e-type=\"column\">\n\t\t\t<div class=\"elementor-widget-wrap elementor-element-populated\">\n\t\t\t\t\t\t<div class=\"elementor-element elementor-element-363b28d0 elementor-widget elementor-widget-image\" data-id=\"363b28d0\" data-element_type=\"widget\" data-e-type=\"widget\" data-widget_type=\"image.default\">\n\t\t\t\t<div class=\"elementor-widget-container\">\n\t\t\t\t\t\t\t\t\t\t\t\t\t\t\t<img loading=\"lazy\" decoding=\"async\" width=\"1024\" height=\"768\" src=\"https:\/\/napa.gl\/wp-content\/uploads\/2020\/12\/IMG_7080-1024x768.jpg\" class=\"attachment-large size-large wp-image-17551\" alt=\"\" srcset=\"https:\/\/napa.gl\/wp-content\/uploads\/2020\/12\/IMG_7080-1024x768.jpg 1024w, https:\/\/napa.gl\/wp-content\/uploads\/2020\/12\/IMG_7080-300x225.jpg 300w, https:\/\/napa.gl\/wp-content\/uploads\/2020\/12\/IMG_7080-768x576.jpg 768w, https:\/\/napa.gl\/wp-content\/uploads\/2020\/12\/IMG_7080-1536x1152.jpg 1536w, https:\/\/napa.gl\/wp-content\/uploads\/2020\/12\/IMG_7080-2048x1536.jpg 2048w, https:\/\/napa.gl\/wp-content\/uploads\/2020\/12\/IMG_7080-800x600.jpg 800w, https:\/\/napa.gl\/wp-content\/uploads\/2020\/12\/IMG_7080-700x525.jpg 700w\" sizes=\"auto, (max-width: 1024px) 100vw, 1024px\" \/>\t\t\t\t\t\t\t\t\t\t\t\t\t\t\t<\/div>\n\t\t\t\t<\/div>\n\t\t\t\t\t<\/div>\n\t\t<\/div>\n\t\t\t\t<div class=\"elementor-column elementor-col-50 elementor-top-column elementor-element elementor-element-796eba67\" data-id=\"796eba67\" data-element_type=\"column\" data-e-type=\"column\">\n\t\t\t<div class=\"elementor-widget-wrap elementor-element-populated\">\n\t\t\t\t\t\t<div class=\"elementor-element elementor-element-613d6bf0 elementor-widget-divider--separator-type-pattern elementor-widget-divider--view-line elementor-widget elementor-widget-divider\" data-id=\"613d6bf0\" data-element_type=\"widget\" data-e-type=\"widget\" data-widget_type=\"divider.default\">\n\t\t\t\t<div class=\"elementor-widget-container\">\n\t\t\t\t\t\t\t<div class=\"elementor-divider\" style=\"--divider-pattern-url: url(&quot;data:image\/svg+xml,%3Csvg xmlns=&#039;http:\/\/www.w3.org\/2000\/svg&#039; preserveAspectRatio=&#039;none&#039; overflow=&#039;visible&#039; height=&#039;100%&#039; viewBox=&#039;0 0 20 16&#039; fill=&#039;none&#039; stroke=&#039;black&#039; stroke-width=&#039;2.2&#039; stroke-linecap=&#039;square&#039; stroke-miterlimit=&#039;10&#039;%3E%3Cg transform=&#039;translate(-12.000000, 0)&#039;%3E%3Cpath d=&#039;M28,0L10,18&#039;\/%3E%3Cpath d=&#039;M18,0L0,18&#039;\/%3E%3Cpath d=&#039;M48,0L30,18&#039;\/%3E%3Cpath d=&#039;M38,0L20,18&#039;\/%3E%3C\/g%3E%3C\/svg%3E&quot;);\">\n\t\t\t<span class=\"elementor-divider-separator\">\n\t\t\t\t\t\t<\/span>\n\t\t<\/div>\n\t\t\t\t\t\t<\/div>\n\t\t\t\t<\/div>\n\t\t\t\t<div class=\"elementor-element elementor-element-67697a87 elementor-widget elementor-widget-heading\" data-id=\"67697a87\" data-element_type=\"widget\" data-e-type=\"widget\" data-widget_type=\"heading.default\">\n\t\t\t\t<div class=\"elementor-widget-container\">\n\t\t\t\t\t<h2 class=\"elementor-heading-title elementor-size-default\">V\u00e5gn med NAPA<\/h2>\t\t\t\t<\/div>\n\t\t\t\t<\/div>\n\t\t\t\t\t<\/div>\n\t\t<\/div>\n\t\t\t\t\t<\/div>\n\t\t<\/section>\n\t\t\t\t<section class=\"elementor-section elementor-top-section elementor-element elementor-element-6e8111b6 elementor-section-boxed elementor-section-height-default elementor-section-height-default parallax_section_no qode_elementor_container_no\" data-id=\"6e8111b6\" data-element_type=\"section\" data-e-type=\"section\">\n\t\t\t\t\t\t<div class=\"elementor-container elementor-column-gap-default\">\n\t\t\t\t\t<div class=\"elementor-column elementor-col-66 elementor-top-column elementor-element elementor-element-4787c9f7\" data-id=\"4787c9f7\" data-element_type=\"column\" data-e-type=\"column\">\n\t\t\t<div class=\"elementor-widget-wrap elementor-element-populated\">\n\t\t\t\t\t\t<div class=\"elementor-element elementor-element-73a41ec2 elementor-widget elementor-widget-text-editor\" data-id=\"73a41ec2\" data-element_type=\"widget\" data-e-type=\"widget\" data-widget_type=\"text-editor.default\">\n\t\t\t\t<div class=\"elementor-widget-container\">\n\t\t\t\t\t\t\t\t\t<p>Den f\u00f8rste fredag i hver m\u00e5ned inviterer vi til V\u00e5gn med NAPA. Det er en hyggelig og uforpligtende morgenmadssalon for alle, der l\u00e6gger vejen forbi. Hver gang f\u00e5r vi bes\u00f8g af en kulturg\u00e6st, der fort\u00e6ller om et aktuelt emne.<\/p><p>\u00a0<\/p><p>Tanken er, at man i et uformelt milj\u00f8 kan m\u00f8de andre kunstnere og kulturakt\u00f8rer, f\u00e5 sparring og inspiration til projekter, ans\u00f8gninger eller andet, give indspark til andres kommende projekter og spise morgenmad, mens man l\u00e6rer noget nyt.<\/p><p>\u00a0<\/p><p>Programmet er altid fast og ser s\u00e5ledes ud:<br \/>08.30: Vi byder p\u00e5 morgenmad<br \/>09.00: Pr\u00e6sentationsrunde<br \/>09.10: Opl\u00e6g fra en kulturakt\u00f8r<br \/>09.30: Sp\u00f8rgsm\u00e5l og fri snak<br \/>10.00: Tak for i dag &#8211; af sted p\u00e5 arbejde med jer<\/p><p>\u00a0<\/p><p>Kulturg\u00e6ster i 2020-21 har omfattet sanger Zika &#8211; Ida Kleist, sekretariatsleder for Ligestillingsr\u00e5det i Gr\u00f8nland Inge Olsvig Brandt, forfatter og musiker Juuaka Lyberth, samfundsdebatt\u00f8r Vivi Vold, aktivist og kunstner Seqininnguaq Q. Poulsen samt tidligere formand for ICC, politiker og forfatter Aqqaluk Lynge.\u00a0<\/p>\t\t\t\t\t\t\t\t<\/div>\n\t\t\t\t<\/div>\n\t\t\t\t\t<\/div>\n\t\t<\/div>\n\t\t\t\t<div class=\"elementor-column elementor-col-33 elementor-top-column elementor-element elementor-element-2ec33899\" data-id=\"2ec33899\" data-element_type=\"column\" data-e-type=\"column\">\n\t\t\t<div class=\"elementor-widget-wrap elementor-element-populated\">\n\t\t\t\t\t\t<div class=\"elementor-element elementor-element-7143f04b elementor-widget elementor-widget-post-info\" data-id=\"7143f04b\" data-element_type=\"widget\" data-e-type=\"widget\" data-widget_type=\"post-info.default\">\n\t\t\t\t<div class=\"elementor-widget-container\">\n\t\t\t\t\t\t\t<ul class=\"elementor-icon-list-items elementor-post-info\">\n\t\t\t\t\t\t\t\t<li class=\"elementor-icon-list-item elementor-repeater-item-f857cc0\" itemprop=\"about\">\n\t\t\t\t\t\t\t\t\t\t<span class=\"elementor-icon-list-icon\">\n\t\t\t\t\t\t\t\t<i aria-hidden=\"true\" class=\"fas fa-list-ul\"><\/i>\t\t\t\t\t\t\t<\/span>\n\t\t\t\t\t\t\t\t\t<span class=\"elementor-icon-list-text elementor-post-info__item elementor-post-info__item--type-terms\">\n\t\t\t\t\t\t\t\t\t\t<span class=\"elementor-post-info__terms-list\">\n\t\t\t\t<a href=\"https:\/\/napa.gl\/da\/category\/begivenheder\/\" class=\"elementor-post-info__terms-list-item\">Begivenheder<\/a>, <a href=\"https:\/\/napa.gl\/da\/category\/forrige-projekter\/\" class=\"elementor-post-info__terms-list-item\">Forrige projekter<\/a>, <a href=\"https:\/\/napa.gl\/da\/category\/groenland\/\" class=\"elementor-post-info__terms-list-item\">Gr\u00f8nland<\/a>, <a href=\"https:\/\/napa.gl\/da\/category\/kultur\/\" class=\"elementor-post-info__terms-list-item\">Kultur<\/a>\t\t\t\t<\/span>\n\t\t\t\t\t<\/span>\n\t\t\t\t\t\t\t\t<\/li>\n\t\t\t\t<\/ul>\n\t\t\t\t\t\t<\/div>\n\t\t\t\t<\/div>\n\t\t\t\t<section class=\"elementor-section elementor-inner-section elementor-element elementor-element-692e1f7 elementor-section-boxed elementor-section-height-default elementor-section-height-default parallax_section_no qode_elementor_container_no\" data-id=\"692e1f7\" data-element_type=\"section\" data-e-type=\"section\">\n\t\t\t\t\t\t<div class=\"elementor-container elementor-column-gap-default\">\n\t\t\t\t\t<div class=\"elementor-column elementor-col-100 elementor-inner-column elementor-element elementor-element-8c779ef\" data-id=\"8c779ef\" data-element_type=\"column\" data-e-type=\"column\">\n\t\t\t<div class=\"elementor-widget-wrap elementor-element-populated\">\n\t\t\t\t\t\t<div class=\"elementor-element elementor-element-3f4db9c elementor-widget elementor-widget-post-info\" data-id=\"3f4db9c\" data-element_type=\"widget\" data-e-type=\"widget\" data-widget_type=\"post-info.default\">\n\t\t\t\t<div class=\"elementor-widget-container\">\n\t\t\t\t\t\t\t<ul class=\"elementor-icon-list-items elementor-post-info\">\n\t\t\t\t\t\t\t\t<li class=\"elementor-icon-list-item elementor-repeater-item-f857cc0\">\n\t\t\t\t\t\t\t\t\t\t<span class=\"elementor-icon-list-icon\">\n\t\t\t\t\t\t\t\t<i aria-hidden=\"true\" class=\"fas fa-info\"><\/i>\t\t\t\t\t\t\t<\/span>\n\t\t\t\t\t\t\t\t\t<span class=\"elementor-icon-list-text elementor-post-info__item elementor-post-info__item--type-custom\">\n\t\t\t\t\t\t\t\t\t\t\u00d8nsker du at vide mere? Kontakt:\t\t\t\t\t<\/span>\n\t\t\t\t\t\t\t\t<\/li>\n\t\t\t\t<\/ul>\n\t\t\t\t\t\t<\/div>\n\t\t\t\t<\/div>\n\t\t\t\t<div class=\"elementor-element elementor-element-2c3caa7 elementor-icon-list--layout-traditional elementor-list-item-link-full_width elementor-widget elementor-widget-icon-list\" data-id=\"2c3caa7\" data-element_type=\"widget\" data-e-type=\"widget\" data-widget_type=\"icon-list.default\">\n\t\t\t\t<div class=\"elementor-widget-container\">\n\t\t\t\t\t\t\t<ul class=\"elementor-icon-list-items\">\n\t\t\t\t\t\t\t<li class=\"elementor-icon-list-item\">\n\t\t\t\t\t\t\t\t\t\t\t<span class=\"elementor-icon-list-icon\">\n\t\t\t\t\t\t\t<i aria-hidden=\"true\" class=\"fas fa-envelope\"><\/i>\t\t\t\t\t\t<\/span>\n\t\t\t\t\t\t\t\t\t\t<span class=\"elementor-icon-list-text\">napa@napa.gl<\/span>\n\t\t\t\t\t\t\t\t\t<\/li>\n\t\t\t\t\t\t<\/ul>\n\t\t\t\t\t\t<\/div>\n\t\t\t\t<\/div>\n\t\t\t\t\t<\/div>\n\t\t<\/div>\n\t\t\t\t\t<\/div>\n\t\t<\/section>\n\t\t\t\t\t<\/div>\n\t\t<\/div>\n\t\t\t\t\t<\/div>\n\t\t<\/section>\n\t\t\t\t<section class=\"elementor-section elementor-top-section elementor-element elementor-element-7f65d4d4 elementor-section-boxed elementor-section-height-default elementor-section-height-default parallax_section_no qode_elementor_container_no\" data-id=\"7f65d4d4\" data-element_type=\"section\" data-e-type=\"section\">\n\t\t\t\t\t\t<div class=\"elementor-container elementor-column-gap-default\">\n\t\t\t\t\t<div class=\"elementor-column elementor-col-100 elementor-top-column elementor-element elementor-element-715cfc75\" data-id=\"715cfc75\" data-element_type=\"column\" data-e-type=\"column\">\n\t\t\t<div class=\"elementor-widget-wrap elementor-element-populated\">\n\t\t\t\t\t\t<div class=\"elementor-element elementor-element-30b63f17 elementor-widget elementor-widget-heading\" data-id=\"30b63f17\" data-element_type=\"widget\" data-e-type=\"widget\" data-widget_type=\"heading.default\">\n\t\t\t\t<div class=\"elementor-widget-container\">\n\t\t\t\t\t<h5 class=\"elementor-heading-title elementor-size-default\"><a href=\"https:\/\/napa.gl\/da\/projekter\/\">Andre projekter<\/a><\/h5>\t\t\t\t<\/div>\n\t\t\t\t<\/div>\n\t\t\t\t<div class=\"elementor-element elementor-element-7e549b69 elementor-grid-3 elementor-grid-tablet-2 elementor-grid-mobile-1 elementor-posts--thumbnail-top elementor-widget elementor-widget-posts\" data-id=\"7e549b69\" data-element_type=\"widget\" data-e-type=\"widget\" data-settings=\"{&quot;classic_columns&quot;:&quot;3&quot;,&quot;classic_columns_tablet&quot;:&quot;2&quot;,&quot;classic_columns_mobile&quot;:&quot;1&quot;,&quot;classic_row_gap&quot;:{&quot;unit&quot;:&quot;px&quot;,&quot;size&quot;:35,&quot;sizes&quot;:[]},&quot;classic_row_gap_tablet&quot;:{&quot;unit&quot;:&quot;px&quot;,&quot;size&quot;:&quot;&quot;,&quot;sizes&quot;:[]},&quot;classic_row_gap_mobile&quot;:{&quot;unit&quot;:&quot;px&quot;,&quot;size&quot;:&quot;&quot;,&quot;sizes&quot;:[]}}\" data-widget_type=\"posts.classic\">\n\t\t\t\t<div class=\"elementor-widget-container\">\n\t\t\t\t\t\t\t<div class=\"elementor-posts-container elementor-posts elementor-posts--skin-classic elementor-grid\" role=\"list\">\n\t\t\t\t<article class=\"elementor-post elementor-grid-item post-24880 page type-page status-publish has-post-thumbnail hentry category-inforejser category-aktiviteter category-boern-og-unge category-groenland category-nordisktillid category-projekter category-skole-og-uddannelse\" role=\"listitem\">\n\t\t\t\t<a class=\"elementor-post__thumbnail__link\" href=\"https:\/\/napa.gl\/da\/aktiviteter\/napas-inforejser\/\" tabindex=\"-1\">\n\t\t\t<div class=\"elementor-post__thumbnail\"><img loading=\"lazy\" decoding=\"async\" width=\"300\" height=\"236\" src=\"https:\/\/napa.gl\/wp-content\/uploads\/2021\/12\/ghg-300x236.jpg\" class=\"attachment-medium size-medium wp-image-24971\" alt=\"kort over Gr\u00f8nland med kontaktpersoner i de enkelte byer\" srcset=\"https:\/\/napa.gl\/wp-content\/uploads\/2021\/12\/ghg-300x236.jpg 300w, https:\/\/napa.gl\/wp-content\/uploads\/2021\/12\/ghg-1024x805.jpg 1024w, https:\/\/napa.gl\/wp-content\/uploads\/2021\/12\/ghg-768x604.jpg 768w, https:\/\/napa.gl\/wp-content\/uploads\/2021\/12\/ghg-1536x1207.jpg 1536w, https:\/\/napa.gl\/wp-content\/uploads\/2021\/12\/ghg-2048x1609.jpg 2048w, https:\/\/napa.gl\/wp-content\/uploads\/2021\/12\/ghg-700x550.jpg 700w\" sizes=\"auto, (max-width: 300px) 100vw, 300px\" \/><\/div>\n\t\t<\/a>\n\t\t\t\t<div class=\"elementor-post__text\">\n\t\t\t\t<h5 class=\"elementor-post__title\">\n\t\t\t<a href=\"https:\/\/napa.gl\/da\/aktiviteter\/napas-inforejser\/\">\n\t\t\t\tNAPAs inforejser\t\t\t<\/a>\n\t\t<\/h5>\n\t\t\t\t<div class=\"elementor-post__excerpt\">\n\t\t\t<p>NAPAs inforejser Vi har i mange \u00e5r t\u00e6nkt, at kunstnere og kulturakt\u00f8rer kendte NAPA rundt omkring i landet, og de, der havde brug for hj\u00e6lpen, s\u00f8gte den. I sommeren 2020 fik vi dog muligheden for at komme med p\u00e5 en oplysningsrejse arrangeret af Center for<\/p>\n\t\t<\/div>\n\t\t\n\t\t<a class=\"elementor-post__read-more\" href=\"https:\/\/napa.gl\/da\/aktiviteter\/napas-inforejser\/\" aria-label=\"Read more about NAPAs inforejser\" tabindex=\"-1\">\n\t\t\tL\u00e6s mere \u00bb\t\t<\/a>\n\n\t\t\t\t<\/div>\n\t\t\t\t<\/article>\n\t\t\t\t<article class=\"elementor-post elementor-grid-item post-16177 page type-page status-publish has-post-thumbnail hentry category-aktiviteter category-boern-og-unge category-identitet category-projekter category-skole-og-uddannelse category-sprog\" role=\"listitem\">\n\t\t\t\t<a class=\"elementor-post__thumbnail__link\" href=\"https:\/\/napa.gl\/da\/aktiviteter\/vi-er-vestnorden\/\" tabindex=\"-1\">\n\t\t\t<div class=\"elementor-post__thumbnail\"><img loading=\"lazy\" decoding=\"async\" width=\"300\" height=\"300\" src=\"https:\/\/napa.gl\/wp-content\/uploads\/2020\/10\/nordeniskolen_375-300x300.gif\" class=\"attachment-medium size-medium wp-image-16187\" alt=\"Vi er Vestnorden\" srcset=\"https:\/\/napa.gl\/wp-content\/uploads\/2020\/10\/nordeniskolen_375-300x300.gif 300w, https:\/\/napa.gl\/wp-content\/uploads\/2020\/10\/nordeniskolen_375-150x150.gif 150w\" sizes=\"auto, (max-width: 300px) 100vw, 300px\" \/><\/div>\n\t\t<\/a>\n\t\t\t\t<div class=\"elementor-post__text\">\n\t\t\t\t<h5 class=\"elementor-post__title\">\n\t\t\t<a href=\"https:\/\/napa.gl\/da\/aktiviteter\/vi-er-vestnorden\/\">\n\t\t\t\tVi er Vestnorden\t\t\t<\/a>\n\t\t<\/h5>\n\t\t\t\t<div class=\"elementor-post__excerpt\">\n\t\t\t<p>I samarbejde med Norden i Skolen, Nordens Hus i Reykjavik samt Nordens Hus p\u00e5 F\u00e6r\u00f8erne st\u00e5r vi bag projektet \u201cVi er Vestnorden\u201c. Det er et undervisningsforl\u00f8b for 7.-10. klasse, som fokuserer p\u00e5 hvad sproget betyder for vores identitetsf\u00f8lelse. <\/p>\n\t\t<\/div>\n\t\t\n\t\t<a class=\"elementor-post__read-more\" href=\"https:\/\/napa.gl\/da\/aktiviteter\/vi-er-vestnorden\/\" aria-label=\"Read more about Vi er Vestnorden\" tabindex=\"-1\">\n\t\t\tL\u00e6s mere \u00bb\t\t<\/a>\n\n\t\t\t\t<\/div>\n\t\t\t\t<\/article>\n\t\t\t\t<article class=\"elementor-post elementor-grid-item post-20353 page type-page status-publish has-post-thumbnail hentry category-aarsrapport-2020 category-aktiviteter category-groenland category-kultur category-norden category-nordisktillid category-projekter category-stoette\" role=\"listitem\">\n\t\t\t\t<a class=\"elementor-post__thumbnail__link\" href=\"https:\/\/napa.gl\/da\/om-os\/aarsrapport-2020\/informasjon-og-kommunikasjon\/\" tabindex=\"-1\">\n\t\t\t<div class=\"elementor-post__thumbnail\"><img loading=\"lazy\" decoding=\"async\" width=\"300\" height=\"119\" src=\"https:\/\/napa.gl\/wp-content\/uploads\/2021\/04\/Nordic-Remix-300x119.png\" class=\"attachment-medium size-medium wp-image-21575\" alt=\"\u00ceVA live on stage - from the Nordic Remix case video\" srcset=\"https:\/\/napa.gl\/wp-content\/uploads\/2021\/04\/Nordic-Remix-300x119.png 300w, https:\/\/napa.gl\/wp-content\/uploads\/2021\/04\/Nordic-Remix-1024x408.png 1024w, https:\/\/napa.gl\/wp-content\/uploads\/2021\/04\/Nordic-Remix-768x306.png 768w, https:\/\/napa.gl\/wp-content\/uploads\/2021\/04\/Nordic-Remix-1536x611.png 1536w, https:\/\/napa.gl\/wp-content\/uploads\/2021\/04\/Nordic-Remix-2048x815.png 2048w, https:\/\/napa.gl\/wp-content\/uploads\/2021\/04\/Nordic-Remix-700x279.png 700w\" sizes=\"auto, (max-width: 300px) 100vw, 300px\" \/><\/div>\n\t\t<\/a>\n\t\t\t\t<div class=\"elementor-post__text\">\n\t\t\t\t<h5 class=\"elementor-post__title\">\n\t\t\t<a href=\"https:\/\/napa.gl\/da\/om-os\/aarsrapport-2020\/informasjon-og-kommunikasjon\/\">\n\t\t\t\tInformasjon og kommunikasjon\t\t\t<\/a>\n\t\t<\/h5>\n\t\t\t\t<div class=\"elementor-post__excerpt\">\n\t\t\t<p>Informasjon og kommunikasjon om nordisk spr\u00e5k, kultur og identitet Ved skiftet av direkt\u00f8r i 2020 fikk vi tilbakemeldinger om at NAPA og Nordisk Ministerr\u00e5d ikke er godt kjent i Gr\u00f8nland. &#8220;Barn og unge kjenner ikke til mulighetene til \u00e5 realisere seg selv i et nordisk<\/p>\n\t\t<\/div>\n\t\t\n\t\t<a class=\"elementor-post__read-more\" href=\"https:\/\/napa.gl\/da\/om-os\/aarsrapport-2020\/informasjon-og-kommunikasjon\/\" aria-label=\"Read more about Informasjon og kommunikasjon\" tabindex=\"-1\">\n\t\t\tL\u00e6s mere \u00bb\t\t<\/a>\n\n\t\t\t\t<\/div>\n\t\t\t\t<\/article>\n\t\t\t\t<\/div>\n\t\t\n\t\t\t\t\t\t<\/div>\n\t\t\t\t<\/div>\n\t\t\t\t\t<\/div>\n\t\t<\/div>\n\t\t\t\t\t<\/div>\n\t\t<\/section>\n\t\t\t\t<\/div>\n\t\t","protected":false},"excerpt":{"rendered":"<p>Den f\u00f8rste fredag i hver m\u00e5ned inviterer vi til V\u00e5gn med NAPA. Det er en hyggelig og uforpligtende morgenmadssalon for alle, der l\u00e6gger vejen forbi. Hver gang f\u00e5r vi bes\u00f8g af en kulturg\u00e6st, der fort\u00e6ller om et aktuelt emne.<\/p>\n","protected":false},"author":24,"featured_media":17107,"parent":18385,"menu_order":0,"comment_status":"closed","ping_status":"closed","template":"","meta":{"footnotes":""},"categories":[101,114,220,143],"class_list":["post-15989","page","type-page","status-publish","has-post-thumbnail","hentry","category-kultur","category-begivenheder","category-forrige-projekter","category-groenland"],"_links":{"self":[{"href":"https:\/\/napa.gl\/da\/wp-json\/wp\/v2\/pages\/15989","targetHints":{"allow":["GET"]}}],"collection":[{"href":"https:\/\/napa.gl\/da\/wp-json\/wp\/v2\/pages"}],"about":[{"href":"https:\/\/napa.gl\/da\/wp-json\/wp\/v2\/types\/page"}],"author":[{"embeddable":true,"href":"https:\/\/napa.gl\/da\/wp-json\/wp\/v2\/users\/24"}],"replies":[{"embeddable":true,"href":"https:\/\/napa.gl\/da\/wp-json\/wp\/v2\/comments?post=15989"}],"version-history":[{"count":38,"href":"https:\/\/napa.gl\/da\/wp-json\/wp\/v2\/pages\/15989\/revisions"}],"predecessor-version":[{"id":31009,"href":"https:\/\/napa.gl\/da\/wp-json\/wp\/v2\/pages\/15989\/revisions\/31009"}],"up":[{"embeddable":true,"href":"https:\/\/napa.gl\/da\/wp-json\/wp\/v2\/pages\/18385"}],"wp:featuredmedia":[{"embeddable":true,"href":"https:\/\/napa.gl\/da\/wp-json\/wp\/v2\/media\/17107"}],"wp:attachment":[{"href":"https:\/\/napa.gl\/da\/wp-json\/wp\/v2\/media?parent=15989"}],"wp:term":[{"taxonomy":"category","embeddable":true,"href":"https:\/\/napa.gl\/da\/wp-json\/wp\/v2\/categories?post=15989"}],"curies":[{"name":"wp","href":"https:\/\/api.w.org\/{rel}","templated":true}]}}